{"id":49288,"date":"2025-06-28T09:34:01","date_gmt":"2025-06-28T07:34:01","guid":{"rendered":"https:\/\/www.kloster-metten.com\/?page_id=49288"},"modified":"2025-06-28T09:34:44","modified_gmt":"2025-06-28T07:34:44","slug":"brillantes-schulkonzert","status":"publish","type":"page","link":"https:\/\/www.kloster-metten.com\/?page_id=49288","title":{"rendered":"Brillantes Schulkonzert"},"content":{"rendered":"<a href=\"https:\/\/www.kloster-metten.com\/wp-content\/uploads\/2025\/06\/Konzert2025-1262_.jpg\"><img loading=\"lazy\" decoding=\"async\" class=\"size-medium wp-image-49293 alignnone\" title=\"Konzert2025-1262_\" src=\"https:\/\/www.kloster-metten.com\/wp-content\/uploads\/2025\/06\/Konzert2025-1262_-500x275.jpg\" alt=\"\" width=\"500\" height=\"275\" srcset=\"https:\/\/www.kloster-metten.com\/wp-content\/uploads\/2025\/06\/Konzert2025-1262_-500x275.jpg 500w, https:\/\/www.kloster-metten.com\/wp-content\/uploads\/2025\/06\/Konzert2025-1262_.jpg 709w\" sizes=\"auto, (max-width: 500px) 100vw, 500px\" \/><\/a><h2>Brillantes Schulkonzert<\/h2><p><\/p>\n<p>Professionalit\u00e4t und Freude am Musizieren \u2013 das konnten die zahlreichen Besucher erleben, die sich am vergangenen Mittwoch zum Schulkonzert des St.-Michaels-Gymmasiums im barocken Festsaal des Mettener Klosters einfanden. Er\u00f6ffnet wurde das Konzert mit dem bekannten Prelude von Marc-Antoine Charpentier, das vom Streichorchester unter der Leitung von Alexandra Kaeufl zu Geh\u00f6r gebracht wurde. In seiner Begr\u00fc\u00dfung erw\u00e4hnte Schulleiter Sebastian Liebl, dass ungef\u00e4hr die H\u00e4lfte der Sch\u00fclerinnen und Sch\u00fcler des Gymnasiums an diesem Konzert aktiv mitwirkten und dankte sowohl den verantwortlichen Lehrkr\u00e4ften als auch den Eltern der jungen Musiker f\u00fcr die Unterst\u00fctzung und F\u00f6rderung des musikalischen Lebens der Schule. Auf die \u00a0harmonische und wohlklingende Darbietung des Streichorchesters, von dem unter anderem noch die Barcarole von Jaques Offenbach und \u201eVa, pensiero\u201d von Giuseppe Verdi zu h\u00f6ren waren, folgte der Auftritt des Unterstufenchors der 5. Klasse. Von Christoph Liebl vom Fl\u00fcgel aus geleitet \u2013 wie alle Chorst\u00fccke des Abends \u2013 \u00fcberzeugten die j\u00fcngsten Chormitglieder mit \u201eSchau auf die Welt\u201d , einem Loblied auf die Sch\u00f6pfung von John Rutter und \u201eArise and clap your hands\u201d von Sally K. Albrecht. Pr\u00e4sent und sangesfreudig zeigten sich auch die Sch\u00fclerinnen und Sch\u00fcler der 6. und 7. Klassen, die \u201eI\u2019m still standing\u201d von Elton John und andere Arrangements pr\u00e4sentierten. In der Pause konnte sich das Publikum mit gek\u00fchlten Getr\u00e4nken erfrischen, bevor im zweiten Teil des Konzertes der Kammerchor mit \u201eColors of the wind\u201d, \u201eTalking to the moon\u201d und \u201eA million dreams\u201d brillierte. Der gro\u00dfe Chor des Gymnasiums entf\u00fchrte die Zuh\u00f6rer dann mit einem Medley in die Welt der Musicals von Andrew Lloyd Webber, begleitet von Alessandro Wei\u00df an der E-Gitarre und Korbinian Reitberger am Schlagzeug. Den Abschluss des mitrei\u00dfenden Abends bildete das Blasorchester \u201eKalliope\u201d unter der Leitung von Christoph Liebl, das mit seiner schwungvoll und pr\u00e4zise ausgef\u00fchrten Darbietung (z.B. \u201eMiss Marple Theme\u201d) die Stimmung im ohnehin gut temperierten Festsaal noch weiter anheizte. Das gelungene Konzert, das mit kr\u00e4ftigem Applaus endete, zeigt, welch hohen Stellenwert das Musikleben am Mettener Gymnasium hat.<\/p>\n\r\n\t\t<style type='text\/css'>\r\n\t\t\t#gallery-1 {\r\n\t\t\t\tmargin: auto;\r\n\t\t\t}\r\n\t\t\t#gallery-1 .gallery-item {\r\n\t\t\t\tfloat: left;\r\n\t\t\t\tmargin-top: 10px;\r\n\t\t\t\ttext-align: center;\r\n\t\t\t\twidth: 33%;\r\n\t\t\t}\r\n\t\t\t#gallery-1 hr {\r\n\t\t\t\theight: 1px;\r\n\t\t\t}\r\n\t\t\t#gallery-1 .gallery-caption {\r\n\t\t\t\tmargin-left: 0;\r\n\t\t\t}\r\n\t\t\t\/* see gallery_shortcode() in wp-includes\/media.php *\/\r\n\t\t<\/style>\n\t\t<div id='gallery-1' class='gallery galleryid-49288 gallery-columns-3 gallery-size-thumbnail'><hr class='null'><dl class='gallery-item'>\r\n\t\t\t<dt class='gallery-icon landscape'>\r\n\t\t\t\t<a title=\"Konzert2025-1309_\"  href='https:\/\/www.kloster-metten.com\/?attachment_id=49292'><img loading=\"lazy\" decoding=\"async\" width=\"170\" height=\"115\" src=\"https:\/\/www.kloster-metten.com\/wp-content\/uploads\/2025\/06\/Konzert2025-1309_-170x115.jpg\" class=\"attachment-thumbnail size-thumbnail\" alt=\"\" \/><\/a>\r\n\t\t\t<\/dt><\/dl><dl class='gallery-item'>\r\n\t\t\t<dt class='gallery-icon landscape'>\r\n\t\t\t\t<a title=\"Konzert2025-1329_\"  href='https:\/\/www.kloster-metten.com\/?attachment_id=49291'><img loading=\"lazy\" decoding=\"async\" width=\"170\" height=\"115\" src=\"https:\/\/www.kloster-metten.com\/wp-content\/uploads\/2025\/06\/Konzert2025-1329_-170x115.jpg\" class=\"attachment-thumbnail size-thumbnail\" alt=\"\" \/><\/a>\r\n\t\t\t<\/dt><\/dl><dl class='gallery-item'>\r\n\t\t\t<dt class='gallery-icon portrait'>\r\n\t\t\t\t<a title=\"Konzert2025-1203_\"  href='https:\/\/www.kloster-metten.com\/?attachment_id=49290'><img loading=\"lazy\" decoding=\"async\" width=\"170\" height=\"115\" src=\"https:\/\/www.kloster-metten.com\/wp-content\/uploads\/2025\/06\/Konzert2025-1203_-170x115.jpg\" class=\"attachment-thumbnail size-thumbnail\" alt=\"\" \/><\/a>\r\n\t\t\t<\/dt><\/dl><br style=\"clear: both\" \/><dl class='gallery-item'>\r\n\t\t\t<dt class='gallery-icon landscape'>\r\n\t\t\t\t<a title=\"Konzert2025-1210_\"  href='https:\/\/www.kloster-metten.com\/?attachment_id=49289'><img loading=\"lazy\" decoding=\"async\" width=\"170\" height=\"115\" src=\"https:\/\/www.kloster-metten.com\/wp-content\/uploads\/2025\/06\/Konzert2025-1210_-170x115.jpg\" class=\"attachment-thumbnail size-thumbnail\" alt=\"\" \/><\/a>\r\n\t\t\t<\/dt><\/dl>\r\n\t\t\t<br style='clear: both' \/>\r\n\t\t<\/div>\n\n<p>&nbsp;<\/p>\n","protected":false},"excerpt":{"rendered":"<p>Brillantes Schulkonzert Professionalit\u00e4t und Freude am Musizieren \u2013 das konnten die zahlreichen Besucher erleben, die sich am vergangenen Mittwoch zum Schulkonzert des St.-Michaels-Gymmasiums im barocken Festsaal des Mettener Klosters einfanden. Er\u00f6ffnet wurde das Konzert mit dem bekannten Prelude von Marc-Antoine Charpentier, das vom Streichorchester unter der Leitung von Alexandra Kaeufl zu Geh\u00f6r gebracht wurde. In [&hellip;]<\/p>\n","protected":false},"author":5,"featured_media":0,"parent":1137,"menu_order":-368,"comment_status":"closed","ping_status":"closed","template":"","meta":{"footnotes":""},"class_list":["post-49288","page","type-page","status-publish","hentry"],"_links":{"self":[{"href":"https:\/\/www.kloster-metten.com\/index.php?rest_route=\/wp\/v2\/pages\/49288","targetHints":{"allow":["GET"]}}],"collection":[{"href":"https:\/\/www.kloster-metten.com\/index.php?rest_route=\/wp\/v2\/pages"}],"about":[{"href":"https:\/\/www.kloster-metten.com\/index.php?rest_route=\/wp\/v2\/types\/page"}],"author":[{"embeddable":true,"href":"https:\/\/www.kloster-metten.com\/index.php?rest_route=\/wp\/v2\/users\/5"}],"replies":[{"embeddable":true,"href":"https:\/\/www.kloster-metten.com\/index.php?rest_route=%2Fwp%2Fv2%2Fcomments&post=49288"}],"version-history":[{"count":1,"href":"https:\/\/www.kloster-metten.com\/index.php?rest_route=\/wp\/v2\/pages\/49288\/revisions"}],"predecessor-version":[{"id":49294,"href":"https:\/\/www.kloster-metten.com\/index.php?rest_route=\/wp\/v2\/pages\/49288\/revisions\/49294"}],"up":[{"embeddable":true,"href":"https:\/\/www.kloster-metten.com\/index.php?rest_route=\/wp\/v2\/pages\/1137"}],"wp:attachment":[{"href":"https:\/\/www.kloster-metten.com\/index.php?rest_route=%2Fwp%2Fv2%2Fmedia&parent=49288"}],"curies":[{"name":"wp","href":"https:\/\/api.w.org\/{rel}","templated":true}]}}