{"id":49299,"date":"2025-07-03T09:37:02","date_gmt":"2025-07-03T07:37:02","guid":{"rendered":"https:\/\/www.kloster-metten.com\/?page_id=49299"},"modified":"2025-07-03T09:43:23","modified_gmt":"2025-07-03T07:43:23","slug":"handballer-des-st-michaels-gymnasiums-nehmen-erfolgreich-am-bundesfinale-teil","status":"publish","type":"page","link":"https:\/\/www.kloster-metten.com\/?page_id=49299","title":{"rendered":"Handballer des St.-Michaels-Gymnasiums nehmen erfolgreich am Bundesfinale teil"},"content":{"rendered":"<a href=\"https:\/\/www.kloster-metten.com\/wp-content\/uploads\/2025\/07\/IMG_8532_.jpg\"><img loading=\"lazy\" decoding=\"async\" class=\"size-medium wp-image-49301 alignnone\" title=\"IMG_8532_\" src=\"https:\/\/www.kloster-metten.com\/wp-content\/uploads\/2025\/07\/IMG_8532_-500x378.jpg\" alt=\"\" width=\"500\" height=\"378\" srcset=\"https:\/\/www.kloster-metten.com\/wp-content\/uploads\/2025\/07\/IMG_8532_-500x378.jpg 500w, https:\/\/www.kloster-metten.com\/wp-content\/uploads\/2025\/07\/IMG_8532_-1024x774.jpg 1024w, https:\/\/www.kloster-metten.com\/wp-content\/uploads\/2025\/07\/IMG_8532_-768x581.jpg 768w, https:\/\/www.kloster-metten.com\/wp-content\/uploads\/2025\/07\/IMG_8532_.jpg 1210w\" sizes=\"auto, (max-width: 500px) 100vw, 500px\" \/><\/a><h2>Handballer des St.-Michaels-Gymnasiums nehmen erfolgreich am Bundesfinale teil<\/h2><p><\/p>\n<p>Die 11 Handballer des St.-Michaels-Gymnasiums Metten, die sich im Februar im Landesfinale knapp, aber verdient gegen M\u00fcnchberg durchgesetzt hatten, traten vom 18.-22. Mai ihre Reise zum Bundesfinale an. Vom Plattlinger Bahnhof aus chauffierte ein ICE die erwartungsvolle Mannschaft zum Berliner HBF. Dort am sp\u00e4ten Nachmittag angekommen, gewannen die Jugendlichen einen ersten Eindruck des bevorstehenden Events: Jungen und M\u00e4dchen der Wettkampfklassen U14-U18 aus den Mannschaftsbereichen Handball, Basketball, Volleyball, Ger\u00e4tturnen, Badminton, Tischtennis, Goalball und Rollstuhlbasketball trafen peu \u00e0 peu am Bahnhof ein. Nach der Anmeldung und dem Erhalt der Ausweise ging es schlie\u00dflich zum Hotel, in denen man schnell Bekanntschaft mit anderen Mannschaften und sogar den direkten Gegnern machte.<\/p>\n<p>Am Montag standen schlie\u00dflich die ersten Spiele an der Tagesordnung. Das St.-Michaels-Gymnasium konnte das erste Spiel gegen Bad Nenndorf (Niedersachsen) mit 16:12 f\u00fcr sich entscheiden. Im zweiten Spiel unterlag die Mannschaft Hamburg, ehe sie im letzten Vorrundenspiel gegen den Mitfavoriten des Sportgymnasiums Magdeburg, die sp\u00e4ter Bronze gewannen, mit 10:19 unterlag. Als Dritter in der Gruppe trafen die Spieler in der Zwischenrunde zuerst auf Sachsen. Dieses Spiel gewannen die Mettener mit 12:11. Mit nun insgesamt 4 Punkten im R\u00fccken h\u00e4tte ein Unentschieden gereicht, um sich f\u00fcr das Spiel um Platz 9 und somit einen Platz unter den Top 10 zu qualifizieren. Gegen das Otto-Hahn-Gymnasium Ostfildern (Baden-W\u00fcrttemberg) gelangte man allerdings nicht ans Leistungsmaximum und verlor am Ende deutlich mit 17:11.<\/p>\n<p>Am Nachmittag wurden schlie\u00dflich die beiden Halbfinale (Berlin gegen Magdeburg sowie Solingen gegen Frankfurt) und die Platzierungsspiele ausgetragen. Im Spiel um Platz 11 trafen die Mettener auf das Bundesland Schleswig-Holstein. Die Luft der Niederbayern aus dem Raum Deggendorf, die stets am Limit spielen mussten, war nun raus und so verloren sie das letzte Spiel mit 24:16.<\/p>\n<p>Nachdem die anf\u00e4ngliche Entt\u00e4uschung gewichen war, konnten sich die bayerischen Handballer aber dann doch \u00fcber ihren Erfolg freuen, ganz gem\u00e4\u00df dem olympischen Motto \u201eDabei sein ist alles\u201c. Sp\u00e4testens beim Anschauen des Finales am Mittwoch wurde klar, auf welche Gegner man hier im Bundesfinale getroffen war. Gegen Handballhochburgen wie Berlin, dem Bundessieger, Magdeburg und fast ausschlie\u00dflich Sportgymnasien und Akademien ist der 12. Platz am Ende nicht nur verdient, sondern auch ein toller Erfolg f\u00fcr das kleine Gymnasium Metten.<\/p>\n<p>Tats\u00e4chlich blieb vor dem Finale sogar noch etwas Zeit, die Bundeshauptstadt zu erkunden. Am letzten Abend bot die Deutsche Schulsportstiftung schlie\u00dflich noch ein letztes Highlight: die Siegerehrung in der Max-Schmeling-Halle. Mit dem Entz\u00fcnden des Olympischen Feuers, der Nationalhymne sowie mehreren Showacts wurde das einmalige Erlebnis \u201eBerlin\u201c abgerundet, bevor es schlie\u00dflich am Donnerstag fr\u00fch wieder Richtung Heimat ging.<\/p>\n\r\n\t\t<style type='text\/css'>\r\n\t\t\t#gallery-1 {\r\n\t\t\t\tmargin: auto;\r\n\t\t\t}\r\n\t\t\t#gallery-1 .gallery-item {\r\n\t\t\t\tfloat: left;\r\n\t\t\t\tmargin-top: 10px;\r\n\t\t\t\ttext-align: center;\r\n\t\t\t\twidth: 33%;\r\n\t\t\t}\r\n\t\t\t#gallery-1 hr {\r\n\t\t\t\theight: 1px;\r\n\t\t\t}\r\n\t\t\t#gallery-1 .gallery-caption {\r\n\t\t\t\tmargin-left: 0;\r\n\t\t\t}\r\n\t\t\t\/* see gallery_shortcode() in wp-includes\/media.php *\/\r\n\t\t<\/style>\n\t\t<div id='gallery-1' class='gallery galleryid-49299 gallery-columns-3 gallery-size-thumbnail'><hr class='null'><dl class='gallery-item'>\r\n\t\t\t<dt class='gallery-icon portrait'>\r\n\t\t\t\t<a title=\"IMG_8575_\"  href='https:\/\/www.kloster-metten.com\/?attachment_id=49302'><img loading=\"lazy\" decoding=\"async\" width=\"170\" height=\"115\" src=\"https:\/\/www.kloster-metten.com\/wp-content\/uploads\/2025\/07\/IMG_8575_-170x115.jpg\" class=\"attachment-thumbnail size-thumbnail\" alt=\"\" \/><\/a>\r\n\t\t\t<\/dt><\/dl><dl class='gallery-item'>\r\n\t\t\t<dt class='gallery-icon landscape'>\r\n\t\t\t\t<a title=\"IMG_8583_\"  href='https:\/\/www.kloster-metten.com\/?attachment_id=49303'><img loading=\"lazy\" decoding=\"async\" width=\"170\" height=\"115\" src=\"https:\/\/www.kloster-metten.com\/wp-content\/uploads\/2025\/07\/IMG_8583_-170x115.jpg\" class=\"attachment-thumbnail size-thumbnail\" alt=\"\" \/><\/a>\r\n\t\t\t<\/dt><\/dl><dl class='gallery-item'>\r\n\t\t\t<dt class='gallery-icon landscape'>\r\n\t\t\t\t<a title=\"IMG_8586_\"  href='https:\/\/www.kloster-metten.com\/?attachment_id=49304'><img loading=\"lazy\" decoding=\"async\" width=\"170\" height=\"115\" src=\"https:\/\/www.kloster-metten.com\/wp-content\/uploads\/2025\/07\/IMG_8586_-170x115.jpg\" class=\"attachment-thumbnail size-thumbnail\" alt=\"\" \/><\/a>\r\n\t\t\t<\/dt><\/dl><br style=\"clear: both\" \/><dl class='gallery-item'>\r\n\t\t\t<dt class='gallery-icon portrait'>\r\n\t\t\t\t<a title=\"5fc37fd2-c87b-4e1d-9feb-4442b338dbbc\"  href='https:\/\/www.kloster-metten.com\/?attachment_id=49305'><img loading=\"lazy\" decoding=\"async\" width=\"170\" height=\"115\" src=\"https:\/\/www.kloster-metten.com\/wp-content\/uploads\/2025\/07\/5fc37fd2-c87b-4e1d-9feb-4442b338dbbc-170x115.jpg\" class=\"attachment-thumbnail size-thumbnail\" alt=\"\" \/><\/a>\r\n\t\t\t<\/dt><\/dl><dl class='gallery-item'>\r\n\t\t\t<dt class='gallery-icon landscape'>\r\n\t\t\t\t<a title=\"51ab552a-1a78-404c-afa5-af4a4d1defe3\"  href='https:\/\/www.kloster-metten.com\/?attachment_id=49306'><img loading=\"lazy\" decoding=\"async\" width=\"170\" height=\"115\" src=\"https:\/\/www.kloster-metten.com\/wp-content\/uploads\/2025\/07\/51ab552a-1a78-404c-afa5-af4a4d1defe3-170x115.jpg\" class=\"attachment-thumbnail size-thumbnail\" alt=\"\" \/><\/a>\r\n\t\t\t<\/dt><\/dl>\r\n\t\t\t<br style='clear: both' \/>\r\n\t\t<\/div>\n\n","protected":false},"excerpt":{"rendered":"<p>Handballer des St.-Michaels-Gymnasiums nehmen erfolgreich am Bundesfinale teil Die 11 Handballer des St.-Michaels-Gymnasiums Metten, die sich im Februar im Landesfinale knapp, aber verdient gegen M\u00fcnchberg durchgesetzt hatten, traten vom 18.-22. Mai ihre Reise zum Bundesfinale an. Vom Plattlinger Bahnhof aus chauffierte ein ICE die erwartungsvolle Mannschaft zum Berliner HBF. Dort am sp\u00e4ten Nachmittag angekommen, gewannen [&hellip;]<\/p>\n","protected":false},"author":5,"featured_media":0,"parent":1137,"menu_order":-370,"comment_status":"closed","ping_status":"closed","template":"","meta":{"footnotes":""},"class_list":["post-49299","page","type-page","status-publish","hentry"],"_links":{"self":[{"href":"https:\/\/www.kloster-metten.com\/index.php?rest_route=\/wp\/v2\/pages\/49299","targetHints":{"allow":["GET"]}}],"collection":[{"href":"https:\/\/www.kloster-metten.com\/index.php?rest_route=\/wp\/v2\/pages"}],"about":[{"href":"https:\/\/www.kloster-metten.com\/index.php?rest_route=\/wp\/v2\/types\/page"}],"author":[{"embeddable":true,"href":"https:\/\/www.kloster-metten.com\/index.php?rest_route=\/wp\/v2\/users\/5"}],"replies":[{"embeddable":true,"href":"https:\/\/www.kloster-metten.com\/index.php?rest_route=%2Fwp%2Fv2%2Fcomments&post=49299"}],"version-history":[{"count":3,"href":"https:\/\/www.kloster-metten.com\/index.php?rest_route=\/wp\/v2\/pages\/49299\/revisions"}],"predecessor-version":[{"id":49308,"href":"https:\/\/www.kloster-metten.com\/index.php?rest_route=\/wp\/v2\/pages\/49299\/revisions\/49308"}],"up":[{"embeddable":true,"href":"https:\/\/www.kloster-metten.com\/index.php?rest_route=\/wp\/v2\/pages\/1137"}],"wp:attachment":[{"href":"https:\/\/www.kloster-metten.com\/index.php?rest_route=%2Fwp%2Fv2%2Fmedia&parent=49299"}],"curies":[{"name":"wp","href":"https:\/\/api.w.org\/{rel}","templated":true}]}}