{"id":49309,"date":"2025-07-03T17:18:27","date_gmt":"2025-07-03T15:18:27","guid":{"rendered":"https:\/\/www.kloster-metten.com\/?page_id=49309"},"modified":"2025-07-03T17:22:02","modified_gmt":"2025-07-03T15:22:02","slug":"erfolg-beim-europaeischen-wettbewerb-zwei-landessiegerinnen-aus-der-6b","status":"publish","type":"page","link":"https:\/\/www.kloster-metten.com\/?page_id=49309","title":{"rendered":"Erfolg beim Europ\u00e4ischen Wettbewerb: Zwei Landessiegerinnen aus der 6b"},"content":{"rendered":"<a href=\"https:\/\/www.kloster-metten.com\/wp-content\/uploads\/2025\/07\/Europaeischer-Wettbewerb-2_.jpg\"><img loading=\"lazy\" decoding=\"async\" class=\"size-medium wp-image-49313 alignnone\" title=\"Europ\u00e4ischer Wettbewerb 2_\" src=\"https:\/\/www.kloster-metten.com\/wp-content\/uploads\/2025\/07\/Europaeischer-Wettbewerb-2_-375x500.jpg\" alt=\"\" width=\"375\" height=\"500\" srcset=\"https:\/\/www.kloster-metten.com\/wp-content\/uploads\/2025\/07\/Europaeischer-Wettbewerb-2_-375x500.jpg 375w, https:\/\/www.kloster-metten.com\/wp-content\/uploads\/2025\/07\/Europaeischer-Wettbewerb-2_-768x1025.jpg 768w, https:\/\/www.kloster-metten.com\/wp-content\/uploads\/2025\/07\/Europaeischer-Wettbewerb-2_.jpg 955w\" sizes=\"auto, (max-width: 375px) 100vw, 375px\" \/><\/a><h2>Erfolg beim Europ\u00e4ischen Wettbewerb: Zwei Landessiegerinnen aus der 6b<\/h2><p><\/p>\n<p>In dem sch\u00f6nen, historischen Ambiente des Salzstadels in Landshut ging mit einem Festakt der 72. Europ\u00e4ische Wettbewerb auf Landesebene zu Ende, zu dem die gek\u00fcrten Preistr\u00e4ger, betreuende Lehrer und allerhand Prominenz erschienen waren.<\/p>\n<p>Dieses Jahr durften gleich zwei Sch\u00fclerinnen unseres Gymnasiums die Landessieger-Urkun\u00adden zusammen mit einem Buchgutschein aus den H\u00e4nden von Regierungspr\u00e4sident Rainer Haselbeck entgegennehmen: Ticia Koma und Lilly Waas, beide Klasse 6b.<\/p>\n<p>Ticia radelt auf ihrem Bild fr\u00f6hlich mit Freunden auf einem Tandem durch die europ\u00e4ischen L\u00e4nder, w\u00e4hrend Lilly darstellte, wie sie die aus einer Nussschale kr\u00e4ftig sprie\u00dfende europ\u00e4i\u00adsche Pflanze vorsichtig in der Hand h\u00e4lt.<\/p>\n<p>Nach einem kleinen Umtrunk begr\u00fc\u00dfte der Oberb\u00fcrgermeister der Stadt Landshut, Herr Ale\u00adxander Putz, die geladenen G\u00e4ste und sprach dann \u00fcber die Herausforderungen und Schwie\u00adrigkeiten, aber auch was ein geeintes und sicheres Europa ausmacht. Bei dieser Gelegenheit betonte er gleich die mittelalterliche Weitsicht seiner Stadt, die damals schon wusste, dass nur gute Beziehungen \u00fcber die Grenzen hinweg zu einem friedlichen, konstruktiven und fr\u00fcchte\u00adtragenden Miteinander beitragen k\u00f6nnen. So geschehen im Jahre 1475 bei der ber\u00fchmten Landshuter Hochzeit, bei der eine Vielzahl an \u201eeurop\u00e4ischen\u201d Nationalit\u00e4ten und Adelsh\u00e4user vertreten waren, auch wenn Europa noch nicht in dieser, uns bekannten Form, existierte.<\/p>\n<p>Mit der Festrede des Studiendirektors. a.D. Gerhard Luber tauchte nun die Veranstaltung in die k\u00fcnstlerische Ebene. Mit sch\u00f6nen Worten erl\u00e4uterte Herr Luber an ausgew\u00e4hlten Wettbe\u00adwerbsbeitr\u00e4gen, was unser Europa ausmacht. Hier ging er auch genauer auf die unterschiedli\u00adchen Gedankenwelten und die k\u00fcnstlerische Umsetzung der Sch\u00fcler ein. Er bekr\u00e4ftigte die Sichtweise vieler Wettbewerbsbeitr\u00e4ge, dass ein wesentlicher Bestandteil f\u00fcr ein buntes, tole\u00adrantes, lebenswertes und sicheres Europa die Vielfalt, die Kultur und die Kunst sei, eben weil nur diese die Grenzen, auch in den K\u00f6pfen, am leichtesten \u00fcberwinden k\u00f6nne.<\/p>\n<p>Bei einer kleinen, anschlie\u00dfenden Gespr\u00e4chsrunde sprachen Regierungspr\u00e4sident Herr Rainer Haselbeck, Bezirksr\u00e4tin Hannelore Langwieser, der stellvertretende Landrat Fritz Wittmann, der Bezirksvorsitzende der Europa-Union, Anton Freiherr von Cetto, zusammen mit der Lan\u00addesbeauftragten des Europ\u00e4ischen Wettbewerbs Alexandra B\u00f6hm noch kurz \u00fcber europ\u00e4ische Reiseziele per Rad, \u00fcber den Titel des Wettbewerbs und dar\u00fcber, wie sie ihre Phantasiepflanze Europa (ein Wettbewerbsthema) gestalten w\u00fcrden, bevor es endlich zur eigentlichen Preisverleihung ging.<\/p>\n<p>Danach durften alle Landessieger nochmals auf die B\u00fchne. Nach einem Gemeinschaftsfoto und der gemeinsam gesungenen Europahymne, der Ode \u201eAn die Freude\u201d, auch besser bekannt als \u201eFreude sch\u00f6ner G\u00f6tterfunken\u2026\u201d machten sich die gl\u00fccklichen Sieger auf den Weg nach Hause.<\/p>\n\r\n\t\t<style type='text\/css'>\r\n\t\t\t#gallery-1 {\r\n\t\t\t\tmargin: auto;\r\n\t\t\t}\r\n\t\t\t#gallery-1 .gallery-item {\r\n\t\t\t\tfloat: left;\r\n\t\t\t\tmargin-top: 10px;\r\n\t\t\t\ttext-align: center;\r\n\t\t\t\twidth: 33%;\r\n\t\t\t}\r\n\t\t\t#gallery-1 hr {\r\n\t\t\t\theight: 1px;\r\n\t\t\t}\r\n\t\t\t#gallery-1 .gallery-caption {\r\n\t\t\t\tmargin-left: 0;\r\n\t\t\t}\r\n\t\t\t\/* see gallery_shortcode() in wp-includes\/media.php *\/\r\n\t\t<\/style>\n\t\t<div id='gallery-1' class='gallery galleryid-49309 gallery-columns-3 gallery-size-thumbnail'><hr class='null'><dl class='gallery-item'>\r\n\t\t\t<dt class='gallery-icon portrait'>\r\n\t\t\t\t<a title=\"Europ\u00e4sicher Wettbewerb_\"  href='https:\/\/www.kloster-metten.com\/?attachment_id=49314'><img loading=\"lazy\" decoding=\"async\" width=\"170\" height=\"115\" src=\"https:\/\/www.kloster-metten.com\/wp-content\/uploads\/2025\/07\/Europaesicher-Wettbewerb_-170x115.jpg\" class=\"attachment-thumbnail size-thumbnail\" alt=\"\" \/><\/a>\r\n\t\t\t<\/dt><\/dl><dl class='gallery-item'>\r\n\t\t\t<dt class='gallery-icon landscape'>\r\n\t\t\t\t<a title=\"Landessieg Lilly Waas 6b_\"  href='https:\/\/www.kloster-metten.com\/?attachment_id=49312'><img loading=\"lazy\" decoding=\"async\" width=\"170\" height=\"115\" src=\"https:\/\/www.kloster-metten.com\/wp-content\/uploads\/2025\/07\/Landessieg-Lilly-Waas-6b_-170x115.jpg\" class=\"attachment-thumbnail size-thumbnail\" alt=\"\" \/><\/a>\r\n\t\t\t<\/dt><\/dl><dl class='gallery-item'>\r\n\t\t\t<dt class='gallery-icon landscape'>\r\n\t\t\t\t<a title=\"Koma Ticia 6b Landessieg_\"  href='https:\/\/www.kloster-metten.com\/?attachment_id=49311'><img loading=\"lazy\" decoding=\"async\" width=\"170\" height=\"115\" src=\"https:\/\/www.kloster-metten.com\/wp-content\/uploads\/2025\/07\/Koma-Ticia-6b-Landessieg_-170x115.jpg\" class=\"attachment-thumbnail size-thumbnail\" alt=\"\" \/><\/a>\r\n\t\t\t<\/dt><\/dl><br style=\"clear: both\" \/>\r\n\t\t<\/div>\n\n","protected":false},"excerpt":{"rendered":"<p>Erfolg beim Europ\u00e4ischen Wettbewerb: Zwei Landessiegerinnen aus der 6b In dem sch\u00f6nen, historischen Ambiente des Salzstadels in Landshut ging mit einem Festakt der 72. Europ\u00e4ische Wettbewerb auf Landesebene zu Ende, zu dem die gek\u00fcrten Preistr\u00e4ger, betreuende Lehrer und allerhand Prominenz erschienen waren. Dieses Jahr durften gleich zwei Sch\u00fclerinnen unseres Gymnasiums die Landessieger-Urkun\u00adden zusammen mit einem [&hellip;]<\/p>\n","protected":false},"author":5,"featured_media":0,"parent":1137,"menu_order":-371,"comment_status":"closed","ping_status":"closed","template":"","meta":{"footnotes":""},"class_list":["post-49309","page","type-page","status-publish","hentry"],"_links":{"self":[{"href":"https:\/\/www.kloster-metten.com\/index.php?rest_route=\/wp\/v2\/pages\/49309","targetHints":{"allow":["GET"]}}],"collection":[{"href":"https:\/\/www.kloster-metten.com\/index.php?rest_route=\/wp\/v2\/pages"}],"about":[{"href":"https:\/\/www.kloster-metten.com\/index.php?rest_route=\/wp\/v2\/types\/page"}],"author":[{"embeddable":true,"href":"https:\/\/www.kloster-metten.com\/index.php?rest_route=\/wp\/v2\/users\/5"}],"replies":[{"embeddable":true,"href":"https:\/\/www.kloster-metten.com\/index.php?rest_route=%2Fwp%2Fv2%2Fcomments&post=49309"}],"version-history":[{"count":3,"href":"https:\/\/www.kloster-metten.com\/index.php?rest_route=\/wp\/v2\/pages\/49309\/revisions"}],"predecessor-version":[{"id":49316,"href":"https:\/\/www.kloster-metten.com\/index.php?rest_route=\/wp\/v2\/pages\/49309\/revisions\/49316"}],"up":[{"embeddable":true,"href":"https:\/\/www.kloster-metten.com\/index.php?rest_route=\/wp\/v2\/pages\/1137"}],"wp:attachment":[{"href":"https:\/\/www.kloster-metten.com\/index.php?rest_route=%2Fwp%2Fv2%2Fmedia&parent=49309"}],"curies":[{"name":"wp","href":"https:\/\/api.w.org\/{rel}","templated":true}]}}