{"id":49322,"date":"2025-07-17T20:11:09","date_gmt":"2025-07-17T18:11:09","guid":{"rendered":"https:\/\/www.kloster-metten.com\/?page_id=49322"},"modified":"2025-07-17T20:12:07","modified_gmt":"2025-07-17T18:12:07","slug":"ein-vormittag-auf-dem-erlebnisbauernhof-weber","status":"publish","type":"page","link":"https:\/\/www.kloster-metten.com\/?page_id=49322","title":{"rendered":"Ein Vormittag auf dem Erlebnisbauernhof Weber"},"content":{"rendered":"<a href=\"https:\/\/www.kloster-metten.com\/wp-content\/uploads\/2025\/07\/Bauernhof3.jpg\"><img loading=\"lazy\" decoding=\"async\" class=\"size-medium wp-image-49325 alignnone\" title=\"Bauernhof3\" src=\"https:\/\/www.kloster-metten.com\/wp-content\/uploads\/2025\/07\/Bauernhof3-500x375.jpg\" alt=\"\" width=\"500\" height=\"375\" srcset=\"https:\/\/www.kloster-metten.com\/wp-content\/uploads\/2025\/07\/Bauernhof3-500x375.jpg 500w, https:\/\/www.kloster-metten.com\/wp-content\/uploads\/2025\/07\/Bauernhof3.jpg 640w\" sizes=\"auto, (max-width: 500px) 100vw, 500px\" \/><\/a><h2>Ein Vormittag auf dem Erlebnisbauernhof Weber<\/h2><p><\/p>\n<p>Vergangene Woche durften unsere f\u00fcnften Klassen den Erlebnisbauernhof von Martina Weber in Hengersberg besuchen. Begleitet von ihren Geographie-Lehrerinnen Elisabeth Meiler und Katharina Rothmeier sowie Barbara Scharf und Beate Scheubeck erkundeten die Jung-Geographen das Leben auf einem Bauernhof. Dabei hatten die Kinder auch die Gelegenheit, H\u00fchner, Ziegen und Rinder zu f\u00fcttern. In Gruppen aufgeteilt vertieften die Sch\u00fclerinnen und Sch\u00fcler verschiedene landwirtschaftliche Themen an einzelnen Stationen. Dabei ging es um die Unterschiede von Getreidesorten und deren Verwendung im Alltag, den Wasserbedarf im Alltag und in der Landwirtschaft sowie die Bedeutung der Bodenbeschaffenheit. Ein besonderes Highlight war ein Experiment, bei dem die Kinder die Wasserspeicherkapazit\u00e4t verschiedener B\u00f6den mit Schw\u00e4mmen simulierten. Diese praktische Erfahrung machte deutlich, wie wichtig die Bodenbeschaffenheit f\u00fcr die Wasserversorgung und die landwirtschaftlichen Anbauprodukte ist. Am Ende waren sich alle einig: Es war ein toller Tag, der den Lehrstoff auf praktische Weise veranschaulicht hat.<\/p>\n\r\n\t\t<style type='text\/css'>\r\n\t\t\t#gallery-1 {\r\n\t\t\t\tmargin: auto;\r\n\t\t\t}\r\n\t\t\t#gallery-1 .gallery-item {\r\n\t\t\t\tfloat: left;\r\n\t\t\t\tmargin-top: 10px;\r\n\t\t\t\ttext-align: center;\r\n\t\t\t\twidth: 33%;\r\n\t\t\t}\r\n\t\t\t#gallery-1 hr {\r\n\t\t\t\theight: 1px;\r\n\t\t\t}\r\n\t\t\t#gallery-1 .gallery-caption {\r\n\t\t\t\tmargin-left: 0;\r\n\t\t\t}\r\n\t\t\t\/* see gallery_shortcode() in wp-includes\/media.php *\/\r\n\t\t<\/style>\n\t\t<div id='gallery-1' class='gallery galleryid-49322 gallery-columns-3 gallery-size-thumbnail'><hr class='null'><dl class='gallery-item'>\r\n\t\t\t<dt class='gallery-icon portrait'>\r\n\t\t\t\t<a title=\"Bauernhof4\"  href='https:\/\/www.kloster-metten.com\/?attachment_id=49326'><img loading=\"lazy\" decoding=\"async\" width=\"170\" height=\"115\" src=\"https:\/\/www.kloster-metten.com\/wp-content\/uploads\/2025\/07\/Bauernhof4-170x115.jpg\" class=\"attachment-thumbnail size-thumbnail\" alt=\"\" \/><\/a>\r\n\t\t\t<\/dt><\/dl><dl class='gallery-item'>\r\n\t\t\t<dt class='gallery-icon landscape'>\r\n\t\t\t\t<a title=\"Bauernhof2\"  href='https:\/\/www.kloster-metten.com\/?attachment_id=49324'><img loading=\"lazy\" decoding=\"async\" width=\"170\" height=\"115\" src=\"https:\/\/www.kloster-metten.com\/wp-content\/uploads\/2025\/07\/Bauernhof2-170x115.jpg\" class=\"attachment-thumbnail size-thumbnail\" alt=\"\" \/><\/a>\r\n\t\t\t<\/dt><\/dl><dl class='gallery-item'>\r\n\t\t\t<dt class='gallery-icon landscape'>\r\n\t\t\t\t<a title=\"Bauernhof1\"  href='https:\/\/www.kloster-metten.com\/?attachment_id=49323'><img loading=\"lazy\" decoding=\"async\" width=\"170\" height=\"115\" src=\"https:\/\/www.kloster-metten.com\/wp-content\/uploads\/2025\/07\/Bauernhof1-170x115.jpg\" class=\"attachment-thumbnail size-thumbnail\" alt=\"\" \/><\/a>\r\n\t\t\t<\/dt><\/dl><br style=\"clear: both\" \/>\r\n\t\t<\/div>\n\n","protected":false},"excerpt":{"rendered":"<p>Ein Vormittag auf dem Erlebnisbauernhof Weber Vergangene Woche durften unsere f\u00fcnften Klassen den Erlebnisbauernhof von Martina Weber in Hengersberg besuchen. Begleitet von ihren Geographie-Lehrerinnen Elisabeth Meiler und Katharina Rothmeier sowie Barbara Scharf und Beate Scheubeck erkundeten die Jung-Geographen das Leben auf einem Bauernhof. Dabei hatten die Kinder auch die Gelegenheit, H\u00fchner, Ziegen und Rinder zu [&hellip;]<\/p>\n","protected":false},"author":5,"featured_media":0,"parent":1137,"menu_order":-372,"comment_status":"closed","ping_status":"closed","template":"","meta":{"footnotes":""},"class_list":["post-49322","page","type-page","status-publish","hentry"],"_links":{"self":[{"href":"https:\/\/www.kloster-metten.com\/index.php?rest_route=\/wp\/v2\/pages\/49322","targetHints":{"allow":["GET"]}}],"collection":[{"href":"https:\/\/www.kloster-metten.com\/index.php?rest_route=\/wp\/v2\/pages"}],"about":[{"href":"https:\/\/www.kloster-metten.com\/index.php?rest_route=\/wp\/v2\/types\/page"}],"author":[{"embeddable":true,"href":"https:\/\/www.kloster-metten.com\/index.php?rest_route=\/wp\/v2\/users\/5"}],"replies":[{"embeddable":true,"href":"https:\/\/www.kloster-metten.com\/index.php?rest_route=%2Fwp%2Fv2%2Fcomments&post=49322"}],"version-history":[{"count":1,"href":"https:\/\/www.kloster-metten.com\/index.php?rest_route=\/wp\/v2\/pages\/49322\/revisions"}],"predecessor-version":[{"id":49327,"href":"https:\/\/www.kloster-metten.com\/index.php?rest_route=\/wp\/v2\/pages\/49322\/revisions\/49327"}],"up":[{"embeddable":true,"href":"https:\/\/www.kloster-metten.com\/index.php?rest_route=\/wp\/v2\/pages\/1137"}],"wp:attachment":[{"href":"https:\/\/www.kloster-metten.com\/index.php?rest_route=%2Fwp%2Fv2%2Fmedia&parent=49322"}],"curies":[{"name":"wp","href":"https:\/\/api.w.org\/{rel}","templated":true}]}}