{"id":49336,"date":"2025-07-21T23:30:51","date_gmt":"2025-07-21T21:30:51","guid":{"rendered":"https:\/\/www.kloster-metten.com\/?page_id=49336"},"modified":"2025-07-22T20:21:13","modified_gmt":"2025-07-22T18:21:13","slug":"leistungsfach-geographie-im-austausch-mit-experten-des-katastrophenschutzes","status":"publish","type":"page","link":"https:\/\/www.kloster-metten.com\/?page_id=49336","title":{"rendered":"Leistungsfach Geographie im Austausch mit Experten des Katastrophenschutzes"},"content":{"rendered":"<h2>Leistungsfach Geographie im Austausch mit Experten des Katastrophenschutzes<\/h2><p>&nbsp;<\/p>\n<p><a href=\"https:\/\/www.kloster-metten.com\/wp-content\/uploads\/2025\/07\/Rothmeier_Hochwasserkatastrophen_.jpg\"><img loading=\"lazy\" decoding=\"async\" class=\"size-medium wp-image-49339 alignnone\" title=\"Rothmeier_Hochwasserkatastrophen_\" src=\"https:\/\/www.kloster-metten.com\/wp-content\/uploads\/2025\/07\/Rothmeier_Hochwasserkatastrophen_-500x310.jpg\" alt=\"\" width=\"500\" height=\"310\" srcset=\"https:\/\/www.kloster-metten.com\/wp-content\/uploads\/2025\/07\/Rothmeier_Hochwasserkatastrophen_-500x310.jpg 500w, https:\/\/www.kloster-metten.com\/wp-content\/uploads\/2025\/07\/Rothmeier_Hochwasserkatastrophen_-1024x636.jpg 1024w, https:\/\/www.kloster-metten.com\/wp-content\/uploads\/2025\/07\/Rothmeier_Hochwasserkatastrophen_-768x477.jpg 768w, https:\/\/www.kloster-metten.com\/wp-content\/uploads\/2025\/07\/Rothmeier_Hochwasserkatastrophen_-1536x954.jpg 1536w, https:\/\/www.kloster-metten.com\/wp-content\/uploads\/2025\/07\/Rothmeier_Hochwasserkatastrophen_.jpg 1612w\" sizes=\"auto, (max-width: 500px) 100vw, 500px\" \/><\/a><\/p>\n<p>Ankn\u00fcpfend an die Lehrplanthemen <em>Ressourcenmanagement in den Mittleren Breiten<\/em> sowie <em>Risikomanagement bei Naturkatastrophen<\/em> begr\u00fc\u00dfte das Geographie-Leistungsfach unter der Leitung von Katharina Rothmeier zwei besondere G\u00e4ste: Kreisbrandrat Erwin Wurzer und Kreisbrandinspektor Bernhard S\u00fc\u00df informierten \u00fcber ihre Erfahrungen mit Extremwetterereignissen und deren Folgen. Beispiele wie die Hochwasserlagen in Simbach, Deggendorf und im Ahrtal veranschaulichen eindrucksvoll die Dimensionen solcher Krisen und die notwendige Koordination von Hilfsma\u00dfnahmen. Die Sch\u00fclerinnen und Sch\u00fcler erhielten durch zahlreiche Bilder und anschauliche Berichte aus erster Hand einen authentischen Einblick in die Herausforderungen von Krisenbew\u00e4ltigung, Infrastrukturwiederaufbau und Versorgung der betroffenen Regionen. Auch das Thema pers\u00f6nliche Vorsorge und gesellschaftliches Engagement wurde thematisiert \u2013 mit einem klaren Appell zur aktiven Mitgestaltung und Verantwortung im Ernstfall.<\/p>\n<p><a href=\"https:\/\/www.kloster-metten.com\/wp-content\/uploads\/2025\/07\/IMG_4030.jpg\"><img loading=\"lazy\" decoding=\"async\" class=\"size-medium wp-image-49337 alignnone\" title=\"IMG_4030\" src=\"https:\/\/www.kloster-metten.com\/wp-content\/uploads\/2025\/07\/IMG_4030-500x375.jpg\" alt=\"\" width=\"500\" height=\"375\" srcset=\"https:\/\/www.kloster-metten.com\/wp-content\/uploads\/2025\/07\/IMG_4030-500x375.jpg 500w, https:\/\/www.kloster-metten.com\/wp-content\/uploads\/2025\/07\/IMG_4030-1024x768.jpg 1024w, https:\/\/www.kloster-metten.com\/wp-content\/uploads\/2025\/07\/IMG_4030-768x576.jpg 768w, https:\/\/www.kloster-metten.com\/wp-content\/uploads\/2025\/07\/IMG_4030-1536x1152.jpg 1536w, https:\/\/www.kloster-metten.com\/wp-content\/uploads\/2025\/07\/IMG_4030.jpg 2016w\" sizes=\"auto, (max-width: 500px) 100vw, 500px\" \/><\/a><\/p>\n<p>Der Vortrag wurde von allen als bereichernd und aufschlussreich empfunden. Ein herzlicher Dank ergeht daher an dieser Stelle nochmals an Herrn Wurzer und Herrn S\u00fc\u00df f\u00fcr deren Engagement und die Zeit, die sie sich f\u00fcr unsere Sch\u00fclerinnen und Sch\u00fcler genommen haben!<\/p>\n","protected":false},"excerpt":{"rendered":"<p>Leistungsfach Geographie im Austausch mit Experten des Katastrophenschutzes&nbsp; Ankn\u00fcpfend an die Lehrplanthemen Ressourcenmanagement in den Mittleren Breiten sowie Risikomanagement bei Naturkatastrophen begr\u00fc\u00dfte das Geographie-Leistungsfach unter der Leitung von Katharina Rothmeier zwei besondere G\u00e4ste: Kreisbrandrat Erwin Wurzer und Kreisbrandinspektor Bernhard S\u00fc\u00df informierten \u00fcber ihre Erfahrungen mit Extremwetterereignissen und deren Folgen. Beispiele wie die Hochwasserlagen in Simbach, [&hellip;]<\/p>\n","protected":false},"author":5,"featured_media":0,"parent":1137,"menu_order":-373,"comment_status":"closed","ping_status":"closed","template":"","meta":{"footnotes":""},"class_list":["post-49336","page","type-page","status-publish","hentry"],"_links":{"self":[{"href":"https:\/\/www.kloster-metten.com\/index.php?rest_route=\/wp\/v2\/pages\/49336","targetHints":{"allow":["GET"]}}],"collection":[{"href":"https:\/\/www.kloster-metten.com\/index.php?rest_route=\/wp\/v2\/pages"}],"about":[{"href":"https:\/\/www.kloster-metten.com\/index.php?rest_route=\/wp\/v2\/types\/page"}],"author":[{"embeddable":true,"href":"https:\/\/www.kloster-metten.com\/index.php?rest_route=\/wp\/v2\/users\/5"}],"replies":[{"embeddable":true,"href":"https:\/\/www.kloster-metten.com\/index.php?rest_route=%2Fwp%2Fv2%2Fcomments&post=49336"}],"version-history":[{"count":3,"href":"https:\/\/www.kloster-metten.com\/index.php?rest_route=\/wp\/v2\/pages\/49336\/revisions"}],"predecessor-version":[{"id":49341,"href":"https:\/\/www.kloster-metten.com\/index.php?rest_route=\/wp\/v2\/pages\/49336\/revisions\/49341"}],"up":[{"embeddable":true,"href":"https:\/\/www.kloster-metten.com\/index.php?rest_route=\/wp\/v2\/pages\/1137"}],"wp:attachment":[{"href":"https:\/\/www.kloster-metten.com\/index.php?rest_route=%2Fwp%2Fv2%2Fmedia&parent=49336"}],"curies":[{"name":"wp","href":"https:\/\/api.w.org\/{rel}","templated":true}]}}