{"id":49343,"date":"2025-07-23T20:20:54","date_gmt":"2025-07-23T18:20:54","guid":{"rendered":"https:\/\/www.kloster-metten.com\/?page_id=49343"},"modified":"2025-07-23T23:10:03","modified_gmt":"2025-07-23T21:10:03","slug":"gipfeltreffen-mit-minister","status":"publish","type":"page","link":"https:\/\/www.kloster-metten.com\/?page_id=49343","title":{"rendered":"Gipfeltreffen mit Minister"},"content":{"rendered":"<h2>Gipfeltreffen mit Minister<\/h2><p class=\"Bodytext20\"><a href=\"https:\/\/www.kloster-metten.com\/wp-content\/uploads\/2025\/07\/Exkursion-Geographie.jpg\"><img loading=\"lazy\" decoding=\"async\" class=\"size-medium wp-image-49344 alignnone\" title=\"Exkursion Geographie\" src=\"https:\/\/www.kloster-metten.com\/wp-content\/uploads\/2025\/07\/Exkursion-Geographie-500x282.jpg\" alt=\"\" width=\"500\" height=\"282\" srcset=\"https:\/\/www.kloster-metten.com\/wp-content\/uploads\/2025\/07\/Exkursion-Geographie-500x282.jpg 500w, https:\/\/www.kloster-metten.com\/wp-content\/uploads\/2025\/07\/Exkursion-Geographie-1024x577.jpg 1024w, https:\/\/www.kloster-metten.com\/wp-content\/uploads\/2025\/07\/Exkursion-Geographie-768x433.jpg 768w, https:\/\/www.kloster-metten.com\/wp-content\/uploads\/2025\/07\/Exkursion-Geographie-1536x866.jpg 1536w, https:\/\/www.kloster-metten.com\/wp-content\/uploads\/2025\/07\/Exkursion-Geographie.jpg 1600w\" sizes=\"auto, (max-width: 500px) 100vw, 500px\" \/><\/a><\/p>\n<p>Die Exkursion des Leistungsfaches Geographie schaffte es in die Pressemitteilungen der Bayerischen Staatsregierung:<\/p>\n<p class=\"Bodytext10\"><span class=\"Bodytext1\"><span style=\"color: black;\">Eine Exkursion im Rahmen ihres Leistungsfaches Geografie f\u00fchrte 17 Sch\u00fclerinnen und Sch\u00fcler des Mettener Gymnasiums f\u00fcr drei Tage in die Alpen. Vor Ort informierten sie sich \u00fcber Gletscher und Klimawandel, endo- und exogene Prozesse im Hochgebirge und Gebirgstourismus. Au\u00dferdem erhielten sie fachliche Einblicke durch lokale Referenten. Ihr Weg f\u00fchrte sie dabei auch auf Deutschlands h\u00f6chsten Berg. Trotz des dichten Nebels war es ein beeindruckendes Erlebnis auf dem Gipfel der Zugspitze zu stehen. Besonderes Highlight: Zur selben Zeit tagte dort der Ministerrat und empfing Bundeskanzler Friedrich Merz. Staatsminister Christian Bernreiter nutzte die Gelegenheit, um die Reisegruppe aus seinem Heimatlandkreis pers\u00f6nlich zu begr\u00fc\u00dfen. F\u00fcr ein kurzes Gespr\u00e4ch und ein Foto mit den Jugendlichen und ihren Lehrerinnen Stefanie Costiuk und Katharina Rothmeier nahm er sich gerne Zeit. Zudem m\u00f6chten die Sch\u00fclerinnen und Sch\u00fcler die Reise zum Anlass f\u00fcr ihre Teilnahme am Wettbewerb \u201ebahnbrechend\u201c nehmen, dessen Schirmherr Bernreiter ist. Unter dem Motto \u201eErlebnis Mobilit\u00e4t\u201c berichten die Jugendlichen von eigenen Erfahrungen und bringen W\u00fcnsche und kreative Ideen ein, wie Mobilit\u00e4t in Zukunft gestaltet werden kann.<\/span><\/span><\/p>\n","protected":false},"excerpt":{"rendered":"<p>Gipfeltreffen mit Minister Die Exkursion des Leistungsfaches Geographie schaffte es in die Pressemitteilungen der Bayerischen Staatsregierung: Eine Exkursion im Rahmen ihres Leistungsfaches Geografie f\u00fchrte 17 Sch\u00fclerinnen und Sch\u00fcler des Mettener Gymnasiums f\u00fcr drei Tage in die Alpen. Vor Ort informierten sie sich \u00fcber Gletscher und Klimawandel, endo- und exogene Prozesse im Hochgebirge und Gebirgstourismus. Au\u00dferdem [&hellip;]<\/p>\n","protected":false},"author":5,"featured_media":0,"parent":1137,"menu_order":-374,"comment_status":"closed","ping_status":"closed","template":"","meta":{"footnotes":""},"class_list":["post-49343","page","type-page","status-publish","hentry"],"_links":{"self":[{"href":"https:\/\/www.kloster-metten.com\/index.php?rest_route=\/wp\/v2\/pages\/49343","targetHints":{"allow":["GET"]}}],"collection":[{"href":"https:\/\/www.kloster-metten.com\/index.php?rest_route=\/wp\/v2\/pages"}],"about":[{"href":"https:\/\/www.kloster-metten.com\/index.php?rest_route=\/wp\/v2\/types\/page"}],"author":[{"embeddable":true,"href":"https:\/\/www.kloster-metten.com\/index.php?rest_route=\/wp\/v2\/users\/5"}],"replies":[{"embeddable":true,"href":"https:\/\/www.kloster-metten.com\/index.php?rest_route=%2Fwp%2Fv2%2Fcomments&post=49343"}],"version-history":[{"count":2,"href":"https:\/\/www.kloster-metten.com\/index.php?rest_route=\/wp\/v2\/pages\/49343\/revisions"}],"predecessor-version":[{"id":49346,"href":"https:\/\/www.kloster-metten.com\/index.php?rest_route=\/wp\/v2\/pages\/49343\/revisions\/49346"}],"up":[{"embeddable":true,"href":"https:\/\/www.kloster-metten.com\/index.php?rest_route=\/wp\/v2\/pages\/1137"}],"wp:attachment":[{"href":"https:\/\/www.kloster-metten.com\/index.php?rest_route=%2Fwp%2Fv2%2Fmedia&parent=49343"}],"curies":[{"name":"wp","href":"https:\/\/api.w.org\/{rel}","templated":true}]}}