{"id":49350,"date":"2025-07-27T20:12:26","date_gmt":"2025-07-27T18:12:26","guid":{"rendered":"https:\/\/www.kloster-metten.com\/?page_id=49350"},"modified":"2025-07-27T20:12:26","modified_gmt":"2025-07-27T18:12:26","slug":"exkursion-nach-garching","status":"publish","type":"page","link":"https:\/\/www.kloster-metten.com\/?page_id=49350","title":{"rendered":"Exkursion nach Garching"},"content":{"rendered":"<a href=\"https:\/\/www.kloster-metten.com\/wp-content\/uploads\/2025\/07\/GarchingBild-3_.jpg\"><img loading=\"lazy\" decoding=\"async\" class=\"size-medium wp-image-49351 alignnone\" title=\"GarchingBild 3_\" src=\"https:\/\/www.kloster-metten.com\/wp-content\/uploads\/2025\/07\/GarchingBild-3_-500x225.jpg\" alt=\"\" width=\"500\" height=\"225\" srcset=\"https:\/\/www.kloster-metten.com\/wp-content\/uploads\/2025\/07\/GarchingBild-3_-500x225.jpg 500w, https:\/\/www.kloster-metten.com\/wp-content\/uploads\/2025\/07\/GarchingBild-3_-1024x461.jpg 1024w, https:\/\/www.kloster-metten.com\/wp-content\/uploads\/2025\/07\/GarchingBild-3_-768x346.jpg 768w, https:\/\/www.kloster-metten.com\/wp-content\/uploads\/2025\/07\/GarchingBild-3_-1536x691.jpg 1536w, https:\/\/www.kloster-metten.com\/wp-content\/uploads\/2025\/07\/GarchingBild-3_.jpg 1600w\" sizes=\"auto, (max-width: 500px) 100vw, 500px\" \/><\/a><h2>Exkursion nach Garching<\/h2><p><\/p>\n<p>In den letzten Schulwochen unternahm die Klasse\u202f11b und die Klasse 11c eine spannende Exkursion auf das Campus-Gel\u00e4nde der Technischen Universit\u00e4t M\u00fcnchen in Garching.<\/p>\n<p>Zu Beginn erhielten die Klassen eine informative F\u00fchrung \u00fcber das Universit\u00e4tsgel\u00e4nde, bei der insbesondere das Mathematik- und das Chemiegeb\u00e4ude n\u00e4her vorgestellt wurden. Ein Highlight war mit Abstand die ber\u00fchmte Parabel-Rutsche: Vom obersten Stockwerk ging es dabei hinunter ins unterste.<\/p>\n<p>Die Klasse 11c tauchte anschlie\u00dfend in die Welt der Mathematik ein: Im ix\u2011Quadrat, einer interaktiven Ausstellung des Mathematik-Departments, stand das Begreifen von Mathematik im Vordergrund. Die Sch\u00fclerinnen und Sch\u00fcler experimentierten mit symmetrischen Formen, vertieften sich in Stochastik und Geometrie und erhielten faszinierende Einblicke in Perspektiven, die von M.\u202fC.\u202fEscher inspiriert sind. Gemeinsam wurde sogar eine riesige Galileo\u2011Br\u00fccke gebaut \u2013 ein kreativer Beweis daf\u00fcr, dass Mathematik auch teamwork-orientiert und unerwartet greifbar sein kann<\/p>\n<p>Die Klasse 11b erkundete hingegen die naturwissenschaftliche Seite: Bei einem Besuch der Forschungs-Neutronenquelle FRM\u202fII bekamen sie Zugang zu einer der modernsten Neutronenanlagen der Welt. Dort konnten sie den Kernreaktor aus n\u00e4chster N\u00e4he und unter strenger Bewachung sehen und mehr \u00fcber physikalische Innovationen erfahren. Themen wie die Neutronenbestrahlung in der Medizin und Technik wurden anschaulich erl\u00e4utert. Von der Tomographie durch Neutronenbestrahlung ging es bis hin zur Herstellung von Antimaterie.<\/p>\n<p>Nach gemeinsamen Diskussionen \u00fcber Physik, Mathematik und Zukunftsperspektiven kehrten die Klassen begeistert zur\u00fcck. Die Exkursion nach Garching vermittelte nicht nur technisches Wissen, sondern machte Wissenschaft f\u00fcr alle Sch\u00fclerinnen und Sch\u00fcler lebendig, erlebbar und nachhaltig inspirierend.<\/p>\n<p><a href=\"https:\/\/www.kloster-metten.com\/wp-content\/uploads\/2025\/07\/GarchingBild-1_.jpg\"><img loading=\"lazy\" decoding=\"async\" class=\"alignleft size-medium wp-image-49352\" title=\"GarchingBild 1_\" src=\"https:\/\/www.kloster-metten.com\/wp-content\/uploads\/2025\/07\/GarchingBild-1_-225x500.jpg\" alt=\"\" width=\"225\" height=\"500\" srcset=\"https:\/\/www.kloster-metten.com\/wp-content\/uploads\/2025\/07\/GarchingBild-1_-225x500.jpg 225w, https:\/\/www.kloster-metten.com\/wp-content\/uploads\/2025\/07\/GarchingBild-1_-461x1024.jpg 461w, https:\/\/www.kloster-metten.com\/wp-content\/uploads\/2025\/07\/GarchingBild-1_-691x1536.jpg 691w, https:\/\/www.kloster-metten.com\/wp-content\/uploads\/2025\/07\/GarchingBild-1_.jpg 720w\" sizes=\"auto, (max-width: 225px) 100vw, 225px\" \/><\/a><\/p>\n<p><a href=\"https:\/\/www.kloster-metten.com\/wp-content\/uploads\/2025\/07\/Bild2.png\"><img loading=\"lazy\" decoding=\"async\" class=\"alignleft size-full wp-image-49353\" title=\"Bild2\" src=\"https:\/\/www.kloster-metten.com\/wp-content\/uploads\/2025\/07\/Bild2.png\" alt=\"\" width=\"362\" height=\"444\" \/><\/a><\/p>\n","protected":false},"excerpt":{"rendered":"<p>Exkursion nach Garching In den letzten Schulwochen unternahm die Klasse\u202f11b und die Klasse 11c eine spannende Exkursion auf das Campus-Gel\u00e4nde der Technischen Universit\u00e4t M\u00fcnchen in Garching. Zu Beginn erhielten die Klassen eine informative F\u00fchrung \u00fcber das Universit\u00e4tsgel\u00e4nde, bei der insbesondere das Mathematik- und das Chemiegeb\u00e4ude n\u00e4her vorgestellt wurden. Ein Highlight war mit Abstand die ber\u00fchmte [&hellip;]<\/p>\n","protected":false},"author":5,"featured_media":0,"parent":1137,"menu_order":-375,"comment_status":"closed","ping_status":"closed","template":"","meta":{"footnotes":""},"class_list":["post-49350","page","type-page","status-publish","hentry"],"_links":{"self":[{"href":"https:\/\/www.kloster-metten.com\/index.php?rest_route=\/wp\/v2\/pages\/49350","targetHints":{"allow":["GET"]}}],"collection":[{"href":"https:\/\/www.kloster-metten.com\/index.php?rest_route=\/wp\/v2\/pages"}],"about":[{"href":"https:\/\/www.kloster-metten.com\/index.php?rest_route=\/wp\/v2\/types\/page"}],"author":[{"embeddable":true,"href":"https:\/\/www.kloster-metten.com\/index.php?rest_route=\/wp\/v2\/users\/5"}],"replies":[{"embeddable":true,"href":"https:\/\/www.kloster-metten.com\/index.php?rest_route=%2Fwp%2Fv2%2Fcomments&post=49350"}],"version-history":[{"count":1,"href":"https:\/\/www.kloster-metten.com\/index.php?rest_route=\/wp\/v2\/pages\/49350\/revisions"}],"predecessor-version":[{"id":49354,"href":"https:\/\/www.kloster-metten.com\/index.php?rest_route=\/wp\/v2\/pages\/49350\/revisions\/49354"}],"up":[{"embeddable":true,"href":"https:\/\/www.kloster-metten.com\/index.php?rest_route=\/wp\/v2\/pages\/1137"}],"wp:attachment":[{"href":"https:\/\/www.kloster-metten.com\/index.php?rest_route=%2Fwp%2Fv2%2Fmedia&parent=49350"}],"curies":[{"name":"wp","href":"https:\/\/api.w.org\/{rel}","templated":true}]}}