{"id":49362,"date":"2025-09-16T20:10:48","date_gmt":"2025-09-16T18:10:48","guid":{"rendered":"https:\/\/www.kloster-metten.com\/?page_id=49362"},"modified":"2025-09-16T20:10:48","modified_gmt":"2025-09-16T18:10:48","slug":"start-ins-neue-schuljahr","status":"publish","type":"page","link":"https:\/\/www.kloster-metten.com\/?page_id=49362","title":{"rendered":"Start ins neue Schuljahr"},"content":{"rendered":"<a href=\"https:\/\/www.kloster-metten.com\/wp-content\/uploads\/2025\/09\/Neue-Mitglieder-des-Kollegiums_.jpg\"><img loading=\"lazy\" decoding=\"async\" class=\"size-medium wp-image-49363 alignnone\" title=\"Neue Mitglieder des Kollegiums_\" src=\"https:\/\/www.kloster-metten.com\/wp-content\/uploads\/2025\/09\/Neue-Mitglieder-des-Kollegiums_-500x375.jpg\" alt=\"\" width=\"500\" height=\"375\" srcset=\"https:\/\/www.kloster-metten.com\/wp-content\/uploads\/2025\/09\/Neue-Mitglieder-des-Kollegiums_-500x375.jpg 500w, https:\/\/www.kloster-metten.com\/wp-content\/uploads\/2025\/09\/Neue-Mitglieder-des-Kollegiums_-1024x768.jpg 1024w, https:\/\/www.kloster-metten.com\/wp-content\/uploads\/2025\/09\/Neue-Mitglieder-des-Kollegiums_-768x576.jpg 768w, https:\/\/www.kloster-metten.com\/wp-content\/uploads\/2025\/09\/Neue-Mitglieder-des-Kollegiums_.jpg 1296w\" sizes=\"auto, (max-width: 500px) 100vw, 500px\" \/><\/a><h2>Start ins neue Schuljahr<\/h2><p><\/p>\n<p>Im Schuljahr 2025\/2026 besuchen 462 Sch\u00fclerinnen und Sch\u00fcler \u2013 234 M\u00e4dchen und 228 Buben \u2013 den Unterricht am St.-Michaels-Gymnasium. Zum Lehrerkollegium geh\u00f6ren dreiundvierzig Lehrkr\u00e4fte.<\/p>\n<p>Neben dem Pflichtunterricht, der ohne Stundenk\u00fcrzungen durchgef\u00fchrt werden kann, werden mehrere Unterrichtsstunden zur individuellen F\u00f6rderung der Sch\u00fclerinnen und Sch\u00fcler eingerichtet: \u201eLernb\u00fcros\u201c in den Kernf\u00e4chern, Pluskurse im MINT-Bereich, zus\u00e4tzliche Angebote in Musik und Sport sowie die Wahlkurse \u201eSchach\u201c und \u201eTheater\u201c.<\/p>\n<p>Die Sch\u00fclerinnen und Sch\u00fcler der 9. Jahrgangsstufe haben wiederum die M\u00f6glichkeit, im Fach Geschichte den bilingualen Unterricht zu besuchen, in dem die Fremdsprache Englisch Arbeits- und Kommunikationsmittel ist.<\/p>\n<p>Ebenfalls fortgef\u00fchrt wird die erfolgreiche Zusammenarbeit mit der St.-Notker-Schule in Deggendorf.<\/p>\n<p>&nbsp;<\/p>\n<p><strong>Neue Lehrkr\u00e4fte<\/strong><\/p>\n<p>In der Sitzung des Lehrerkollegiums am 15. September 2025 begr\u00fc\u00dft Schulleiter Sebastian Liebl sechs Kolleginnen und zwei Kollegen, die ihre Unterrichtst\u00e4tigkeit am St.-Michaels-Gymnasium beginnen: Frau Elisabeth Artmeier (Mathematik, Informatik), Herrn Ulrich Feuchtinger (Englisch, Geschichte), Frau Annalena Kistler (Deutsch, Franz\u00f6sisch, Sport),\u00a0 Frau Kristina Salmansberger (Biologie, Chemie), Frau Pfarrerin Mirijam Scherm (Evangelische Religionslehre), Frau Monja Skrabl (Deutsch, Geschichte), Herrn Armin St\u00f6ckl (Biologie, Chemie) und Frau Lea Weber (Katholische Religionslehre, Latein).<\/p>\n<p>Der Schulleiter w\u00fcnscht den Kolleginnen und Kollegen ein gutes Eingew\u00f6hnen sowie viel Freude und Erfolg bei ihrer Unterrichtst\u00e4tigkeit.<\/p>\n<p><strong>Erster Schultag f\u00fcr die 5. Klassen<\/strong><\/p>\n<p><a href=\"https:\/\/www.kloster-metten.com\/wp-content\/uploads\/2025\/09\/Begruessung-im-Festsaal2025_.jpg\"><img loading=\"lazy\" decoding=\"async\" class=\"size-medium wp-image-49366 alignnone\" title=\"Begr\u00fc\u00dfung im Festsaal2025_\" src=\"https:\/\/www.kloster-metten.com\/wp-content\/uploads\/2025\/09\/Begruessung-im-Festsaal2025_-500x375.jpg\" alt=\"\" width=\"500\" height=\"375\" srcset=\"https:\/\/www.kloster-metten.com\/wp-content\/uploads\/2025\/09\/Begruessung-im-Festsaal2025_-500x375.jpg 500w, https:\/\/www.kloster-metten.com\/wp-content\/uploads\/2025\/09\/Begruessung-im-Festsaal2025_-1024x768.jpg 1024w, https:\/\/www.kloster-metten.com\/wp-content\/uploads\/2025\/09\/Begruessung-im-Festsaal2025_-768x576.jpg 768w, https:\/\/www.kloster-metten.com\/wp-content\/uploads\/2025\/09\/Begruessung-im-Festsaal2025_-1536x1152.jpg 1536w, https:\/\/www.kloster-metten.com\/wp-content\/uploads\/2025\/09\/Begruessung-im-Festsaal2025_.jpg 1613w\" sizes=\"auto, (max-width: 500px) 100vw, 500px\" \/><\/a><\/p>\n<p>Anders als die anderen Klassen des Gymnasiums, die sich in ihren Klassenzimmern versammelten, begann das Schuljahr f\u00fcr die 46 Sch\u00fclerinnen und Sch\u00fcler der beiden f\u00fcnften Klassen im Festsaal des Klosters, wo sie zusammen mit ihren Eltern von Schulleiter Sebastian Liebl begr\u00fc\u00dft wurden. Nach einigen allgemeinen Informationen wurden den Sch\u00fclerinnen und Sch\u00fclern die Klassenleitungen und weitere Lehrkr\u00e4fte vorgestellt. Danach durften die Eltern ihre T\u00f6chter und S\u00f6hne noch in die Klassenzimmer begleiten, wo f\u00fcr die Kinder der Unterricht begann. Die Eltern wurden nach einer F\u00fchrung durch das Schulhaus, die Neue Bibliothek und die Barockbibliothek mit Kaffee und Kuchen bewirtet, bis dann mit dem gemeinsamen Gottesdienst in der Klosterkirche der erste Schultag endete.<\/p>\n<p><img loading=\"lazy\" decoding=\"async\" class=\"alignleft size-medium wp-image-49365\" title=\"F\u00fchrung f\u00fcr die Eltern in der Barockbibliothek_\" src=\"https:\/\/www.kloster-metten.com\/wp-content\/uploads\/2025\/09\/Fuehrung-fuer-die-Eltern-in-der-Barockbibliothek_-500x375.jpg\" alt=\"\" width=\"500\" height=\"375\" srcset=\"https:\/\/www.kloster-metten.com\/wp-content\/uploads\/2025\/09\/Fuehrung-fuer-die-Eltern-in-der-Barockbibliothek_-500x375.jpg 500w, https:\/\/www.kloster-metten.com\/wp-content\/uploads\/2025\/09\/Fuehrung-fuer-die-Eltern-in-der-Barockbibliothek_-1024x768.jpg 1024w, https:\/\/www.kloster-metten.com\/wp-content\/uploads\/2025\/09\/Fuehrung-fuer-die-Eltern-in-der-Barockbibliothek_-768x576.jpg 768w, https:\/\/www.kloster-metten.com\/wp-content\/uploads\/2025\/09\/Fuehrung-fuer-die-Eltern-in-der-Barockbibliothek_.jpg 1411w\" sizes=\"auto, (max-width: 500px) 100vw, 500px\" \/> <a href=\"https:\/\/www.kloster-metten.com\/wp-content\/uploads\/2025\/09\/Im-Klassenzimmer_.jpg\"><img loading=\"lazy\" decoding=\"async\" class=\"alignleft size-medium wp-image-49364\" title=\"Im Klassenzimmer_\" src=\"https:\/\/www.kloster-metten.com\/wp-content\/uploads\/2025\/09\/Im-Klassenzimmer_-500x375.jpg\" alt=\"\" width=\"500\" height=\"375\" srcset=\"https:\/\/www.kloster-metten.com\/wp-content\/uploads\/2025\/09\/Im-Klassenzimmer_-500x375.jpg 500w, https:\/\/www.kloster-metten.com\/wp-content\/uploads\/2025\/09\/Im-Klassenzimmer_-1024x768.jpg 1024w, https:\/\/www.kloster-metten.com\/wp-content\/uploads\/2025\/09\/Im-Klassenzimmer_-768x576.jpg 768w, https:\/\/www.kloster-metten.com\/wp-content\/uploads\/2025\/09\/Im-Klassenzimmer_-1536x1152.jpg 1536w, https:\/\/www.kloster-metten.com\/wp-content\/uploads\/2025\/09\/Im-Klassenzimmer_.jpg 1613w\" sizes=\"auto, (max-width: 500px) 100vw, 500px\" \/><\/a><\/p>\n","protected":false},"excerpt":{"rendered":"<p>Start ins neue Schuljahr Im Schuljahr 2025\/2026 besuchen 462 Sch\u00fclerinnen und Sch\u00fcler \u2013 234 M\u00e4dchen und 228 Buben \u2013 den Unterricht am St.-Michaels-Gymnasium. Zum Lehrerkollegium geh\u00f6ren dreiundvierzig Lehrkr\u00e4fte. Neben dem Pflichtunterricht, der ohne Stundenk\u00fcrzungen durchgef\u00fchrt werden kann, werden mehrere Unterrichtsstunden zur individuellen F\u00f6rderung der Sch\u00fclerinnen und Sch\u00fcler eingerichtet: \u201eLernb\u00fcros\u201c in den Kernf\u00e4chern, Pluskurse im MINT-Bereich, [&hellip;]<\/p>\n","protected":false},"author":5,"featured_media":0,"parent":1137,"menu_order":-376,"comment_status":"closed","ping_status":"closed","template":"","meta":{"footnotes":""},"class_list":["post-49362","page","type-page","status-publish","hentry"],"_links":{"self":[{"href":"https:\/\/www.kloster-metten.com\/index.php?rest_route=\/wp\/v2\/pages\/49362","targetHints":{"allow":["GET"]}}],"collection":[{"href":"https:\/\/www.kloster-metten.com\/index.php?rest_route=\/wp\/v2\/pages"}],"about":[{"href":"https:\/\/www.kloster-metten.com\/index.php?rest_route=\/wp\/v2\/types\/page"}],"author":[{"embeddable":true,"href":"https:\/\/www.kloster-metten.com\/index.php?rest_route=\/wp\/v2\/users\/5"}],"replies":[{"embeddable":true,"href":"https:\/\/www.kloster-metten.com\/index.php?rest_route=%2Fwp%2Fv2%2Fcomments&post=49362"}],"version-history":[{"count":1,"href":"https:\/\/www.kloster-metten.com\/index.php?rest_route=\/wp\/v2\/pages\/49362\/revisions"}],"predecessor-version":[{"id":49368,"href":"https:\/\/www.kloster-metten.com\/index.php?rest_route=\/wp\/v2\/pages\/49362\/revisions\/49368"}],"up":[{"embeddable":true,"href":"https:\/\/www.kloster-metten.com\/index.php?rest_route=\/wp\/v2\/pages\/1137"}],"wp:attachment":[{"href":"https:\/\/www.kloster-metten.com\/index.php?rest_route=%2Fwp%2Fv2%2Fmedia&parent=49362"}],"curies":[{"name":"wp","href":"https:\/\/api.w.org\/{rel}","templated":true}]}}