{"id":49391,"date":"2025-09-25T20:11:57","date_gmt":"2025-09-25T18:11:57","guid":{"rendered":"https:\/\/www.kloster-metten.com\/?page_id=49391"},"modified":"2025-10-08T16:44:24","modified_gmt":"2025-10-08T14:44:24","slug":"gut-begleitet-ins-neue-schuljahr-kennenlerntag","status":"publish","type":"page","link":"https:\/\/www.kloster-metten.com\/?page_id=49391","title":{"rendered":"Gut begleitet ins neue Schuljahr \u2013 Kennenlerntag"},"content":{"rendered":"<a href=\"https:\/\/www.kloster-metten.com\/wp-content\/uploads\/2025\/09\/Kennenlerntag-1_.jpg\"><img loading=\"lazy\" decoding=\"async\" class=\"size-medium wp-image-49396 alignnone\" title=\"Kennenlerntag 1_\" src=\"https:\/\/www.kloster-metten.com\/wp-content\/uploads\/2025\/09\/Kennenlerntag-1_-500x375.jpg\" alt=\"\" width=\"500\" height=\"375\" srcset=\"https:\/\/www.kloster-metten.com\/wp-content\/uploads\/2025\/09\/Kennenlerntag-1_-500x375.jpg 500w, https:\/\/www.kloster-metten.com\/wp-content\/uploads\/2025\/09\/Kennenlerntag-1_-1024x768.jpg 1024w, https:\/\/www.kloster-metten.com\/wp-content\/uploads\/2025\/09\/Kennenlerntag-1_-768x576.jpg 768w, https:\/\/www.kloster-metten.com\/wp-content\/uploads\/2025\/09\/Kennenlerntag-1_.jpg 1296w\" sizes=\"auto, (max-width: 500px) 100vw, 500px\" \/><\/a><h2>Gut begleitet ins neue Schuljahr \u2013 Kennenlerntag<\/h2><p><\/p>\n<p>Gleich am Freitag der ersten Schulwoche stand das gegenseitige Kennenlernen und das Entdecken der neuen Schule f\u00fcr die beiden 5. Klassen auf dem Stundenplan. Die Sch\u00fclerinnen und Sch\u00fcler erkundeten in Begleitung von Tutorinnen in einer Schulhausrallye alle Winkel und Ecken des neuen Schulhausen, und das stellte sich das eine und andere Mal etwas knifflig dar. So mussten sie zum Beispiel neben dem Sekretariat auch den Pausenverkauf finden.<\/p>\n<p>Einen weiteren Punkt bildete die erste Einheit zum Thema \u201eLernen lernen\u201c, die helfen soll, von Anfang an die richtigen Lernmethoden anzuwenden. In dieser ging es um die Voraussetzungen f\u00fcr effektives Lernen, um den ordentlichen Arbeitsplatz und den \u00fcbersichtlichen Schreibtisch. Den dritten Punkt bildete eine Klassenleiterstunde, in der unter anderem ein Klassenvertrag mit wichtigen Verhaltensregeln erarbeitet wurde.<\/p>\n<p>Wie schon in den vergangenen Jahren wurde der Kennenlerntag als Gemeinschaftsaktion der Unterstufenbetreuung, der Klassenleitungen sowie der Tutoren durchgef\u00fchrt, um die F\u00fcnftkl\u00e4ssler von Beginn ihrer gymnasialen Laufbahn an m\u00f6glichst gut zu unterst\u00fctzen.<\/p>\n\r\n\t\t<style type='text\/css'>\r\n\t\t\t#gallery-1 {\r\n\t\t\t\tmargin: auto;\r\n\t\t\t}\r\n\t\t\t#gallery-1 .gallery-item {\r\n\t\t\t\tfloat: left;\r\n\t\t\t\tmargin-top: 10px;\r\n\t\t\t\ttext-align: center;\r\n\t\t\t\twidth: 33%;\r\n\t\t\t}\r\n\t\t\t#gallery-1 hr {\r\n\t\t\t\theight: 1px;\r\n\t\t\t}\r\n\t\t\t#gallery-1 .gallery-caption {\r\n\t\t\t\tmargin-left: 0;\r\n\t\t\t}\r\n\t\t\t\/* see gallery_shortcode() in wp-includes\/media.php *\/\r\n\t\t<\/style>\n\t\t<div id='gallery-1' class='gallery galleryid-49391 gallery-columns-3 gallery-size-thumbnail'><hr class='null'><dl class='gallery-item'>\r\n\t\t\t<dt class='gallery-icon portrait'>\r\n\t\t\t\t<a title=\"Kennenlerntag 2_\"  href='https:\/\/www.kloster-metten.com\/?attachment_id=49395'><img loading=\"lazy\" decoding=\"async\" width=\"170\" height=\"115\" src=\"https:\/\/www.kloster-metten.com\/wp-content\/uploads\/2025\/09\/Kennenlerntag-2_-170x115.jpg\" class=\"attachment-thumbnail size-thumbnail\" alt=\"\" \/><\/a>\r\n\t\t\t<\/dt><\/dl><dl class='gallery-item'>\r\n\t\t\t<dt class='gallery-icon landscape'>\r\n\t\t\t\t<a title=\"Kennenlerntag 3_\"  href='https:\/\/www.kloster-metten.com\/?attachment_id=49394'><img loading=\"lazy\" decoding=\"async\" width=\"170\" height=\"115\" src=\"https:\/\/www.kloster-metten.com\/wp-content\/uploads\/2025\/09\/Kennenlerntag-3_-170x115.jpg\" class=\"attachment-thumbnail size-thumbnail\" alt=\"\" \/><\/a>\r\n\t\t\t<\/dt><\/dl><dl class='gallery-item'>\r\n\t\t\t<dt class='gallery-icon landscape'>\r\n\t\t\t\t<a title=\"Kennenlerntag 4_\"  href='https:\/\/www.kloster-metten.com\/?attachment_id=49393'><img loading=\"lazy\" decoding=\"async\" width=\"170\" height=\"115\" src=\"https:\/\/www.kloster-metten.com\/wp-content\/uploads\/2025\/09\/Kennenlerntag-4_-170x115.jpg\" class=\"attachment-thumbnail size-thumbnail\" alt=\"\" \/><\/a>\r\n\t\t\t<\/dt><\/dl><br style=\"clear: both\" \/><dl class='gallery-item'>\r\n\t\t\t<dt class='gallery-icon landscape'>\r\n\t\t\t\t<a title=\"Kennenlerntag 5_\"  href='https:\/\/www.kloster-metten.com\/?attachment_id=49392'><img loading=\"lazy\" decoding=\"async\" width=\"170\" height=\"115\" src=\"https:\/\/www.kloster-metten.com\/wp-content\/uploads\/2025\/09\/Kennenlerntag-5_-170x115.jpg\" class=\"attachment-thumbnail size-thumbnail\" alt=\"\" \/><\/a>\r\n\t\t\t<\/dt><\/dl>\r\n\t\t\t<br style='clear: both' \/>\r\n\t\t<\/div>\n\n","protected":false},"excerpt":{"rendered":"<p>Gut begleitet ins neue Schuljahr \u2013 Kennenlerntag Gleich am Freitag der ersten Schulwoche stand das gegenseitige Kennenlernen und das Entdecken der neuen Schule f\u00fcr die beiden 5. Klassen auf dem Stundenplan. Die Sch\u00fclerinnen und Sch\u00fcler erkundeten in Begleitung von Tutorinnen in einer Schulhausrallye alle Winkel und Ecken des neuen Schulhausen, und das stellte sich das [&hellip;]<\/p>\n","protected":false},"author":5,"featured_media":0,"parent":1137,"menu_order":-377,"comment_status":"closed","ping_status":"closed","template":"","meta":{"footnotes":""},"class_list":["post-49391","page","type-page","status-publish","hentry"],"_links":{"self":[{"href":"https:\/\/www.kloster-metten.com\/index.php?rest_route=\/wp\/v2\/pages\/49391","targetHints":{"allow":["GET"]}}],"collection":[{"href":"https:\/\/www.kloster-metten.com\/index.php?rest_route=\/wp\/v2\/pages"}],"about":[{"href":"https:\/\/www.kloster-metten.com\/index.php?rest_route=\/wp\/v2\/types\/page"}],"author":[{"embeddable":true,"href":"https:\/\/www.kloster-metten.com\/index.php?rest_route=\/wp\/v2\/users\/5"}],"replies":[{"embeddable":true,"href":"https:\/\/www.kloster-metten.com\/index.php?rest_route=%2Fwp%2Fv2%2Fcomments&post=49391"}],"version-history":[{"count":3,"href":"https:\/\/www.kloster-metten.com\/index.php?rest_route=\/wp\/v2\/pages\/49391\/revisions"}],"predecessor-version":[{"id":49419,"href":"https:\/\/www.kloster-metten.com\/index.php?rest_route=\/wp\/v2\/pages\/49391\/revisions\/49419"}],"up":[{"embeddable":true,"href":"https:\/\/www.kloster-metten.com\/index.php?rest_route=\/wp\/v2\/pages\/1137"}],"wp:attachment":[{"href":"https:\/\/www.kloster-metten.com\/index.php?rest_route=%2Fwp%2Fv2%2Fmedia&parent=49391"}],"curies":[{"name":"wp","href":"https:\/\/api.w.org\/{rel}","templated":true}]}}