{"id":49402,"date":"2025-10-01T22:52:33","date_gmt":"2025-10-01T20:52:33","guid":{"rendered":"https:\/\/www.kloster-metten.com\/?page_id=49402"},"modified":"2025-10-01T22:52:33","modified_gmt":"2025-10-01T20:52:33","slug":"fest-des-hl-michael","status":"publish","type":"page","link":"https:\/\/www.kloster-metten.com\/?page_id=49402","title":{"rendered":"Fest des Hl. Michael"},"content":{"rendered":"<a href=\"https:\/\/www.kloster-metten.com\/wp-content\/uploads\/2025\/10\/Michael-2_.jpg\"><img loading=\"lazy\" decoding=\"async\" class=\"size-medium wp-image-49408 alignnone\" title=\"Michael 2_\" src=\"https:\/\/www.kloster-metten.com\/wp-content\/uploads\/2025\/10\/Michael-2_-500x375.jpg\" alt=\"\" width=\"500\" height=\"375\" srcset=\"https:\/\/www.kloster-metten.com\/wp-content\/uploads\/2025\/10\/Michael-2_-500x375.jpg 500w, https:\/\/www.kloster-metten.com\/wp-content\/uploads\/2025\/10\/Michael-2_-768x576.jpg 768w, https:\/\/www.kloster-metten.com\/wp-content\/uploads\/2025\/10\/Michael-2_.jpg 867w\" sizes=\"auto, (max-width: 500px) 100vw, 500px\" \/><\/a><h2>Fest des Hl. Michael<\/h2><p><\/p>\n<p>Bis auf den letzten Platz gef\u00fcllt war die Mettener Kirche am Montagabend, als das Fest des\u00a0Hl. Michael, des Namenspatrons des Gymnasiums, von der Kloster- und Schulfamilie gefeiert wurde. Neben den Sch\u00fclern und Lehrern konnte Abt Athanasius auch die Eltern unserer Sch\u00fclerinnen und Sch\u00fcler zum feierlichen Gottesdienst begr\u00fc\u00dfen. In seiner Festpredigt erl\u00e4uterte Abt Athanasius das Altarbild der Stiftskirche und rief dazu auf, statt Hass Vergebung walten zu lassen. Nach dem Gottesdienst, der vom Bl\u00e4serensemble und vom Kammerchor unter der Leitung von Christoph Liebl musikalisch gestaltet wurde, war die Schulfamilie noch zum gem\u00fctlichen Beisammensein eingeladen. Hier sorgte das Standkonzert der Kalliope f\u00fcr Stimmung, au\u00dferdem wurden die zahlreichen Anwesenden von den Sch\u00fclerinnen und Sch\u00fclern der Oberstufe mit Leberk\u00e4se und Getr\u00e4nken versorgt.<\/p>\n\r\n\t\t<style type='text\/css'>\r\n\t\t\t#gallery-1 {\r\n\t\t\t\tmargin: auto;\r\n\t\t\t}\r\n\t\t\t#gallery-1 .gallery-item {\r\n\t\t\t\tfloat: left;\r\n\t\t\t\tmargin-top: 10px;\r\n\t\t\t\ttext-align: center;\r\n\t\t\t\twidth: 33%;\r\n\t\t\t}\r\n\t\t\t#gallery-1 hr {\r\n\t\t\t\theight: 1px;\r\n\t\t\t}\r\n\t\t\t#gallery-1 .gallery-caption {\r\n\t\t\t\tmargin-left: 0;\r\n\t\t\t}\r\n\t\t\t\/* see gallery_shortcode() in wp-includes\/media.php *\/\r\n\t\t<\/style>\n\t\t<div id='gallery-1' class='gallery galleryid-49402 gallery-columns-3 gallery-size-thumbnail'><hr class='null'><dl class='gallery-item'>\r\n\t\t\t<dt class='gallery-icon landscape'>\r\n\t\t\t\t<a title=\"Michael 1_\"  href='https:\/\/www.kloster-metten.com\/?attachment_id=49409'><img loading=\"lazy\" decoding=\"async\" width=\"170\" height=\"115\" src=\"https:\/\/www.kloster-metten.com\/wp-content\/uploads\/2025\/10\/Michael-1_-170x115.jpg\" class=\"attachment-thumbnail size-thumbnail\" alt=\"\" \/><\/a>\r\n\t\t\t<\/dt><\/dl><dl class='gallery-item'>\r\n\t\t\t<dt class='gallery-icon landscape'>\r\n\t\t\t\t<a title=\"Michael 3_\"  href='https:\/\/www.kloster-metten.com\/?attachment_id=49407'><img loading=\"lazy\" decoding=\"async\" width=\"170\" height=\"115\" src=\"https:\/\/www.kloster-metten.com\/wp-content\/uploads\/2025\/10\/Michael-3_-170x115.jpg\" class=\"attachment-thumbnail size-thumbnail\" alt=\"\" \/><\/a>\r\n\t\t\t<\/dt><\/dl><dl class='gallery-item'>\r\n\t\t\t<dt class='gallery-icon landscape'>\r\n\t\t\t\t<a title=\"Michael 4_\"  href='https:\/\/www.kloster-metten.com\/?attachment_id=49406'><img loading=\"lazy\" decoding=\"async\" width=\"170\" height=\"115\" src=\"https:\/\/www.kloster-metten.com\/wp-content\/uploads\/2025\/10\/Michael-4_-170x115.jpg\" class=\"attachment-thumbnail size-thumbnail\" alt=\"\" \/><\/a>\r\n\t\t\t<\/dt><\/dl><br style=\"clear: both\" \/><dl class='gallery-item'>\r\n\t\t\t<dt class='gallery-icon landscape'>\r\n\t\t\t\t<a title=\"Michael 5_\"  href='https:\/\/www.kloster-metten.com\/?attachment_id=49405'><img loading=\"lazy\" decoding=\"async\" width=\"170\" height=\"115\" src=\"https:\/\/www.kloster-metten.com\/wp-content\/uploads\/2025\/10\/Michael-5_-170x115.jpg\" class=\"attachment-thumbnail size-thumbnail\" alt=\"\" \/><\/a>\r\n\t\t\t<\/dt><\/dl><dl class='gallery-item'>\r\n\t\t\t<dt class='gallery-icon landscape'>\r\n\t\t\t\t<a title=\"Michael 6_\"  href='https:\/\/www.kloster-metten.com\/?attachment_id=49404'><img loading=\"lazy\" decoding=\"async\" width=\"170\" height=\"115\" src=\"https:\/\/www.kloster-metten.com\/wp-content\/uploads\/2025\/10\/Michael-6_-170x115.jpg\" class=\"attachment-thumbnail size-thumbnail\" alt=\"\" \/><\/a>\r\n\t\t\t<\/dt><\/dl><dl class='gallery-item'>\r\n\t\t\t<dt class='gallery-icon landscape'>\r\n\t\t\t\t<a title=\"Michael 7_\"  href='https:\/\/www.kloster-metten.com\/?attachment_id=49403'><img loading=\"lazy\" decoding=\"async\" width=\"170\" height=\"115\" src=\"https:\/\/www.kloster-metten.com\/wp-content\/uploads\/2025\/10\/Michael-7_-170x115.jpg\" class=\"attachment-thumbnail size-thumbnail\" alt=\"\" \/><\/a>\r\n\t\t\t<\/dt><\/dl><br style=\"clear: both\" \/>\r\n\t\t<\/div>\n\n","protected":false},"excerpt":{"rendered":"<p>Fest des Hl. Michael Bis auf den letzten Platz gef\u00fcllt war die Mettener Kirche am Montagabend, als das Fest des\u00a0Hl. Michael, des Namenspatrons des Gymnasiums, von der Kloster- und Schulfamilie gefeiert wurde. Neben den Sch\u00fclern und Lehrern konnte Abt Athanasius auch die Eltern unserer Sch\u00fclerinnen und Sch\u00fcler zum feierlichen Gottesdienst begr\u00fc\u00dfen. In seiner Festpredigt erl\u00e4uterte [&hellip;]<\/p>\n","protected":false},"author":5,"featured_media":0,"parent":1137,"menu_order":-378,"comment_status":"closed","ping_status":"closed","template":"","meta":{"footnotes":""},"class_list":["post-49402","page","type-page","status-publish","hentry"],"_links":{"self":[{"href":"https:\/\/www.kloster-metten.com\/index.php?rest_route=\/wp\/v2\/pages\/49402","targetHints":{"allow":["GET"]}}],"collection":[{"href":"https:\/\/www.kloster-metten.com\/index.php?rest_route=\/wp\/v2\/pages"}],"about":[{"href":"https:\/\/www.kloster-metten.com\/index.php?rest_route=\/wp\/v2\/types\/page"}],"author":[{"embeddable":true,"href":"https:\/\/www.kloster-metten.com\/index.php?rest_route=\/wp\/v2\/users\/5"}],"replies":[{"embeddable":true,"href":"https:\/\/www.kloster-metten.com\/index.php?rest_route=%2Fwp%2Fv2%2Fcomments&post=49402"}],"version-history":[{"count":1,"href":"https:\/\/www.kloster-metten.com\/index.php?rest_route=\/wp\/v2\/pages\/49402\/revisions"}],"predecessor-version":[{"id":49410,"href":"https:\/\/www.kloster-metten.com\/index.php?rest_route=\/wp\/v2\/pages\/49402\/revisions\/49410"}],"up":[{"embeddable":true,"href":"https:\/\/www.kloster-metten.com\/index.php?rest_route=\/wp\/v2\/pages\/1137"}],"wp:attachment":[{"href":"https:\/\/www.kloster-metten.com\/index.php?rest_route=%2Fwp%2Fv2%2Fmedia&parent=49402"}],"curies":[{"name":"wp","href":"https:\/\/api.w.org\/{rel}","templated":true}]}}