{"id":49424,"date":"2025-10-14T16:56:36","date_gmt":"2025-10-14T14:56:36","guid":{"rendered":"https:\/\/www.kloster-metten.com\/?page_id=49424"},"modified":"2025-10-14T16:57:56","modified_gmt":"2025-10-14T14:57:56","slug":"diercke-igeo-2025-geographiewissen-auf-englisch-abgefragt","status":"publish","type":"page","link":"https:\/\/www.kloster-metten.com\/?page_id=49424","title":{"rendered":"Diercke iGeo 2025 \u2013 Geographiewissen auf Englisch abgefragt"},"content":{"rendered":"<a href=\"https:\/\/www.kloster-metten.com\/wp-content\/uploads\/2025\/10\/IMG_5795.jpg\"><img loading=\"lazy\" decoding=\"async\" class=\"size-medium wp-image-49425 alignnone\" title=\"IMG_5795\" src=\"https:\/\/www.kloster-metten.com\/wp-content\/uploads\/2025\/10\/IMG_5795-500x428.jpg\" alt=\"\" width=\"500\" height=\"428\" srcset=\"https:\/\/www.kloster-metten.com\/wp-content\/uploads\/2025\/10\/IMG_5795-500x428.jpg 500w, https:\/\/www.kloster-metten.com\/wp-content\/uploads\/2025\/10\/IMG_5795-1024x877.jpg 1024w, https:\/\/www.kloster-metten.com\/wp-content\/uploads\/2025\/10\/IMG_5795-768x657.jpg 768w, https:\/\/www.kloster-metten.com\/wp-content\/uploads\/2025\/10\/IMG_5795-1536x1315.jpg 1536w, https:\/\/www.kloster-metten.com\/wp-content\/uploads\/2025\/10\/IMG_5795.jpg 1764w\" sizes=\"auto, (max-width: 500px) 100vw, 500px\" \/><\/a><h2>Diercke iGeo 2025 \u2013 Geographiewissen auf Englisch abgefragt<\/h2><p><\/p>\n<p>Am 26. September 2025 nahmen drei Sch\u00fclerinnen und Sch\u00fcler des Leistungsfachs Geographie freiwillig am Wettbewerb \u201eDiercke iGeo 2025\u201c teil. Dieser bestand aus einem Multiple-Choice-Test sowie einer Klausur, die jeweils in englischer Sprache abgelegt wurden. W\u00e4hrend sich die Aufgaben in der Klausur auf das Land Norwegen bezogen, erstreckte sich der Multiple-Choice-Test \u00fcber die gro\u00dfe Bandbreite geographischer Fragestellungen und forderte die Teilnehmerinnen und Teilnehmer Angelina Zi\u00dfler, Valentin Miedl und Constantin Hubert sowohl hinsichtlich ihres Wissens \u00fcber physische Geographie als auch \u00fcber wirtschaftsgeographische Einsch\u00e4tzungen sowie detailgenaues L\u00e4nderwissen. In den offenen Fragen wurde der Fokus auf Norwegens Klima und Relief, aber auch auf die Energiewirtschaft sowie die Frage, ob das Land als Vorbild f\u00fcr andere europ\u00e4ische L\u00e4nder bei der Entwicklung der E-Mobilit\u00e4t dienen k\u00f6nnte, gelegt. Wenngleich auch am Ende Platz 1 und 2 im schulischen Vergleich nahe beieinanderlagen, so hatte doch Constantin Hubert vor Valentin Miedl die Nase vorn und ging als Schulsieger hervor. Damit konnte er an der Auswahl der Landessieger teilnehmen, welche von den Landesbeauftragten des Verbands Deutscher Schulgeographie bestimmt werden. Auch wenn es hier leider nicht f\u00fcr den Sieg und somit die n\u00e4chste Wettbewerbsrunde gereicht hat, so d\u00fcrfen wir Constantin zu einem sehr erfreulichen 3. Platz in Bayern gratulieren.<\/p>\n","protected":false},"excerpt":{"rendered":"<p>Diercke iGeo 2025 \u2013 Geographiewissen auf Englisch abgefragt Am 26. September 2025 nahmen drei Sch\u00fclerinnen und Sch\u00fcler des Leistungsfachs Geographie freiwillig am Wettbewerb \u201eDiercke iGeo 2025\u201c teil. Dieser bestand aus einem Multiple-Choice-Test sowie einer Klausur, die jeweils in englischer Sprache abgelegt wurden. W\u00e4hrend sich die Aufgaben in der Klausur auf das Land Norwegen bezogen, erstreckte [&hellip;]<\/p>\n","protected":false},"author":5,"featured_media":0,"parent":1137,"menu_order":-379,"comment_status":"closed","ping_status":"closed","template":"","meta":{"footnotes":""},"class_list":["post-49424","page","type-page","status-publish","hentry"],"_links":{"self":[{"href":"https:\/\/www.kloster-metten.com\/index.php?rest_route=\/wp\/v2\/pages\/49424","targetHints":{"allow":["GET"]}}],"collection":[{"href":"https:\/\/www.kloster-metten.com\/index.php?rest_route=\/wp\/v2\/pages"}],"about":[{"href":"https:\/\/www.kloster-metten.com\/index.php?rest_route=\/wp\/v2\/types\/page"}],"author":[{"embeddable":true,"href":"https:\/\/www.kloster-metten.com\/index.php?rest_route=\/wp\/v2\/users\/5"}],"replies":[{"embeddable":true,"href":"https:\/\/www.kloster-metten.com\/index.php?rest_route=%2Fwp%2Fv2%2Fcomments&post=49424"}],"version-history":[{"count":1,"href":"https:\/\/www.kloster-metten.com\/index.php?rest_route=\/wp\/v2\/pages\/49424\/revisions"}],"predecessor-version":[{"id":49426,"href":"https:\/\/www.kloster-metten.com\/index.php?rest_route=\/wp\/v2\/pages\/49424\/revisions\/49426"}],"up":[{"embeddable":true,"href":"https:\/\/www.kloster-metten.com\/index.php?rest_route=\/wp\/v2\/pages\/1137"}],"wp:attachment":[{"href":"https:\/\/www.kloster-metten.com\/index.php?rest_route=%2Fwp%2Fv2%2Fmedia&parent=49424"}],"curies":[{"name":"wp","href":"https:\/\/api.w.org\/{rel}","templated":true}]}}