{"id":49431,"date":"2025-11-09T09:32:18","date_gmt":"2025-11-09T08:32:18","guid":{"rendered":"https:\/\/www.kloster-metten.com\/?page_id=49431"},"modified":"2025-11-09T09:38:38","modified_gmt":"2025-11-09T08:38:38","slug":"kennenlerntage-der-5-jahrgangsstufe-gemeinsam-starten-zusammen-wachsen","status":"publish","type":"page","link":"https:\/\/www.kloster-metten.com\/?page_id=49431","title":{"rendered":"Kennenlerntage der 5. Jahrgangsstufe \u2013 Gemeinsam starten, zusammen wachsen"},"content":{"rendered":"<a href=\"https:\/\/www.kloster-metten.com\/wp-content\/uploads\/2025\/11\/62bd0c64-ee04-4ba6-916a-f036839b4618_.jpg\"><img loading=\"lazy\" decoding=\"async\" class=\"size-medium wp-image-49434 alignnone\" title=\"62bd0c64-ee04-4ba6-916a-f036839b4618_\" src=\"https:\/\/www.kloster-metten.com\/wp-content\/uploads\/2025\/11\/62bd0c64-ee04-4ba6-916a-f036839b4618_-500x375.jpg\" alt=\"\" width=\"500\" height=\"375\" srcset=\"https:\/\/www.kloster-metten.com\/wp-content\/uploads\/2025\/11\/62bd0c64-ee04-4ba6-916a-f036839b4618_-500x375.jpg 500w, https:\/\/www.kloster-metten.com\/wp-content\/uploads\/2025\/11\/62bd0c64-ee04-4ba6-916a-f036839b4618_-1024x768.jpg 1024w, https:\/\/www.kloster-metten.com\/wp-content\/uploads\/2025\/11\/62bd0c64-ee04-4ba6-916a-f036839b4618_-768x576.jpg 768w, https:\/\/www.kloster-metten.com\/wp-content\/uploads\/2025\/11\/62bd0c64-ee04-4ba6-916a-f036839b4618_-1536x1152.jpg 1536w, https:\/\/www.kloster-metten.com\/wp-content\/uploads\/2025\/11\/62bd0c64-ee04-4ba6-916a-f036839b4618_.jpg 1792w\" sizes=\"auto, (max-width: 500px) 100vw, 500px\" \/><\/a><h2>Kennenlerntage der 5. Jahrgangsstufe \u2013 Gemeinsam starten, zusammen wachsen<\/h2><p><\/p>\n<p><strong>\u00a0<\/strong>Vom 27. bis 31. Oktober 2025 war es endlich so weit: Die 5. Jahrgangsstufe machte sich auf den Weg nach Lambach, um bei den traditionellen Kennenlerntagen den Grundstein f\u00fcr ein starkes Miteinander zu legen. Mit dabei waren 21 Buben, 25 M\u00e4dchen, f\u00fcnf engagierte Tutoren und f\u00fcnf ambitionierte Lehrkr\u00e4fte, die alle Herausforderungen \u2013 von Zimmerverteilung bis Wanderrucksack \u2013 souver\u00e4n meisterten.<\/p>\n<p>Das vielf\u00e4ltige Programm sorgte f\u00fcr Abwechslung und gute Laune. Neben dem Lesen einer Lekt\u00fcre (ja, Lesen kann auch au\u00dferhalb des Klassenzimmers Spa\u00df machen!) standen ein H\u00f6flichkeitskurs (\u201eBitte\u201c und \u201eDanke\u201c funktionieren \u00fcbrigens auch in Wanderschuhen!)\u00a0 und die wichtige Lektion <em>Lernen lernen<\/em> auf dem Plan. Besonders hilfreich war auch das Modul zur Stressbew\u00e4ltigung \u2013 schlie\u00dflich kann das Leben als F\u00fcnftkl\u00e4ssler ganz sch\u00f6n aufregend sein.<\/p>\n<p>Auch die Bewegung kam nicht zu kurz: Beim <strong>Aufstieg zum Osser<\/strong> zeigte sich, wer wirklich Kondition (und ausreichend Proviant) mitgebracht hatte. Die Aussicht auf dem Gipfel war jede Anstrengung wert! Im Tierpark Lohberg war nicht nur tierisch viel los, sondern auch Gelegenheit, neue Freundschaften zu kn\u00fcpfen. Der Rundgang um den kleinen Arbersee bot Zeit zum Staunen und Durchatmen.<\/p>\n<p>Am Ende der Woche kehrten alle m\u00fcde, aber gl\u00fccklich nach Hause zur\u00fcck \u2013 mit vielen sch\u00f6nen Erinnerungen, neuen Freundschaften und dem Gef\u00fchl: <em>Jetzt sind wir wirklich am Gymnasium angekommen!<\/em><\/p>\n<p>Fazit: Die Kennenlerntage 2025 in Lambach waren ein gelungener Start ins neue Schuljahr \u2013 mit Lernen, Lachen und ganz viel \u201eWir-Gef\u00fchl\u201c.<\/p>\n\r\n\t\t<style type='text\/css'>\r\n\t\t\t#gallery-1 {\r\n\t\t\t\tmargin: auto;\r\n\t\t\t}\r\n\t\t\t#gallery-1 .gallery-item {\r\n\t\t\t\tfloat: left;\r\n\t\t\t\tmargin-top: 10px;\r\n\t\t\t\ttext-align: center;\r\n\t\t\t\twidth: 33%;\r\n\t\t\t}\r\n\t\t\t#gallery-1 hr {\r\n\t\t\t\theight: 1px;\r\n\t\t\t}\r\n\t\t\t#gallery-1 .gallery-caption {\r\n\t\t\t\tmargin-left: 0;\r\n\t\t\t}\r\n\t\t\t\/* see gallery_shortcode() in wp-includes\/media.php *\/\r\n\t\t<\/style>\n\t\t<div id='gallery-1' class='gallery galleryid-49431 gallery-columns-3 gallery-size-thumbnail'><hr class='null'><dl class='gallery-item'>\r\n\t\t\t<dt class='gallery-icon landscape'>\r\n\t\t\t\t<a title=\"E41430CF-7358-425E-90F2-8A2CDB30BC27\"  href='https:\/\/www.kloster-metten.com\/?attachment_id=49444'><img loading=\"lazy\" decoding=\"async\" width=\"170\" height=\"115\" src=\"https:\/\/www.kloster-metten.com\/wp-content\/uploads\/2025\/11\/E41430CF-7358-425E-90F2-8A2CDB30BC27-170x115.jpeg\" class=\"attachment-thumbnail size-thumbnail\" alt=\"\" \/><\/a>\r\n\t\t\t<\/dt><\/dl><dl class='gallery-item'>\r\n\t\t\t<dt class='gallery-icon landscape'>\r\n\t\t\t\t<a title=\"E5A1ACBF-2EBC-440A-A6D8-AEF79A786EC2\"  href='https:\/\/www.kloster-metten.com\/?attachment_id=49443'><img loading=\"lazy\" decoding=\"async\" width=\"170\" height=\"115\" src=\"https:\/\/www.kloster-metten.com\/wp-content\/uploads\/2025\/11\/E5A1ACBF-2EBC-440A-A6D8-AEF79A786EC2-170x115.jpeg\" class=\"attachment-thumbnail size-thumbnail\" alt=\"\" \/><\/a>\r\n\t\t\t<\/dt><\/dl><dl class='gallery-item'>\r\n\t\t\t<dt class='gallery-icon landscape'>\r\n\t\t\t\t<a title=\"DA369067-7C72-46BF-B5FB-1690D241CE2E\"  href='https:\/\/www.kloster-metten.com\/?attachment_id=49442'><img loading=\"lazy\" decoding=\"async\" width=\"170\" height=\"115\" src=\"https:\/\/www.kloster-metten.com\/wp-content\/uploads\/2025\/11\/DA369067-7C72-46BF-B5FB-1690D241CE2E-170x115.jpeg\" class=\"attachment-thumbnail size-thumbnail\" alt=\"\" \/><\/a>\r\n\t\t\t<\/dt><\/dl><br style=\"clear: both\" \/><dl class='gallery-item'>\r\n\t\t\t<dt class='gallery-icon portrait'>\r\n\t\t\t\t<a title=\"da60bacd-ca70-4393-9a53-00235cf051a3\"  href='https:\/\/www.kloster-metten.com\/?attachment_id=49441'><img loading=\"lazy\" decoding=\"async\" width=\"170\" height=\"115\" src=\"https:\/\/www.kloster-metten.com\/wp-content\/uploads\/2025\/11\/da60bacd-ca70-4393-9a53-00235cf051a3-170x115.jpeg\" class=\"attachment-thumbnail size-thumbnail\" alt=\"\" \/><\/a>\r\n\t\t\t<\/dt><\/dl><dl class='gallery-item'>\r\n\t\t\t<dt class='gallery-icon landscape'>\r\n\t\t\t\t<a title=\"D5307C49-260D-40BC-B711-1066C8017E57\"  href='https:\/\/www.kloster-metten.com\/?attachment_id=49440'><img loading=\"lazy\" decoding=\"async\" width=\"170\" height=\"115\" src=\"https:\/\/www.kloster-metten.com\/wp-content\/uploads\/2025\/11\/D5307C49-260D-40BC-B711-1066C8017E57-170x115.jpeg\" class=\"attachment-thumbnail size-thumbnail\" alt=\"\" \/><\/a>\r\n\t\t\t<\/dt><\/dl><dl class='gallery-item'>\r\n\t\t\t<dt class='gallery-icon landscape'>\r\n\t\t\t\t<a title=\"499a8b06-82d8-4a52-96fd-27ebec0d9f27\"  href='https:\/\/www.kloster-metten.com\/?attachment_id=49439'><img loading=\"lazy\" decoding=\"async\" width=\"170\" height=\"115\" src=\"https:\/\/www.kloster-metten.com\/wp-content\/uploads\/2025\/11\/499a8b06-82d8-4a52-96fd-27ebec0d9f27-170x115.jpeg\" class=\"attachment-thumbnail size-thumbnail\" alt=\"\" \/><\/a>\r\n\t\t\t<\/dt><\/dl><br style=\"clear: both\" \/><dl class='gallery-item'>\r\n\t\t\t<dt class='gallery-icon portrait'>\r\n\t\t\t\t<a title=\"64af0b33-5f5b-44b2-b2e9-7bcf3c84853c\"  href='https:\/\/www.kloster-metten.com\/?attachment_id=49438'><img loading=\"lazy\" decoding=\"async\" width=\"170\" height=\"115\" src=\"https:\/\/www.kloster-metten.com\/wp-content\/uploads\/2025\/11\/64af0b33-5f5b-44b2-b2e9-7bcf3c84853c-170x115.jpeg\" class=\"attachment-thumbnail size-thumbnail\" alt=\"\" \/><\/a>\r\n\t\t\t<\/dt><\/dl><dl class='gallery-item'>\r\n\t\t\t<dt class='gallery-icon landscape'>\r\n\t\t\t\t<a title=\"2a4556ff-c2ee-46af-921d-db4a07a00531\"  href='https:\/\/www.kloster-metten.com\/?attachment_id=49437'><img loading=\"lazy\" decoding=\"async\" width=\"170\" height=\"115\" src=\"https:\/\/www.kloster-metten.com\/wp-content\/uploads\/2025\/11\/2a4556ff-c2ee-46af-921d-db4a07a00531-170x115.jpeg\" class=\"attachment-thumbnail size-thumbnail\" alt=\"\" \/><\/a>\r\n\t\t\t<\/dt><\/dl><dl class='gallery-item'>\r\n\t\t\t<dt class='gallery-icon landscape'>\r\n\t\t\t\t<a title=\"1e1158cb-178b-4d00-903e-20838e45b10f\"  href='https:\/\/www.kloster-metten.com\/?attachment_id=49436'><img loading=\"lazy\" decoding=\"async\" width=\"170\" height=\"115\" src=\"https:\/\/www.kloster-metten.com\/wp-content\/uploads\/2025\/11\/1e1158cb-178b-4d00-903e-20838e45b10f-170x115.jpeg\" class=\"attachment-thumbnail size-thumbnail\" alt=\"\" \/><\/a>\r\n\t\t\t<\/dt><\/dl><br style=\"clear: both\" \/><dl class='gallery-item'>\r\n\t\t\t<dt class='gallery-icon portrait'>\r\n\t\t\t\t<a title=\"a590d352-f019-44fe-a8f0-27e11c3a6375\"  href='https:\/\/www.kloster-metten.com\/?attachment_id=49435'><img loading=\"lazy\" decoding=\"async\" width=\"170\" height=\"115\" src=\"https:\/\/www.kloster-metten.com\/wp-content\/uploads\/2025\/11\/a590d352-f019-44fe-a8f0-27e11c3a6375-170x115.jpeg\" class=\"attachment-thumbnail size-thumbnail\" alt=\"\" \/><\/a>\r\n\t\t\t<\/dt><\/dl><dl class='gallery-item'>\r\n\t\t\t<dt class='gallery-icon portrait'>\r\n\t\t\t\t<a title=\"IMG_1216_\"  href='https:\/\/www.kloster-metten.com\/?attachment_id=49433'><img loading=\"lazy\" decoding=\"async\" width=\"170\" height=\"115\" src=\"https:\/\/www.kloster-metten.com\/wp-content\/uploads\/2025\/11\/IMG_1216_-170x115.jpg\" class=\"attachment-thumbnail size-thumbnail\" alt=\"\" \/><\/a>\r\n\t\t\t<\/dt><\/dl>\r\n\t\t\t<br style='clear: both' \/>\r\n\t\t<\/div>\n\n","protected":false},"excerpt":{"rendered":"<p>Kennenlerntage der 5. Jahrgangsstufe \u2013 Gemeinsam starten, zusammen wachsen \u00a0Vom 27. bis 31. Oktober 2025 war es endlich so weit: Die 5. Jahrgangsstufe machte sich auf den Weg nach Lambach, um bei den traditionellen Kennenlerntagen den Grundstein f\u00fcr ein starkes Miteinander zu legen. Mit dabei waren 21 Buben, 25 M\u00e4dchen, f\u00fcnf engagierte Tutoren und f\u00fcnf [&hellip;]<\/p>\n","protected":false},"author":5,"featured_media":0,"parent":1137,"menu_order":-380,"comment_status":"closed","ping_status":"closed","template":"","meta":{"footnotes":""},"class_list":["post-49431","page","type-page","status-publish","hentry"],"_links":{"self":[{"href":"https:\/\/www.kloster-metten.com\/index.php?rest_route=\/wp\/v2\/pages\/49431","targetHints":{"allow":["GET"]}}],"collection":[{"href":"https:\/\/www.kloster-metten.com\/index.php?rest_route=\/wp\/v2\/pages"}],"about":[{"href":"https:\/\/www.kloster-metten.com\/index.php?rest_route=\/wp\/v2\/types\/page"}],"author":[{"embeddable":true,"href":"https:\/\/www.kloster-metten.com\/index.php?rest_route=\/wp\/v2\/users\/5"}],"replies":[{"embeddable":true,"href":"https:\/\/www.kloster-metten.com\/index.php?rest_route=%2Fwp%2Fv2%2Fcomments&post=49431"}],"version-history":[{"count":4,"href":"https:\/\/www.kloster-metten.com\/index.php?rest_route=\/wp\/v2\/pages\/49431\/revisions"}],"predecessor-version":[{"id":49447,"href":"https:\/\/www.kloster-metten.com\/index.php?rest_route=\/wp\/v2\/pages\/49431\/revisions\/49447"}],"up":[{"embeddable":true,"href":"https:\/\/www.kloster-metten.com\/index.php?rest_route=\/wp\/v2\/pages\/1137"}],"wp:attachment":[{"href":"https:\/\/www.kloster-metten.com\/index.php?rest_route=%2Fwp%2Fv2%2Fmedia&parent=49431"}],"curies":[{"name":"wp","href":"https:\/\/api.w.org\/{rel}","templated":true}]}}