{"id":49461,"date":"2025-11-24T20:37:53","date_gmt":"2025-11-24T19:37:53","guid":{"rendered":"https:\/\/www.kloster-metten.com\/?page_id=49461"},"modified":"2025-11-24T20:37:53","modified_gmt":"2025-11-24T19:37:53","slug":"rama-dama-3","status":"publish","type":"page","link":"https:\/\/www.kloster-metten.com\/?page_id=49461","title":{"rendered":"Rama dama"},"content":{"rendered":"<a href=\"https:\/\/www.kloster-metten.com\/wp-content\/uploads\/2025\/11\/Rama-dama-3-2.jpg\"><img loading=\"lazy\" decoding=\"async\" class=\"size-medium wp-image-49464 alignnone\" title=\"Rama dama 3 (2)\" src=\"https:\/\/www.kloster-metten.com\/wp-content\/uploads\/2025\/11\/Rama-dama-3-2-500x376.jpg\" alt=\"\" width=\"500\" height=\"376\" srcset=\"https:\/\/www.kloster-metten.com\/wp-content\/uploads\/2025\/11\/Rama-dama-3-2-500x376.jpg 500w, https:\/\/www.kloster-metten.com\/wp-content\/uploads\/2025\/11\/Rama-dama-3-2-768x578.jpg 768w, https:\/\/www.kloster-metten.com\/wp-content\/uploads\/2025\/11\/Rama-dama-3-2.jpg 1020w\" sizes=\"auto, (max-width: 500px) 100vw, 500px\" \/><\/a><h2>Rama dama<\/h2><p><\/p>\n<p>Wie schon in den vergangenen Jahren beteiligte sich das St.-Michaels-Gymnasium an der M\u00fcllsammelaktion der Gemeinde Metten. Mit Handschuhen, Zangen und blauen M\u00fclls\u00e4cken bewaffnet stapften die Sch\u00fclerinnen und Sch\u00fcler der Klasse 6a tapfer durch die Gegend und sammelten alles auf, was sich auf Wegen, Rasenst\u00fccken, dem Perlbachdamm etc. befand und leisteten so einen wichtigen Beitrag zur Sauberkeit Mettens.<\/p>\n<p><img loading=\"lazy\" decoding=\"async\" class=\"alignleft size-medium wp-image-49463\" title=\"Rama dama 2 (2)\" src=\"https:\/\/www.kloster-metten.com\/wp-content\/uploads\/2025\/11\/Rama-dama-2-2-500x376.jpg\" alt=\"\" width=\"500\" height=\"376\" srcset=\"https:\/\/www.kloster-metten.com\/wp-content\/uploads\/2025\/11\/Rama-dama-2-2-500x376.jpg 500w, https:\/\/www.kloster-metten.com\/wp-content\/uploads\/2025\/11\/Rama-dama-2-2-768x578.jpg 768w, https:\/\/www.kloster-metten.com\/wp-content\/uploads\/2025\/11\/Rama-dama-2-2.jpg 1020w\" sizes=\"auto, (max-width: 500px) 100vw, 500px\" \/> <a href=\"https:\/\/www.kloster-metten.com\/wp-content\/uploads\/2025\/11\/Rama-dama-1-2.jpg\"><img loading=\"lazy\" decoding=\"async\" class=\"alignleft size-medium wp-image-49462\" title=\"Rama dama 1 (2)\" src=\"https:\/\/www.kloster-metten.com\/wp-content\/uploads\/2025\/11\/Rama-dama-1-2-500x376.jpg\" alt=\"\" width=\"500\" height=\"376\" srcset=\"https:\/\/www.kloster-metten.com\/wp-content\/uploads\/2025\/11\/Rama-dama-1-2-500x376.jpg 500w, https:\/\/www.kloster-metten.com\/wp-content\/uploads\/2025\/11\/Rama-dama-1-2-768x578.jpg 768w, https:\/\/www.kloster-metten.com\/wp-content\/uploads\/2025\/11\/Rama-dama-1-2.jpg 1020w\" sizes=\"auto, (max-width: 500px) 100vw, 500px\" \/><\/a><\/p>\n","protected":false},"excerpt":{"rendered":"<p>Rama dama Wie schon in den vergangenen Jahren beteiligte sich das St.-Michaels-Gymnasium an der M\u00fcllsammelaktion der Gemeinde Metten. Mit Handschuhen, Zangen und blauen M\u00fclls\u00e4cken bewaffnet stapften die Sch\u00fclerinnen und Sch\u00fcler der Klasse 6a tapfer durch die Gegend und sammelten alles auf, was sich auf Wegen, Rasenst\u00fccken, dem Perlbachdamm etc. befand und leisteten so einen wichtigen [&hellip;]<\/p>\n","protected":false},"author":5,"featured_media":0,"parent":1137,"menu_order":-381,"comment_status":"closed","ping_status":"closed","template":"","meta":{"footnotes":""},"class_list":["post-49461","page","type-page","status-publish","hentry"],"_links":{"self":[{"href":"https:\/\/www.kloster-metten.com\/index.php?rest_route=\/wp\/v2\/pages\/49461","targetHints":{"allow":["GET"]}}],"collection":[{"href":"https:\/\/www.kloster-metten.com\/index.php?rest_route=\/wp\/v2\/pages"}],"about":[{"href":"https:\/\/www.kloster-metten.com\/index.php?rest_route=\/wp\/v2\/types\/page"}],"author":[{"embeddable":true,"href":"https:\/\/www.kloster-metten.com\/index.php?rest_route=\/wp\/v2\/users\/5"}],"replies":[{"embeddable":true,"href":"https:\/\/www.kloster-metten.com\/index.php?rest_route=%2Fwp%2Fv2%2Fcomments&post=49461"}],"version-history":[{"count":1,"href":"https:\/\/www.kloster-metten.com\/index.php?rest_route=\/wp\/v2\/pages\/49461\/revisions"}],"predecessor-version":[{"id":49465,"href":"https:\/\/www.kloster-metten.com\/index.php?rest_route=\/wp\/v2\/pages\/49461\/revisions\/49465"}],"up":[{"embeddable":true,"href":"https:\/\/www.kloster-metten.com\/index.php?rest_route=\/wp\/v2\/pages\/1137"}],"wp:attachment":[{"href":"https:\/\/www.kloster-metten.com\/index.php?rest_route=%2Fwp%2Fv2%2Fmedia&parent=49461"}],"curies":[{"name":"wp","href":"https:\/\/api.w.org\/{rel}","templated":true}]}}