{"id":49466,"date":"2025-11-24T20:44:15","date_gmt":"2025-11-24T19:44:15","guid":{"rendered":"https:\/\/www.kloster-metten.com\/?page_id=49466"},"modified":"2025-11-24T20:44:15","modified_gmt":"2025-11-24T19:44:15","slug":"helden-des-alltags-mettener-gymnasiasten-engagieren-sich-als-schuelerlotsen","status":"publish","type":"page","link":"https:\/\/www.kloster-metten.com\/?page_id=49466","title":{"rendered":"Helden des Alltags \u2013 Mettener Gymnasiasten engagieren sich als Sch\u00fclerlotsen"},"content":{"rendered":"<a href=\"https:\/\/www.kloster-metten.com\/wp-content\/uploads\/2025\/11\/Schuelerlotsen-1__.jpg\"><img loading=\"lazy\" decoding=\"async\" class=\"size-medium wp-image-49470 alignnone\" title=\"Sch\u00fclerlotsen 1__\" src=\"https:\/\/www.kloster-metten.com\/wp-content\/uploads\/2025\/11\/Schuelerlotsen-1__-500x375.jpg\" alt=\"\" width=\"500\" height=\"375\" srcset=\"https:\/\/www.kloster-metten.com\/wp-content\/uploads\/2025\/11\/Schuelerlotsen-1__-500x375.jpg 500w, https:\/\/www.kloster-metten.com\/wp-content\/uploads\/2025\/11\/Schuelerlotsen-1__-1024x768.jpg 1024w, https:\/\/www.kloster-metten.com\/wp-content\/uploads\/2025\/11\/Schuelerlotsen-1__-768x576.jpg 768w, https:\/\/www.kloster-metten.com\/wp-content\/uploads\/2025\/11\/Schuelerlotsen-1__-1536x1152.jpg 1536w, https:\/\/www.kloster-metten.com\/wp-content\/uploads\/2025\/11\/Schuelerlotsen-1__.jpg 1613w\" sizes=\"auto, (max-width: 500px) 100vw, 500px\" \/><\/a><h2>Helden des Alltags \u2013 Mettener Gymnasiasten engagieren sich als Sch\u00fclerlotsen<\/h2><p><\/p>\n<p><strong>\u00a0<\/strong>Engagement f\u00fcr andere \u2013 ja! Aber deshalb fr\u00fcher aufstehen? \u2013 auch ja! W\u00e4hrend so mancher andere\u00a0 sein Fr\u00fchst\u00fccksbrot genie\u00dft oder schnell noch den Unterrichtsstoff f\u00fcr die erste Schulstunde lernt, stehen sie am Stra\u00dfenrand und lotsen die Grundschulkinder sicher \u00fcber die Stra\u00dfe, und zwar bei jedem Wetter. Die Rede ist von den Sch\u00fclerlotsen unseres Gymnasiums, die t\u00e4glich am \u00dcbergang des Fu\u00dfg\u00e4ngerwegs \u00fcber die Karl-Kufner-Str. ihren Dienst tun. Und so ist es umso bemerkenswerter, dass sie heuer wieder Verst\u00e4rkung von 18 Sch\u00fclerinnen und Sch\u00fclern aus den 8. und 9. Klassen bekommen haben. Daf\u00fcr mussten diese zuerst eine Einf\u00fchrungsveranstaltung besuchen und auch eine Pr\u00fcfung ablegen, dann wurden sie von Herrn Pilsl und Frau Berger von der Polizeiinspektion Deggendorf noch in die Praxis eingewiesen, so dass sie ab Dezember f\u00fcr die Sicherheit der Kinder in Metten im Einsatz sein k\u00f6nnen.<\/p>\n\r\n\t\t<style type='text\/css'>\r\n\t\t\t#gallery-1 {\r\n\t\t\t\tmargin: auto;\r\n\t\t\t}\r\n\t\t\t#gallery-1 .gallery-item {\r\n\t\t\t\tfloat: left;\r\n\t\t\t\tmargin-top: 10px;\r\n\t\t\t\ttext-align: center;\r\n\t\t\t\twidth: 33%;\r\n\t\t\t}\r\n\t\t\t#gallery-1 hr {\r\n\t\t\t\theight: 1px;\r\n\t\t\t}\r\n\t\t\t#gallery-1 .gallery-caption {\r\n\t\t\t\tmargin-left: 0;\r\n\t\t\t}\r\n\t\t\t\/* see gallery_shortcode() in wp-includes\/media.php *\/\r\n\t\t<\/style>\n\t\t<div id='gallery-1' class='gallery galleryid-49466 gallery-columns-3 gallery-size-thumbnail'><hr class='null'><dl class='gallery-item'>\r\n\t\t\t<dt class='gallery-icon landscape'>\r\n\t\t\t\t<a title=\"Sch\u00fclerlotsen 2__\"  href='https:\/\/www.kloster-metten.com\/?attachment_id=49469'><img loading=\"lazy\" decoding=\"async\" width=\"170\" height=\"115\" src=\"https:\/\/www.kloster-metten.com\/wp-content\/uploads\/2025\/11\/Schuelerlotsen-2__-170x115.jpg\" class=\"attachment-thumbnail size-thumbnail\" alt=\"\" \/><\/a>\r\n\t\t\t<\/dt><\/dl><dl class='gallery-item'>\r\n\t\t\t<dt class='gallery-icon portrait'>\r\n\t\t\t\t<a title=\"Sch\u00fclerlotsen 3__\"  href='https:\/\/www.kloster-metten.com\/?attachment_id=49468'><img loading=\"lazy\" decoding=\"async\" width=\"170\" height=\"115\" src=\"https:\/\/www.kloster-metten.com\/wp-content\/uploads\/2025\/11\/Schuelerlotsen-3__-170x115.jpg\" class=\"attachment-thumbnail size-thumbnail\" alt=\"\" \/><\/a>\r\n\t\t\t<\/dt><\/dl><dl class='gallery-item'>\r\n\t\t\t<dt class='gallery-icon landscape'>\r\n\t\t\t\t<a title=\"Sch\u00fclerlotsen 4__\"  href='https:\/\/www.kloster-metten.com\/?attachment_id=49467'><img loading=\"lazy\" decoding=\"async\" width=\"170\" height=\"115\" src=\"https:\/\/www.kloster-metten.com\/wp-content\/uploads\/2025\/11\/Schuelerlotsen-4__-170x115.jpg\" class=\"attachment-thumbnail size-thumbnail\" alt=\"\" \/><\/a>\r\n\t\t\t<\/dt><\/dl><br style=\"clear: both\" \/>\r\n\t\t<\/div>\n\n","protected":false},"excerpt":{"rendered":"<p>Helden des Alltags \u2013 Mettener Gymnasiasten engagieren sich als Sch\u00fclerlotsen \u00a0Engagement f\u00fcr andere \u2013 ja! Aber deshalb fr\u00fcher aufstehen? \u2013 auch ja! W\u00e4hrend so mancher andere\u00a0 sein Fr\u00fchst\u00fccksbrot genie\u00dft oder schnell noch den Unterrichtsstoff f\u00fcr die erste Schulstunde lernt, stehen sie am Stra\u00dfenrand und lotsen die Grundschulkinder sicher \u00fcber die Stra\u00dfe, und zwar bei jedem [&hellip;]<\/p>\n","protected":false},"author":5,"featured_media":0,"parent":1137,"menu_order":-382,"comment_status":"closed","ping_status":"closed","template":"","meta":{"footnotes":""},"class_list":["post-49466","page","type-page","status-publish","hentry"],"_links":{"self":[{"href":"https:\/\/www.kloster-metten.com\/index.php?rest_route=\/wp\/v2\/pages\/49466","targetHints":{"allow":["GET"]}}],"collection":[{"href":"https:\/\/www.kloster-metten.com\/index.php?rest_route=\/wp\/v2\/pages"}],"about":[{"href":"https:\/\/www.kloster-metten.com\/index.php?rest_route=\/wp\/v2\/types\/page"}],"author":[{"embeddable":true,"href":"https:\/\/www.kloster-metten.com\/index.php?rest_route=\/wp\/v2\/users\/5"}],"replies":[{"embeddable":true,"href":"https:\/\/www.kloster-metten.com\/index.php?rest_route=%2Fwp%2Fv2%2Fcomments&post=49466"}],"version-history":[{"count":1,"href":"https:\/\/www.kloster-metten.com\/index.php?rest_route=\/wp\/v2\/pages\/49466\/revisions"}],"predecessor-version":[{"id":49471,"href":"https:\/\/www.kloster-metten.com\/index.php?rest_route=\/wp\/v2\/pages\/49466\/revisions\/49471"}],"up":[{"embeddable":true,"href":"https:\/\/www.kloster-metten.com\/index.php?rest_route=\/wp\/v2\/pages\/1137"}],"wp:attachment":[{"href":"https:\/\/www.kloster-metten.com\/index.php?rest_route=%2Fwp%2Fv2%2Fmedia&parent=49466"}],"curies":[{"name":"wp","href":"https:\/\/api.w.org\/{rel}","templated":true}]}}