{"id":49475,"date":"2025-12-01T20:15:36","date_gmt":"2025-12-01T19:15:36","guid":{"rendered":"https:\/\/www.kloster-metten.com\/?page_id=49475"},"modified":"2025-12-01T20:16:11","modified_gmt":"2025-12-01T19:16:11","slug":"indienaustausch-2025","status":"publish","type":"page","link":"https:\/\/www.kloster-metten.com\/?page_id=49475","title":{"rendered":"Indienaustausch 2025"},"content":{"rendered":"<a href=\"https:\/\/www.kloster-metten.com\/wp-content\/uploads\/2025\/12\/IMG-20251024-WA0017_.jpg\"><img loading=\"lazy\" decoding=\"async\" class=\"size-medium wp-image-49489 alignnone\" title=\"IMG-20251024-WA0017_\" src=\"https:\/\/www.kloster-metten.com\/wp-content\/uploads\/2025\/12\/IMG-20251024-WA0017_-500x375.jpg\" alt=\"\" width=\"500\" height=\"375\" srcset=\"https:\/\/www.kloster-metten.com\/wp-content\/uploads\/2025\/12\/IMG-20251024-WA0017_-500x375.jpg 500w, https:\/\/www.kloster-metten.com\/wp-content\/uploads\/2025\/12\/IMG-20251024-WA0017_-1024x768.jpg 1024w, https:\/\/www.kloster-metten.com\/wp-content\/uploads\/2025\/12\/IMG-20251024-WA0017_-768x576.jpg 768w, https:\/\/www.kloster-metten.com\/wp-content\/uploads\/2025\/12\/IMG-20251024-WA0017_-1536x1152.jpg 1536w, https:\/\/www.kloster-metten.com\/wp-content\/uploads\/2025\/12\/IMG-20251024-WA0017_.jpg 1613w\" sizes=\"auto, (max-width: 500px) 100vw, 500px\" \/><\/a><h2>Indienaustausch 2025<\/h2><p><\/p>\n<p>Im Oktober hatten wir das gro\u00dfe Gl\u00fcck, an einem zweiw\u00f6chigen Sch\u00fcleraustausch nach Bangalore in Indien teilzunehmen. Schon w\u00e4hrend des langen Fluges waren wir sehr aufgeregt und haben uns alle gefragt, wie es wohl in unseren Gastfamilien sein w\u00fcrde und was wir alles erleben werden. Die Anreise war von unerwarteten und lustigen Erlebnissen gepr\u00e4gt. Als wir\u00a0 schlie\u00dflich ankamen, wurden wir sehr freundlich begr\u00fc\u00dft und f\u00fchlten uns sofort willkommen. Am n\u00e4chsten Morgen besuchten wir zum ersten Mal die indische Partnerschule, das Christ Junior College. Der Unterricht ist bei uns allen sehr unterschiedlich verlaufen: In manchen Klassenzimmern war es sehr laut, in anderen wurde dem Unterrichtsgeschehen aufmerksam zugeh\u00f6rt. Au\u00dferdem war die Anzahl der Sch\u00fcler einer Klasse ungef\u00e4hr dreimal so gro\u00df wie in Deutschland. Ein H\u00f6hepunkt der Woche war das Diwali-Lichterfest mit allen Gastfamilien und unseren Lehrern. Wir probierten traditionelle Gerichte, lernten typisch indische T\u00e4nze, spielten lustige Spiele und lernten Br\u00e4uche des Festes kennen, wie beispielsweise Henna-Tattoos. Abends trafen wir uns oft zum Essen und Pickle-Ball spielen in den H\u00e4usern unserer Austauschpartner, wo wir immer sehr viel Spa\u00df zusammen hatten. Ein weiteres Erlebnis, das wir nie vergessen werden, war der gemeinsame Ausflug am letzten Wochenenden mit unseren Gastfamilien, der uns in ein wundersch\u00f6nes Resort am Meer an der indischen Ostk\u00fcste f\u00fchrte. Dort sahen wir zum ersten Mal den Indischen Ozean und genossen das warme Wetter.\u00a0 Als wir am Ende der 14- t\u00e4gigen Reise wieder in den Flieger stiegen, taten wir dies mit einem lachenden und einem weinenden Auge. Wir blicken gl\u00fccklich auf die vielen sch\u00f6nen und lehrreichen Erlebnisse zur\u00fcck und sind dankbar f\u00fcr diese Erfahrung.<\/p>\n\r\n\t\t<style type='text\/css'>\r\n\t\t\t#gallery-1 {\r\n\t\t\t\tmargin: auto;\r\n\t\t\t}\r\n\t\t\t#gallery-1 .gallery-item {\r\n\t\t\t\tfloat: left;\r\n\t\t\t\tmargin-top: 10px;\r\n\t\t\t\ttext-align: center;\r\n\t\t\t\twidth: 33%;\r\n\t\t\t}\r\n\t\t\t#gallery-1 hr {\r\n\t\t\t\theight: 1px;\r\n\t\t\t}\r\n\t\t\t#gallery-1 .gallery-caption {\r\n\t\t\t\tmargin-left: 0;\r\n\t\t\t}\r\n\t\t\t\/* see gallery_shortcode() in wp-includes\/media.php *\/\r\n\t\t<\/style>\n\t\t<div id='gallery-1' class='gallery galleryid-49475 gallery-columns-3 gallery-size-thumbnail'><hr class='null'><dl class='gallery-item'>\r\n\t\t\t<dt class='gallery-icon landscape'>\r\n\t\t\t\t<a title=\"IMG-20251028-WA0051\"  href='https:\/\/www.kloster-metten.com\/?attachment_id=49491'><img loading=\"lazy\" decoding=\"async\" width=\"170\" height=\"115\" src=\"https:\/\/www.kloster-metten.com\/wp-content\/uploads\/2025\/12\/IMG-20251028-WA0051-170x115.jpg\" class=\"attachment-thumbnail size-thumbnail\" alt=\"\" \/><\/a>\r\n\t\t\t<\/dt><\/dl><dl class='gallery-item'>\r\n\t\t\t<dt class='gallery-icon landscape'>\r\n\t\t\t\t<a title=\"IMG-20251028-WA0109\"  href='https:\/\/www.kloster-metten.com\/?attachment_id=49490'><img loading=\"lazy\" decoding=\"async\" width=\"170\" height=\"115\" src=\"https:\/\/www.kloster-metten.com\/wp-content\/uploads\/2025\/12\/IMG-20251028-WA0109-170x115.jpg\" class=\"attachment-thumbnail size-thumbnail\" alt=\"\" srcset=\"https:\/\/www.kloster-metten.com\/wp-content\/uploads\/2025\/12\/IMG-20251028-WA0109-170x115.jpg 170w, https:\/\/www.kloster-metten.com\/wp-content\/uploads\/2025\/12\/IMG-20251028-WA0109-500x335.jpg 500w, https:\/\/www.kloster-metten.com\/wp-content\/uploads\/2025\/12\/IMG-20251028-WA0109-1024x686.jpg 1024w, https:\/\/www.kloster-metten.com\/wp-content\/uploads\/2025\/12\/IMG-20251028-WA0109-768x514.jpg 768w, https:\/\/www.kloster-metten.com\/wp-content\/uploads\/2025\/12\/IMG-20251028-WA0109.jpg 1280w\" sizes=\"auto, (max-width: 170px) 100vw, 170px\" \/><\/a>\r\n\t\t\t<\/dt><\/dl><dl class='gallery-item'>\r\n\t\t\t<dt class='gallery-icon landscape'>\r\n\t\t\t\t<a title=\"IMG_20251103_113158_\"  href='https:\/\/www.kloster-metten.com\/?attachment_id=49478'><img loading=\"lazy\" decoding=\"async\" width=\"170\" height=\"115\" src=\"https:\/\/www.kloster-metten.com\/wp-content\/uploads\/2025\/12\/IMG_20251103_113158_-170x115.jpg\" class=\"attachment-thumbnail size-thumbnail\" alt=\"\" \/><\/a>\r\n\t\t\t<\/dt><\/dl><br style=\"clear: both\" \/><dl class='gallery-item'>\r\n\t\t\t<dt class='gallery-icon landscape'>\r\n\t\t\t\t<a title=\"IMG_20251023_125448_\"  href='https:\/\/www.kloster-metten.com\/?attachment_id=49476'><img loading=\"lazy\" decoding=\"async\" width=\"170\" height=\"115\" src=\"https:\/\/www.kloster-metten.com\/wp-content\/uploads\/2025\/12\/IMG_20251023_125448_-170x115.jpg\" class=\"attachment-thumbnail size-thumbnail\" alt=\"\" \/><\/a>\r\n\t\t\t<\/dt><\/dl><dl class='gallery-item'>\r\n\t\t\t<dt class='gallery-icon landscape'>\r\n\t\t\t\t<a title=\"IMG_20251027_090545_\"  href='https:\/\/www.kloster-metten.com\/?attachment_id=49477'><img loading=\"lazy\" decoding=\"async\" width=\"170\" height=\"115\" src=\"https:\/\/www.kloster-metten.com\/wp-content\/uploads\/2025\/12\/IMG_20251027_090545_-170x115.jpg\" class=\"attachment-thumbnail size-thumbnail\" alt=\"\" \/><\/a>\r\n\t\t\t<\/dt><\/dl>\r\n\t\t\t<br style='clear: both' \/>\r\n\t\t<\/div>\n\n","protected":false},"excerpt":{"rendered":"<p>Indienaustausch 2025 Im Oktober hatten wir das gro\u00dfe Gl\u00fcck, an einem zweiw\u00f6chigen Sch\u00fcleraustausch nach Bangalore in Indien teilzunehmen. Schon w\u00e4hrend des langen Fluges waren wir sehr aufgeregt und haben uns alle gefragt, wie es wohl in unseren Gastfamilien sein w\u00fcrde und was wir alles erleben werden. Die Anreise war von unerwarteten und lustigen Erlebnissen gepr\u00e4gt. [&hellip;]<\/p>\n","protected":false},"author":5,"featured_media":0,"parent":1137,"menu_order":-384,"comment_status":"closed","ping_status":"closed","template":"","meta":{"footnotes":""},"class_list":["post-49475","page","type-page","status-publish","hentry"],"_links":{"self":[{"href":"https:\/\/www.kloster-metten.com\/index.php?rest_route=\/wp\/v2\/pages\/49475","targetHints":{"allow":["GET"]}}],"collection":[{"href":"https:\/\/www.kloster-metten.com\/index.php?rest_route=\/wp\/v2\/pages"}],"about":[{"href":"https:\/\/www.kloster-metten.com\/index.php?rest_route=\/wp\/v2\/types\/page"}],"author":[{"embeddable":true,"href":"https:\/\/www.kloster-metten.com\/index.php?rest_route=\/wp\/v2\/users\/5"}],"replies":[{"embeddable":true,"href":"https:\/\/www.kloster-metten.com\/index.php?rest_route=%2Fwp%2Fv2%2Fcomments&post=49475"}],"version-history":[{"count":1,"href":"https:\/\/www.kloster-metten.com\/index.php?rest_route=\/wp\/v2\/pages\/49475\/revisions"}],"predecessor-version":[{"id":49492,"href":"https:\/\/www.kloster-metten.com\/index.php?rest_route=\/wp\/v2\/pages\/49475\/revisions\/49492"}],"up":[{"embeddable":true,"href":"https:\/\/www.kloster-metten.com\/index.php?rest_route=\/wp\/v2\/pages\/1137"}],"wp:attachment":[{"href":"https:\/\/www.kloster-metten.com\/index.php?rest_route=%2Fwp%2Fv2%2Fmedia&parent=49475"}],"curies":[{"name":"wp","href":"https:\/\/api.w.org\/{rel}","templated":true}]}}