{"id":49493,"date":"2025-12-01T20:18:09","date_gmt":"2025-12-01T19:18:09","guid":{"rendered":"https:\/\/www.kloster-metten.com\/?page_id=49493"},"modified":"2025-12-01T20:18:09","modified_gmt":"2025-12-01T19:18:09","slug":"erfolgreiche-teilnahme-des-leistungsfachs-geographie-an-der-geo-olympiade","status":"publish","type":"page","link":"https:\/\/www.kloster-metten.com\/?page_id=49493","title":{"rendered":"Erfolgreiche Teilnahme des Leistungsfachs Geographie an der Geo-Olympiade"},"content":{"rendered":"<a href=\"https:\/\/www.kloster-metten.com\/wp-content\/uploads\/2025\/12\/Geo-Olympiade_.jpg\"><img loading=\"lazy\" decoding=\"async\" class=\"size-medium wp-image-49488 alignnone\" title=\"Geo-Olympiade_\" src=\"https:\/\/www.kloster-metten.com\/wp-content\/uploads\/2025\/12\/Geo-Olympiade_-500x375.jpg\" alt=\"\" width=\"500\" height=\"375\" srcset=\"https:\/\/www.kloster-metten.com\/wp-content\/uploads\/2025\/12\/Geo-Olympiade_-500x375.jpg 500w, https:\/\/www.kloster-metten.com\/wp-content\/uploads\/2025\/12\/Geo-Olympiade_-1024x768.jpg 1024w, https:\/\/www.kloster-metten.com\/wp-content\/uploads\/2025\/12\/Geo-Olympiade_-768x576.jpg 768w, https:\/\/www.kloster-metten.com\/wp-content\/uploads\/2025\/12\/Geo-Olympiade_.jpg 1224w\" sizes=\"auto, (max-width: 500px) 100vw, 500px\" \/><\/a><h2>Erfolgreiche Teilnahme des Leistungsfachs Geographie an der Geo-Olympiade<\/h2><p><\/p>\n<p>Unsere Sch\u00fclerinnen und Sch\u00fcler des Leistungsfachs Geographie haben in diesem Jahr traditionell an der Geo-Olympiade teilgenommen und dabei beeindruckende Ergebnisse erzielt. Die Olympiade beinhaltete anspruchsvolle Aufgaben aus den Bereichen Geologie-System Erde, Pal\u00e4ontologie, Geophysik und Mineralogie. Diese vielf\u00e4ltigen Themen wurden von den Teilnehmern mit gro\u00dfem Engagement und Fachwissen gemeistert.<\/p>\n<p>Die Geo-Olympiade wird vom Dachverband der Geowissenschaften veranstaltet und wissenschaftlich begleitet. Sie bietet den Jugendlichen eine einzigartige Gelegenheit, ihr Wissen auf nationaler Ebene zu testen.<\/p>\n<p>Besonders hervorzuheben ist die starke Leistung von Nina Ehrl, Raphael Falter, Noah Schmuck und Hannes Schrattenberger, die deutschlandweit einen Top-Platz belegten.<\/p>\n<p>Wir sind stolz auf die Teilnahme unserer Sch\u00fclerinnen und Sch\u00fcler und blicken voller Vorfreude auf die n\u00e4chste Herausforderung bei der Geo-Olympiade.<\/p>\n","protected":false},"excerpt":{"rendered":"<p>Erfolgreiche Teilnahme des Leistungsfachs Geographie an der Geo-Olympiade Unsere Sch\u00fclerinnen und Sch\u00fcler des Leistungsfachs Geographie haben in diesem Jahr traditionell an der Geo-Olympiade teilgenommen und dabei beeindruckende Ergebnisse erzielt. Die Olympiade beinhaltete anspruchsvolle Aufgaben aus den Bereichen Geologie-System Erde, Pal\u00e4ontologie, Geophysik und Mineralogie. Diese vielf\u00e4ltigen Themen wurden von den Teilnehmern mit gro\u00dfem Engagement und Fachwissen [&hellip;]<\/p>\n","protected":false},"author":5,"featured_media":0,"parent":1137,"menu_order":-385,"comment_status":"closed","ping_status":"closed","template":"","meta":{"footnotes":""},"class_list":["post-49493","page","type-page","status-publish","hentry"],"_links":{"self":[{"href":"https:\/\/www.kloster-metten.com\/index.php?rest_route=\/wp\/v2\/pages\/49493","targetHints":{"allow":["GET"]}}],"collection":[{"href":"https:\/\/www.kloster-metten.com\/index.php?rest_route=\/wp\/v2\/pages"}],"about":[{"href":"https:\/\/www.kloster-metten.com\/index.php?rest_route=\/wp\/v2\/types\/page"}],"author":[{"embeddable":true,"href":"https:\/\/www.kloster-metten.com\/index.php?rest_route=\/wp\/v2\/users\/5"}],"replies":[{"embeddable":true,"href":"https:\/\/www.kloster-metten.com\/index.php?rest_route=%2Fwp%2Fv2%2Fcomments&post=49493"}],"version-history":[{"count":1,"href":"https:\/\/www.kloster-metten.com\/index.php?rest_route=\/wp\/v2\/pages\/49493\/revisions"}],"predecessor-version":[{"id":49494,"href":"https:\/\/www.kloster-metten.com\/index.php?rest_route=\/wp\/v2\/pages\/49493\/revisions\/49494"}],"up":[{"embeddable":true,"href":"https:\/\/www.kloster-metten.com\/index.php?rest_route=\/wp\/v2\/pages\/1137"}],"wp:attachment":[{"href":"https:\/\/www.kloster-metten.com\/index.php?rest_route=%2Fwp%2Fv2%2Fmedia&parent=49493"}],"curies":[{"name":"wp","href":"https:\/\/api.w.org\/{rel}","templated":true}]}}