{"id":49495,"date":"2025-12-01T20:20:34","date_gmt":"2025-12-01T19:20:34","guid":{"rendered":"https:\/\/www.kloster-metten.com\/?page_id=49495"},"modified":"2025-12-01T20:25:49","modified_gmt":"2025-12-01T19:25:49","slug":"neues-leben-in-alten-mauern-einweihung-neuer-raeumlichkeiten-am-st-michaels-gymnasium","status":"publish","type":"page","link":"https:\/\/www.kloster-metten.com\/?page_id=49495","title":{"rendered":"Neues Leben in alten Mauern \u2013 Einweihung neuer R\u00e4umlichkeiten am St.-Michaels-Gymnasium"},"content":{"rendered":"<a href=\"https:\/\/www.kloster-metten.com\/wp-content\/uploads\/2025\/12\/Einweihung-1_.jpg\"><img loading=\"lazy\" decoding=\"async\" class=\"size-medium wp-image-49479 alignnone\" title=\"Einweihung 1_\" src=\"https:\/\/www.kloster-metten.com\/wp-content\/uploads\/2025\/12\/Einweihung-1_-500x375.jpg\" alt=\"\" width=\"500\" height=\"375\" srcset=\"https:\/\/www.kloster-metten.com\/wp-content\/uploads\/2025\/12\/Einweihung-1_-500x375.jpg 500w, https:\/\/www.kloster-metten.com\/wp-content\/uploads\/2025\/12\/Einweihung-1_-1024x768.jpg 1024w, https:\/\/www.kloster-metten.com\/wp-content\/uploads\/2025\/12\/Einweihung-1_-768x576.jpg 768w, https:\/\/www.kloster-metten.com\/wp-content\/uploads\/2025\/12\/Einweihung-1_-1536x1152.jpg 1536w, https:\/\/www.kloster-metten.com\/wp-content\/uploads\/2025\/12\/Einweihung-1_.jpg 1613w\" sizes=\"auto, (max-width: 500px) 100vw, 500px\" \/><\/a><h2>Neues Leben in alten Mauern \u2013 Einweihung neuer R\u00e4umlichkeiten am St.-Michaels-Gymnasium<\/h2><p><\/p>\n<p>Das St.-Michaels-Gymnasium kann sich \u00fcber neue R\u00e4umlichkeiten freuen, die im Bereich des ehemaligen Internats entstanden sind. Schon w\u00e4hrend der Corona-Zeit hatten diese R\u00e4ume der Schule als Klassenzimmer gedient, in denen aufgrund ihrer Gr\u00f6\u00dfe die Abstandsregelungen problemlos eingehalten werden konnten. Um den gesteigerten Raumbedarf im neuen neunj\u00e4hrigen Gymnasium zu decken, wurde dieser Bereich des Geb\u00e4udes nun so umgebaut, dass neben vier neuen Klassenzimmern auch eine kleine K\u00fcche und eine \u201eLernlandschaft\u201c entstand, ein gro\u00dfer Mehrzweckraum, der \u00fcber diverse Pr\u00e4sentationsm\u00f6glichkeiten, flexible Tische und Sitzgruppen verf\u00fcgt.<\/p>\n<p><a href=\"https:\/\/www.kloster-metten.com\/wp-content\/uploads\/2025\/12\/Lernlandschaft-beim-Kreativ-Workshop_.jpg\"><img loading=\"lazy\" decoding=\"async\" class=\"size-medium wp-image-49482 alignnone\" title=\"Lernlandschaft beim Kreativ-Workshop_\" src=\"https:\/\/www.kloster-metten.com\/wp-content\/uploads\/2025\/12\/Lernlandschaft-beim-Kreativ-Workshop_-500x281.jpg\" alt=\"\" width=\"500\" height=\"281\" srcset=\"https:\/\/www.kloster-metten.com\/wp-content\/uploads\/2025\/12\/Lernlandschaft-beim-Kreativ-Workshop_-500x281.jpg 500w, https:\/\/www.kloster-metten.com\/wp-content\/uploads\/2025\/12\/Lernlandschaft-beim-Kreativ-Workshop_-1024x576.jpg 1024w, https:\/\/www.kloster-metten.com\/wp-content\/uploads\/2025\/12\/Lernlandschaft-beim-Kreativ-Workshop_-768x432.jpg 768w, https:\/\/www.kloster-metten.com\/wp-content\/uploads\/2025\/12\/Lernlandschaft-beim-Kreativ-Workshop_.jpg 1319w\" sizes=\"auto, (max-width: 500px) 100vw, 500px\" \/><\/a><\/p>\n<p>Diese neuen R\u00e4ume, die schon seit Beginn des laufenden Schuljahres benutzt werden, wurden nun im Rahmen der P\u00e4dagogischen Konferenz des Lehrerkollegiums und im Beisein des Elternbeirats feierlich eingeweiht. In seiner Ansprache bedankte sich Schulleiter Sebastian Liebl bei den verantwortlichen Firmen, besonders aber bei den Handwerkern des Mettener Klosters und betonte, dass der Zeitplan der Bauarbeiten dank der guten Zusammenarbeit aller Beteiligten wie gew\u00fcnscht eingehalten werden konnte. Auch Abt Athanasius zeigte sich erfreut, dass die R\u00e4ume, die in Internatszeiten \u201eDas Reich der Kleinen\u201c darstellten, nun wieder mit Leben erf\u00fcllt werden, und rief dem Kollegium in Erinnerung, dass es das menschliche Miteinander ist, das den Sch\u00fclerinnen und Sch\u00fclern im Ged\u00e4chtnis bleibe \u2013 mehr als so mancher Unterrichtsstoff. Im Anschluss daran erteilten Schulseelsorger P. Erhard und Cellerar P. Markus den neuen R\u00e4umen den Segen. Die Feierstunde klang danach bei einem gem\u00fctlichen Beisammensein mit einem kleinen Imbiss aus.<\/p>\n<p><a href=\"https:\/\/www.kloster-metten.com\/wp-content\/uploads\/2025\/12\/Einweihung-3_.jpg\"><img loading=\"lazy\" decoding=\"async\" class=\"alignleft size-medium wp-image-49481\" title=\"Einweihung 3_\" src=\"https:\/\/www.kloster-metten.com\/wp-content\/uploads\/2025\/12\/Einweihung-3_-500x375.jpg\" alt=\"\" width=\"500\" height=\"375\" srcset=\"https:\/\/www.kloster-metten.com\/wp-content\/uploads\/2025\/12\/Einweihung-3_-500x375.jpg 500w, https:\/\/www.kloster-metten.com\/wp-content\/uploads\/2025\/12\/Einweihung-3_-1024x768.jpg 1024w, https:\/\/www.kloster-metten.com\/wp-content\/uploads\/2025\/12\/Einweihung-3_-768x576.jpg 768w, https:\/\/www.kloster-metten.com\/wp-content\/uploads\/2025\/12\/Einweihung-3_.jpg 1198w\" sizes=\"auto, (max-width: 500px) 100vw, 500px\" \/><\/a><\/p>\n<p><a href=\"https:\/\/www.kloster-metten.com\/wp-content\/uploads\/2025\/12\/Einweihung-2_.jpg\"><img loading=\"lazy\" decoding=\"async\" class=\"alignleft size-medium wp-image-49480\" title=\"Einweihung 2_\" src=\"https:\/\/www.kloster-metten.com\/wp-content\/uploads\/2025\/12\/Einweihung-2_-375x500.jpg\" alt=\"\" width=\"375\" height=\"500\" srcset=\"https:\/\/www.kloster-metten.com\/wp-content\/uploads\/2025\/12\/Einweihung-2_-375x500.jpg 375w, https:\/\/www.kloster-metten.com\/wp-content\/uploads\/2025\/12\/Einweihung-2_-768x1024.jpg 768w, https:\/\/www.kloster-metten.com\/wp-content\/uploads\/2025\/12\/Einweihung-2_-1152x1536.jpg 1152w, https:\/\/www.kloster-metten.com\/wp-content\/uploads\/2025\/12\/Einweihung-2_.jpg 1210w\" sizes=\"auto, (max-width: 375px) 100vw, 375px\" \/><\/a><\/p>\n","protected":false},"excerpt":{"rendered":"<p>Neues Leben in alten Mauern \u2013 Einweihung neuer R\u00e4umlichkeiten am St.-Michaels-Gymnasium Das St.-Michaels-Gymnasium kann sich \u00fcber neue R\u00e4umlichkeiten freuen, die im Bereich des ehemaligen Internats entstanden sind. Schon w\u00e4hrend der Corona-Zeit hatten diese R\u00e4ume der Schule als Klassenzimmer gedient, in denen aufgrund ihrer Gr\u00f6\u00dfe die Abstandsregelungen problemlos eingehalten werden konnten. Um den gesteigerten Raumbedarf im [&hellip;]<\/p>\n","protected":false},"author":5,"featured_media":0,"parent":1137,"menu_order":-386,"comment_status":"closed","ping_status":"closed","template":"","meta":{"footnotes":""},"class_list":["post-49495","page","type-page","status-publish","hentry"],"_links":{"self":[{"href":"https:\/\/www.kloster-metten.com\/index.php?rest_route=\/wp\/v2\/pages\/49495","targetHints":{"allow":["GET"]}}],"collection":[{"href":"https:\/\/www.kloster-metten.com\/index.php?rest_route=\/wp\/v2\/pages"}],"about":[{"href":"https:\/\/www.kloster-metten.com\/index.php?rest_route=\/wp\/v2\/types\/page"}],"author":[{"embeddable":true,"href":"https:\/\/www.kloster-metten.com\/index.php?rest_route=\/wp\/v2\/users\/5"}],"replies":[{"embeddable":true,"href":"https:\/\/www.kloster-metten.com\/index.php?rest_route=%2Fwp%2Fv2%2Fcomments&post=49495"}],"version-history":[{"count":2,"href":"https:\/\/www.kloster-metten.com\/index.php?rest_route=\/wp\/v2\/pages\/49495\/revisions"}],"predecessor-version":[{"id":49501,"href":"https:\/\/www.kloster-metten.com\/index.php?rest_route=\/wp\/v2\/pages\/49495\/revisions\/49501"}],"up":[{"embeddable":true,"href":"https:\/\/www.kloster-metten.com\/index.php?rest_route=\/wp\/v2\/pages\/1137"}],"wp:attachment":[{"href":"https:\/\/www.kloster-metten.com\/index.php?rest_route=%2Fwp%2Fv2%2Fmedia&parent=49495"}],"curies":[{"name":"wp","href":"https:\/\/api.w.org\/{rel}","templated":true}]}}