{"id":49499,"date":"2025-12-01T20:24:45","date_gmt":"2025-12-01T19:24:45","guid":{"rendered":"https:\/\/www.kloster-metten.com\/?page_id=49499"},"modified":"2025-12-01T20:24:45","modified_gmt":"2025-12-01T19:24:45","slug":"festlich-geschmueckte-tuer-im-ersten-stock-nord","status":"publish","type":"page","link":"https:\/\/www.kloster-metten.com\/?page_id=49499","title":{"rendered":"Festlich geschm\u00fcckte T\u00fcr im ersten Stock Nord"},"content":{"rendered":"<a href=\"https:\/\/www.kloster-metten.com\/wp-content\/uploads\/2025\/12\/Adventstuer-1_.jpg\"><img loading=\"lazy\" decoding=\"async\" class=\"size-medium wp-image-49486 alignnone\" title=\"Adventst\u00fcr 1_\" src=\"https:\/\/www.kloster-metten.com\/wp-content\/uploads\/2025\/12\/Adventstuer-1_-375x500.jpg\" alt=\"\" width=\"375\" height=\"500\" srcset=\"https:\/\/www.kloster-metten.com\/wp-content\/uploads\/2025\/12\/Adventstuer-1_-375x500.jpg 375w, https:\/\/www.kloster-metten.com\/wp-content\/uploads\/2025\/12\/Adventstuer-1_-768x1025.jpg 768w, https:\/\/www.kloster-metten.com\/wp-content\/uploads\/2025\/12\/Adventstuer-1_.jpg 907w\" sizes=\"auto, (max-width: 375px) 100vw, 375px\" \/><\/a><h2>Festlich geschm\u00fcckte T\u00fcr im ersten Stock Nord<\/h2><p><\/p>\n<p>Auch in diesem Jahr wird die T\u00fcr im ersten Stock Nord wieder von verschiedenen Klassen unseres Gymnasiums passend zu den christlichen Feiertagen gestaltet. Den Anfang machte die Klasse <strong>5b<\/strong>, die die T\u00fcr f\u00fcr die Adventszeit besonders kreativ schm\u00fcckte.<\/p>\n<p>Mit viel Freude und Engagement gestalteten die Sch\u00fclerinnen und Sch\u00fcler kleine, selbst gemalte \u201eT\u00fcrchen\u201c, die gemeinsam einen gro\u00dfen Adventskalender ergeben. Jeden Tag kann nun ein neues Kunstwerk entdeckt werden \u2013 eine stimmungsvolle Einstimmung auf die Vorweihnachtszeit und ein sch\u00f6ner Beitrag zur adventlichen Atmosph\u00e4re im Schulhaus.<\/p>\n<p><a href=\"https:\/\/www.kloster-metten.com\/wp-content\/uploads\/2025\/12\/Adventstuer-2_.jpg\"><img loading=\"lazy\" decoding=\"async\" class=\"alignleft size-medium wp-image-49487\" title=\"Adventst\u00fcr 2_\" src=\"https:\/\/www.kloster-metten.com\/wp-content\/uploads\/2025\/12\/Adventstuer-2_-375x500.jpg\" alt=\"\" width=\"375\" height=\"500\" srcset=\"https:\/\/www.kloster-metten.com\/wp-content\/uploads\/2025\/12\/Adventstuer-2_-375x500.jpg 375w, https:\/\/www.kloster-metten.com\/wp-content\/uploads\/2025\/12\/Adventstuer-2_-768x1025.jpg 768w, https:\/\/www.kloster-metten.com\/wp-content\/uploads\/2025\/12\/Adventstuer-2_.jpg 907w\" sizes=\"auto, (max-width: 375px) 100vw, 375px\" \/><\/a><\/p>\n","protected":false},"excerpt":{"rendered":"<p>Festlich geschm\u00fcckte T\u00fcr im ersten Stock Nord Auch in diesem Jahr wird die T\u00fcr im ersten Stock Nord wieder von verschiedenen Klassen unseres Gymnasiums passend zu den christlichen Feiertagen gestaltet. Den Anfang machte die Klasse 5b, die die T\u00fcr f\u00fcr die Adventszeit besonders kreativ schm\u00fcckte. Mit viel Freude und Engagement gestalteten die Sch\u00fclerinnen und Sch\u00fcler [&hellip;]<\/p>\n","protected":false},"author":5,"featured_media":0,"parent":1137,"menu_order":-388,"comment_status":"closed","ping_status":"closed","template":"","meta":{"footnotes":""},"class_list":["post-49499","page","type-page","status-publish","hentry"],"_links":{"self":[{"href":"https:\/\/www.kloster-metten.com\/index.php?rest_route=\/wp\/v2\/pages\/49499","targetHints":{"allow":["GET"]}}],"collection":[{"href":"https:\/\/www.kloster-metten.com\/index.php?rest_route=\/wp\/v2\/pages"}],"about":[{"href":"https:\/\/www.kloster-metten.com\/index.php?rest_route=\/wp\/v2\/types\/page"}],"author":[{"embeddable":true,"href":"https:\/\/www.kloster-metten.com\/index.php?rest_route=\/wp\/v2\/users\/5"}],"replies":[{"embeddable":true,"href":"https:\/\/www.kloster-metten.com\/index.php?rest_route=%2Fwp%2Fv2%2Fcomments&post=49499"}],"version-history":[{"count":1,"href":"https:\/\/www.kloster-metten.com\/index.php?rest_route=\/wp\/v2\/pages\/49499\/revisions"}],"predecessor-version":[{"id":49500,"href":"https:\/\/www.kloster-metten.com\/index.php?rest_route=\/wp\/v2\/pages\/49499\/revisions\/49500"}],"up":[{"embeddable":true,"href":"https:\/\/www.kloster-metten.com\/index.php?rest_route=\/wp\/v2\/pages\/1137"}],"wp:attachment":[{"href":"https:\/\/www.kloster-metten.com\/index.php?rest_route=%2Fwp%2Fv2%2Fmedia&parent=49499"}],"curies":[{"name":"wp","href":"https:\/\/api.w.org\/{rel}","templated":true}]}}