{"id":49508,"date":"2025-12-12T16:45:24","date_gmt":"2025-12-12T15:45:24","guid":{"rendered":"https:\/\/www.kloster-metten.com\/?page_id=49508"},"modified":"2025-12-12T17:07:45","modified_gmt":"2025-12-12T16:07:45","slug":"urauffuehrung-des-bayerischen-weihnachtsoratoriums-in-der-stiftskirche","status":"publish","type":"page","link":"https:\/\/www.kloster-metten.com\/?page_id=49508","title":{"rendered":"Urauff\u00fchrung des \u201eBayerischen Weihnachtsoratoriums\u201c in der Stiftskirche"},"content":{"rendered":"<a href=\"https:\/\/www.kloster-metten.com\/wp-content\/uploads\/2025\/12\/20251207_160255_.jpg\"><img loading=\"lazy\" decoding=\"async\" class=\"size-medium wp-image-49510 alignnone\" title=\"20251207_160255_\" src=\"https:\/\/www.kloster-metten.com\/wp-content\/uploads\/2025\/12\/20251207_160255_-500x375.jpg\" alt=\"\" width=\"500\" height=\"375\" srcset=\"https:\/\/www.kloster-metten.com\/wp-content\/uploads\/2025\/12\/20251207_160255_-500x375.jpg 500w, https:\/\/www.kloster-metten.com\/wp-content\/uploads\/2025\/12\/20251207_160255_-1024x768.jpg 1024w, https:\/\/www.kloster-metten.com\/wp-content\/uploads\/2025\/12\/20251207_160255_-768x576.jpg 768w, https:\/\/www.kloster-metten.com\/wp-content\/uploads\/2025\/12\/20251207_160255_-1536x1152.jpg 1536w, https:\/\/www.kloster-metten.com\/wp-content\/uploads\/2025\/12\/20251207_160255_.jpg 1600w\" sizes=\"auto, (max-width: 500px) 100vw, 500px\" \/><\/a><h2>Urauff\u00fchrung des \u201eBayerischen Weihnachtsoratoriums\u201c in der Stiftskirche<\/h2><p><\/p>\n<p>Viele Besucherinnen und Besucher aus Nah und Fern f\u00fcllten unsere Stiftskirche, um die Urauff\u00fchrung des \u201eBayerischen Weihnachtsoratoriums\u201c aus der Feder des jungen oberbayerischen Komponisten Andreas Begert aus Dorfen bei Erding im diesj\u00e4hrigen Mettener Weihnachtssingen am 2. Adventssonntag zu erleben. Er hat das Werk f\u00fcr die Sch\u00fclerinnen und Sch\u00fcler des St.-Michaels-Gymnasiums geschrieben und wirkte selbst als Sprecher auf der Kanzel mit. In bayerischer Mundart verfasst, spannt es in 14 Teilen (\u201eDa Kini im Himme\u201c \u2013 \u201eA Engal und d\u2019Maria\u201c \u2013 \u201eDa Josef alloa\u201c \u2013 \u201eJosef und Maria auf\u2019m Weg noch Bethlehem\u201c \u2013 \u201eVerschlossene T\u00fcrn\u201c \u2013 \u201eI bin a Engal\u201c \u2013 \u201eIm Stoi, Ochs und Esel\u201c \u2013 Da Hirt\u201c \u2013 \u201eDe Geburt Jesu in da Kripp\u2019n\u201c \u2013 \u201eStaad is worn\u201c \u2013 \u201eA Liacht \u00fcber Bethlehem\u201c \u2013 \u201eDe heilig drei Kini\u201c \u2013 \u201eEngal-G\u2019sangal\u201c \u2013 \u201eTanz\u2019n und Jauchz\u2019n\u201c) inhaltlich einen gro\u00dfen Bogen \u00fcber den Weihnachtsfestkreis. Prachtvolle Ch\u00f6re, meditative Soloteile und mitrei\u00dfende Tanzmusik des knapp 90-min\u00fctigen Werkes begeisterten die Zuh\u00f6rerinnen und Zuh\u00f6rer. Gudrun Rauch dirigierte auf der Empore die Chorklassen der 6. und 7. Jahrgangsstufe und das Blechbl\u00e4serensemble mit Regionalkantor Pius Schuhbaum an der Orgel. Die Bl\u00e4ser und Streicher des Orchesters, die Chorklasse der 5. Jahrgangsstufe und der Gro\u00dfe Schulchor im Altarraum standen unter der Leitung von Christoph Liebl. Mit ihrem bezaubernden Sopran faszinierte Anna Biller (11b) als Maria und Engel das Publikum, Bastian Wagner (Tenor) \u00fcberzeugte als Josef und Hirte. Lang anhaltender Applaus belohnte die \u00fcber 200 Mitwirkenden f\u00fcr ihre au\u00dferordentliche musikalische Leistung. <a href=\"https:\/\/www.kloster-metten.com\/wp-content\/uploads\/2025\/12\/20251207_160243_.jpg\"><img loading=\"lazy\" decoding=\"async\" class=\"alignleft size-medium wp-image-49509\" title=\"20251207_160243_\" src=\"https:\/\/www.kloster-metten.com\/wp-content\/uploads\/2025\/12\/20251207_160243_-375x500.jpg\" alt=\"\" width=\"375\" height=\"500\" srcset=\"https:\/\/www.kloster-metten.com\/wp-content\/uploads\/2025\/12\/20251207_160243_-375x500.jpg 375w, https:\/\/www.kloster-metten.com\/wp-content\/uploads\/2025\/12\/20251207_160243_-768x1024.jpg 768w, https:\/\/www.kloster-metten.com\/wp-content\/uploads\/2025\/12\/20251207_160243_.jpg 1032w\" sizes=\"auto, (max-width: 375px) 100vw, 375px\" \/><\/a><\/p>\n<p><a href=\"https:\/\/www.kloster-metten.com\/wp-content\/uploads\/2025\/12\/20251207_163111_.jpg\"><img loading=\"lazy\" decoding=\"async\" class=\"alignleft size-medium wp-image-49511\" title=\"20251207_163111_\" src=\"https:\/\/www.kloster-metten.com\/wp-content\/uploads\/2025\/12\/20251207_163111_-500x375.jpg\" alt=\"\" width=\"500\" height=\"375\" srcset=\"https:\/\/www.kloster-metten.com\/wp-content\/uploads\/2025\/12\/20251207_163111_-500x375.jpg 500w, https:\/\/www.kloster-metten.com\/wp-content\/uploads\/2025\/12\/20251207_163111_-1024x768.jpg 1024w, https:\/\/www.kloster-metten.com\/wp-content\/uploads\/2025\/12\/20251207_163111_-768x576.jpg 768w, https:\/\/www.kloster-metten.com\/wp-content\/uploads\/2025\/12\/20251207_163111_.jpg 1400w\" sizes=\"auto, (max-width: 500px) 100vw, 500px\" \/><\/a><a href=\"https:\/\/www.kloster-metten.com\/wp-content\/uploads\/2025\/12\/20251207_171514_.jpg\"><img loading=\"lazy\" decoding=\"async\" class=\"alignleft size-medium wp-image-49512\" title=\"20251207_171514_\" src=\"https:\/\/www.kloster-metten.com\/wp-content\/uploads\/2025\/12\/20251207_171514_-500x375.jpg\" alt=\"\" width=\"500\" height=\"375\" srcset=\"https:\/\/www.kloster-metten.com\/wp-content\/uploads\/2025\/12\/20251207_171514_-500x375.jpg 500w, https:\/\/www.kloster-metten.com\/wp-content\/uploads\/2025\/12\/20251207_171514_-1024x768.jpg 1024w, https:\/\/www.kloster-metten.com\/wp-content\/uploads\/2025\/12\/20251207_171514_-768x576.jpg 768w, https:\/\/www.kloster-metten.com\/wp-content\/uploads\/2025\/12\/20251207_171514_.jpg 1200w\" sizes=\"auto, (max-width: 500px) 100vw, 500px\" \/><\/a><\/p>\n","protected":false},"excerpt":{"rendered":"<p>Urauff\u00fchrung des \u201eBayerischen Weihnachtsoratoriums\u201c in der Stiftskirche Viele Besucherinnen und Besucher aus Nah und Fern f\u00fcllten unsere Stiftskirche, um die Urauff\u00fchrung des \u201eBayerischen Weihnachtsoratoriums\u201c aus der Feder des jungen oberbayerischen Komponisten Andreas Begert aus Dorfen bei Erding im diesj\u00e4hrigen Mettener Weihnachtssingen am 2. Adventssonntag zu erleben. Er hat das Werk f\u00fcr die Sch\u00fclerinnen und Sch\u00fcler [&hellip;]<\/p>\n","protected":false},"author":5,"featured_media":0,"parent":1120,"menu_order":-179,"comment_status":"closed","ping_status":"closed","template":"","meta":{"footnotes":""},"class_list":["post-49508","page","type-page","status-publish","hentry"],"_links":{"self":[{"href":"https:\/\/www.kloster-metten.com\/index.php?rest_route=\/wp\/v2\/pages\/49508","targetHints":{"allow":["GET"]}}],"collection":[{"href":"https:\/\/www.kloster-metten.com\/index.php?rest_route=\/wp\/v2\/pages"}],"about":[{"href":"https:\/\/www.kloster-metten.com\/index.php?rest_route=\/wp\/v2\/types\/page"}],"author":[{"embeddable":true,"href":"https:\/\/www.kloster-metten.com\/index.php?rest_route=\/wp\/v2\/users\/5"}],"replies":[{"embeddable":true,"href":"https:\/\/www.kloster-metten.com\/index.php?rest_route=%2Fwp%2Fv2%2Fcomments&post=49508"}],"version-history":[{"count":6,"href":"https:\/\/www.kloster-metten.com\/index.php?rest_route=\/wp\/v2\/pages\/49508\/revisions"}],"predecessor-version":[{"id":49534,"href":"https:\/\/www.kloster-metten.com\/index.php?rest_route=\/wp\/v2\/pages\/49508\/revisions\/49534"}],"up":[{"embeddable":true,"href":"https:\/\/www.kloster-metten.com\/index.php?rest_route=\/wp\/v2\/pages\/1120"}],"wp:attachment":[{"href":"https:\/\/www.kloster-metten.com\/index.php?rest_route=%2Fwp%2Fv2%2Fmedia&parent=49508"}],"curies":[{"name":"wp","href":"https:\/\/api.w.org\/{rel}","templated":true}]}}