{"id":49549,"date":"2025-12-15T17:36:00","date_gmt":"2025-12-15T16:36:00","guid":{"rendered":"https:\/\/www.kloster-metten.com\/?page_id=49549"},"modified":"2025-12-15T17:36:44","modified_gmt":"2025-12-15T16:36:44","slug":"baeume-fuer-die-zukunft-pflanzaktion-der-5-klassen","status":"publish","type":"page","link":"https:\/\/www.kloster-metten.com\/?page_id=49549","title":{"rendered":"B\u00e4ume f\u00fcr die Zukunft \u2013 Pflanzaktion der 5. Klassen"},"content":{"rendered":"<a href=\"https:\/\/www.kloster-metten.com\/wp-content\/uploads\/2025\/12\/Baeume-1_.jpg\"><img loading=\"lazy\" decoding=\"async\" class=\"size-medium wp-image-49561 alignnone\" title=\"B\u00e4ume 1_\" src=\"https:\/\/www.kloster-metten.com\/wp-content\/uploads\/2025\/12\/Baeume-1_-500x375.jpg\" alt=\"\" width=\"500\" height=\"375\" srcset=\"https:\/\/www.kloster-metten.com\/wp-content\/uploads\/2025\/12\/Baeume-1_-500x375.jpg 500w, https:\/\/www.kloster-metten.com\/wp-content\/uploads\/2025\/12\/Baeume-1_-1024x768.jpg 1024w, https:\/\/www.kloster-metten.com\/wp-content\/uploads\/2025\/12\/Baeume-1_-768x576.jpg 768w, https:\/\/www.kloster-metten.com\/wp-content\/uploads\/2025\/12\/Baeume-1_.jpg 1037w\" sizes=\"auto, (max-width: 500px) 100vw, 500px\" \/><\/a><h2>B\u00e4ume f\u00fcr die Zukunft \u2013 Pflanzaktion der 5. Klassen<\/h2><p><\/p>\n<p>Die 46 Sch\u00fclerinnen und Sch\u00fcler der 5. Klassen unseres Gymnasiums erlebten letzte Woche einen Schultag der besonderen Art: Zusammen mit dem F\u00f6rster Christian Kilger durften sie zu Beginn ihrer gymnasialen Laufbahn 46 Klimab\u00e4ume pflanzen. Diese B\u00e4ume zeichnen sich durch hohe Trockenstresstoleranz und Hitzeresistenz, aber auch Frosth\u00e4rte und insgesamt eine geringe Anf\u00e4lligkeit f\u00fcr Sch\u00e4dlinge und Krankheiten aus und sind so geeignet sind, den Wald der Zukunft zu bilden.<\/p>\n<p>Der Schulwald des St.-Michaels-Gymnasiums, das heuer zum wiederholten Male als Umweltschule ausgezeichnet wurde, soll im Laufe der Schullaufbahn regelm\u00e4\u00dfig besuchter Lernort der Sch\u00fclerinnen und Sch\u00fcler sein, um die heimische Flora und Fauna im Einfluss der Jahreszeiten und im Wandel der Zeit zu erleben. Als Sponsor der Setzlinge inklusive Verbissschutz konnte die Horst-Minihold-Stiftung gewonnen werden.<\/p>\n\r\n\t\t<style type='text\/css'>\r\n\t\t\t#gallery-1 {\r\n\t\t\t\tmargin: auto;\r\n\t\t\t}\r\n\t\t\t#gallery-1 .gallery-item {\r\n\t\t\t\tfloat: left;\r\n\t\t\t\tmargin-top: 10px;\r\n\t\t\t\ttext-align: center;\r\n\t\t\t\twidth: 33%;\r\n\t\t\t}\r\n\t\t\t#gallery-1 hr {\r\n\t\t\t\theight: 1px;\r\n\t\t\t}\r\n\t\t\t#gallery-1 .gallery-caption {\r\n\t\t\t\tmargin-left: 0;\r\n\t\t\t}\r\n\t\t\t\/* see gallery_shortcode() in wp-includes\/media.php *\/\r\n\t\t<\/style>\n\t\t<div id='gallery-1' class='gallery galleryid-49549 gallery-columns-3 gallery-size-thumbnail'><hr class='null'><dl class='gallery-item'>\r\n\t\t\t<dt class='gallery-icon landscape'>\r\n\t\t\t\t<a title=\"B\u00e4ume 2_\"  href='https:\/\/www.kloster-metten.com\/?attachment_id=49562'><img loading=\"lazy\" decoding=\"async\" width=\"170\" height=\"115\" src=\"https:\/\/www.kloster-metten.com\/wp-content\/uploads\/2025\/12\/Baeume-2_-170x115.jpg\" class=\"attachment-thumbnail size-thumbnail\" alt=\"\" \/><\/a>\r\n\t\t\t<\/dt><\/dl><dl class='gallery-item'>\r\n\t\t\t<dt class='gallery-icon landscape'>\r\n\t\t\t\t<a title=\"Umweltschule (2)_\"  href='https:\/\/www.kloster-metten.com\/?attachment_id=49560'><img loading=\"lazy\" decoding=\"async\" width=\"170\" height=\"115\" src=\"https:\/\/www.kloster-metten.com\/wp-content\/uploads\/2025\/12\/Umweltschule-2_-170x115.jpg\" class=\"attachment-thumbnail size-thumbnail\" alt=\"\" \/><\/a>\r\n\t\t\t<\/dt><\/dl><dl class='gallery-item'>\r\n\t\t\t<dt class='gallery-icon landscape'>\r\n\t\t\t\t<a title=\"B\u00e4ume 3_\"  href='https:\/\/www.kloster-metten.com\/?attachment_id=49559'><img loading=\"lazy\" decoding=\"async\" width=\"170\" height=\"115\" src=\"https:\/\/www.kloster-metten.com\/wp-content\/uploads\/2025\/12\/Baeume-3_-170x115.jpg\" class=\"attachment-thumbnail size-thumbnail\" alt=\"\" \/><\/a>\r\n\t\t\t<\/dt><\/dl><br style=\"clear: both\" \/>\r\n\t\t<\/div>\n\n","protected":false},"excerpt":{"rendered":"<p>B\u00e4ume f\u00fcr die Zukunft \u2013 Pflanzaktion der 5. Klassen Die 46 Sch\u00fclerinnen und Sch\u00fcler der 5. Klassen unseres Gymnasiums erlebten letzte Woche einen Schultag der besonderen Art: Zusammen mit dem F\u00f6rster Christian Kilger durften sie zu Beginn ihrer gymnasialen Laufbahn 46 Klimab\u00e4ume pflanzen. Diese B\u00e4ume zeichnen sich durch hohe Trockenstresstoleranz und Hitzeresistenz, aber auch Frosth\u00e4rte [&hellip;]<\/p>\n","protected":false},"author":5,"featured_media":0,"parent":1137,"menu_order":-390,"comment_status":"closed","ping_status":"closed","template":"","meta":{"footnotes":""},"class_list":["post-49549","page","type-page","status-publish","hentry"],"_links":{"self":[{"href":"https:\/\/www.kloster-metten.com\/index.php?rest_route=\/wp\/v2\/pages\/49549","targetHints":{"allow":["GET"]}}],"collection":[{"href":"https:\/\/www.kloster-metten.com\/index.php?rest_route=\/wp\/v2\/pages"}],"about":[{"href":"https:\/\/www.kloster-metten.com\/index.php?rest_route=\/wp\/v2\/types\/page"}],"author":[{"embeddable":true,"href":"https:\/\/www.kloster-metten.com\/index.php?rest_route=\/wp\/v2\/users\/5"}],"replies":[{"embeddable":true,"href":"https:\/\/www.kloster-metten.com\/index.php?rest_route=%2Fwp%2Fv2%2Fcomments&post=49549"}],"version-history":[{"count":2,"href":"https:\/\/www.kloster-metten.com\/index.php?rest_route=\/wp\/v2\/pages\/49549\/revisions"}],"predecessor-version":[{"id":49564,"href":"https:\/\/www.kloster-metten.com\/index.php?rest_route=\/wp\/v2\/pages\/49549\/revisions\/49564"}],"up":[{"embeddable":true,"href":"https:\/\/www.kloster-metten.com\/index.php?rest_route=\/wp\/v2\/pages\/1137"}],"wp:attachment":[{"href":"https:\/\/www.kloster-metten.com\/index.php?rest_route=%2Fwp%2Fv2%2Fmedia&parent=49549"}],"curies":[{"name":"wp","href":"https:\/\/api.w.org\/{rel}","templated":true}]}}