{"id":49565,"date":"2025-12-15T17:39:00","date_gmt":"2025-12-15T16:39:00","guid":{"rendered":"https:\/\/www.kloster-metten.com\/?page_id=49565"},"modified":"2025-12-15T17:39:00","modified_gmt":"2025-12-15T16:39:00","slug":"vorfreude-auf-weihnachten-weihnachtsbasar","status":"publish","type":"page","link":"https:\/\/www.kloster-metten.com\/?page_id=49565","title":{"rendered":"Vorfreude auf Weihnachten &#8211; Weihnachtsbasar"},"content":{"rendered":"<a href=\"https:\/\/www.kloster-metten.com\/wp-content\/uploads\/2025\/12\/Weihnachtsbasar-6_.jpg\"><img loading=\"lazy\" decoding=\"async\" class=\"size-medium wp-image-49555 alignnone\" title=\"Weihnachtsbasar 6_\" src=\"https:\/\/www.kloster-metten.com\/wp-content\/uploads\/2025\/12\/Weihnachtsbasar-6_-500x375.jpg\" alt=\"\" width=\"500\" height=\"375\" srcset=\"https:\/\/www.kloster-metten.com\/wp-content\/uploads\/2025\/12\/Weihnachtsbasar-6_-500x375.jpg 500w, https:\/\/www.kloster-metten.com\/wp-content\/uploads\/2025\/12\/Weihnachtsbasar-6_-1024x768.jpg 1024w, https:\/\/www.kloster-metten.com\/wp-content\/uploads\/2025\/12\/Weihnachtsbasar-6_-768x576.jpg 768w, https:\/\/www.kloster-metten.com\/wp-content\/uploads\/2025\/12\/Weihnachtsbasar-6_.jpg 1400w\" sizes=\"auto, (max-width: 500px) 100vw, 500px\" \/><\/a><h2>Vorfreude auf Weihnachten &#8211; Weihnachtsbasar<\/h2><p><\/p>\n<p>Wie schon in den Jahren zuvor fand sich auch am diesj\u00e4hrigen Weihnachtsbasar des St.-Michaels-Gymnasiums eine gro\u00dfe Menge von Besuchern ein. Der Tag begann mit dem Gottesdienst in der Stiftskirche, bei dem P. Erhard in seiner Predigt an die Pflanzaktion der 5. Klassen ankn\u00fcpfte und den Baum als Bild verwendete, um auf Weihnachten einzustimmen. F\u00fcr den anschlie\u00dfenden Weihnachtsbasar, dessen Erl\u00f6s wie immer f\u00fcr einen guten Zweck verwendet wird, hatten die Jugendlichen gebastelt, get\u00f6pfert, gekocht und gebacken. F\u00fcr weihnachtliche Stimmung sorgten die Streichergruppe unter Frau Kaeufl und das Blasorchester Kalliope unter der Leitung von Herrn Christoph Liebl. So fiel es den Besuchern nicht schwer, das Herz und den Geldbeutel zu \u00f6ffnen und den flei\u00dfigen jungen Leuten etwas abzukaufen. Auch eine gro\u00dfe Anzahl ehemaliger Sch\u00fcler hatte sich wieder auf den Weg nach Metten gemacht, so dass der Vormittag von zahlreichen Begegnungen gepr\u00e4gt war.<\/p>\n\r\n\t\t<style type='text\/css'>\r\n\t\t\t#gallery-1 {\r\n\t\t\t\tmargin: auto;\r\n\t\t\t}\r\n\t\t\t#gallery-1 .gallery-item {\r\n\t\t\t\tfloat: left;\r\n\t\t\t\tmargin-top: 10px;\r\n\t\t\t\ttext-align: center;\r\n\t\t\t\twidth: 33%;\r\n\t\t\t}\r\n\t\t\t#gallery-1 hr {\r\n\t\t\t\theight: 1px;\r\n\t\t\t}\r\n\t\t\t#gallery-1 .gallery-caption {\r\n\t\t\t\tmargin-left: 0;\r\n\t\t\t}\r\n\t\t\t\/* see gallery_shortcode() in wp-includes\/media.php *\/\r\n\t\t<\/style>\n\t\t<div id='gallery-1' class='gallery galleryid-49565 gallery-columns-3 gallery-size-thumbnail'><hr class='null'><dl class='gallery-item'>\r\n\t\t\t<dt class='gallery-icon portrait'>\r\n\t\t\t\t<a title=\"Weihnachtsbasar 1_\"  href='https:\/\/www.kloster-metten.com\/?attachment_id=49558'><img loading=\"lazy\" decoding=\"async\" width=\"170\" height=\"115\" src=\"https:\/\/www.kloster-metten.com\/wp-content\/uploads\/2025\/12\/Weihnachtsbasar-1_-170x115.jpg\" class=\"attachment-thumbnail size-thumbnail\" alt=\"\" \/><\/a>\r\n\t\t\t<\/dt><\/dl><dl class='gallery-item'>\r\n\t\t\t<dt class='gallery-icon portrait'>\r\n\t\t\t\t<a title=\"Weihnachtsbasar 8_\"  href='https:\/\/www.kloster-metten.com\/?attachment_id=49557'><img loading=\"lazy\" decoding=\"async\" width=\"170\" height=\"115\" src=\"https:\/\/www.kloster-metten.com\/wp-content\/uploads\/2025\/12\/Weihnachtsbasar-8_-170x115.jpg\" class=\"attachment-thumbnail size-thumbnail\" alt=\"\" \/><\/a>\r\n\t\t\t<\/dt><\/dl><dl class='gallery-item'>\r\n\t\t\t<dt class='gallery-icon portrait'>\r\n\t\t\t\t<a title=\"Weihnachtsbasar 7_\"  href='https:\/\/www.kloster-metten.com\/?attachment_id=49556'><img loading=\"lazy\" decoding=\"async\" width=\"170\" height=\"115\" src=\"https:\/\/www.kloster-metten.com\/wp-content\/uploads\/2025\/12\/Weihnachtsbasar-7_-170x115.jpg\" class=\"attachment-thumbnail size-thumbnail\" alt=\"\" \/><\/a>\r\n\t\t\t<\/dt><\/dl><br style=\"clear: both\" \/><dl class='gallery-item'>\r\n\t\t\t<dt class='gallery-icon landscape'>\r\n\t\t\t\t<a title=\"Weihnachtsbasar 5_\"  href='https:\/\/www.kloster-metten.com\/?attachment_id=49554'><img loading=\"lazy\" decoding=\"async\" width=\"170\" height=\"115\" src=\"https:\/\/www.kloster-metten.com\/wp-content\/uploads\/2025\/12\/Weihnachtsbasar-5_-170x115.jpg\" class=\"attachment-thumbnail size-thumbnail\" alt=\"\" \/><\/a>\r\n\t\t\t<\/dt><\/dl><dl class='gallery-item'>\r\n\t\t\t<dt class='gallery-icon landscape'>\r\n\t\t\t\t<a title=\"Weihnachtsbasar 4_\"  href='https:\/\/www.kloster-metten.com\/?attachment_id=49553'><img loading=\"lazy\" decoding=\"async\" width=\"170\" height=\"115\" src=\"https:\/\/www.kloster-metten.com\/wp-content\/uploads\/2025\/12\/Weihnachtsbasar-4_-170x115.jpg\" class=\"attachment-thumbnail size-thumbnail\" alt=\"\" \/><\/a>\r\n\t\t\t<\/dt><\/dl><dl class='gallery-item'>\r\n\t\t\t<dt class='gallery-icon landscape'>\r\n\t\t\t\t<a title=\"Weihnachtsbasar 3_\"  href='https:\/\/www.kloster-metten.com\/?attachment_id=49552'><img loading=\"lazy\" decoding=\"async\" width=\"170\" height=\"115\" src=\"https:\/\/www.kloster-metten.com\/wp-content\/uploads\/2025\/12\/Weihnachtsbasar-3_-170x115.jpg\" class=\"attachment-thumbnail size-thumbnail\" alt=\"\" \/><\/a>\r\n\t\t\t<\/dt><\/dl><br style=\"clear: both\" \/><dl class='gallery-item'>\r\n\t\t\t<dt class='gallery-icon landscape'>\r\n\t\t\t\t<a title=\"Weihnachtsbasar 2_\"  href='https:\/\/www.kloster-metten.com\/?attachment_id=49551'><img loading=\"lazy\" decoding=\"async\" width=\"170\" height=\"115\" src=\"https:\/\/www.kloster-metten.com\/wp-content\/uploads\/2025\/12\/Weihnachtsbasar-2_-170x115.jpg\" class=\"attachment-thumbnail size-thumbnail\" alt=\"\" \/><\/a>\r\n\t\t\t<\/dt><\/dl><dl class='gallery-item'>\r\n\t\t\t<dt class='gallery-icon landscape'>\r\n\t\t\t\t<a title=\"Weihnachtsbasar 9_\"  href='https:\/\/www.kloster-metten.com\/?attachment_id=49550'><img loading=\"lazy\" decoding=\"async\" width=\"170\" height=\"115\" src=\"https:\/\/www.kloster-metten.com\/wp-content\/uploads\/2025\/12\/Weihnachtsbasar-9_-170x115.jpg\" class=\"attachment-thumbnail size-thumbnail\" alt=\"\" \/><\/a>\r\n\t\t\t<\/dt><\/dl>\r\n\t\t\t<br style='clear: both' \/>\r\n\t\t<\/div>\n\n","protected":false},"excerpt":{"rendered":"<p>Vorfreude auf Weihnachten &#8211; Weihnachtsbasar Wie schon in den Jahren zuvor fand sich auch am diesj\u00e4hrigen Weihnachtsbasar des St.-Michaels-Gymnasiums eine gro\u00dfe Menge von Besuchern ein. Der Tag begann mit dem Gottesdienst in der Stiftskirche, bei dem P. Erhard in seiner Predigt an die Pflanzaktion der 5. Klassen ankn\u00fcpfte und den Baum als Bild verwendete, um [&hellip;]<\/p>\n","protected":false},"author":5,"featured_media":0,"parent":1137,"menu_order":-391,"comment_status":"closed","ping_status":"closed","template":"","meta":{"footnotes":""},"class_list":["post-49565","page","type-page","status-publish","hentry"],"_links":{"self":[{"href":"https:\/\/www.kloster-metten.com\/index.php?rest_route=\/wp\/v2\/pages\/49565","targetHints":{"allow":["GET"]}}],"collection":[{"href":"https:\/\/www.kloster-metten.com\/index.php?rest_route=\/wp\/v2\/pages"}],"about":[{"href":"https:\/\/www.kloster-metten.com\/index.php?rest_route=\/wp\/v2\/types\/page"}],"author":[{"embeddable":true,"href":"https:\/\/www.kloster-metten.com\/index.php?rest_route=\/wp\/v2\/users\/5"}],"replies":[{"embeddable":true,"href":"https:\/\/www.kloster-metten.com\/index.php?rest_route=%2Fwp%2Fv2%2Fcomments&post=49565"}],"version-history":[{"count":1,"href":"https:\/\/www.kloster-metten.com\/index.php?rest_route=\/wp\/v2\/pages\/49565\/revisions"}],"predecessor-version":[{"id":49566,"href":"https:\/\/www.kloster-metten.com\/index.php?rest_route=\/wp\/v2\/pages\/49565\/revisions\/49566"}],"up":[{"embeddable":true,"href":"https:\/\/www.kloster-metten.com\/index.php?rest_route=\/wp\/v2\/pages\/1137"}],"wp:attachment":[{"href":"https:\/\/www.kloster-metten.com\/index.php?rest_route=%2Fwp%2Fv2%2Fmedia&parent=49565"}],"curies":[{"name":"wp","href":"https:\/\/api.w.org\/{rel}","templated":true}]}}