{"id":49586,"date":"2025-12-31T21:48:33","date_gmt":"2025-12-31T20:48:33","guid":{"rendered":"https:\/\/www.kloster-metten.com\/?page_id=49586"},"modified":"2025-12-31T21:50:52","modified_gmt":"2025-12-31T20:50:52","slug":"mettener-tischtennisspieler-sind-niederbayerischer-vizemeister","status":"publish","type":"page","link":"https:\/\/www.kloster-metten.com\/?page_id=49586","title":{"rendered":"Mettener Tischtennisspieler sind niederbayerischer Vizemeister"},"content":{"rendered":"<a href=\"https:\/\/www.kloster-metten.com\/wp-content\/uploads\/2025\/12\/Mueller_Tischtennis_JtfO_.jpg\"><img loading=\"lazy\" decoding=\"async\" class=\"size-medium wp-image-49582 alignnone\" title=\"M\u00fcller_Tischtennis_JtfO_\" src=\"https:\/\/www.kloster-metten.com\/wp-content\/uploads\/2025\/12\/Mueller_Tischtennis_JtfO_-500x375.jpg\" alt=\"\" width=\"500\" height=\"375\" srcset=\"https:\/\/www.kloster-metten.com\/wp-content\/uploads\/2025\/12\/Mueller_Tischtennis_JtfO_-500x375.jpg 500w, https:\/\/www.kloster-metten.com\/wp-content\/uploads\/2025\/12\/Mueller_Tischtennis_JtfO_-1024x768.jpg 1024w, https:\/\/www.kloster-metten.com\/wp-content\/uploads\/2025\/12\/Mueller_Tischtennis_JtfO_-768x576.jpg 768w, https:\/\/www.kloster-metten.com\/wp-content\/uploads\/2025\/12\/Mueller_Tischtennis_JtfO_.jpg 1224w\" sizes=\"auto, (max-width: 500px) 100vw, 500px\" \/><\/a><h2>Mettener Tischtennisspieler sind niederbayerischer Vizemeister<\/h2><p><\/p>\n<p>Gro\u00dfer Erfolg f\u00fcr unsere Tischtennisspieler. Im Regionalfinale konnte sich die Jungenmannschaft in hart umk\u00e4mpften Duellen gegen das Gymnasium Waldkirchen und die Realschule Viechtach knapp aber verdient mit 5:4 bzw. 7:2 durchsetzen und damit das Bezirksfinale erreichen, welches als Heimspiel in Metten ausgerichtet wurde. Von vier qualifizierten Mannschaften konnte unsere Mannschaft hier den zweiten Platz erringen.<\/p>\n<p>&nbsp;<\/p>\n","protected":false},"excerpt":{"rendered":"<p>Mettener Tischtennisspieler sind niederbayerischer Vizemeister Gro\u00dfer Erfolg f\u00fcr unsere Tischtennisspieler. Im Regionalfinale konnte sich die Jungenmannschaft in hart umk\u00e4mpften Duellen gegen das Gymnasium Waldkirchen und die Realschule Viechtach knapp aber verdient mit 5:4 bzw. 7:2 durchsetzen und damit das Bezirksfinale erreichen, welches als Heimspiel in Metten ausgerichtet wurde. Von vier qualifizierten Mannschaften konnte unsere Mannschaft [&hellip;]<\/p>\n","protected":false},"author":5,"featured_media":0,"parent":1137,"menu_order":-393,"comment_status":"closed","ping_status":"closed","template":"","meta":{"footnotes":""},"class_list":["post-49586","page","type-page","status-publish","hentry"],"_links":{"self":[{"href":"https:\/\/www.kloster-metten.com\/index.php?rest_route=\/wp\/v2\/pages\/49586","targetHints":{"allow":["GET"]}}],"collection":[{"href":"https:\/\/www.kloster-metten.com\/index.php?rest_route=\/wp\/v2\/pages"}],"about":[{"href":"https:\/\/www.kloster-metten.com\/index.php?rest_route=\/wp\/v2\/types\/page"}],"author":[{"embeddable":true,"href":"https:\/\/www.kloster-metten.com\/index.php?rest_route=\/wp\/v2\/users\/5"}],"replies":[{"embeddable":true,"href":"https:\/\/www.kloster-metten.com\/index.php?rest_route=%2Fwp%2Fv2%2Fcomments&post=49586"}],"version-history":[{"count":2,"href":"https:\/\/www.kloster-metten.com\/index.php?rest_route=\/wp\/v2\/pages\/49586\/revisions"}],"predecessor-version":[{"id":49590,"href":"https:\/\/www.kloster-metten.com\/index.php?rest_route=\/wp\/v2\/pages\/49586\/revisions\/49590"}],"up":[{"embeddable":true,"href":"https:\/\/www.kloster-metten.com\/index.php?rest_route=\/wp\/v2\/pages\/1137"}],"wp:attachment":[{"href":"https:\/\/www.kloster-metten.com\/index.php?rest_route=%2Fwp%2Fv2%2Fmedia&parent=49586"}],"curies":[{"name":"wp","href":"https:\/\/api.w.org\/{rel}","templated":true}]}}