{"id":49588,"date":"2025-12-31T21:50:22","date_gmt":"2025-12-31T20:50:22","guid":{"rendered":"https:\/\/www.kloster-metten.com\/?page_id=49588"},"modified":"2025-12-31T21:50:22","modified_gmt":"2025-12-31T20:50:22","slug":"schulmeisterschaft-tischtennis-2025-26","status":"publish","type":"page","link":"https:\/\/www.kloster-metten.com\/?page_id=49588","title":{"rendered":"Schulmeisterschaft Tischtennis 2025\/26"},"content":{"rendered":"<a href=\"https:\/\/www.kloster-metten.com\/wp-content\/uploads\/2025\/12\/Mueller_Tischtennis_Schulmeisterschaft_1_.jpg\"><img loading=\"lazy\" decoding=\"async\" class=\"size-medium wp-image-49583 alignnone\" title=\"M\u00fcller_Tischtennis_Schulmeisterschaft_1_\" src=\"https:\/\/www.kloster-metten.com\/wp-content\/uploads\/2025\/12\/Mueller_Tischtennis_Schulmeisterschaft_1_-500x375.jpg\" alt=\"\" width=\"500\" height=\"375\" srcset=\"https:\/\/www.kloster-metten.com\/wp-content\/uploads\/2025\/12\/Mueller_Tischtennis_Schulmeisterschaft_1_-500x375.jpg 500w, https:\/\/www.kloster-metten.com\/wp-content\/uploads\/2025\/12\/Mueller_Tischtennis_Schulmeisterschaft_1_-1024x768.jpg 1024w, https:\/\/www.kloster-metten.com\/wp-content\/uploads\/2025\/12\/Mueller_Tischtennis_Schulmeisterschaft_1_-768x576.jpg 768w, https:\/\/www.kloster-metten.com\/wp-content\/uploads\/2025\/12\/Mueller_Tischtennis_Schulmeisterschaft_1_.jpg 1224w\" sizes=\"auto, (max-width: 500px) 100vw, 500px\" \/><\/a><h2>Schulmeisterschaft Tischtennis 2025\/26<\/h2><p><\/p>\n<p>Bei unserer schulinternen Tischtennismeisterschaft f\u00fcr die Unter- und Mittelstufe konnten 18 topmotivierte Spieler aller Jahrgangsstufen begr\u00fc\u00dft werden. Nach einer Vorrunde mit vier Gruppen konnten die beiden Topplatzierten jeweils ins Viertelfinale einziehen. Im darauffolgenden ersten Halbfinale war Vorjahressieger Raphael Hartl (8a) gegen Jonas Fischer (10a) nach hartem Kampf erfolgreich. Im zweiten Halbfinale hatte Kilian Sp\u00e4th (8b) gegen die Julian D\u00f6ring (5b) die Nase vorn.<\/p>\n<p>Im hochklassigen Finale konnte sich Kilian Sp\u00e4th letztendlich knapp aber verdient durchsetzen. Er tr\u00e4gt damit bis zum n\u00e4chsten Jahr den Titel des Mettener Tischtennismeisters. Aber die Konkurrenz schl\u00e4ft nicht und ist bereits motiviert f\u00fcr die Revanche bei der Meisterschaft 2026\/27.<\/p>\n<p><a href=\"https:\/\/www.kloster-metten.com\/wp-content\/uploads\/2025\/12\/Mueller_Tischtennis_Schulmeisterschaft_2.jpg\"><img loading=\"lazy\" decoding=\"async\" class=\"alignleft wp-image-49584 size-medium\" title=\"M\u00fcller_Tischtennis_Schulmeisterschaft_2\" src=\"https:\/\/www.kloster-metten.com\/wp-content\/uploads\/2025\/12\/Mueller_Tischtennis_Schulmeisterschaft_2-e1767214196634-361x500.jpg\" alt=\"\" width=\"361\" height=\"500\" srcset=\"https:\/\/www.kloster-metten.com\/wp-content\/uploads\/2025\/12\/Mueller_Tischtennis_Schulmeisterschaft_2-e1767214196634-361x500.jpg 361w, https:\/\/www.kloster-metten.com\/wp-content\/uploads\/2025\/12\/Mueller_Tischtennis_Schulmeisterschaft_2-e1767214196634.jpg 704w\" sizes=\"auto, (max-width: 361px) 100vw, 361px\" \/><\/a><\/p>\n<p>&nbsp;<\/p>\n","protected":false},"excerpt":{"rendered":"<p>Schulmeisterschaft Tischtennis 2025\/26 Bei unserer schulinternen Tischtennismeisterschaft f\u00fcr die Unter- und Mittelstufe konnten 18 topmotivierte Spieler aller Jahrgangsstufen begr\u00fc\u00dft werden. Nach einer Vorrunde mit vier Gruppen konnten die beiden Topplatzierten jeweils ins Viertelfinale einziehen. Im darauffolgenden ersten Halbfinale war Vorjahressieger Raphael Hartl (8a) gegen Jonas Fischer (10a) nach hartem Kampf erfolgreich. Im zweiten Halbfinale hatte [&hellip;]<\/p>\n","protected":false},"author":5,"featured_media":0,"parent":1137,"menu_order":-394,"comment_status":"closed","ping_status":"closed","template":"","meta":{"footnotes":""},"class_list":["post-49588","page","type-page","status-publish","hentry"],"_links":{"self":[{"href":"https:\/\/www.kloster-metten.com\/index.php?rest_route=\/wp\/v2\/pages\/49588","targetHints":{"allow":["GET"]}}],"collection":[{"href":"https:\/\/www.kloster-metten.com\/index.php?rest_route=\/wp\/v2\/pages"}],"about":[{"href":"https:\/\/www.kloster-metten.com\/index.php?rest_route=\/wp\/v2\/types\/page"}],"author":[{"embeddable":true,"href":"https:\/\/www.kloster-metten.com\/index.php?rest_route=\/wp\/v2\/users\/5"}],"replies":[{"embeddable":true,"href":"https:\/\/www.kloster-metten.com\/index.php?rest_route=%2Fwp%2Fv2%2Fcomments&post=49588"}],"version-history":[{"count":1,"href":"https:\/\/www.kloster-metten.com\/index.php?rest_route=\/wp\/v2\/pages\/49588\/revisions"}],"predecessor-version":[{"id":49589,"href":"https:\/\/www.kloster-metten.com\/index.php?rest_route=\/wp\/v2\/pages\/49588\/revisions\/49589"}],"up":[{"embeddable":true,"href":"https:\/\/www.kloster-metten.com\/index.php?rest_route=\/wp\/v2\/pages\/1137"}],"wp:attachment":[{"href":"https:\/\/www.kloster-metten.com\/index.php?rest_route=%2Fwp%2Fv2%2Fmedia&parent=49588"}],"curies":[{"name":"wp","href":"https:\/\/api.w.org\/{rel}","templated":true}]}}