{"id":49611,"date":"2026-01-20T11:39:01","date_gmt":"2026-01-20T10:39:01","guid":{"rendered":"https:\/\/www.kloster-metten.com\/?page_id=49611"},"modified":"2026-02-25T20:29:31","modified_gmt":"2026-02-25T19:29:31","slug":"tag-der-offenen-tuer-2","status":"publish","type":"page","link":"https:\/\/www.kloster-metten.com\/?page_id=49611","title":{"rendered":"Tag der offenen T\u00fcr"},"content":{"rendered":"<a href=\"https:\/\/www.kloster-metten.com\/wp-content\/uploads\/2026\/01\/Screenshot-2026-01-20-at-11-32-50-Tag-der-offenen-Tuer-April-2026.pdf.png\"><img loading=\"lazy\" decoding=\"async\" class=\"size-medium wp-image-49612 alignnone\" title=\"Screenshot 2026-01-20 at 11-32-50 Tag der offenen T\u00fcr April 2026.pdf\" src=\"https:\/\/www.kloster-metten.com\/wp-content\/uploads\/2026\/01\/Screenshot-2026-01-20-at-11-32-50-Tag-der-offenen-Tuer-April-2026.pdf-500x306.png\" alt=\"\" width=\"500\" height=\"306\" srcset=\"https:\/\/www.kloster-metten.com\/wp-content\/uploads\/2026\/01\/Screenshot-2026-01-20-at-11-32-50-Tag-der-offenen-Tuer-April-2026.pdf-500x306.png 500w, https:\/\/www.kloster-metten.com\/wp-content\/uploads\/2026\/01\/Screenshot-2026-01-20-at-11-32-50-Tag-der-offenen-Tuer-April-2026.pdf-1024x626.png 1024w, https:\/\/www.kloster-metten.com\/wp-content\/uploads\/2026\/01\/Screenshot-2026-01-20-at-11-32-50-Tag-der-offenen-Tuer-April-2026.pdf-768x469.png 768w, https:\/\/www.kloster-metten.com\/wp-content\/uploads\/2026\/01\/Screenshot-2026-01-20-at-11-32-50-Tag-der-offenen-Tuer-April-2026.pdf.png 1049w\" sizes=\"auto, (max-width: 500px) 100vw, 500px\" \/><\/a><h2>Tag der offenen T\u00fcr<\/h2><p><\/p>\n<h3><a href=\"https:\/\/www.kloster-metten.com\/wp-content\/uploads\/2026\/02\/TdoT26.pdf\">Programm<\/a><\/h3>\n<h3><span style=\"color: #ff0000;\">Zufahrt zum Schulgel\u00e4nde bitte \u00fcber Eggerstra\u00dfe (Einfahrt gegen\u00fcber der Grundschule)<\/span><\/h3>\n","protected":false},"excerpt":{"rendered":"<p>Tag der offenen T\u00fcr Programm Zufahrt zum Schulgel\u00e4nde bitte \u00fcber Eggerstra\u00dfe (Einfahrt gegen\u00fcber der Grundschule)<\/p>\n","protected":false},"author":5,"featured_media":0,"parent":1137,"menu_order":-399,"comment_status":"closed","ping_status":"closed","template":"","meta":{"footnotes":""},"class_list":["post-49611","page","type-page","status-publish","hentry"],"_links":{"self":[{"href":"https:\/\/www.kloster-metten.com\/index.php?rest_route=\/wp\/v2\/pages\/49611","targetHints":{"allow":["GET"]}}],"collection":[{"href":"https:\/\/www.kloster-metten.com\/index.php?rest_route=\/wp\/v2\/pages"}],"about":[{"href":"https:\/\/www.kloster-metten.com\/index.php?rest_route=\/wp\/v2\/types\/page"}],"author":[{"embeddable":true,"href":"https:\/\/www.kloster-metten.com\/index.php?rest_route=\/wp\/v2\/users\/5"}],"replies":[{"embeddable":true,"href":"https:\/\/www.kloster-metten.com\/index.php?rest_route=%2Fwp%2Fv2%2Fcomments&post=49611"}],"version-history":[{"count":4,"href":"https:\/\/www.kloster-metten.com\/index.php?rest_route=\/wp\/v2\/pages\/49611\/revisions"}],"predecessor-version":[{"id":49662,"href":"https:\/\/www.kloster-metten.com\/index.php?rest_route=\/wp\/v2\/pages\/49611\/revisions\/49662"}],"up":[{"embeddable":true,"href":"https:\/\/www.kloster-metten.com\/index.php?rest_route=\/wp\/v2\/pages\/1137"}],"wp:attachment":[{"href":"https:\/\/www.kloster-metten.com\/index.php?rest_route=%2Fwp%2Fv2%2Fmedia&parent=49611"}],"curies":[{"name":"wp","href":"https:\/\/api.w.org\/{rel}","templated":true}]}}