{"id":49669,"date":"2026-03-28T17:28:22","date_gmt":"2026-03-28T16:28:22","guid":{"rendered":"https:\/\/www.kloster-metten.com\/?page_id=49669"},"modified":"2026-03-28T17:29:24","modified_gmt":"2026-03-28T16:29:24","slug":"die-moenche-der-benediktinerabtei-metten-wuenschen-gesegnete-kartage-und-ein-frohes-osterfest","status":"publish","type":"page","link":"https:\/\/www.kloster-metten.com\/?page_id=49669","title":{"rendered":"Die M\u00f6nche der Benediktinerabtei Metten w\u00fcnschen gesegnete Kartage und ein frohes Osterfest!"},"content":{"rendered":"<h2>Die M\u00f6nche der Benediktinerabtei Metten w\u00fcnschen gesegnete Kartage und ein frohes Osterfest!<\/h2><p style=\"font-weight: 400;\"><a href=\"https:\/\/www.kloster-metten.com\/wp-content\/uploads\/2026\/03\/Palmesel_.jpg\"><img loading=\"lazy\" decoding=\"async\" class=\"size-medium wp-image-49670 alignnone\" title=\"Palmesel_\" src=\"https:\/\/www.kloster-metten.com\/wp-content\/uploads\/2026\/03\/Palmesel_-500x404.jpg\" alt=\"\" width=\"500\" height=\"404\" srcset=\"https:\/\/www.kloster-metten.com\/wp-content\/uploads\/2026\/03\/Palmesel_-500x404.jpg 500w, https:\/\/www.kloster-metten.com\/wp-content\/uploads\/2026\/03\/Palmesel_-1024x828.jpg 1024w, https:\/\/www.kloster-metten.com\/wp-content\/uploads\/2026\/03\/Palmesel_-768x621.jpg 768w, https:\/\/www.kloster-metten.com\/wp-content\/uploads\/2026\/03\/Palmesel_.jpg 1199w\" sizes=\"auto, (max-width: 500px) 100vw, 500px\" \/><\/a><\/p>\n<p style=\"font-weight: 400;\">Im Fastenkapitel der Regel des Heiligen Benedikt hei\u00dft es: \u201eMit geistlicher Sehnsucht und Freude erwarte er das heilige Osterfest\u201c (RB 49,7).<\/p>\n<p style=\"font-weight: 400;\">Wir laden alle Pfarrangeh\u00f6rigen und dar\u00fcber hinaus alle Gl\u00e4ubigen sehr herzlich ein, mit unserer M\u00f6nchsgemeinschaft die Kar- und Ostertage zu begehen.<\/p>\n<p style=\"font-weight: 400;\">Wir beginnen die Karwoche mit der Feier des Einzugs unseres Herrn Jesus Christus in Jerusalem und laden\u00a0zum <strong>Palmsonntagsgottesdienst<\/strong> am Sonntag, den 29.03.2026 ein. Beginn ist um 9.30 Uhr mit der Palmweihe im\u00a0Klosterhof. Anschlie\u00dfend formiert sich die Palmprozession zur Stiftskirche.<\/p>\n<p style=\"font-weight: 400;\">Das \u00f6sterliche Triduum, die heiligen drei Tage, begehen wir am <strong>Gr\u00fcndonnerstag<\/strong>, den 02.04.2026 mit der\u00a0Abendmahlsmesse um 19 Uhr in der Stiftskirche. Anschlie\u00dfend wird das Allerheiligste in die Benediktuskapelle \u00fcbertragen.<br \/>\nDort besteht die M\u00f6glichkeit zur Anbetung bis 24 Uhr.<\/p>\n<p style=\"font-weight: 400;\">Am <strong>Karfreitag<\/strong> (03.04.2026) gedenken wir des Kreuzestodes unseres Herrn und feiern\u00a0um 15 Uhr die Karfreitagsliturgie in der Stiftskirche.<\/p>\n<p style=\"font-weight: 400;\">Die Auferstehung unseres Herrn feiern wir mit der <strong>Osternacht<\/strong> am Karsamstag, den 04.04.2026. Sie beginnt um 21 Uhr.\u00a0<br \/>\nVor dem Hauptportal der Stiftskirche wird das Osterfeuer entz\u00fcndet.<\/p>\n<p style=\"font-weight: 400;\">Am <strong>Ostersonntag<\/strong> (05.04.2026) finden in der Pfarreiengemeinschaft Metten-Neuhausen folgende Ostermessen statt:<\/p>\n<p style=\"font-weight: 400;\">8.00 Uhr Metten<\/p>\n<p style=\"font-weight: 400;\">9.00 Uhr Aschenau<\/p>\n<p style=\"font-weight: 400;\">10.00 Uhr Pontifikalgottesdienst in der Stiftskirche Metten<\/p>\n<p style=\"font-weight: 400;\">12.00 Uhr gesungene Mittagshore der M\u00f6nchsgemeinschaft<\/p>\n<p style=\"font-weight: 400;\">14.30 Uhr Pontifikalvesper in der Stiftskirche Metten<\/p>\n<p style=\"font-weight: 400;\">Gottesdienste am <strong>Ostermontag<\/strong> (06.04.2026):<\/p>\n<p style=\"font-weight: 400;\">8.00 Uhr Berg<\/p>\n<p style=\"font-weight: 400;\">10.00 Uhr Metten<\/p>\n<p style=\"font-weight: 400;\">10.00 Uhr Buchberg<\/p>\n<p style=\"font-weight: 400;\">17.45 Uhr Vesper in der Stiftskirche Metten<\/p>\n<p style=\"font-weight: 400;\">Das weitere Gottesdienstangebot zu den Kar- und Ostertagen entnehmen Sie bitte dem aktuellen Pfarrbrief.<\/p>\n","protected":false},"excerpt":{"rendered":"<p>Die M\u00f6nche der Benediktinerabtei Metten w\u00fcnschen gesegnete Kartage und ein frohes Osterfest! Im Fastenkapitel der Regel des Heiligen Benedikt hei\u00dft es: \u201eMit geistlicher Sehnsucht und Freude erwarte er das heilige Osterfest\u201c (RB 49,7). Wir laden alle Pfarrangeh\u00f6rigen und dar\u00fcber hinaus alle Gl\u00e4ubigen sehr herzlich ein, mit unserer M\u00f6nchsgemeinschaft die Kar- und Ostertage zu begehen. Wir [&hellip;]<\/p>\n","protected":false},"author":5,"featured_media":0,"parent":1120,"menu_order":-190,"comment_status":"closed","ping_status":"closed","template":"","meta":{"footnotes":""},"class_list":["post-49669","page","type-page","status-publish","hentry"],"_links":{"self":[{"href":"https:\/\/www.kloster-metten.com\/index.php?rest_route=\/wp\/v2\/pages\/49669","targetHints":{"allow":["GET"]}}],"collection":[{"href":"https:\/\/www.kloster-metten.com\/index.php?rest_route=\/wp\/v2\/pages"}],"about":[{"href":"https:\/\/www.kloster-metten.com\/index.php?rest_route=\/wp\/v2\/types\/page"}],"author":[{"embeddable":true,"href":"https:\/\/www.kloster-metten.com\/index.php?rest_route=\/wp\/v2\/users\/5"}],"replies":[{"embeddable":true,"href":"https:\/\/www.kloster-metten.com\/index.php?rest_route=%2Fwp%2Fv2%2Fcomments&post=49669"}],"version-history":[{"count":2,"href":"https:\/\/www.kloster-metten.com\/index.php?rest_route=\/wp\/v2\/pages\/49669\/revisions"}],"predecessor-version":[{"id":49672,"href":"https:\/\/www.kloster-metten.com\/index.php?rest_route=\/wp\/v2\/pages\/49669\/revisions\/49672"}],"up":[{"embeddable":true,"href":"https:\/\/www.kloster-metten.com\/index.php?rest_route=\/wp\/v2\/pages\/1120"}],"wp:attachment":[{"href":"https:\/\/www.kloster-metten.com\/index.php?rest_route=%2Fwp%2Fv2%2Fmedia&parent=49669"}],"curies":[{"name":"wp","href":"https:\/\/api.w.org\/{rel}","templated":true}]}}