{"id":49673,"date":"2026-03-28T17:31:56","date_gmt":"2026-03-28T16:31:56","guid":{"rendered":"https:\/\/www.kloster-metten.com\/?page_id=49673"},"modified":"2026-03-28T17:31:56","modified_gmt":"2026-03-28T16:31:56","slug":"die-klostergaertnerei-metten-wuenscht-allen-kundinnen-und-kunden-frohe-ostern-2","status":"publish","type":"page","link":"https:\/\/www.kloster-metten.com\/?page_id=49673","title":{"rendered":"Die Klosterg\u00e4rtnerei Metten w\u00fcnscht allen Kundinnen und Kunden frohe Ostern!"},"content":{"rendered":"<h2>Die Klosterg\u00e4rtnerei Metten w\u00fcnscht allen Kundinnen und Kunden frohe Ostern!<\/h2><p style=\"font-weight: 400;\"><a href=\"https:\/\/www.kloster-metten.com\/wp-content\/uploads\/2025\/03\/Fruehling_2025_.jpg\"><img loading=\"lazy\" decoding=\"async\" class=\"size-medium wp-image-49171 alignnone\" title=\"Fr\u00fchling_2025_\" src=\"https:\/\/www.kloster-metten.com\/wp-content\/uploads\/2025\/03\/Fruehling_2025_-500x375.jpg\" alt=\"\" width=\"500\" height=\"375\" srcset=\"https:\/\/www.kloster-metten.com\/wp-content\/uploads\/2025\/03\/Fruehling_2025_-500x375.jpg 500w, https:\/\/www.kloster-metten.com\/wp-content\/uploads\/2025\/03\/Fruehling_2025_-1024x768.jpg 1024w, https:\/\/www.kloster-metten.com\/wp-content\/uploads\/2025\/03\/Fruehling_2025_-768x576.jpg 768w, https:\/\/www.kloster-metten.com\/wp-content\/uploads\/2025\/03\/Fruehling_2025_-1536x1152.jpg 1536w, https:\/\/www.kloster-metten.com\/wp-content\/uploads\/2025\/03\/Fruehling_2025_.jpg 1613w\" sizes=\"auto, (max-width: 500px) 100vw, 500px\" \/><\/a><\/p>\n<p style=\"font-weight: 400;\"><strong>\u00a0<\/strong><\/p>\n<p style=\"font-weight: 400;\"><strong>Das Team der Klosterg\u00e4rtnerei Metten freut sich \u00fcber die ersten Fr\u00fchlingstage.<\/strong><\/p>\n<p style=\"font-weight: 400;\"><strong>Eine tolle Bl\u00fctenpracht beginnt dieser Tage viel Farbe in den Alltag zu bringen.<\/strong><\/p>\n<p style=\"font-weight: 400;\"><strong>Sch\u00f6ne Gestecke und Deko-Ideen zu Ostern und zum Fr\u00fchling gibt\u2019s zu bestaunen.<\/strong><\/p>\n<p style=\"font-weight: 400;\"><strong>\u00a0<\/strong><\/p>\n<p style=\"font-weight: 400;\"><strong>Schon mal zum Vormerken:<\/strong><\/p>\n<p style=\"font-weight: 400;\"><strong>Der Tag der offenen G\u00e4rtnerei findet in diesem Jahr am Samstag, den 25. April 2026\u00a0statt.<\/strong><\/p>\n<p style=\"font-weight: 400;\"><strong>Unsere Klosterg\u00e4rtnerei ist an diesem Tag von 8 Uhr bis 17 Uhr ge\u00f6ffnet. Neben der Pflanze des<\/strong><\/p>\n<p style=\"font-weight: 400;\"><strong>Jahres gibt es eine Vielfalt an Blumen und Pflanzen zu bestaunen. Auch ein kleiner Kunsthandwerkermarkt<\/strong><\/p>\n<p style=\"font-weight: 400;\"><strong>findet statt. Dar\u00fcber hinaus ist f\u00fcr das leibliche Wohl und ein wenig Spa\u00df bestens gesorgt.<\/strong><\/p>\n<p style=\"font-weight: 400;\"><strong>\u00a0<\/strong><\/p>\n<p style=\"font-weight: 400;\"><strong>Wir freuen uns auf Ihren Besuch!<\/strong><\/p>\n<p style=\"font-weight: 400;\"><strong>Das Team der Klosterg\u00e4rtnerei Metten<\/strong><\/p>\n","protected":false},"excerpt":{"rendered":"<p>Die Klosterg\u00e4rtnerei Metten w\u00fcnscht allen Kundinnen und Kunden frohe Ostern! \u00a0 Das Team der Klosterg\u00e4rtnerei Metten freut sich \u00fcber die ersten Fr\u00fchlingstage. Eine tolle Bl\u00fctenpracht beginnt dieser Tage viel Farbe in den Alltag zu bringen. Sch\u00f6ne Gestecke und Deko-Ideen zu Ostern und zum Fr\u00fchling gibt\u2019s zu bestaunen. \u00a0 Schon mal zum Vormerken: Der Tag der [&hellip;]<\/p>\n","protected":false},"author":5,"featured_media":0,"parent":1120,"menu_order":-188,"comment_status":"closed","ping_status":"closed","template":"","meta":{"footnotes":""},"class_list":["post-49673","page","type-page","status-publish","hentry"],"_links":{"self":[{"href":"https:\/\/www.kloster-metten.com\/index.php?rest_route=\/wp\/v2\/pages\/49673","targetHints":{"allow":["GET"]}}],"collection":[{"href":"https:\/\/www.kloster-metten.com\/index.php?rest_route=\/wp\/v2\/pages"}],"about":[{"href":"https:\/\/www.kloster-metten.com\/index.php?rest_route=\/wp\/v2\/types\/page"}],"author":[{"embeddable":true,"href":"https:\/\/www.kloster-metten.com\/index.php?rest_route=\/wp\/v2\/users\/5"}],"replies":[{"embeddable":true,"href":"https:\/\/www.kloster-metten.com\/index.php?rest_route=%2Fwp%2Fv2%2Fcomments&post=49673"}],"version-history":[{"count":1,"href":"https:\/\/www.kloster-metten.com\/index.php?rest_route=\/wp\/v2\/pages\/49673\/revisions"}],"predecessor-version":[{"id":49674,"href":"https:\/\/www.kloster-metten.com\/index.php?rest_route=\/wp\/v2\/pages\/49673\/revisions\/49674"}],"up":[{"embeddable":true,"href":"https:\/\/www.kloster-metten.com\/index.php?rest_route=\/wp\/v2\/pages\/1120"}],"wp:attachment":[{"href":"https:\/\/www.kloster-metten.com\/index.php?rest_route=%2Fwp%2Fv2%2Fmedia&parent=49673"}],"curies":[{"name":"wp","href":"https:\/\/api.w.org\/{rel}","templated":true}]}}