{"id":49675,"date":"2026-03-28T17:36:48","date_gmt":"2026-03-28T16:36:48","guid":{"rendered":"https:\/\/www.kloster-metten.com\/?page_id=49675"},"modified":"2026-03-28T17:38:22","modified_gmt":"2026-03-28T16:38:22","slug":"mettener-schueler-spenden-fuer-den-bunten-kreis-deggendorf-und-das-hospiz-niederalteich","status":"publish","type":"page","link":"https:\/\/www.kloster-metten.com\/?page_id=49675","title":{"rendered":"Mettener Sch\u00fcler spenden f\u00fcr den Bunten Kreis Deggendorf und das Hospiz Niederalteich"},"content":{"rendered":"<h2>Mettener Sch\u00fcler spenden f\u00fcr den Bunten Kreis Deggendorf und das Hospiz Niederalteich<\/h2><p style=\"margin: 0cm; margin-bottom: .0001pt; background: white;\"><a href=\"https:\/\/www.kloster-metten.com\/wp-content\/uploads\/2026\/03\/Spende_Hospiz_.jpg\"><img loading=\"lazy\" decoding=\"async\" class=\"size-medium wp-image-49676 alignnone\" title=\"Spende_Hospiz_\" src=\"https:\/\/www.kloster-metten.com\/wp-content\/uploads\/2026\/03\/Spende_Hospiz_-500x375.jpg\" alt=\"\" width=\"500\" height=\"375\" srcset=\"https:\/\/www.kloster-metten.com\/wp-content\/uploads\/2026\/03\/Spende_Hospiz_-500x375.jpg 500w, https:\/\/www.kloster-metten.com\/wp-content\/uploads\/2026\/03\/Spende_Hospiz_-1024x768.jpg 1024w, https:\/\/www.kloster-metten.com\/wp-content\/uploads\/2026\/03\/Spende_Hospiz_-768x576.jpg 768w, https:\/\/www.kloster-metten.com\/wp-content\/uploads\/2026\/03\/Spende_Hospiz_-1536x1152.jpg 1536w, https:\/\/www.kloster-metten.com\/wp-content\/uploads\/2026\/03\/Spende_Hospiz_.jpg 1613w\" sizes=\"auto, (max-width: 500px) 100vw, 500px\" \/><\/a><\/p>\n<p style=\"margin: 0cm; margin-bottom: .0001pt; background: white;\"><span style=\"color: black;\">\u00a0<\/span><\/p>\n<p style=\"margin: 0cm; margin-bottom: .0001pt; background: white;\"><span style=\"color: black;\">Das St.-Michaels-Gymnasium Metten freut sich, auch heuer gro\u00dfz\u00fcgige Spenden in H\u00f6he von insgesamt 1.500 Euro an gemeinn\u00fctzige Organisationen in der Region \u00fcbergeben zu k\u00f6nnen. Das Geld wurde beim diesj\u00e4hrigen Weihnachtsbasar eingenommen.<\/span><\/p>\n<p style=\"margin: 0cm; margin-bottom: .0001pt; background: white;\"><span style=\"color: black;\">Der \u201eBunte Kreis Deggendorf e.V.\u201c, der sich sich daf\u00fcr einsetzt, Familien mit beeintr\u00e4chtigten Kindern durch medizinische und pflegerische Beratung sowie die Bereitstellung notwendiger Ausr\u00fcstung zu unterst\u00fctzen, darf sich \u00fcber 1000 Euro freuen. <\/span><\/p>\n<p style=\"margin: 0cm; margin-bottom: .0001pt; background: white;\"><span style=\"color: black;\">Eine weitere Spende von 500 Euro geht an das Hospiz St. Ursula Niederalteich, das einen Teil seiner Aufwendungen durch Spenden finanzieren muss. Einen tieferen Einblick in die Hospizarbeit bekamen die Mettener Sch\u00fclerinnen und Sch\u00fcler am Wertetag des vergangenen Schuljahres.<\/span><\/p>\n<p style=\"margin: 0cm; margin-bottom: .0001pt; background: white;\"><span style=\"color: black;\">Wir danken allen, die durch ihre Teilnahme an Schulveranstaltungen und Aktionen zu dieser gro\u00dfz\u00fcgigen Summe beigetragen haben. Gemeinsam zeigen wir, dass unsere Schulfamilie nicht nur Wissen vermittelt, sondern im Sinne des christlichen Menschenbildes Verantwortung \u00fcbernimmt und sich f\u00fcr eine solidarische Gesellschaft einsetzt.<\/span><\/p>\n<p><a href=\"https:\/\/www.kloster-metten.com\/wp-content\/uploads\/2026\/03\/Spende_Bunter-Kreis_.jpg\"><img loading=\"lazy\" decoding=\"async\" class=\"alignleft size-medium wp-image-49677\" title=\"Spende_Bunter Kreis_\" src=\"https:\/\/www.kloster-metten.com\/wp-content\/uploads\/2026\/03\/Spende_Bunter-Kreis_-500x375.jpg\" alt=\"\" width=\"500\" height=\"375\" srcset=\"https:\/\/www.kloster-metten.com\/wp-content\/uploads\/2026\/03\/Spende_Bunter-Kreis_-500x375.jpg 500w, https:\/\/www.kloster-metten.com\/wp-content\/uploads\/2026\/03\/Spende_Bunter-Kreis_-1024x768.jpg 1024w, https:\/\/www.kloster-metten.com\/wp-content\/uploads\/2026\/03\/Spende_Bunter-Kreis_-768x576.jpg 768w, https:\/\/www.kloster-metten.com\/wp-content\/uploads\/2026\/03\/Spende_Bunter-Kreis_-1536x1152.jpg 1536w, https:\/\/www.kloster-metten.com\/wp-content\/uploads\/2026\/03\/Spende_Bunter-Kreis_.jpg 1613w\" sizes=\"auto, (max-width: 500px) 100vw, 500px\" \/><\/a><\/p>\n<p style=\"margin: 0cm; margin-bottom: .0001pt; background: white;\"><span style=\"color: black;\">\u00a0<\/span><\/p>\n","protected":false},"excerpt":{"rendered":"<p>Mettener Sch\u00fcler spenden f\u00fcr den Bunten Kreis Deggendorf und das Hospiz Niederalteich \u00a0 Das St.-Michaels-Gymnasium Metten freut sich, auch heuer gro\u00dfz\u00fcgige Spenden in H\u00f6he von insgesamt 1.500 Euro an gemeinn\u00fctzige Organisationen in der Region \u00fcbergeben zu k\u00f6nnen. Das Geld wurde beim diesj\u00e4hrigen Weihnachtsbasar eingenommen. Der \u201eBunte Kreis Deggendorf e.V.\u201c, der sich sich daf\u00fcr einsetzt, Familien [&hellip;]<\/p>\n","protected":false},"author":5,"featured_media":0,"parent":1137,"menu_order":-400,"comment_status":"closed","ping_status":"closed","template":"","meta":{"footnotes":""},"class_list":["post-49675","page","type-page","status-publish","hentry"],"_links":{"self":[{"href":"https:\/\/www.kloster-metten.com\/index.php?rest_route=\/wp\/v2\/pages\/49675","targetHints":{"allow":["GET"]}}],"collection":[{"href":"https:\/\/www.kloster-metten.com\/index.php?rest_route=\/wp\/v2\/pages"}],"about":[{"href":"https:\/\/www.kloster-metten.com\/index.php?rest_route=\/wp\/v2\/types\/page"}],"author":[{"embeddable":true,"href":"https:\/\/www.kloster-metten.com\/index.php?rest_route=\/wp\/v2\/users\/5"}],"replies":[{"embeddable":true,"href":"https:\/\/www.kloster-metten.com\/index.php?rest_route=%2Fwp%2Fv2%2Fcomments&post=49675"}],"version-history":[{"count":1,"href":"https:\/\/www.kloster-metten.com\/index.php?rest_route=\/wp\/v2\/pages\/49675\/revisions"}],"predecessor-version":[{"id":49678,"href":"https:\/\/www.kloster-metten.com\/index.php?rest_route=\/wp\/v2\/pages\/49675\/revisions\/49678"}],"up":[{"embeddable":true,"href":"https:\/\/www.kloster-metten.com\/index.php?rest_route=\/wp\/v2\/pages\/1137"}],"wp:attachment":[{"href":"https:\/\/www.kloster-metten.com\/index.php?rest_route=%2Fwp%2Fv2%2Fmedia&parent=49675"}],"curies":[{"name":"wp","href":"https:\/\/api.w.org\/{rel}","templated":true}]}}