{"id":49695,"date":"2026-04-03T08:51:22","date_gmt":"2026-04-03T06:51:22","guid":{"rendered":"https:\/\/www.kloster-metten.com\/?page_id=49695"},"modified":"2026-04-03T08:52:21","modified_gmt":"2026-04-03T06:52:21","slug":"wenn-ihr-meine-freunde-seid-dann-tut-dies-zu-meinem-gedaechtnis","status":"publish","type":"page","link":"https:\/\/www.kloster-metten.com\/?page_id=49695","title":{"rendered":"\u201eWenn ihr meine Freunde seid, dann tut dies zu meinem Ged\u00e4chtnis!\u201c"},"content":{"rendered":"<a href=\"https:\/\/www.kloster-metten.com\/wp-content\/uploads\/2026\/04\/IMG_7483_.jpg\"><img loading=\"lazy\" decoding=\"async\" class=\"size-medium wp-image-49698 alignnone\" title=\"IMG_7483_\" src=\"https:\/\/www.kloster-metten.com\/wp-content\/uploads\/2026\/04\/IMG_7483_-500x375.jpg\" alt=\"\" width=\"500\" height=\"375\" srcset=\"https:\/\/www.kloster-metten.com\/wp-content\/uploads\/2026\/04\/IMG_7483_-500x375.jpg 500w, https:\/\/www.kloster-metten.com\/wp-content\/uploads\/2026\/04\/IMG_7483_-1024x768.jpg 1024w, https:\/\/www.kloster-metten.com\/wp-content\/uploads\/2026\/04\/IMG_7483_-768x576.jpg 768w, https:\/\/www.kloster-metten.com\/wp-content\/uploads\/2026\/04\/IMG_7483_.jpg 1210w\" sizes=\"auto, (max-width: 500px) 100vw, 500px\" \/><\/a><h2>\u201eWenn ihr meine Freunde seid, dann tut dies zu meinem Ged\u00e4chtnis!\u201c<\/h2><p><\/p>\n<p>In Erinnerung an die Geschehnisse des Gr\u00fcndonnerstags haben sich die Gl\u00e4ubigen der Pfarreiengemeinschaft Metten-Neuhausen zusammen mit uns Mettener M\u00f6nchen in der Pfarr- und Klosterkirche St. Michael am Abend des 2. April versammelt. Abt Athanasius stand der Eucharistiefeier vom letzten Abendmahl vor. Bei der Fu\u00dfwaschung traten ein Erstkommunionkind, Firmlinge und mehrere Erwachsene aus den Pfarreien Metten und Neuhausen vor den Altar. Abt Athanasius wusch ihnen die F\u00fc\u00dfe. Zuvor deutete er diesen Ritus und nahm Bezug zu den Worten aus dem Evangelium zum Gr\u00fcndonnerstag. Mit Abt Athanasius standen unser Prior P. Thomas,\u00a0 Abt em. Wolfgang M. Hagl sowie die Mitbr\u00fcder P. Michael, P. Markus,\u00a0 P. Norbert, P. Erhard und P. Altmann am Altar. Ebenfalls konzelebriert hat P. Felix. Pater Maurus fungierte als Diakon und verk\u00fcndete das Evangelium. Nachdem die Orgel verstummte, erf\u00fcllten Volksgesang sowie die Stimmen der Schola auf der Empore unsere Stiftskirche mit festlichem Gesang. \u201eNach dem Lobgesang gingen sie zum \u00d6lberg hinaus.\u201c Der Tradition folgend wurde das Allerheiligste nach der Messfeier in einer Prozession zur Benediktuskapelle \u00fcbertragen. Dort verbleibt das Allerheiligste bis zur Feier der Osternacht. In Erinnerung an die Todesangst Jesu am \u00d6lberg wurde noch bis zur Mitternacht stille Anbetung vor dem Allerheiligsten in der Benediktuskapelle gehalten. Das heilige Triduum von Leiden, Tod und Auferstehung Jesu hat auch in unserer Pfarreiengemeinschaft und f\u00fcr unsere M\u00f6nchsgemeinschaft begonnen.<\/p>\n<p><a href=\"https:\/\/www.kloster-metten.com\/wp-content\/uploads\/2026\/04\/IMG_7480_.jpg\"><img loading=\"lazy\" decoding=\"async\" class=\"alignleft size-medium wp-image-49697\" title=\"IMG_7480_\" src=\"https:\/\/www.kloster-metten.com\/wp-content\/uploads\/2026\/04\/IMG_7480_-500x375.jpg\" alt=\"\" width=\"500\" height=\"375\" srcset=\"https:\/\/www.kloster-metten.com\/wp-content\/uploads\/2026\/04\/IMG_7480_-500x375.jpg 500w, https:\/\/www.kloster-metten.com\/wp-content\/uploads\/2026\/04\/IMG_7480_-1024x768.jpg 1024w, https:\/\/www.kloster-metten.com\/wp-content\/uploads\/2026\/04\/IMG_7480_-768x576.jpg 768w, https:\/\/www.kloster-metten.com\/wp-content\/uploads\/2026\/04\/IMG_7480_.jpg 1142w\" sizes=\"auto, (max-width: 500px) 100vw, 500px\" \/><\/a><a href=\"https:\/\/www.kloster-metten.com\/wp-content\/uploads\/2026\/04\/IMG_7492_.jpg\"><img loading=\"lazy\" decoding=\"async\" class=\"alignleft size-medium wp-image-49696\" title=\"IMG_7492_\" src=\"https:\/\/www.kloster-metten.com\/wp-content\/uploads\/2026\/04\/IMG_7492_-500x375.jpg\" alt=\"\" width=\"500\" height=\"375\" srcset=\"https:\/\/www.kloster-metten.com\/wp-content\/uploads\/2026\/04\/IMG_7492_-500x375.jpg 500w, https:\/\/www.kloster-metten.com\/wp-content\/uploads\/2026\/04\/IMG_7492_-1024x768.jpg 1024w, https:\/\/www.kloster-metten.com\/wp-content\/uploads\/2026\/04\/IMG_7492_-768x576.jpg 768w, https:\/\/www.kloster-metten.com\/wp-content\/uploads\/2026\/04\/IMG_7492_.jpg 1142w\" sizes=\"auto, (max-width: 500px) 100vw, 500px\" \/><\/a><\/p>\n<p>&nbsp;<\/p>\n","protected":false},"excerpt":{"rendered":"<p>\u201eWenn ihr meine Freunde seid, dann tut dies zu meinem Ged\u00e4chtnis!\u201c In Erinnerung an die Geschehnisse des Gr\u00fcndonnerstags haben sich die Gl\u00e4ubigen der Pfarreiengemeinschaft Metten-Neuhausen zusammen mit uns Mettener M\u00f6nchen in der Pfarr- und Klosterkirche St. Michael am Abend des 2. April versammelt. Abt Athanasius stand der Eucharistiefeier vom letzten Abendmahl vor. Bei der Fu\u00dfwaschung [&hellip;]<\/p>\n","protected":false},"author":5,"featured_media":0,"parent":1120,"menu_order":-191,"comment_status":"closed","ping_status":"closed","template":"","meta":{"footnotes":""},"class_list":["post-49695","page","type-page","status-publish","hentry"],"_links":{"self":[{"href":"https:\/\/www.kloster-metten.com\/index.php?rest_route=\/wp\/v2\/pages\/49695","targetHints":{"allow":["GET"]}}],"collection":[{"href":"https:\/\/www.kloster-metten.com\/index.php?rest_route=\/wp\/v2\/pages"}],"about":[{"href":"https:\/\/www.kloster-metten.com\/index.php?rest_route=\/wp\/v2\/types\/page"}],"author":[{"embeddable":true,"href":"https:\/\/www.kloster-metten.com\/index.php?rest_route=\/wp\/v2\/users\/5"}],"replies":[{"embeddable":true,"href":"https:\/\/www.kloster-metten.com\/index.php?rest_route=%2Fwp%2Fv2%2Fcomments&post=49695"}],"version-history":[{"count":2,"href":"https:\/\/www.kloster-metten.com\/index.php?rest_route=\/wp\/v2\/pages\/49695\/revisions"}],"predecessor-version":[{"id":49700,"href":"https:\/\/www.kloster-metten.com\/index.php?rest_route=\/wp\/v2\/pages\/49695\/revisions\/49700"}],"up":[{"embeddable":true,"href":"https:\/\/www.kloster-metten.com\/index.php?rest_route=\/wp\/v2\/pages\/1120"}],"wp:attachment":[{"href":"https:\/\/www.kloster-metten.com\/index.php?rest_route=%2Fwp%2Fv2%2Fmedia&parent=49695"}],"curies":[{"name":"wp","href":"https:\/\/api.w.org\/{rel}","templated":true}]}}