{"id":5033,"date":"2013-09-19T16:12:49","date_gmt":"2013-09-19T14:12:49","guid":{"rendered":"http:\/\/www.kloster-metten.de\/?page_id=5033"},"modified":"2016-05-16T21:42:07","modified_gmt":"2016-05-16T19:42:07","slug":"papst-em-benedikt-empfing-abt-wolfgang","status":"publish","type":"page","link":"https:\/\/www.kloster-metten.com\/?page_id=5033","title":{"rendered":"Papst em. Benedikt empfing Abt Wolfgang"},"content":{"rendered":"<a href=\"https:\/\/www.kloster-metten.com\/wp-content\/uploads\/2013\/09\/p1070628_.jpg\"><img loading=\"lazy\" decoding=\"async\" class=\"alignnone size-medium wp-image-5034\" title=\"p1070628_\" src=\"https:\/\/www.kloster-metten.com\/wp-content\/uploads\/2013\/09\/p1070628_-500x375.jpg\" alt=\"\" width=\"500\" height=\"375\" srcset=\"https:\/\/www.kloster-metten.com\/wp-content\/uploads\/2013\/09\/p1070628_-500x375.jpg 500w, https:\/\/www.kloster-metten.com\/wp-content\/uploads\/2013\/09\/p1070628_.jpg 1024w\" sizes=\"auto, (max-width: 500px) 100vw, 500px\" \/><\/a><h2>Papst em. Benedikt empfing Abt Wolfgang<\/h2><p><\/p>\n<p>Abt Wolfgang war am Montag, dem 16. September, zu Besuch bei Papst em. Benedikt. Der Heilige Vater war sehr interessiert, fragte nach Kloster und Schule und r\u00fchmte den starken Zusammenhalt der Altmettener.<\/p>\n<p>Zum Schluss erteilte er seinen Segen und lie\u00df alle Mitbr\u00fcder, Mitarbeiter, Sch\u00fcler und alle Altmettener herzlich gr\u00fc\u00dfen.<\/p>\n","protected":false},"excerpt":{"rendered":"<p>Papst em. Benedikt empfing Abt Wolfgang Abt Wolfgang war am Montag, dem 16. September, zu Besuch bei Papst em. Benedikt. Der Heilige Vater war sehr interessiert, fragte nach Kloster und Schule und r\u00fchmte den starken Zusammenhalt der Altmettener. Zum Schluss erteilte er seinen Segen und lie\u00df alle Mitbr\u00fcder, Mitarbeiter, Sch\u00fcler und alle Altmettener herzlich gr\u00fc\u00dfen.<\/p>\n","protected":false},"author":5,"featured_media":0,"parent":9796,"menu_order":-227,"comment_status":"closed","ping_status":"open","template":"","meta":{"footnotes":""},"class_list":["post-5033","page","type-page","status-publish","hentry"],"_links":{"self":[{"href":"https:\/\/www.kloster-metten.com\/index.php?rest_route=\/wp\/v2\/pages\/5033","targetHints":{"allow":["GET"]}}],"collection":[{"href":"https:\/\/www.kloster-metten.com\/index.php?rest_route=\/wp\/v2\/pages"}],"about":[{"href":"https:\/\/www.kloster-metten.com\/index.php?rest_route=\/wp\/v2\/types\/page"}],"author":[{"embeddable":true,"href":"https:\/\/www.kloster-metten.com\/index.php?rest_route=\/wp\/v2\/users\/5"}],"replies":[{"embeddable":true,"href":"https:\/\/www.kloster-metten.com\/index.php?rest_route=%2Fwp%2Fv2%2Fcomments&post=5033"}],"version-history":[{"count":1,"href":"https:\/\/www.kloster-metten.com\/index.php?rest_route=\/wp\/v2\/pages\/5033\/revisions"}],"predecessor-version":[{"id":9841,"href":"https:\/\/www.kloster-metten.com\/index.php?rest_route=\/wp\/v2\/pages\/5033\/revisions\/9841"}],"up":[{"embeddable":true,"href":"https:\/\/www.kloster-metten.com\/index.php?rest_route=\/wp\/v2\/pages\/9796"}],"wp:attachment":[{"href":"https:\/\/www.kloster-metten.com\/index.php?rest_route=%2Fwp%2Fv2%2Fmedia&parent=5033"}],"curies":[{"name":"wp","href":"https:\/\/api.w.org\/{rel}","templated":true}]}}