{"id":5039,"date":"2013-09-22T17:42:31","date_gmt":"2013-09-22T15:42:31","guid":{"rendered":"http:\/\/www.kloster-metten.de\/?page_id=5039"},"modified":"2016-05-16T21:41:49","modified_gmt":"2016-05-16T19:41:49","slug":"schifffahrt-von-straubing-nach-vilshofen","status":"publish","type":"page","link":"https:\/\/www.kloster-metten.com\/?page_id=5039","title":{"rendered":"Schifffahrt von Straubing nach Vilshofen"},"content":{"rendered":"<a href=\"https:\/\/www.kloster-metten.com\/wp-content\/uploads\/2013\/09\/p1070718_.jpg\"><img loading=\"lazy\" decoding=\"async\" class=\"alignnone size-medium wp-image-5040\" title=\"p1070718_\" src=\"https:\/\/www.kloster-metten.com\/wp-content\/uploads\/2013\/09\/p1070718_-499x395.jpg\" alt=\"\" width=\"499\" height=\"395\" srcset=\"https:\/\/www.kloster-metten.com\/wp-content\/uploads\/2013\/09\/p1070718_-499x395.jpg 499w, https:\/\/www.kloster-metten.com\/wp-content\/uploads\/2013\/09\/p1070718_.jpg 951w\" sizes=\"auto, (max-width: 499px) 100vw, 499px\" \/><\/a><h2>Schifffahrt von Straubing nach Vilshofen<\/h2><p><\/p>\n<p>Eine Gruppe von Mettenern Schulschwestern und Mitbr\u00fcdern unternahm am 22. September auf der MS Deggendorf eine vierst\u00fcndige Schifffahrt von Straubing nach Vilshofen.<\/p>\n<p>Von Fluss aus bot sich eine ganz neue und wundersch\u00f6ne Sicht auf die herrliche Landschaft des G\u00e4ubodens und des Vorwaldes, ebenso auf die ehemalige Abtei Oberalteich, den \u00e4ltesten bayerische Wallfahrtsort Bogenberg, das Schloss Offenberg, unser Kloster in Metten, die Stadt Deggendorf, die Isarm\u00fcndung, sodann die altehrw\u00fcrdige Abtei Niederaltaich und schlie\u00dflich das Kloster Schweiklberg, hoch \u00fcber unserem Ziel, der Anlegestelle in Vilshofen.<\/p>\n","protected":false},"excerpt":{"rendered":"<p>Schifffahrt von Straubing nach Vilshofen Eine Gruppe von Mettenern Schulschwestern und Mitbr\u00fcdern unternahm am 22. September auf der MS Deggendorf eine vierst\u00fcndige Schifffahrt von Straubing nach Vilshofen. Von Fluss aus bot sich eine ganz neue und wundersch\u00f6ne Sicht auf die herrliche Landschaft des G\u00e4ubodens und des Vorwaldes, ebenso auf die ehemalige Abtei Oberalteich, den \u00e4ltesten [&hellip;]<\/p>\n","protected":false},"author":5,"featured_media":0,"parent":9796,"menu_order":-231,"comment_status":"closed","ping_status":"open","template":"","meta":{"footnotes":""},"class_list":["post-5039","page","type-page","status-publish","hentry"],"_links":{"self":[{"href":"https:\/\/www.kloster-metten.com\/index.php?rest_route=\/wp\/v2\/pages\/5039","targetHints":{"allow":["GET"]}}],"collection":[{"href":"https:\/\/www.kloster-metten.com\/index.php?rest_route=\/wp\/v2\/pages"}],"about":[{"href":"https:\/\/www.kloster-metten.com\/index.php?rest_route=\/wp\/v2\/types\/page"}],"author":[{"embeddable":true,"href":"https:\/\/www.kloster-metten.com\/index.php?rest_route=\/wp\/v2\/users\/5"}],"replies":[{"embeddable":true,"href":"https:\/\/www.kloster-metten.com\/index.php?rest_route=%2Fwp%2Fv2%2Fcomments&post=5039"}],"version-history":[{"count":1,"href":"https:\/\/www.kloster-metten.com\/index.php?rest_route=\/wp\/v2\/pages\/5039\/revisions"}],"predecessor-version":[{"id":9840,"href":"https:\/\/www.kloster-metten.com\/index.php?rest_route=\/wp\/v2\/pages\/5039\/revisions\/9840"}],"up":[{"embeddable":true,"href":"https:\/\/www.kloster-metten.com\/index.php?rest_route=\/wp\/v2\/pages\/9796"}],"wp:attachment":[{"href":"https:\/\/www.kloster-metten.com\/index.php?rest_route=%2Fwp%2Fv2%2Fmedia&parent=5039"}],"curies":[{"name":"wp","href":"https:\/\/api.w.org\/{rel}","templated":true}]}}