{"id":5055,"date":"2013-10-13T14:45:52","date_gmt":"2013-10-13T12:45:52","guid":{"rendered":"http:\/\/www.kloster-metten.de\/?page_id=5055"},"modified":"2016-05-16T21:40:45","modified_gmt":"2016-05-16T19:40:45","slug":"goldene-profess-von-p-eberhard","status":"publish","type":"page","link":"https:\/\/www.kloster-metten.com\/?page_id=5055","title":{"rendered":"Goldene Profess von P. Eberhard"},"content":{"rendered":"<a href=\"https:\/\/www.kloster-metten.com\/wp-content\/uploads\/2013\/10\/p-eberhard-mit-den-altersstab.jpg\"><img loading=\"lazy\" decoding=\"async\" class=\"alignnone size-medium wp-image-5056\" title=\"p-eberhard-mit-den-altersstab\" src=\"https:\/\/www.kloster-metten.com\/wp-content\/uploads\/2013\/10\/p-eberhard-mit-den-altersstab-500x375.jpg\" alt=\"\" width=\"500\" height=\"375\" srcset=\"https:\/\/www.kloster-metten.com\/wp-content\/uploads\/2013\/10\/p-eberhard-mit-den-altersstab-500x375.jpg 500w, https:\/\/www.kloster-metten.com\/wp-content\/uploads\/2013\/10\/p-eberhard-mit-den-altersstab.jpg 1024w\" sizes=\"auto, (max-width: 500px) 100vw, 500px\" \/><\/a><h2>Goldene Profess von P. Eberhard<\/h2><p><\/p>\n<p>P. Eberhard Lorenz hat heute, Sonntag 13. Oktober, im Kreis seiner Mitbr\u00fcder, seiner Verwandten und vieler Mettener Pfarreiangeh\u00f6riger in einem festlichen Gottesdienst seine Goldene Profess gefeiert. Er hat die Professurkunde verlesen, das \u201eSuscipe&#8220; gesungen und aus der Hand von Abt Wolfgang den Altersstab empfangen.<\/p>\n<p>\u201eLieber P. Eberhard, von Deinen 70 Lebensjahren bist Du 60 in Metten, zun\u00e4chst auf Betreiben Deines Verwandten Pfarrer Jakob Wendl als Sch\u00fcler des Gymnasiums und seit 51 Jahren als M\u00f6nch unseres Klosters.<\/p>\n<p>Nach dem Abschluss Deines Studiums und der Priesterweihe im Jahr 1968 hast Du Dich in den Arbeitsfeldern unseres Klosters einsetzen lassen, wo immer man Dich gebraucht hat.<\/p>\n<p>Zun\u00e4chst wurdest Du von Abt Augustinus als Pr\u00e4fekt im Internat und als Religionslehrer am Gymnasium eingesetzt. Du hast aber auch Sport und Mathematik unterrichtet. Mit gro\u00dfer Begeisterung hast diese Aufgaben angepackt; denn der Umgang mit jungen Menschen lag Dir stets am Herzen, hat Dir immer viel Freude gemacht und das hat sich so gehalten bis zum heutigen Tag.<\/p>\n<p>Aus der Sorge um eine sinnvolle Freizeitgestaltung, im Bewusstsein, dass junge Menschen erf\u00fcllende Hobbys brauchen, um mit einer gewissen Stabilit\u00e4t die Wirren der Pubert\u00e4t zu \u00fcberstehen, aber auch aus eigener Passion hast Du die Begeisterung f\u00fcr den Handballsport in Metten geweckt. Du hast Dich massiv f\u00fcr den Bau der neuen Sporthalle eingesetzt, warst nicht nur Gr\u00fcnder und langj\u00e4hriger Vorsitzender der Schulsportgemeinschaft Metten, sondern auch deren erster Trainer und durftest Dich schon zu Beginn \u00fcber gro\u00dfe Erfolge, wie die bayerische Meisterschaft, freuen. Mittlerweile ist die SSG aus dem Gemeindeleben nicht mehr wegzudenken. In ihr geschieht hervorragende Jugendarbeit mit einem unglaublich hohen ehrenamtlichen Engagement bis zum heutigen Tag. Die SSG war und ist Dein Werk und hat Dir den ehrenvollen Titel des \u201eBayerischen Handballpaters&#8220; eingebracht. Am letzten Sonntag wurde Dir daf\u00fcr vom Handballverband eine hohe Auszeichnung verliehen.<\/p>\n<p>Im Jahr 1982 hat Dich Abt Emmeram zum Pfarrer von Metten ernannt. Seit nunmehr 31 Jahren bist Du Seelsorger dieser immer gr\u00f6\u00dfer gewordenen Pfarrei. Du begleitest die Dir anvertrauten Menschen buchst\u00e4blich von der Wiege bis zur Bahre. Du taufst l\u00e4ngst schon die Kinder Deiner ersten T\u00e4uflinge. Du gehst den Menschen nach, tr\u00f6stest die Trauernden, sprichst den Mutlosen neuen Mut zu, bereitest die Kinder auf die Erstbeichte, die Erstkommunion und die Firmung vor und betreust die Ministranten. Du begleitest die Brautpaare, besuchst die Kranken, k\u00fcmmerst Dich um den Kinder-garten und und und. Des Aufz\u00e4hlens der Aufgaben eines Seelsorgers ist kein Ende.<\/p>\n<p>Daneben gibt eine Menge Arbeit als Bauherr, gerade jetzt bei der Renovierung der Kirche.<\/p>\n<p>Von 1990 bis 1993, also eine Periode, hattest Du das verantwortungs-volle Amt des Priors in unserer Gemeinschaft inne.<\/p>\n<p>Du hast nie gefragt, ob eine dieser Aufgaben zu Dir passt, ob sie Dich erf\u00fcllt, ob Du Dich darin verwirklichen wirst k\u00f6nnen. Du hast es getan, weil Du beim Professversprechen vor 50 Jahren gesagt hast, in allem Gott zu suchen, Christus nichts vorzuziehen und unter der F\u00fchrung des Evangeliums ein Leben nach der Regel es heiligen Benedikt zu f\u00fchren.<\/p>\n<p>F\u00fcr dieses Zeugnis sagen wir Dir heute ein herzliches Vergelts Gott. M\u00f6ge der Herrgott Dir ein reicher Lohner sein!&#8220;<\/p>\n<p><em>Aus der Festpredigt von Abt Wolfgang<\/em><\/p>\n","protected":false},"excerpt":{"rendered":"<p>Goldene Profess von P. Eberhard P. Eberhard Lorenz hat heute, Sonntag 13. Oktober, im Kreis seiner Mitbr\u00fcder, seiner Verwandten und vieler Mettener Pfarreiangeh\u00f6riger in einem festlichen Gottesdienst seine Goldene Profess gefeiert. Er hat die Professurkunde verlesen, das \u201eSuscipe&#8220; gesungen und aus der Hand von Abt Wolfgang den Altersstab empfangen. \u201eLieber P. Eberhard, von Deinen 70 [&hellip;]<\/p>\n","protected":false},"author":5,"featured_media":0,"parent":9796,"menu_order":-234,"comment_status":"closed","ping_status":"open","template":"","meta":{"footnotes":""},"class_list":["post-5055","page","type-page","status-publish","hentry"],"_links":{"self":[{"href":"https:\/\/www.kloster-metten.com\/index.php?rest_route=\/wp\/v2\/pages\/5055","targetHints":{"allow":["GET"]}}],"collection":[{"href":"https:\/\/www.kloster-metten.com\/index.php?rest_route=\/wp\/v2\/pages"}],"about":[{"href":"https:\/\/www.kloster-metten.com\/index.php?rest_route=\/wp\/v2\/types\/page"}],"author":[{"embeddable":true,"href":"https:\/\/www.kloster-metten.com\/index.php?rest_route=\/wp\/v2\/users\/5"}],"replies":[{"embeddable":true,"href":"https:\/\/www.kloster-metten.com\/index.php?rest_route=%2Fwp%2Fv2%2Fcomments&post=5055"}],"version-history":[{"count":1,"href":"https:\/\/www.kloster-metten.com\/index.php?rest_route=\/wp\/v2\/pages\/5055\/revisions"}],"predecessor-version":[{"id":9837,"href":"https:\/\/www.kloster-metten.com\/index.php?rest_route=\/wp\/v2\/pages\/5055\/revisions\/9837"}],"up":[{"embeddable":true,"href":"https:\/\/www.kloster-metten.com\/index.php?rest_route=\/wp\/v2\/pages\/9796"}],"wp:attachment":[{"href":"https:\/\/www.kloster-metten.com\/index.php?rest_route=%2Fwp%2Fv2%2Fmedia&parent=5055"}],"curies":[{"name":"wp","href":"https:\/\/api.w.org\/{rel}","templated":true}]}}