{"id":5088,"date":"2013-10-26T22:56:17","date_gmt":"2013-10-26T20:56:17","guid":{"rendered":"http:\/\/www.kloster-metten.de\/?page_id=5088"},"modified":"2016-05-16T21:40:23","modified_gmt":"2016-05-16T19:40:23","slug":"prayer-festival-in-metten","status":"publish","type":"page","link":"https:\/\/www.kloster-metten.com\/?page_id=5088","title":{"rendered":"Prayerfestival in Metten"},"content":{"rendered":"<a href=\"https:\/\/www.kloster-metten.com\/wp-content\/uploads\/2013\/10\/dscf4497_.jpg\"><img loading=\"lazy\" decoding=\"async\" class=\"alignnone size-medium wp-image-5089\" title=\"dscf4497_\" src=\"https:\/\/www.kloster-metten.com\/wp-content\/uploads\/2013\/10\/dscf4497_-500x301.jpg\" alt=\"\" width=\"500\" height=\"301\" srcset=\"https:\/\/www.kloster-metten.com\/wp-content\/uploads\/2013\/10\/dscf4497_-500x301.jpg 500w, https:\/\/www.kloster-metten.com\/wp-content\/uploads\/2013\/10\/dscf4497_.jpg 1961w\" sizes=\"auto, (max-width: 500px) 100vw, 500px\" \/><\/a><h2>Prayerfestival in Metten<\/h2><p><\/p>\n<p class=\"Text\">Die Jugend 2000 l\u00e4dt zum Prayerfestival ins Kloster Metten ein. Es handelt sich um ein Wochenende f\u00fcr Jugendliche, bei dem Begegnung, Musik, Gebet\u00a0 und ansprechende Glaubensinformation geboten werden.<\/p>\n<p class=\"Text\">Es beginnt am Freitagabend mit einem Lobpreiskonzert der Jugend 2000 &#8211; Band in der neuen Turnhalle des Gymnasiums, dem Hauptort des Geschehens am ganzen Wochenende. Nach einem Impuls mit dem Thema \u201eEucharistie heute\u201c feiern die Teilnehmer einen Jugendgottesdienst. Nach dem Segen wird das Allerheiligste auf einem pyramidenartigen Sockel in der Halle zur Anbetung bis zum Sonntagvormittag ausgesetzt, entsprechend der fr\u00fcher gewohnten Praxis des vierzigst\u00fcndigen Gebetes.<\/p>\n<p class=\"Text\">Am Samstag gibt es ein Extraprogramm f\u00fcr Firmlinge \u00fcber den ganzen Tag. Im Hauptprogramm gibt es nach dem Morgenlob um 8.15 Uhr einen Vortrag zum Thema \u201eJesus &#8211; wer bist Du?\u201c Anschlie\u00dfend ergeht die Einladung, sich in Gruppen von Gleichaltrigen \u00fcber Fragen des Glaubens an Jesus auszutauschen.Am Nachmittag besch\u00e4ftigt sich ein Referent mit der Frage der Beichte im Jahr 2013, darauf folgen Workshops zu Themen des praktisch gelebten Glaubens, und um 17 Uhr gibt es wieder einen Jugendgottesdienst in der Turnhalle. Der Impuls nach dem Abendessen hat das Thema: \u201eVers\u00f6hnung, ein Geschenk an uns\u201c. Er leitet \u00fcber zum \u201eAbend der Barmherzigkeit\u201c, einer Gebetszeit, in der sich jeder Teilnehmer vom Priester mit der Monstranz segnen lassen kann.<\/p>\n<p class=\"Text\">Das Sonntagsprogramm beginnt mit dem Morgenlob und einem Vortrag \u00fcber \u201eMaria &#8211; auf meinem Weg?\u201c Dann wird das Alllerheiligste in feierlicher Prozession aus der Turnhalle in die Kirche \u00fcbertragen, wo um 10 Uhr 15 der Festgottesdienst mit Generalvikar Michael Fuchs stattfindet. Im Anschluss daran werden einige Teilnehmer von ihren Erfahrungen an diesem Wochenende erz\u00e4hlen. Nach dem Mittagessen verabschieden sich die Jugendlichen voneinander und vom Kloster Metten.<\/p>\n<p class=\"Text\">Die Hauptadressaten f\u00fcr dieses Wochenende sind zwar Jugendliche ab 14 Jahren, es sind jedoch Interessenten jeden Alters eingeladen, das ganze Programm oder Teile davon mit zu erleben. Sowohl am Freitag wie auch am Samstag besteht die ganze Zeit hindurch die M\u00f6glichkeit zur eucharistischen Anbetung in der Turnhalle. Die Teilnehmer \u00fcbernachten im Bereich von Schule und Kloster und werden unentgeltlich verk\u00f6stigt.\u00a0Informationen finden Sie auch unter <a href=\"http:\/\/www.jugend2000.org\/event\/prayerfestival-metten\">http:\/\/www.jugend2000.org\/event\/prayerfestival-metten<\/a>.<\/p>\n<p class=\"Text\">\n","protected":false},"excerpt":{"rendered":"<p>Prayerfestival in Metten Die Jugend 2000 l\u00e4dt zum Prayerfestival ins Kloster Metten ein. Es handelt sich um ein Wochenende f\u00fcr Jugendliche, bei dem Begegnung, Musik, Gebet\u00a0 und ansprechende Glaubensinformation geboten werden. Es beginnt am Freitagabend mit einem Lobpreiskonzert der Jugend 2000 &#8211; Band in der neuen Turnhalle des Gymnasiums, dem Hauptort des Geschehens am ganzen [&hellip;]<\/p>\n","protected":false},"author":5,"featured_media":0,"parent":9796,"menu_order":-235,"comment_status":"closed","ping_status":"open","template":"","meta":{"footnotes":""},"class_list":["post-5088","page","type-page","status-publish","hentry"],"_links":{"self":[{"href":"https:\/\/www.kloster-metten.com\/index.php?rest_route=\/wp\/v2\/pages\/5088","targetHints":{"allow":["GET"]}}],"collection":[{"href":"https:\/\/www.kloster-metten.com\/index.php?rest_route=\/wp\/v2\/pages"}],"about":[{"href":"https:\/\/www.kloster-metten.com\/index.php?rest_route=\/wp\/v2\/types\/page"}],"author":[{"embeddable":true,"href":"https:\/\/www.kloster-metten.com\/index.php?rest_route=\/wp\/v2\/users\/5"}],"replies":[{"embeddable":true,"href":"https:\/\/www.kloster-metten.com\/index.php?rest_route=%2Fwp%2Fv2%2Fcomments&post=5088"}],"version-history":[{"count":1,"href":"https:\/\/www.kloster-metten.com\/index.php?rest_route=\/wp\/v2\/pages\/5088\/revisions"}],"predecessor-version":[{"id":9836,"href":"https:\/\/www.kloster-metten.com\/index.php?rest_route=\/wp\/v2\/pages\/5088\/revisions\/9836"}],"up":[{"embeddable":true,"href":"https:\/\/www.kloster-metten.com\/index.php?rest_route=\/wp\/v2\/pages\/9796"}],"wp:attachment":[{"href":"https:\/\/www.kloster-metten.com\/index.php?rest_route=%2Fwp%2Fv2%2Fmedia&parent=5088"}],"curies":[{"name":"wp","href":"https:\/\/api.w.org\/{rel}","templated":true}]}}