{"id":51,"date":"2008-08-04T21:35:14","date_gmt":"2008-08-04T19:35:14","guid":{"rendered":"http:\/\/kloster-metten.de\/?page_id=51"},"modified":"2008-08-04T21:35:14","modified_gmt":"2008-08-04T19:35:14","slug":"gebetsanliegen","status":"publish","type":"page","link":"https:\/\/www.kloster-metten.com\/?page_id=51","title":{"rendered":"Gebetsanliegen"},"content":{"rendered":"<a href=\"http:\/\/kloster-metten.de\/wp-content\/uploads\/2008\/09\/1_atk3002.jpg\"><img loading=\"lazy\" decoding=\"async\" class=\"alignleft size-medium wp-image-1223\" title=\"1_atk3002\" src=\"http:\/\/kloster-metten.de\/wp-content\/uploads\/2008\/09\/1_atk3002-332x500.jpg\" alt=\"\" width=\"200\" height=\"302\" srcset=\"https:\/\/www.kloster-metten.com\/wp-content\/uploads\/2008\/09\/1_atk3002-332x500.jpg 332w, https:\/\/www.kloster-metten.com\/wp-content\/uploads\/2008\/09\/1_atk3002.jpg 665w\" sizes=\"auto, (max-width: 200px) 100vw, 200px\" \/><\/a><h2>Gebetsanliegen<\/h2><p>Wie jede benediktinische M\u00f6nchsgemeinschaft, versammelt sich auch der Konvent im Kloster Metten regelm\u00e4\u00dfig zu den Chorgebeten und zum Gottesdienst. Besondere Gebetsanliegen von au\u00dfen werden von den M\u00f6nchen gerne aufgegriffen und in ihr F\u00fcrbittgebet aufgenommen. Scheuen Sie sich nicht und formulieren Sie Ihre Bitte in einer E-Mail, die diskret behandelt wird. Sie k\u00f6nnen sicher sein, dass Ihr Anliegen ernst genommen wird.<br \/>\n<em><br \/>\n<\/em>\n<div class=\"wpcf7 no-js\" id=\"wpcf7-f8855-o1\" lang=\"en-US\" dir=\"ltr\" data-wpcf7-id=\"8855\">\n<div class=\"screen-reader-response\"><p role=\"status\" aria-live=\"polite\" aria-atomic=\"true\"><\/p> <ul><\/ul><\/div>\n<form action=\"\/index.php?rest_route=%2Fwp%2Fv2%2Fpages%2F51#wpcf7-f8855-o1\" method=\"post\" class=\"wpcf7-form init\" aria-label=\"Contact form\" novalidate=\"novalidate\" data-status=\"init\">\n<fieldset class=\"hidden-fields-container\"><input type=\"hidden\" name=\"_wpcf7\" value=\"8855\" \/><input type=\"hidden\" name=\"_wpcf7_version\" value=\"6.1.4\" \/><input type=\"hidden\" name=\"_wpcf7_locale\" value=\"en_US\" \/><input type=\"hidden\" name=\"_wpcf7_unit_tag\" value=\"wpcf7-f8855-o1\" \/><input type=\"hidden\" name=\"_wpcf7_container_post\" value=\"0\" \/><input type=\"hidden\" name=\"_wpcf7_posted_data_hash\" value=\"\" \/>\n<\/fieldset>\n<p>Mein Name\n<\/p>\n<p><span class=\"wpcf7-form-control-wrap\" data-name=\"your-name\"><input size=\"40\" maxlength=\"400\" class=\"wpcf7-form-control wpcf7-text\" aria-invalid=\"false\" value=\"\" type=\"text\" name=\"your-name\" \/><\/span>\n<\/p>\n<p>Meine E-Mail\n<\/p>\n<p><span class=\"wpcf7-form-control-wrap\" data-name=\"your-email\"><input size=\"40\" maxlength=\"400\" class=\"wpcf7-form-control wpcf7-email wpcf7-text wpcf7-validates-as-email\" aria-invalid=\"false\" value=\"\" type=\"email\" name=\"your-email\" \/><\/span>\n<\/p>\n<p>Mein Gebetsanliegen\n<\/p>\n<p><span class=\"wpcf7-form-control-wrap\" data-name=\"your-message\"><textarea cols=\"40\" rows=\"10\" maxlength=\"2000\" class=\"wpcf7-form-control wpcf7-textarea\" aria-invalid=\"false\" name=\"your-message\"><\/textarea><\/span>\n<\/p>\n<p><input class=\"wpcf7-form-control wpcf7-submit has-spinner\" type=\"submit\" value=\"Senden\" \/>\n<\/p><div class=\"wpcf7-response-output\" aria-hidden=\"true\"><\/div>\n<\/form>\n<\/div>\n <\/p>\n","protected":false},"excerpt":{"rendered":"<p>GebetsanliegenWie jede benediktinische M\u00f6nchsgemeinschaft, versammelt sich auch der Konvent im Kloster Metten regelm\u00e4\u00dfig zu den Chorgebeten und zum Gottesdienst. Besondere Gebetsanliegen von au\u00dfen werden von den M\u00f6nchen gerne aufgegriffen und in ihr F\u00fcrbittgebet aufgenommen. Scheuen Sie sich nicht und formulieren Sie Ihre Bitte in einer E-Mail, die diskret behandelt wird. Sie k\u00f6nnen sicher sein, dass [&hellip;]<\/p>\n","protected":false},"author":5,"featured_media":0,"parent":11,"menu_order":0,"comment_status":"closed","ping_status":"closed","template":"","meta":{"footnotes":""},"class_list":["post-51","page","type-page","status-publish","hentry"],"_links":{"self":[{"href":"https:\/\/www.kloster-metten.com\/index.php?rest_route=\/wp\/v2\/pages\/51","targetHints":{"allow":["GET"]}}],"collection":[{"href":"https:\/\/www.kloster-metten.com\/index.php?rest_route=\/wp\/v2\/pages"}],"about":[{"href":"https:\/\/www.kloster-metten.com\/index.php?rest_route=\/wp\/v2\/types\/page"}],"author":[{"embeddable":true,"href":"https:\/\/www.kloster-metten.com\/index.php?rest_route=\/wp\/v2\/users\/5"}],"replies":[{"embeddable":true,"href":"https:\/\/www.kloster-metten.com\/index.php?rest_route=%2Fwp%2Fv2%2Fcomments&post=51"}],"version-history":[{"count":0,"href":"https:\/\/www.kloster-metten.com\/index.php?rest_route=\/wp\/v2\/pages\/51\/revisions"}],"up":[{"embeddable":true,"href":"https:\/\/www.kloster-metten.com\/index.php?rest_route=\/wp\/v2\/pages\/11"}],"wp:attachment":[{"href":"https:\/\/www.kloster-metten.com\/index.php?rest_route=%2Fwp%2Fv2%2Fmedia&parent=51"}],"curies":[{"name":"wp","href":"https:\/\/api.w.org\/{rel}","templated":true}]}}