{"id":5392,"date":"2014-05-30T23:07:45","date_gmt":"2014-05-30T21:07:45","guid":{"rendered":"http:\/\/www.kloster-metten.de\/?page_id=5392"},"modified":"2025-01-02T14:58:49","modified_gmt":"2025-01-02T13:58:49","slug":"mint","status":"publish","type":"page","link":"https:\/\/www.kloster-metten.com\/?page_id=5392","title":{"rendered":"MINT"},"content":{"rendered":"<a href=\"https:\/\/www.mint-ec.de\/\"><img loading=\"lazy\" decoding=\"async\" class=\"alignleft size-medium wp-image-11884\" title=\"MINT-EC-SCHULE_Logo_Mitglied\" src=\"https:\/\/www.kloster-metten.com\/wp-content\/uploads\/2014\/05\/MINT-EC-SCHULE_Logo_Mitglied-500x331.jpg\" alt=\"\" width=\"500\" height=\"331\" srcset=\"https:\/\/www.kloster-metten.com\/wp-content\/uploads\/2014\/05\/MINT-EC-SCHULE_Logo_Mitglied-500x331.jpg 500w, https:\/\/www.kloster-metten.com\/wp-content\/uploads\/2014\/05\/MINT-EC-SCHULE_Logo_Mitglied.jpg 768w\" sizes=\"auto, (max-width: 500px) 100vw, 500px\" \/><\/a><h2>MINT<\/h2><p><\/p>\n<p>&nbsp;<\/p>\n\r\n\t\t<style type='text\/css'>\r\n\t\t\t#gallery-1 {\r\n\t\t\t\tmargin: auto;\r\n\t\t\t}\r\n\t\t\t#gallery-1 .gallery-item {\r\n\t\t\t\tfloat: left;\r\n\t\t\t\tmargin-top: 10px;\r\n\t\t\t\ttext-align: center;\r\n\t\t\t\twidth: 33%;\r\n\t\t\t}\r\n\t\t\t#gallery-1 hr {\r\n\t\t\t\theight: 1px;\r\n\t\t\t}\r\n\t\t\t#gallery-1 .gallery-caption {\r\n\t\t\t\tmargin-left: 0;\r\n\t\t\t}\r\n\t\t\t\/* see gallery_shortcode() in wp-includes\/media.php *\/\r\n\t\t<\/style>\n\t\t<div id='gallery-1' class='gallery galleryid-5392 gallery-columns-3 gallery-size-thumbnail'><hr class='null'><dl class='gallery-item'>\r\n\t\t\t<dt class='gallery-icon landscape'>\r\n\t\t\t\t<a title=\"Chemievorf\u00fchrung_\"  href='https:\/\/www.kloster-metten.com\/?attachment_id=5917'><img loading=\"lazy\" decoding=\"async\" width=\"170\" height=\"115\" src=\"https:\/\/www.kloster-metten.com\/wp-content\/uploads\/2015\/03\/Chemievorf\u00fchrung_-170x115.jpg\" class=\"attachment-thumbnail size-thumbnail\" alt=\"\" \/><\/a>\r\n\t\t\t<\/dt><\/dl><dl class='gallery-item'>\r\n\t\t\t<dt class='gallery-icon portrait'>\r\n\t\t\t\t<a title=\"DSCF7362_\"  href='https:\/\/www.kloster-metten.com\/?attachment_id=5867'><img loading=\"lazy\" decoding=\"async\" width=\"170\" height=\"115\" src=\"https:\/\/www.kloster-metten.com\/wp-content\/uploads\/2015\/03\/DSCF7362_-e1506354959437-170x115.jpg\" class=\"attachment-thumbnail size-thumbnail\" alt=\"\" \/><\/a>\r\n\t\t\t<\/dt><\/dl><dl class='gallery-item'>\r\n\t\t\t<dt class='gallery-icon landscape'>\r\n\t\t\t\t<a title=\"dscf4887_\"  href='https:\/\/www.kloster-metten.com\/?attachment_id=5254'><img loading=\"lazy\" decoding=\"async\" width=\"170\" height=\"115\" src=\"https:\/\/www.kloster-metten.com\/wp-content\/uploads\/2014\/03\/dscf4887_-170x115.jpg\" class=\"attachment-thumbnail size-thumbnail\" alt=\"\" \/><\/a>\r\n\t\t\t<\/dt><\/dl><br style=\"clear: both\" \/><dl class='gallery-item'>\r\n\t\t\t<dt class='gallery-icon landscape'>\r\n\t\t\t\t<a title=\"naboj2015\"  href='https:\/\/www.kloster-metten.com\/?attachment_id=5943'><img loading=\"lazy\" decoding=\"async\" width=\"170\" height=\"115\" src=\"https:\/\/www.kloster-metten.com\/wp-content\/uploads\/2015\/04\/naboj2015-170x115.jpg\" class=\"attachment-thumbnail size-thumbnail\" alt=\"\" \/><\/a>\r\n\t\t\t<\/dt><\/dl><dl class='gallery-item'>\r\n\t\t\t<dt class='gallery-icon landscape'>\r\n\t\t\t\t<a title=\"dscf3450_\"  href='https:\/\/www.kloster-metten.com\/?attachment_id=4864'><img loading=\"lazy\" decoding=\"async\" width=\"170\" height=\"115\" src=\"https:\/\/www.kloster-metten.com\/wp-content\/uploads\/2013\/03\/dscf3450_-170x115.jpg\" class=\"attachment-thumbnail size-thumbnail\" alt=\"\" \/><\/a>\r\n\t\t\t<\/dt><\/dl><dl class='gallery-item'>\r\n\t\t\t<dt class='gallery-icon landscape'>\r\n\t\t\t\t<a title=\"dscf3483_\"  href='https:\/\/www.kloster-metten.com\/?attachment_id=4870'><img loading=\"lazy\" decoding=\"async\" width=\"170\" height=\"115\" src=\"https:\/\/www.kloster-metten.com\/wp-content\/uploads\/2013\/03\/dscf3483_-170x115.jpg\" class=\"attachment-thumbnail size-thumbnail\" alt=\"\" \/><\/a>\r\n\t\t\t<\/dt><\/dl><br style=\"clear: both\" \/>\r\n\t\t<\/div>\n\n<p>Das St.-Michaels-Gymnasium bietet seinen Sch\u00fclerinnen und Sch\u00fclern ein breites Angebot an Wahlkursen, Seminaren und Arbeitsgemeinschaften in den MINT-F\u00e4chern (Mathematik, Physik, Biologie, Chemie, Informatik). In der Oberstufe haben sich W- und P-Seminare in diesen F\u00e4chern etabliert.<br \/>\nAls Mitglied des nationalen <a href=\"https:\/\/www.mint-ec.de\/\">Excellence-Schulnetzwerks MINT-EC<\/a> mit mehr als 330 deutschen Schulen wird die hohe Qualit\u00e4t des MINT-Schulprofils best\u00e4tigt. Die Schule ist dadurch bestens mit anderen MINT-EC-Schulen, Unternehmen, Hochschulen und Forschungseinrichtungen vernetzt, aber auch gefordert, sich aktiv in diesem Netzwerk einzubringen. Gleichzeitig er\u00f6ffnet sich sowohl f\u00fcr Sch\u00fclerinnen und Sch\u00fcler als auch f\u00fcr Lehrkr\u00e4fte ein vielf\u00e4ltiges Angebot an hochkar\u00e4tigen F\u00f6rderprogrammen und Veranstaltungen.<br \/>\nAbiturientinnen und Abiturienten, die sich \u00fcber ihre gesamte Schullaufbahn hinweg \u00fcber den Unterricht hinaus im MINT-Bereich engagiert haben, werden mit dem <a href=\"https:\/\/www.mint-ec.de\/angebote\/schuelerinnen-und-schueler\/zertifikat\/\">MINT-EC-Zertifikat<\/a> ausgezeichnet.<\/p>\n<table border=\"0\" cellspacing=\"0\" cellpadding=\"0\">\n<tbody>\n<tr>\n<td style=\"vertical-align: middle;\">\n<h1 style=\"text-align: center;\"><a href=\"https:\/\/www.kloster-metten.com\/?page_id=9372\"><span style=\"color: #51a3a3;\">M<\/span><\/a><\/h1>\n<\/td>\n<td style=\"text-align: left; vertical-align: bottom;\">\n<h2><a href=\"https:\/\/www.kloster-metten.com\/?page_id=9372\"><span style=\"color: #808080;\">athematik<\/span><\/a><\/h2>\n<\/td>\n<td><a href=\"https:\/\/www.kloster-metten.com\/?page_id=9372\">\u00a0<img loading=\"lazy\" decoding=\"async\" class=\"alignleft wp-image-9336\" title=\"OLYMPUS DIGITAL CAMERA\" src=\"https:\/\/www.kloster-metten.com\/wp-content\/uploads\/2014\/05\/P1290017_-469x500.jpg\" alt=\"OLYMPUS DIGITAL CAMERA\" width=\"120\" height=\"127\" srcset=\"https:\/\/www.kloster-metten.com\/wp-content\/uploads\/2014\/05\/P1290017_-469x500.jpg 469w, https:\/\/www.kloster-metten.com\/wp-content\/uploads\/2014\/05\/P1290017_.jpg 625w\" sizes=\"auto, (max-width: 120px) 100vw, 120px\" \/><\/a><\/td>\n<\/tr>\n<tr>\n<td>\n<h1 style=\"text-align: center;\"><a href=\"https:\/\/www.kloster-metten.com\/?page_id=9380\"><span style=\"color: #000000;\">I<\/span><\/a><\/h1>\n<\/td>\n<td style=\"text-align: left; vertical-align: bottom;\">\n<h2><a href=\"https:\/\/www.kloster-metten.com\/?page_id=9380\">\u00a0<span style=\"color: #808080;\">nformatik<\/span><\/a><\/h2>\n<\/td>\n<td><a href=\"https:\/\/www.kloster-metten.com\/?page_id=9380\">\u00a0<img loading=\"lazy\" decoding=\"async\" class=\"alignleft wp-image-9339\" title=\"Informatik_\" src=\"https:\/\/www.kloster-metten.com\/wp-content\/uploads\/2014\/05\/Informatik_--500x450.jpg\" alt=\"Informatik_\" width=\"120\" height=\"108\" srcset=\"https:\/\/www.kloster-metten.com\/wp-content\/uploads\/2014\/05\/Informatik_--500x450.jpg 500w, https:\/\/www.kloster-metten.com\/wp-content\/uploads\/2014\/05\/Informatik_-.jpg 505w\" sizes=\"auto, (max-width: 120px) 100vw, 120px\" \/><\/a><\/td>\n<\/tr>\n<tr>\n<td>\n<h1 style=\"text-align: center;\"><a href=\"https:\/\/www.kloster-metten.com\/?page_id=9378\"><span style=\"color: #b22222;\">N<\/span><\/a><\/h1>\n<\/td>\n<td style=\"text-align: left; vertical-align: bottom;\">\n<h2><a href=\"https:\/\/www.kloster-metten.com\/?page_id=9378\">\u00a0<span style=\"color: #808080;\">aturwissenschaften<\/span><\/a><\/h2>\n<\/td>\n<td><a href=\"https:\/\/www.kloster-metten.com\/?page_id=9378\">\u00a0<img loading=\"lazy\" decoding=\"async\" class=\"alignleft wp-image-9340\" title=\"chemie\" src=\"https:\/\/www.kloster-metten.com\/wp-content\/uploads\/2014\/05\/chemie-.jpg\" alt=\"chemie\" width=\"120\" height=\"102\" \/><\/a><\/td>\n<\/tr>\n<tr>\n<td>\n<h1 style=\"text-align: center;\"><a href=\"https:\/\/www.kloster-metten.com\/?page_id=9382\"><span style=\"color: #ffcc33;\">T<\/span><\/a><\/h1>\n<\/td>\n<td style=\"text-align: left; vertical-align: bottom;\">\n<h2><a href=\"https:\/\/www.kloster-metten.com\/?page_id=9382\">\u00a0<span style=\"color: #808080;\">echnik<\/span><\/a><\/h2>\n<\/td>\n<td><a href=\"https:\/\/www.kloster-metten.com\/?page_id=9382\">\u00a0<img loading=\"lazy\" decoding=\"async\" class=\"alignleft wp-image-9338\" title=\"Technik\" src=\"https:\/\/www.kloster-metten.com\/wp-content\/uploads\/2014\/05\/SAM_2530_-e1457650240686-500x480.jpg\" alt=\"Technik\" width=\"120\" height=\"115\" srcset=\"https:\/\/www.kloster-metten.com\/wp-content\/uploads\/2014\/05\/SAM_2530_-e1457650240686-500x480.jpg 500w, https:\/\/www.kloster-metten.com\/wp-content\/uploads\/2014\/05\/SAM_2530_-e1457650240686-768x738.jpg 768w, https:\/\/www.kloster-metten.com\/wp-content\/uploads\/2014\/05\/SAM_2530_-e1457650240686.jpg 842w\" sizes=\"auto, (max-width: 120px) 100vw, 120px\" \/><\/a><\/td>\n<\/tr>\n<\/tbody>\n<\/table>\n<p>Die Mathematik tr\u00e4gt wesentlich dazu bei, die Welt rational zu durchdringen \u00a0\u2013 \u00a0die Besch\u00e4ftigung mit mathematischen Problemen f\u00f6rdert die F\u00e4higkeit, auch allgemeine Probleme zu l\u00f6sen.<br \/>\nNaturwissenschaften pr\u00e4gen unsere Gesellschaft und bilden heute einen wesentlichen Teil unserer kulturellen Identit\u00e4t. In den naturwissenschaftlichen F\u00e4chern gewinnen die Sch\u00fclerinnen und Sch\u00fcler Aufgeschlossenheit und Neugierde bei der Auseinandersetzung mit naturwissenschaftlichen Fragestellungen und erwerben wesentliche Kenntnisse und Fertigkeiten f\u00fcr eine aktive und verantwortungsbewusste Teilhabe an der Gesellschaft.<br \/>\nIm Fach Informatik erweitern und vertiefen die Sch\u00fclerinnen und Sch\u00fcler ihre Kenntnisse und Fertigkeiten im Gebrauch des Computers als Werkzeug mit vielf\u00e4ltigsten Einsatzm\u00f6glichkeiten.<\/p>\n<h2><a href=\"http:\/\/www.mintzukunftschaffen.de\/mint-freundliche-schulen.html\"><img loading=\"lazy\" decoding=\"async\" class=\"alignnone size-medium wp-image-5706\" title=\"000MINT-freundliche_Schule_Logo\" src=\"https:\/\/www.kloster-metten.com\/wp-content\/uploads\/2014\/05\/000MINT-freundliche_Schule_Logo-500x214.jpg\" alt=\"\" width=\"500\" height=\"214\" \/><\/a><\/h2>\n<p>am St.-Michaels-Gymnasium:<\/p>\n<h3>Pflichtunterricht:<\/h3>\n<ul>\n<li><a href=\"https:\/\/www.kloster-metten.com\/?page_id=9372\"><strong><span style=\"color: #51a3a3;\">Mathematik<\/span><\/strong><\/a> in allen Jahrgangsstufen<\/li>\n<li><a href=\"https:\/\/www.kloster-metten.com\/?page_id=9380\"><strong><span style=\"color: #000000;\">Informatik<\/span><\/strong><\/a> im Rahmen von Natur und Technik in 6 und 7, im NTG-Zweig in 9 und 10, <br \/>\n\u00a0 \u00a0 in 11 in allen Ausbildungsrichtungen und wahlweise in Q12 und Q13<\/li>\n<li><a href=\"https:\/\/www.kloster-metten.com\/?page_id=9374\"><strong><span style=\"color: #b22222;\">Biologie<\/span><\/strong><\/a> im Rahmen von Natur und Technik in 6, in 8-10 und wahlweise in Q12 und Q13<\/li>\n<li><a href=\"https:\/\/www.kloster-metten.com\/?page_id=9378\"><strong><span style=\"color: #b22222;\">Physik<\/span><\/strong><\/a> im Rahmen von Natur und Technik in 7, in 8-11 und wahlweise in Q12 und Q13<\/li>\n<li><a href=\"https:\/\/www.kloster-metten.com\/?page_id=9376\"><strong><span style=\"color: #b22222;\">Chemie <\/span><\/strong><\/a> im NTG-Zweig in 8-11, in den sprachlichen in 9, 10 und wahlweise in Q12 und Q13<\/li>\n<li><a href=\"https:\/\/www.kloster-metten.com\/?page_id=9382\"><strong><span style=\"color: #ffcc33;\">Natur und Technik<\/span><\/strong><\/a> in 5<\/li>\n<\/ul>\n<h3>Wahlunterricht, Seminare, Arbeitsgemeinschaften:<\/h3>\n<ul>\n<li>Forscherwerkstatt<\/li>\n<li>Experimentelles Arbeiten in der Chemie f\u00fcr die 9. und 10. Jahrgangstufe<\/li>\n<li>Robotik<\/li>\n<li>Elektronik<\/li>\n<li><a href=\"https:\/\/www.kloster-metten.com\/?page_id=11160\">W- und P-Seminare<\/a><\/li>\n<li>Bienen<\/li>\n<li>Astronomie<\/li>\n<li>Pluskurs Mathematik<\/li>\n<\/ul>\n<p>In Zusammenarbeit mit<\/p>\n<table style=\"height: 190px;\" width=\"624\">\n<tbody>\n<tr>\n<td><strong>Universit\u00e4t Regensburg<\/strong><\/td>\n<td><strong>Technische Universit\u00e4t M\u00fcnchen<\/strong><\/td>\n<td>\u00a0<strong>Technische Hochschule Deggendorf<\/strong><\/td>\n<\/tr>\n<tr>\n<td>\u00a0<a href=\"http:\/\/www.ur.de\/rul\/schulnetzwerk-dialogus\/partnerschulen\/index.html\" rel=\"attachment wp-att-9282\"><img loading=\"lazy\" decoding=\"async\" class=\" wp-image-9282 aligncenter\" title=\"pur\" src=\"https:\/\/www.kloster-metten.com\/wp-content\/uploads\/2014\/05\/pur-e1457564750709.png\" alt=\"pur\" width=\"141\" height=\"76\" \/><\/a><\/td>\n<td>\u00a0<a href=\"https:\/\/www.tum.de\/\" rel=\"attachment wp-att-9281\"><img loading=\"lazy\" decoding=\"async\" class=\"wp-image-9281 aligncenter\" title=\"lgo_TUM\" src=\"https:\/\/www.kloster-metten.com\/wp-content\/uploads\/2014\/05\/lgo_TUM.png\" alt=\"lgo_TUM\" width=\"98\" height=\"50\" \/><\/a><\/td>\n<td>\u00a0<a href=\"https:\/\/www.th-deg.de\/de\/\" rel=\"attachment wp-att-9283\"><img loading=\"lazy\" decoding=\"async\" class=\" wp-image-9283 aligncenter\" title=\"thd_403x70\" src=\"https:\/\/www.kloster-metten.com\/wp-content\/uploads\/2014\/05\/thd_403x70.png\" alt=\"thd_403x70\" width=\"288\" height=\"50\" \/><\/a><\/td>\n<\/tr>\n<\/tbody>\n<\/table>\n<p><a href=\"https:\/\/www.kloster-metten.com\/?page_id=9272\"><img loading=\"lazy\" decoding=\"async\" class=\"alignnone size-medium wp-image-6034\" title=\"ECDL-test-centre-button\" src=\"https:\/\/www.kloster-metten.com\/wp-content\/uploads\/2014\/05\/ECDL-test-centre-button-500x99.jpg\" alt=\"\" width=\"500\" height=\"99\" srcset=\"https:\/\/www.kloster-metten.com\/wp-content\/uploads\/2014\/05\/ECDL-test-centre-button-500x99.jpg 500w, https:\/\/www.kloster-metten.com\/wp-content\/uploads\/2014\/05\/ECDL-test-centre-button-768x153.jpg 768w, https:\/\/www.kloster-metten.com\/wp-content\/uploads\/2014\/05\/ECDL-test-centre-button.jpg 925w\" sizes=\"auto, (max-width: 500px) 100vw, 500px\" \/><\/a><\/p>\n<p>Ansprechpartner f\u00fcr alle MINT-Bereiche: OStR i.K. Sebastian Liebl<\/p>\n<p><a href=\"https:\/\/www.mint-ec.de\/\">https:\/\/www.mint-ec.de\/ <\/a><\/p>\n<p><a href=\"http:\/\/www.mintzukunftschaffen.de\">http:\/\/www.mintzukunftschaffen.de<\/a><\/p>\n<p><a href=\"https:\/\/www.mint-niederbayern.de\/index.php\">MINT-Region Niederbayern<\/a><\/p>\n","protected":false},"excerpt":{"rendered":"<p>MINT &nbsp; Das St.-Michaels-Gymnasium bietet seinen Sch\u00fclerinnen und Sch\u00fclern ein breites Angebot an Wahlkursen, Seminaren und Arbeitsgemeinschaften in den MINT-F\u00e4chern (Mathematik, Physik, Biologie, Chemie, Informatik). In der Oberstufe haben sich W- und P-Seminare in diesen F\u00e4chern etabliert. Als Mitglied des nationalen Excellence-Schulnetzwerks MINT-EC mit mehr als 330 deutschen Schulen wird die hohe Qualit\u00e4t des MINT-Schulprofils [&hellip;]<\/p>\n","protected":false},"author":5,"featured_media":0,"parent":8,"menu_order":3,"comment_status":"closed","ping_status":"open","template":"","meta":{"footnotes":""},"class_list":["post-5392","page","type-page","status-publish","hentry"],"_links":{"self":[{"href":"https:\/\/www.kloster-metten.com\/index.php?rest_route=\/wp\/v2\/pages\/5392","targetHints":{"allow":["GET"]}}],"collection":[{"href":"https:\/\/www.kloster-metten.com\/index.php?rest_route=\/wp\/v2\/pages"}],"about":[{"href":"https:\/\/www.kloster-metten.com\/index.php?rest_route=\/wp\/v2\/types\/page"}],"author":[{"embeddable":true,"href":"https:\/\/www.kloster-metten.com\/index.php?rest_route=\/wp\/v2\/users\/5"}],"replies":[{"embeddable":true,"href":"https:\/\/www.kloster-metten.com\/index.php?rest_route=%2Fwp%2Fv2%2Fcomments&post=5392"}],"version-history":[{"count":66,"href":"https:\/\/www.kloster-metten.com\/index.php?rest_route=\/wp\/v2\/pages\/5392\/revisions"}],"predecessor-version":[{"id":49028,"href":"https:\/\/www.kloster-metten.com\/index.php?rest_route=\/wp\/v2\/pages\/5392\/revisions\/49028"}],"up":[{"embeddable":true,"href":"https:\/\/www.kloster-metten.com\/index.php?rest_route=\/wp\/v2\/pages\/8"}],"wp:attachment":[{"href":"https:\/\/www.kloster-metten.com\/index.php?rest_route=%2Fwp%2Fv2%2Fmedia&parent=5392"}],"curies":[{"name":"wp","href":"https:\/\/api.w.org\/{rel}","templated":true}]}}