{"id":55,"date":"2008-08-04T21:36:27","date_gmt":"2008-08-04T19:36:27","guid":{"rendered":"http:\/\/kloster-metten.de\/?page_id=55"},"modified":"2023-02-18T09:48:26","modified_gmt":"2023-02-18T08:48:26","slug":"die-regel","status":"publish","type":"page","link":"https:\/\/www.kloster-metten.com\/?page_id=55","title":{"rendered":"Die Regel"},"content":{"rendered":"<a href=\"http:\/\/kloster-metten.de\/wp-content\/uploads\/2008\/09\/_atk3033.jpg\"><img loading=\"lazy\" decoding=\"async\" class=\"alignleft size-medium wp-image-1227\" title=\"_atk3033\" src=\"http:\/\/kloster-metten.de\/wp-content\/uploads\/2008\/09\/_atk3033-332x500.jpg\" alt=\"\" width=\"240\" height=\"362\" srcset=\"https:\/\/www.kloster-metten.com\/wp-content\/uploads\/2008\/09\/_atk3033-332x500.jpg 332w, https:\/\/www.kloster-metten.com\/wp-content\/uploads\/2008\/09\/_atk3033.jpg 665w\" sizes=\"auto, (max-width: 240px) 100vw, 240px\" \/><\/a><h2>Die Regel<\/h2><p>Die aus dem 6. Jahrhundert stammende Benediktregel hat sich als ein verl\u00e4ssliches und tragendes Regelwerk erwiesen. Der Ordensgr\u00fcnder wusste aus Erfahrung um die Schw\u00e4chen der Menschen und gibt gezielt Ratschl\u00e4ge, wie in konkreten F\u00e4llen zu verfahren ist. Dabei m\u00fcssen soziale Strukturen geschaffen werden, um die unterschiedlichen Charaktere und Charismen der Gemeinschaft bestm\u00f6glich einzubinden. Zu den St\u00e4rken der Regel geh\u00f6rt unter anderem, dass die Gemeinschaft aufgerufen ist, sich jeweiligen Zeitumst\u00e4nden und r\u00e4umlichen Gegebenheiten anzupassen. Entscheidungen werden vom Abt immer im Einvernehmen mit den Br\u00fcdern getroffen.<\/p>\n<p><a title=\"Text der Regel\" href=\"http:\/\/abtei.kloster-ettal.de\/orden-spiritualitaet\/die-regel-benedikts\/\" target=\"_blank\" rel=\"noopener\">Text der Regel<\/a><\/p>\n","protected":false},"excerpt":{"rendered":"<p>Die RegelDie aus dem 6. Jahrhundert stammende Benediktregel hat sich als ein verl\u00e4ssliches und tragendes Regelwerk erwiesen. Der Ordensgr\u00fcnder wusste aus Erfahrung um die Schw\u00e4chen der Menschen und gibt gezielt Ratschl\u00e4ge, wie in konkreten F\u00e4llen zu verfahren ist. Dabei m\u00fcssen soziale Strukturen geschaffen werden, um die unterschiedlichen Charaktere und Charismen der Gemeinschaft bestm\u00f6glich einzubinden. Zu [&hellip;]<\/p>\n","protected":false},"author":5,"featured_media":0,"parent":53,"menu_order":2,"comment_status":"closed","ping_status":"closed","template":"","meta":{"footnotes":""},"class_list":["post-55","page","type-page","status-publish","hentry"],"_links":{"self":[{"href":"https:\/\/www.kloster-metten.com\/index.php?rest_route=\/wp\/v2\/pages\/55","targetHints":{"allow":["GET"]}}],"collection":[{"href":"https:\/\/www.kloster-metten.com\/index.php?rest_route=\/wp\/v2\/pages"}],"about":[{"href":"https:\/\/www.kloster-metten.com\/index.php?rest_route=\/wp\/v2\/types\/page"}],"author":[{"embeddable":true,"href":"https:\/\/www.kloster-metten.com\/index.php?rest_route=\/wp\/v2\/users\/5"}],"replies":[{"embeddable":true,"href":"https:\/\/www.kloster-metten.com\/index.php?rest_route=%2Fwp%2Fv2%2Fcomments&post=55"}],"version-history":[{"count":1,"href":"https:\/\/www.kloster-metten.com\/index.php?rest_route=\/wp\/v2\/pages\/55\/revisions"}],"predecessor-version":[{"id":47596,"href":"https:\/\/www.kloster-metten.com\/index.php?rest_route=\/wp\/v2\/pages\/55\/revisions\/47596"}],"up":[{"embeddable":true,"href":"https:\/\/www.kloster-metten.com\/index.php?rest_route=\/wp\/v2\/pages\/53"}],"wp:attachment":[{"href":"https:\/\/www.kloster-metten.com\/index.php?rest_route=%2Fwp%2Fv2%2Fmedia&parent=55"}],"curies":[{"name":"wp","href":"https:\/\/api.w.org\/{rel}","templated":true}]}}