{"id":5703,"date":"2014-11-19T14:27:25","date_gmt":"2014-11-19T12:27:25","guid":{"rendered":"http:\/\/www.kloster-metten.de\/?page_id=5703"},"modified":"2014-11-19T14:27:25","modified_gmt":"2014-11-19T12:27:25","slug":"auszeichnung-als-mint-freundliche-schule","status":"publish","type":"page","link":"https:\/\/www.kloster-metten.com\/?page_id=5703","title":{"rendered":"Auszeichnung als MINT-freundliche Schule"},"content":{"rendered":"<a href=\"https:\/\/www.kloster-metten.com\/wp-content\/uploads\/2014\/11\/MINT-17.10.2014-IV.jpg\"><img class=\"alignnone size-medium wp-image-5700\" title=\"MINT 17.10.2014 IV\" src=\"https:\/\/www.kloster-metten.com\/wp-content\/uploads\/2014\/11\/MINT-17.10.2014-IV-500x333.jpg\" alt=\"\" width=\"500\" height=\"333\" \/><\/a><h2>Auszeichnung als MINT-freundliche Schule<\/h2><p><\/p>\n<p>Damit Schulen, die einen besonderen Schwerpunkt auf die MINT-F\u00e4cher legen und so die Bildung in den F\u00e4chern Mathematik, Informatik, Naturwissenschaften und Technik nachhaltig verbessern, f\u00fcr Sch\u00fclerinnen und Sch\u00fcler, Eltern sowie Unternehmen erkennbar sind, zeichnen bundesweite Partner der Initiative \u201eMINT Zukunft schaffen\u201c in Abstimmung mit den Arbeitgebervereinigungen der L\u00e4nder und den Bildungswerken der Wirtschaft Schulen auf der Basis einheitlicher Kriterien als \u201eMINT-freundliche Schulen\u201c aus. Am Montag, 17. November 2014, erhielt in Freising gemeinsam mit 42 anderen Schulen aus allen bayerischen Regierungsbezirken das St.-Michaels-Gymnasium f\u00fcr sein besonderes Engagement im Bereich der naturwissenschaftlich-technologischen Bildung diese Auszeichnung.<\/p>\n","protected":false},"excerpt":{"rendered":"<p>Auszeichnung als MINT-freundliche Schule Damit Schulen, die einen besonderen Schwerpunkt auf die MINT-F\u00e4cher legen und so die Bildung in den F\u00e4chern Mathematik, Informatik, Naturwissenschaften und Technik nachhaltig verbessern, f\u00fcr Sch\u00fclerinnen und Sch\u00fcler, Eltern sowie Unternehmen erkennbar sind, zeichnen bundesweite Partner der Initiative \u201eMINT Zukunft schaffen\u201c in Abstimmung mit den Arbeitgebervereinigungen der L\u00e4nder und den Bildungswerken [&hellip;]<\/p>\n","protected":false},"author":5,"featured_media":0,"parent":5394,"menu_order":0,"comment_status":"closed","ping_status":"open","template":"","meta":{"footnotes":""},"class_list":["post-5703","page","type-page","status-publish","hentry"],"_links":{"self":[{"href":"https:\/\/www.kloster-metten.com\/index.php?rest_route=\/wp\/v2\/pages\/5703","targetHints":{"allow":["GET"]}}],"collection":[{"href":"https:\/\/www.kloster-metten.com\/index.php?rest_route=\/wp\/v2\/pages"}],"about":[{"href":"https:\/\/www.kloster-metten.com\/index.php?rest_route=\/wp\/v2\/types\/page"}],"author":[{"embeddable":true,"href":"https:\/\/www.kloster-metten.com\/index.php?rest_route=\/wp\/v2\/users\/5"}],"replies":[{"embeddable":true,"href":"https:\/\/www.kloster-metten.com\/index.php?rest_route=%2Fwp%2Fv2%2Fcomments&post=5703"}],"version-history":[{"count":0,"href":"https:\/\/www.kloster-metten.com\/index.php?rest_route=\/wp\/v2\/pages\/5703\/revisions"}],"up":[{"embeddable":true,"href":"https:\/\/www.kloster-metten.com\/index.php?rest_route=\/wp\/v2\/pages\/5394"}],"wp:attachment":[{"href":"https:\/\/www.kloster-metten.com\/index.php?rest_route=%2Fwp%2Fv2%2Fmedia&parent=5703"}],"curies":[{"name":"wp","href":"https:\/\/api.w.org\/{rel}","templated":true}]}}