{"id":5773,"date":"2015-02-05T17:38:16","date_gmt":"2015-02-05T15:38:16","guid":{"rendered":"http:\/\/www.kloster-metten.de\/?page_id=5773"},"modified":"2015-02-05T17:38:16","modified_gmt":"2015-02-05T15:38:16","slug":"schulertag-an-der-universitat-regensburg","status":"publish","type":"page","link":"https:\/\/www.kloster-metten.com\/?page_id=5773","title":{"rendered":"Sch\u00fclertag an der Universit\u00e4t Regensburg"},"content":{"rendered":"<a href=\"https:\/\/www.kloster-metten.com\/wp-content\/uploads\/2015\/01\/IMGP3105.jpg\"><img class=\"alignnone size-medium wp-image-5766\" title=\"IMGP3105\" src=\"https:\/\/www.kloster-metten.com\/wp-content\/uploads\/2015\/01\/IMGP3105-500x331.jpg\" alt=\"\" width=\"500\" height=\"331\" \/><\/a><h2>Sch\u00fclertag an der Universit\u00e4t Regensburg<\/h2><p><\/p>\n<p>Der Lehrstuhl f\u00fcr Didaktik der Chemie an der Universit\u00e4t Regensburg \u00f6ffnete seine T\u00fcren am Donnerstag, den 15.01.2015 f\u00fcr einen Chemieunterricht der besonderen Art. Nach einer freundlichen Begr\u00fc\u00dfung durch Studenten des Lehramts Chemie ging es unter der Leitung von Robert Engel gleich ins Sch\u00fclerlabor.<br \/>\nZun\u00e4chst wurden die Sch\u00fclerinnen und Sch\u00fcler mit der Bedeutung von \u201eNachhaltigkeit\u201c, die im Chemieunterricht sowie in der chemischen Industrie zunehmend eine bedeutende Rolle spielt, vertraut. In einer ersten Lerneinheit konnte die ressourcenschonende Herstellung von Artikeln des t\u00e4glichen Bedarfs genauer untersucht werden. Die Sch\u00fclerinnen und Sch\u00fcler informierten sich zuerst im Internet \u00fcber Vor- und Nachteile von Plastikt\u00fcten aus St\u00e4rkefolie im Vergleich zu T\u00fcten aus Polyethylen (PE). Anschlie\u00dfend ging es an die Gewinnung von St\u00e4rke aus Kartoffeln und die Herstellung von St\u00e4rkefolie. Nicht wenige Sch\u00fcler staunten \u00fcber diese \u201eneue\u201c Eigenschaft der doch so vertrauten Kartoffel. F\u00fcr diesen Versuch brachten die Sch\u00fclerinnen und Sch\u00fcler viel Muskelkraft und Begeisterung f\u00fcrs Experimentieren auf.<br \/>\nNach einem gemeinsamen Mittagessen untersuchten die Sch\u00fclerinnen und Sch\u00fcler verschiedene Herstellungsprozesse im Hinblick auf Nachhaltigkeit. Dies vertieften sie anschlie\u00dfend durch die Konstruktion von geeigneten Molek\u00fclmodellen und durch anschauliche Experimente im Makro- und Mikroma\u00dfstab. Durch eine effizientere Gestaltung von chemischen Prozessen kann man die Umwelt schonen sowie Kosten sparen. Abschlie\u00dfend wurde in diesem Zusammenhang auch der Energiebedarf verschiedener technischer Ger\u00e4te miteinander verglichen und ressourcen-schonendes Verhalten f\u00fcr den Chemieunterricht sowie f\u00fcr den Alltag aufgezeigt.<br \/>\nF\u00fcr die Sch\u00fclerinnen und Sch\u00fcler war es eine ausgezeichnete Gelegenheit, sich mit dem Thema Nachhaltigkeit im Chemieunterricht in einer neuen Lernumgebung auseinanderzusetzen. F\u00fcr die tatkr\u00e4ftige und freundliche Unterst\u00fctzung bedanken wir uns recht herzlich bei allen Mitarbeitern des Lehrstuhls f\u00fcr Didaktik der Chemie der Universit\u00e4t Regensburg.<\/p>\n<p>\r\n\t\t<style type='text\/css'>\r\n\t\t\t#gallery-1 {\r\n\t\t\t\tmargin: auto;\r\n\t\t\t}\r\n\t\t\t#gallery-1 .gallery-item {\r\n\t\t\t\tfloat: left;\r\n\t\t\t\tmargin-top: 10px;\r\n\t\t\t\ttext-align: center;\r\n\t\t\t\twidth: 33%;\r\n\t\t\t}\r\n\t\t\t#gallery-1 hr {\r\n\t\t\t\theight: 1px;\r\n\t\t\t}\r\n\t\t\t#gallery-1 .gallery-caption {\r\n\t\t\t\tmargin-left: 0;\r\n\t\t\t}\r\n\t\t\t\/* see gallery_shortcode() in wp-includes\/media.php *\/\r\n\t\t<\/style>\n\t\t<div id='gallery-1' class='gallery galleryid-5773 gallery-columns-3 gallery-size-thumbnail'><hr class='null'><dl class='gallery-item'>\r\n\t\t\t<dt class='gallery-icon landscape'>\r\n\t\t\t\t<a title=\"IMGP3105\"  href='https:\/\/www.kloster-metten.com\/?attachment_id=5766'><img width=\"170\" height=\"115\" src=\"https:\/\/www.kloster-metten.com\/wp-content\/uploads\/2015\/01\/IMGP3105-170x115.jpg\" class=\"attachment-thumbnail size-thumbnail\" alt=\"\" \/><\/a>\r\n\t\t\t<\/dt><\/dl><dl class='gallery-item'>\r\n\t\t\t<dt class='gallery-icon landscape'>\r\n\t\t\t\t<a title=\"IMGP3109\"  href='https:\/\/www.kloster-metten.com\/?attachment_id=5768'><img width=\"170\" height=\"115\" src=\"https:\/\/www.kloster-metten.com\/wp-content\/uploads\/2015\/01\/IMGP3109-170x115.jpg\" class=\"attachment-thumbnail size-thumbnail\" alt=\"\" \/><\/a>\r\n\t\t\t<\/dt><\/dl><dl class='gallery-item'>\r\n\t\t\t<dt class='gallery-icon landscape'>\r\n\t\t\t\t<a title=\"IMGP3117\"  href='https:\/\/www.kloster-metten.com\/?attachment_id=5769'><img width=\"170\" height=\"115\" src=\"https:\/\/www.kloster-metten.com\/wp-content\/uploads\/2015\/01\/IMGP3117-170x115.jpg\" class=\"attachment-thumbnail size-thumbnail\" alt=\"\" \/><\/a>\r\n\t\t\t<\/dt><\/dl><br style=\"clear: both\" \/><dl class='gallery-item'>\r\n\t\t\t<dt class='gallery-icon landscape'>\r\n\t\t\t\t<a title=\"IMGP3145\"  href='https:\/\/www.kloster-metten.com\/?attachment_id=5770'><img width=\"170\" height=\"115\" src=\"https:\/\/www.kloster-metten.com\/wp-content\/uploads\/2015\/01\/IMGP3145-170x115.jpg\" class=\"attachment-thumbnail size-thumbnail\" alt=\"\" \/><\/a>\r\n\t\t\t<\/dt><\/dl><dl class='gallery-item'>\r\n\t\t\t<dt class='gallery-icon landscape'>\r\n\t\t\t\t<a title=\"IMGP3108\"  href='https:\/\/www.kloster-metten.com\/?attachment_id=5767'><img width=\"170\" height=\"115\" src=\"https:\/\/www.kloster-metten.com\/wp-content\/uploads\/2015\/01\/IMGP3108-170x115.jpg\" class=\"attachment-thumbnail size-thumbnail\" alt=\"\" \/><\/a>\r\n\t\t\t<\/dt><\/dl>\r\n\t\t\t<br style='clear: both' \/>\r\n\t\t<\/div>\n<\/p>\n","protected":false},"excerpt":{"rendered":"<p>Sch\u00fclertag an der Universit\u00e4t Regensburg Der Lehrstuhl f\u00fcr Didaktik der Chemie an der Universit\u00e4t Regensburg \u00f6ffnete seine T\u00fcren am Donnerstag, den 15.01.2015 f\u00fcr einen Chemieunterricht der besonderen Art. Nach einer freundlichen Begr\u00fc\u00dfung durch Studenten des Lehramts Chemie ging es unter der Leitung von Robert Engel gleich ins Sch\u00fclerlabor. Zun\u00e4chst wurden die Sch\u00fclerinnen und Sch\u00fcler mit [&hellip;]<\/p>\n","protected":false},"author":5,"featured_media":0,"parent":5394,"menu_order":-1,"comment_status":"closed","ping_status":"open","template":"","meta":{"footnotes":""},"class_list":["post-5773","page","type-page","status-publish","hentry"],"_links":{"self":[{"href":"https:\/\/www.kloster-metten.com\/index.php?rest_route=\/wp\/v2\/pages\/5773","targetHints":{"allow":["GET"]}}],"collection":[{"href":"https:\/\/www.kloster-metten.com\/index.php?rest_route=\/wp\/v2\/pages"}],"about":[{"href":"https:\/\/www.kloster-metten.com\/index.php?rest_route=\/wp\/v2\/types\/page"}],"author":[{"embeddable":true,"href":"https:\/\/www.kloster-metten.com\/index.php?rest_route=\/wp\/v2\/users\/5"}],"replies":[{"embeddable":true,"href":"https:\/\/www.kloster-metten.com\/index.php?rest_route=%2Fwp%2Fv2%2Fcomments&post=5773"}],"version-history":[{"count":0,"href":"https:\/\/www.kloster-metten.com\/index.php?rest_route=\/wp\/v2\/pages\/5773\/revisions"}],"up":[{"embeddable":true,"href":"https:\/\/www.kloster-metten.com\/index.php?rest_route=\/wp\/v2\/pages\/5394"}],"wp:attachment":[{"href":"https:\/\/www.kloster-metten.com\/index.php?rest_route=%2Fwp%2Fv2%2Fmedia&parent=5773"}],"curies":[{"name":"wp","href":"https:\/\/api.w.org\/{rel}","templated":true}]}}