{"id":5777,"date":"2015-02-05T17:42:02","date_gmt":"2015-02-05T15:42:02","guid":{"rendered":"http:\/\/www.kloster-metten.de\/?page_id=5777"},"modified":"2015-02-05T17:42:02","modified_gmt":"2015-02-05T15:42:02","slug":"studenten-der-thd-veranstalten-workshop-fur-die-8-jahrgangsstufe-rund-um-das-ohr","status":"publish","type":"page","link":"https:\/\/www.kloster-metten.com\/?page_id=5777","title":{"rendered":"Studenten der THD veranstalten Workshop f\u00fcr die 8. Jahrgangsstufe rund um das Ohr"},"content":{"rendered":"<a href=\"https:\/\/www.kloster-metten.com\/wp-content\/uploads\/2015\/01\/DSC09702.jpg\"><img class=\"alignnone size-medium wp-image-5757\" title=\"DSC09702\" src=\"https:\/\/www.kloster-metten.com\/wp-content\/uploads\/2015\/01\/DSC09702-500x375.jpg\" alt=\"\" width=\"500\" height=\"375\" \/><\/a><h2>Studenten der THD veranstalten Workshop f\u00fcr die 8. Jahrgangsstufe rund um das Ohr<\/h2><p><\/p>\n<p>Am Freitag, 19.12.2014 und am Montag, 22.12.2014 hatten die Sch\u00fclerinnen und Sch\u00fcler der 8. Jahrgangsstufe die M\u00f6glichkeit, sich mit dem Thema H\u00f6ren und m\u00f6glichen Sch\u00e4digungen des H\u00f6rorgans auseinanderzusetzen. Durch die verschiedenen Workshops f\u00fchrten engagierte Studenten des Studienganges Medientechnik an der Hochschule Deggendorf unter Leitung von Prof. Dr. -Ing. Gerhard Krump.<br \/>\nZu Beginn der Veranstaltung wurden wichtige Grundkenntnisse zu Bau und Funktion des menschlichen Ohres wiederholt und vertieft. Nach der Aufteilung in Kleingruppen ging es dann auf Entdeckungsreise in die Welt des H\u00f6rens. Des Weiteren hatten die Sch\u00fclerinnen und Sch\u00fcler die M\u00f6glichkeit, einen kostenlosen H\u00f6rtest durchzuf\u00fchren und so eine eventuelle H\u00f6rsch\u00e4digung fr\u00fchzeitig zu erkennen.<br \/>\nDie medial sehr ansprechend gestalteten und didaktisch gut aufbereiteten Workshops boten den Sch\u00fclerinnen und Sch\u00fclern die Gelegenheit, durch eigene Eindr\u00fccke und Erfahrungen ein Bewusstsein zu entwickeln, welch enormes Gef\u00e4hrdungspotential allt\u00e4gliche Gewohnheiten sowie Veranstaltungen (Konzerte, Diskos) f\u00fcr das Ohr aufweisen. So war es beispielsweise m\u00f6glich, den Schallpegel einer Unterhaltung, lauten Rufens oder des eigenen MP3-Players bei gewohnter Lautst\u00e4rke zu untersuchen. Ein Workshop, der speziell f\u00fcr die Wahrnehmung von nahezu absoluter Stille eingerichtet wurde, lie\u00df nicht wenige \u00fcber dieses \u201efremdartige\u201c Gef\u00fchl staunen. Anschlie\u00dfend wurden t\u00e4gliche Gewohnheiten der Sch\u00fclerinnen und Sch\u00fcler erfasst und hinsichtlich ihrer L\u00e4rmbelastung f\u00fcr das Ohr untersucht. Nicht wenige Sch\u00fclerinnen und Sch\u00fcler hatten nach Auswertung der Daten den Richtwert, ab dem eine dauerhafte L\u00e4rmbelastung zu einer Geh\u00f6rsch\u00e4digung f\u00fchren kann, um ein Vielfaches \u00fcberschritten.<br \/>\nEine besondere Erfahrung war es aber auch, anhand von Versuchen herauszufinden, wie pr\u00e4zise die Wahrnehmung von Ger\u00e4uschen aus unterschiedlichen Richtungen beim (nicht h\u00f6rgesch\u00e4digten) Menschen funktioniert. In einem weiteren Workshop besch\u00e4ftigten sich die Sch\u00fclerinnen und Sch\u00fcler spielerisch mit der Interpretation von Ger\u00e4uschen aus der belebten sowie unbelebten Natur. Auch dieser Workshop mit Wettbewerbscharakter wurde von den Sch\u00fclerinnen und Sch\u00fclern begeistert angenommen.<br \/>\nDas St.-Michaels-Gymnasium bedankt sich bei den tatkr\u00e4ftigen und freundlichen Studenten der TH Deggendorf sowie bei Prof. Dr.-Ing. Gerhard Krump f\u00fcr die sehr gute Organisation und Durchf\u00fchrung dieser Veranstaltung. Den Veranstaltern der Technischen Hochschule Deggendorf sowie der Schulleitung und den Lehrkr\u00e4ften des St.-Michaels-Gymnasiums liegt die Gesundheit unserer Sch\u00fclerinnen und Sch\u00fcler besonders am Herzen.<\/p>\n<p>\r\n\t\t<style type='text\/css'>\r\n\t\t\t#gallery-1 {\r\n\t\t\t\tmargin: auto;\r\n\t\t\t}\r\n\t\t\t#gallery-1 .gallery-item {\r\n\t\t\t\tfloat: left;\r\n\t\t\t\tmargin-top: 10px;\r\n\t\t\t\ttext-align: center;\r\n\t\t\t\twidth: 33%;\r\n\t\t\t}\r\n\t\t\t#gallery-1 hr {\r\n\t\t\t\theight: 1px;\r\n\t\t\t}\r\n\t\t\t#gallery-1 .gallery-caption {\r\n\t\t\t\tmargin-left: 0;\r\n\t\t\t}\r\n\t\t\t\/* see gallery_shortcode() in wp-includes\/media.php *\/\r\n\t\t<\/style>\n\t\t<div id='gallery-1' class='gallery galleryid-5777 gallery-columns-3 gallery-size-thumbnail'><hr class='null'><dl class='gallery-item'>\r\n\t\t\t<dt class='gallery-icon landscape'>\r\n\t\t\t\t<a title=\"DSC09702\"  href='https:\/\/www.kloster-metten.com\/?attachment_id=5757'><img width=\"170\" height=\"115\" src=\"https:\/\/www.kloster-metten.com\/wp-content\/uploads\/2015\/01\/DSC09702-170x115.jpg\" class=\"attachment-thumbnail size-thumbnail\" alt=\"\" \/><\/a>\r\n\t\t\t<\/dt><\/dl><dl class='gallery-item'>\r\n\t\t\t<dt class='gallery-icon landscape'>\r\n\t\t\t\t<a title=\"DSC09597\"  href='https:\/\/www.kloster-metten.com\/?attachment_id=5759'><img width=\"170\" height=\"115\" src=\"https:\/\/www.kloster-metten.com\/wp-content\/uploads\/2015\/01\/DSC09597-170x115.jpg\" class=\"attachment-thumbnail size-thumbnail\" alt=\"\" \/><\/a>\r\n\t\t\t<\/dt><\/dl><dl class='gallery-item'>\r\n\t\t\t<dt class='gallery-icon landscape'>\r\n\t\t\t\t<a title=\"DSC09611\"  href='https:\/\/www.kloster-metten.com\/?attachment_id=5760'><img width=\"170\" height=\"115\" src=\"https:\/\/www.kloster-metten.com\/wp-content\/uploads\/2015\/01\/DSC09611-170x115.jpg\" class=\"attachment-thumbnail size-thumbnail\" alt=\"\" \/><\/a>\r\n\t\t\t<\/dt><\/dl><br style=\"clear: both\" \/><dl class='gallery-item'>\r\n\t\t\t<dt class='gallery-icon landscape'>\r\n\t\t\t\t<a title=\"DSC09659\"  href='https:\/\/www.kloster-metten.com\/?attachment_id=5761'><img width=\"170\" height=\"115\" src=\"https:\/\/www.kloster-metten.com\/wp-content\/uploads\/2015\/01\/DSC09659-170x115.jpg\" class=\"attachment-thumbnail size-thumbnail\" alt=\"\" \/><\/a>\r\n\t\t\t<\/dt><\/dl><dl class='gallery-item'>\r\n\t\t\t<dt class='gallery-icon landscape'>\r\n\t\t\t\t<a title=\"_MG_7297\"  href='https:\/\/www.kloster-metten.com\/?attachment_id=5762'><img width=\"170\" height=\"115\" src=\"https:\/\/www.kloster-metten.com\/wp-content\/uploads\/2015\/01\/MG_7297-170x115.jpg\" class=\"attachment-thumbnail size-thumbnail\" alt=\"\" \/><\/a>\r\n\t\t\t<\/dt><\/dl><dl class='gallery-item'>\r\n\t\t\t<dt class='gallery-icon landscape'>\r\n\t\t\t\t<a title=\"DSC09592\"  href='https:\/\/www.kloster-metten.com\/?attachment_id=5758'><img width=\"170\" height=\"115\" src=\"https:\/\/www.kloster-metten.com\/wp-content\/uploads\/2015\/01\/DSC09592-170x115.jpg\" class=\"attachment-thumbnail size-thumbnail\" alt=\"\" \/><\/a>\r\n\t\t\t<\/dt><\/dl><br style=\"clear: both\" \/>\r\n\t\t<\/div>\n<\/p>\n","protected":false},"excerpt":{"rendered":"<p>Studenten der THD veranstalten Workshop f\u00fcr die 8. Jahrgangsstufe rund um das Ohr Am Freitag, 19.12.2014 und am Montag, 22.12.2014 hatten die Sch\u00fclerinnen und Sch\u00fcler der 8. Jahrgangsstufe die M\u00f6glichkeit, sich mit dem Thema H\u00f6ren und m\u00f6glichen Sch\u00e4digungen des H\u00f6rorgans auseinanderzusetzen. Durch die verschiedenen Workshops f\u00fchrten engagierte Studenten des Studienganges Medientechnik an der Hochschule Deggendorf [&hellip;]<\/p>\n","protected":false},"author":5,"featured_media":0,"parent":5394,"menu_order":-1,"comment_status":"closed","ping_status":"open","template":"","meta":{"footnotes":""},"class_list":["post-5777","page","type-page","status-publish","hentry"],"_links":{"self":[{"href":"https:\/\/www.kloster-metten.com\/index.php?rest_route=\/wp\/v2\/pages\/5777","targetHints":{"allow":["GET"]}}],"collection":[{"href":"https:\/\/www.kloster-metten.com\/index.php?rest_route=\/wp\/v2\/pages"}],"about":[{"href":"https:\/\/www.kloster-metten.com\/index.php?rest_route=\/wp\/v2\/types\/page"}],"author":[{"embeddable":true,"href":"https:\/\/www.kloster-metten.com\/index.php?rest_route=\/wp\/v2\/users\/5"}],"replies":[{"embeddable":true,"href":"https:\/\/www.kloster-metten.com\/index.php?rest_route=%2Fwp%2Fv2%2Fcomments&post=5777"}],"version-history":[{"count":0,"href":"https:\/\/www.kloster-metten.com\/index.php?rest_route=\/wp\/v2\/pages\/5777\/revisions"}],"up":[{"embeddable":true,"href":"https:\/\/www.kloster-metten.com\/index.php?rest_route=\/wp\/v2\/pages\/5394"}],"wp:attachment":[{"href":"https:\/\/www.kloster-metten.com\/index.php?rest_route=%2Fwp%2Fv2%2Fmedia&parent=5777"}],"curies":[{"name":"wp","href":"https:\/\/api.w.org\/{rel}","templated":true}]}}