{"id":5809,"date":"2015-03-02T17:38:35","date_gmt":"2015-03-02T15:38:35","guid":{"rendered":"http:\/\/www.kloster-metten.de\/?page_id=5809"},"modified":"2015-03-02T17:38:35","modified_gmt":"2015-03-02T15:38:35","slug":"studenten-der-thd-veranstalten-fur-die-9-jahrgangsstufe-des-mettener-st-michaels-gymnasiums-workshop-rund-um-das-ohr","status":"publish","type":"page","link":"https:\/\/www.kloster-metten.com\/?page_id=5809","title":{"rendered":"Studenten der THD veranstalten f\u00fcr die 9. Jahrgangsstufe des Mettener St.-Michaels-Gymnasiums Workshop rund um das Ohr"},"content":{"rendered":"<a href=\"https:\/\/www.kloster-metten.com\/wp-content\/uploads\/2015\/03\/H\u00f6rpr\u00e4vention_.jpg\"><img class=\"alignnone size-medium wp-image-5804\" title=\"H\u00f6rpr\u00e4vention_\" src=\"https:\/\/www.kloster-metten.com\/wp-content\/uploads\/2015\/03\/H\u00f6rpr\u00e4vention_-500x331.jpg\" alt=\"\" width=\"500\" height=\"331\" \/><\/a><h2>Studenten der THD veranstalten f\u00fcr die 9. Jahrgangsstufe des Mettener St.-Michaels-Gymnasiums Workshop rund um das Ohr<\/h2><p><\/p>\n<p>Am Mittwoch, 11.02.2015 hatten auch\u00a0die Sch\u00fcler der 9.\u00a0Klassen die M\u00f6glichkeit, sich mit dem Thema H\u00f6ren auseinanderzusetzen.\u00a0 Die Veranstaltung wurde bereits zum zweiten Mal am St.-Michaels-Gymnasium Metten durchgef\u00fchrt und erg\u00e4nzte den aktuellen Biologieunterricht zum Thema Sinnesorgane vorz\u00fcglich.<\/p>\n<p>Das St.-Michaels-Gymnasium bedankt sich noch einmal bei den Studenten der TH Deggendorf sowie bei Prof. Dr.-Ing. Gerhard Krump f\u00fcr die Organisation und Durchf\u00fchrung dieser Veranstaltung.<\/p>\n","protected":false},"excerpt":{"rendered":"<p>Studenten der THD veranstalten f\u00fcr die 9. Jahrgangsstufe des Mettener St.-Michaels-Gymnasiums Workshop rund um das Ohr Am Mittwoch, 11.02.2015 hatten auch\u00a0die Sch\u00fcler der 9.\u00a0Klassen die M\u00f6glichkeit, sich mit dem Thema H\u00f6ren auseinanderzusetzen.\u00a0 Die Veranstaltung wurde bereits zum zweiten Mal am St.-Michaels-Gymnasium Metten durchgef\u00fchrt und erg\u00e4nzte den aktuellen Biologieunterricht zum Thema Sinnesorgane vorz\u00fcglich. Das St.-Michaels-Gymnasium bedankt [&hellip;]<\/p>\n","protected":false},"author":5,"featured_media":0,"parent":5394,"menu_order":-3,"comment_status":"closed","ping_status":"open","template":"","meta":{"footnotes":""},"class_list":["post-5809","page","type-page","status-publish","hentry"],"_links":{"self":[{"href":"https:\/\/www.kloster-metten.com\/index.php?rest_route=\/wp\/v2\/pages\/5809","targetHints":{"allow":["GET"]}}],"collection":[{"href":"https:\/\/www.kloster-metten.com\/index.php?rest_route=\/wp\/v2\/pages"}],"about":[{"href":"https:\/\/www.kloster-metten.com\/index.php?rest_route=\/wp\/v2\/types\/page"}],"author":[{"embeddable":true,"href":"https:\/\/www.kloster-metten.com\/index.php?rest_route=\/wp\/v2\/users\/5"}],"replies":[{"embeddable":true,"href":"https:\/\/www.kloster-metten.com\/index.php?rest_route=%2Fwp%2Fv2%2Fcomments&post=5809"}],"version-history":[{"count":0,"href":"https:\/\/www.kloster-metten.com\/index.php?rest_route=\/wp\/v2\/pages\/5809\/revisions"}],"up":[{"embeddable":true,"href":"https:\/\/www.kloster-metten.com\/index.php?rest_route=\/wp\/v2\/pages\/5394"}],"wp:attachment":[{"href":"https:\/\/www.kloster-metten.com\/index.php?rest_route=%2Fwp%2Fv2%2Fmedia&parent=5809"}],"curies":[{"name":"wp","href":"https:\/\/api.w.org\/{rel}","templated":true}]}}