{"id":5888,"date":"2015-03-24T10:45:47","date_gmt":"2015-03-24T08:45:47","guid":{"rendered":"http:\/\/www.kloster-metten.de\/?page_id=5888"},"modified":"2017-03-11T21:13:52","modified_gmt":"2017-03-11T20:13:52","slug":"mettener-gymnasiasten-beobachteten-die-sonnenfinsternis","status":"publish","type":"page","link":"https:\/\/www.kloster-metten.com\/?page_id=5888","title":{"rendered":"Mettener Gymnasiasten beobachteten die Sonnenfinsternis"},"content":{"rendered":"<a href=\"https:\/\/www.kloster-metten.com\/wp-content\/uploads\/2015\/03\/Sofi2_-1.jpg\" rel=\"attachment wp-att-9566\"><img loading=\"lazy\" decoding=\"async\" class=\"size-medium wp-image-9566 alignnone\" title=\"Sofi2_\" src=\"https:\/\/www.kloster-metten.com\/wp-content\/uploads\/2015\/03\/Sofi2_-1-500x375.jpg\" alt=\"Sofi2_\" width=\"500\" height=\"375\" srcset=\"https:\/\/www.kloster-metten.com\/wp-content\/uploads\/2015\/03\/Sofi2_-1-500x375.jpg 500w, https:\/\/www.kloster-metten.com\/wp-content\/uploads\/2015\/03\/Sofi2_-1-768x576.jpg 768w, https:\/\/www.kloster-metten.com\/wp-content\/uploads\/2015\/03\/Sofi2_-1-1024x768.jpg 1024w, https:\/\/www.kloster-metten.com\/wp-content\/uploads\/2015\/03\/Sofi2_-1.jpg 1224w\" sizes=\"auto, (max-width: 500px) 100vw, 500px\" \/><\/a><h2>Mettener Gymnasiasten beobachteten die Sonnenfinsternis<\/h2><p><\/p>\n<p>Damit alle interessierten Sch\u00fclerinnen und Sch\u00fcler des St.-Michael-Gymnasiums die partielle Sonnenfinsternis am Freitag ohne Gefahr f\u00fcr die Augen betrachten konnten, hatte StR Christian Beyvers sein selbst gebasteltes Teleskop mit einer Sonnenfilterfolie versehen und mit in die Schule gebracht. So gab es in der Pause eine gro\u00dfe Zahl von Interessenten, die das Naturschauspiel in 30-facher Vergr\u00f6\u00dferung miterleben konnten.<\/p>\n<p><a href=\"https:\/\/www.kloster-metten.com\/wp-content\/uploads\/2015\/03\/Sofi1_.jpg\"><img loading=\"lazy\" decoding=\"async\" class=\"alignleft size-medium wp-image-5900\" title=\"Sofi1_\" src=\"https:\/\/www.kloster-metten.com\/wp-content\/uploads\/2015\/03\/Sofi1_-500x375.jpg\" alt=\"\" width=\"500\" height=\"375\" srcset=\"https:\/\/www.kloster-metten.com\/wp-content\/uploads\/2015\/03\/Sofi1_-500x375.jpg 500w, https:\/\/www.kloster-metten.com\/wp-content\/uploads\/2015\/03\/Sofi1_-768x576.jpg 768w, https:\/\/www.kloster-metten.com\/wp-content\/uploads\/2015\/03\/Sofi1_-1024x768.jpg 1024w, https:\/\/www.kloster-metten.com\/wp-content\/uploads\/2015\/03\/Sofi1_.jpg 1224w\" sizes=\"auto, (max-width: 500px) 100vw, 500px\" \/><\/a><\/p>\n","protected":false},"excerpt":{"rendered":"<p>Mettener Gymnasiasten beobachteten die Sonnenfinsternis Damit alle interessierten Sch\u00fclerinnen und Sch\u00fcler des St.-Michael-Gymnasiums die partielle Sonnenfinsternis am Freitag ohne Gefahr f\u00fcr die Augen betrachten konnten, hatte StR Christian Beyvers sein selbst gebasteltes Teleskop mit einer Sonnenfilterfolie versehen und mit in die Schule gebracht. So gab es in der Pause eine gro\u00dfe Zahl von Interessenten, die [&hellip;]<\/p>\n","protected":false},"author":5,"featured_media":0,"parent":10637,"menu_order":191,"comment_status":"closed","ping_status":"open","template":"","meta":{"footnotes":""},"class_list":["post-5888","page","type-page","status-publish","hentry"],"_links":{"self":[{"href":"https:\/\/www.kloster-metten.com\/index.php?rest_route=\/wp\/v2\/pages\/5888","targetHints":{"allow":["GET"]}}],"collection":[{"href":"https:\/\/www.kloster-metten.com\/index.php?rest_route=\/wp\/v2\/pages"}],"about":[{"href":"https:\/\/www.kloster-metten.com\/index.php?rest_route=\/wp\/v2\/types\/page"}],"author":[{"embeddable":true,"href":"https:\/\/www.kloster-metten.com\/index.php?rest_route=\/wp\/v2\/users\/5"}],"replies":[{"embeddable":true,"href":"https:\/\/www.kloster-metten.com\/index.php?rest_route=%2Fwp%2Fv2%2Fcomments&post=5888"}],"version-history":[{"count":4,"href":"https:\/\/www.kloster-metten.com\/index.php?rest_route=\/wp\/v2\/pages\/5888\/revisions"}],"predecessor-version":[{"id":9568,"href":"https:\/\/www.kloster-metten.com\/index.php?rest_route=\/wp\/v2\/pages\/5888\/revisions\/9568"}],"up":[{"embeddable":true,"href":"https:\/\/www.kloster-metten.com\/index.php?rest_route=\/wp\/v2\/pages\/10637"}],"wp:attachment":[{"href":"https:\/\/www.kloster-metten.com\/index.php?rest_route=%2Fwp%2Fv2%2Fmedia&parent=5888"}],"curies":[{"name":"wp","href":"https:\/\/api.w.org\/{rel}","templated":true}]}}