{"id":59,"date":"2008-08-04T21:53:44","date_gmt":"2008-08-04T19:53:44","guid":{"rendered":"http:\/\/kloster-metten.de\/?page_id=59"},"modified":"2008-08-04T21:53:44","modified_gmt":"2008-08-04T19:53:44","slug":"gottesdienst","status":"publish","type":"page","link":"https:\/\/www.kloster-metten.com\/?page_id=59","title":{"rendered":"Gottesdienst"},"content":{"rendered":"<img loading=\"lazy\" decoding=\"async\" class=\"alignleft size-medium wp-image-910\" title=\"_atk2067\" src=\"http:\/\/kloster-metten.de\/wp-content\/uploads\/2008\/09\/_atk2067-332x500.jpg\" alt=\"\" width=\"170\" height=\"257\" srcset=\"https:\/\/www.kloster-metten.com\/wp-content\/uploads\/2008\/09\/_atk2067-332x500.jpg 332w, https:\/\/www.kloster-metten.com\/wp-content\/uploads\/2008\/09\/_atk2067.jpg 665w\" sizes=\"auto, (max-width: 170px) 100vw, 170px\" \/><h2>Gottesdienst<\/h2><p>Die Arbeit ist wichtig im Leben eines M\u00f6nches, doch Benedikt weist seine Mitbr\u00fcder an, alles aus der Hand zu legen, wenn das Zeichen zum Gottesdienst ert\u00f6nt. Denn: \u201eDem Gottesdienst soll nichts vorgezogen werden.\u201c Damit meint er zugleich, dem Dienst Gottes an den Menschen ist nichts vorzuziehen.<\/p>\n<p>Der Mainzer Kardinal Karl Lehmann erinnerte in einer Predigt einmal, dass Benedikt am Anfang und Ende seiner Regel auch sage, dass Jesus Christus nichts vorgezogen werden d\u00fcrfe. Denn er f\u00fchre die Menschen zum Ewigen Leben. Dass es nicht immer leicht sei, sich entsprechend zu verhalten, wei\u00df der Ordensgr\u00fcnder nur zu gut. Deshalb ermutigt er seine Mitbr\u00fcder immer wieder: \u201eDenn Gott selbst schenkt uns etwas, was sonst niemand uns schenken kann\u201c, so Lehmann<\/p>\n","protected":false},"excerpt":{"rendered":"<p>GottesdienstDie Arbeit ist wichtig im Leben eines M\u00f6nches, doch Benedikt weist seine Mitbr\u00fcder an, alles aus der Hand zu legen, wenn das Zeichen zum Gottesdienst ert\u00f6nt. Denn: \u201eDem Gottesdienst soll nichts vorgezogen werden.\u201c Damit meint er zugleich, dem Dienst Gottes an den Menschen ist nichts vorzuziehen. Der Mainzer Kardinal Karl Lehmann erinnerte in einer Predigt [&hellip;]<\/p>\n","protected":false},"author":5,"featured_media":0,"parent":13,"menu_order":2,"comment_status":"closed","ping_status":"closed","template":"","meta":{"footnotes":""},"class_list":["post-59","page","type-page","status-publish","hentry"],"_links":{"self":[{"href":"https:\/\/www.kloster-metten.com\/index.php?rest_route=\/wp\/v2\/pages\/59","targetHints":{"allow":["GET"]}}],"collection":[{"href":"https:\/\/www.kloster-metten.com\/index.php?rest_route=\/wp\/v2\/pages"}],"about":[{"href":"https:\/\/www.kloster-metten.com\/index.php?rest_route=\/wp\/v2\/types\/page"}],"author":[{"embeddable":true,"href":"https:\/\/www.kloster-metten.com\/index.php?rest_route=\/wp\/v2\/users\/5"}],"replies":[{"embeddable":true,"href":"https:\/\/www.kloster-metten.com\/index.php?rest_route=%2Fwp%2Fv2%2Fcomments&post=59"}],"version-history":[{"count":0,"href":"https:\/\/www.kloster-metten.com\/index.php?rest_route=\/wp\/v2\/pages\/59\/revisions"}],"up":[{"embeddable":true,"href":"https:\/\/www.kloster-metten.com\/index.php?rest_route=\/wp\/v2\/pages\/13"}],"wp:attachment":[{"href":"https:\/\/www.kloster-metten.com\/index.php?rest_route=%2Fwp%2Fv2%2Fmedia&parent=59"}],"curies":[{"name":"wp","href":"https:\/\/api.w.org\/{rel}","templated":true}]}}