{"id":6036,"date":"2015-06-25T22:42:10","date_gmt":"2015-06-25T20:42:10","guid":{"rendered":"http:\/\/www.kloster-metten.de\/?page_id=6036"},"modified":"2015-06-25T22:42:10","modified_gmt":"2015-06-25T20:42:10","slug":"ecdl-prufungszentrum","status":"publish","type":"page","link":"https:\/\/www.kloster-metten.com\/?page_id=6036","title":{"rendered":"ECDL-Pr\u00fcfungszentrum"},"content":{"rendered":"<a href=\"https:\/\/www.kloster-metten.com\/wp-content\/uploads\/2015\/06\/ECDL_Logo_reg_RGB_72dpi.jpg\"><img loading=\"lazy\" decoding=\"async\" title=\"ECDL_Logo_reg_RGB_72dpi\" alt=\"\" class=\"alignnone size-full wp-image-6037\" src=\"https:\/\/www.kloster-metten.com\/wp-content\/uploads\/2015\/06\/ECDL_Logo_reg_RGB_72dpi.jpg\" width=\"425\" height=\"233\" \/><\/a><h2>ECDL-Pr\u00fcfungszentrum<\/h2><p><\/p>\n<p>Nachdem Michael Seibold und P. Thomas Winter die Schulung als Session-Manager absolviert haben, kann das St.-Michaels-Gymnasium als anerkanntes Pr\u00fcfungszentrum seinen Sch\u00fclern auch die Pr\u00fcfungen f\u00fcr den europ\u00e4ischen Computerf\u00fchrerschein (ECDL) anbieten.<\/p>\n","protected":false},"excerpt":{"rendered":"<p>ECDL-Pr\u00fcfungszentrum Nachdem Michael Seibold und P. Thomas Winter die Schulung als Session-Manager absolviert haben, kann das St.-Michaels-Gymnasium als anerkanntes Pr\u00fcfungszentrum seinen Sch\u00fclern auch die Pr\u00fcfungen f\u00fcr den europ\u00e4ischen Computerf\u00fchrerschein (ECDL) anbieten.<\/p>\n","protected":false},"author":5,"featured_media":0,"parent":5394,"menu_order":-10,"comment_status":"closed","ping_status":"open","template":"","meta":{"footnotes":""},"class_list":["post-6036","page","type-page","status-publish","hentry"],"_links":{"self":[{"href":"https:\/\/www.kloster-metten.com\/index.php?rest_route=\/wp\/v2\/pages\/6036","targetHints":{"allow":["GET"]}}],"collection":[{"href":"https:\/\/www.kloster-metten.com\/index.php?rest_route=\/wp\/v2\/pages"}],"about":[{"href":"https:\/\/www.kloster-metten.com\/index.php?rest_route=\/wp\/v2\/types\/page"}],"author":[{"embeddable":true,"href":"https:\/\/www.kloster-metten.com\/index.php?rest_route=\/wp\/v2\/users\/5"}],"replies":[{"embeddable":true,"href":"https:\/\/www.kloster-metten.com\/index.php?rest_route=%2Fwp%2Fv2%2Fcomments&post=6036"}],"version-history":[{"count":0,"href":"https:\/\/www.kloster-metten.com\/index.php?rest_route=\/wp\/v2\/pages\/6036\/revisions"}],"up":[{"embeddable":true,"href":"https:\/\/www.kloster-metten.com\/index.php?rest_route=\/wp\/v2\/pages\/5394"}],"wp:attachment":[{"href":"https:\/\/www.kloster-metten.com\/index.php?rest_route=%2Fwp%2Fv2%2Fmedia&parent=6036"}],"curies":[{"name":"wp","href":"https:\/\/api.w.org\/{rel}","templated":true}]}}