{"id":6165,"date":"2015-09-20T21:42:24","date_gmt":"2015-09-20T19:42:24","guid":{"rendered":"http:\/\/www.kloster-metten.de\/?page_id=6165"},"modified":"2017-09-17T09:58:01","modified_gmt":"2017-09-17T07:58:01","slug":"kennenlerntag-am-st-michaels-gymnasium","status":"publish","type":"page","link":"https:\/\/www.kloster-metten.com\/?page_id=6165","title":{"rendered":"Kennenlerntag am St.-Michaels-Gymnasium"},"content":{"rendered":"<a href=\"https:\/\/www.kloster-metten.com\/wp-content\/uploads\/2015\/09\/SAM_1698_.jpg\"><img loading=\"lazy\" decoding=\"async\" class=\"alignnone size-medium wp-image-6166\" title=\"SAM_1698_\" src=\"https:\/\/www.kloster-metten.com\/wp-content\/uploads\/2015\/09\/SAM_1698_-500x375.jpg\" alt=\"\" width=\"500\" height=\"375\" \/><\/a><h2>Kennenlerntag am St.-Michaels-Gymnasium<\/h2><p><\/p>\n<p>Damit sich die Sch\u00fclerinnen und Sch\u00fcler der 5. Klassen am St.-Michaels-Gymnasium in ihrer neuen Schule gleich wie zu Hause f\u00fchlen k\u00f6nnen, fand in der ersten Schulwoche ein Kennenlerntag statt. Im Mittelpunkt stand dabei eine Klassenleiterstunde, in der unter anderem Verhaltensregeln vereinbart wurden, au\u00dferdem bekamen die Sch\u00fcler erste Hinweise zum Thema \u201eLernen lernen\u201c. Am meisten Spa\u00df machte den \u201eNeuen\u201c die Schulhausralley, die von den Tutoren durchgef\u00fchrt wurde. Hierbei erkundeten sie die wichtigsten Anlaufstellen, wie z.B. das Sekretariat, das Lehrerzimmer oder den Tutorenraum und mussten sich auf die Suche nach den verschiedensten Unterrichtsr\u00e4umen machen.<\/p>\n\r\n\t\t<style type='text\/css'>\r\n\t\t\t#gallery-1 {\r\n\t\t\t\tmargin: auto;\r\n\t\t\t}\r\n\t\t\t#gallery-1 .gallery-item {\r\n\t\t\t\tfloat: left;\r\n\t\t\t\tmargin-top: 10px;\r\n\t\t\t\ttext-align: center;\r\n\t\t\t\twidth: 33%;\r\n\t\t\t}\r\n\t\t\t#gallery-1 hr {\r\n\t\t\t\theight: 1px;\r\n\t\t\t}\r\n\t\t\t#gallery-1 .gallery-caption {\r\n\t\t\t\tmargin-left: 0;\r\n\t\t\t}\r\n\t\t\t\/* see gallery_shortcode() in wp-includes\/media.php *\/\r\n\t\t<\/style>\n\t\t<div id='gallery-1' class='gallery galleryid-6165 gallery-columns-3 gallery-size-thumbnail'><hr class='null'><dl class='gallery-item'>\r\n\t\t\t<dt class='gallery-icon landscape'>\r\n\t\t\t\t<a title=\"SAM_1698_\"  href='https:\/\/www.kloster-metten.com\/?attachment_id=6166'><img loading=\"lazy\" decoding=\"async\" width=\"170\" height=\"115\" src=\"https:\/\/www.kloster-metten.com\/wp-content\/uploads\/2015\/09\/SAM_1698_-1-170x115.jpg\" class=\"attachment-thumbnail size-thumbnail\" alt=\"\" \/><\/a>\r\n\t\t\t<\/dt><\/dl><dl class='gallery-item'>\r\n\t\t\t<dt class='gallery-icon landscape'>\r\n\t\t\t\t<a title=\"SAM_1712_\"  href='https:\/\/www.kloster-metten.com\/?attachment_id=6167'><img loading=\"lazy\" decoding=\"async\" width=\"170\" height=\"115\" src=\"https:\/\/www.kloster-metten.com\/wp-content\/uploads\/2015\/09\/SAM_1712_-1-170x115.jpg\" class=\"attachment-thumbnail size-thumbnail\" alt=\"\" \/><\/a>\r\n\t\t\t<\/dt><\/dl><dl class='gallery-item'>\r\n\t\t\t<dt class='gallery-icon landscape'>\r\n\t\t\t\t<a title=\"SAM_1703_\"  href='https:\/\/www.kloster-metten.com\/?attachment_id=6168'><img loading=\"lazy\" decoding=\"async\" width=\"170\" height=\"115\" src=\"https:\/\/www.kloster-metten.com\/wp-content\/uploads\/2015\/09\/SAM_1703_-1-170x115.jpg\" class=\"attachment-thumbnail size-thumbnail\" alt=\"\" \/><\/a>\r\n\t\t\t<\/dt><\/dl><br style=\"clear: both\" \/><dl class='gallery-item'>\r\n\t\t\t<dt class='gallery-icon landscape'>\r\n\t\t\t\t<a title=\"SAM_1694_\"  href='https:\/\/www.kloster-metten.com\/?attachment_id=6169'><img loading=\"lazy\" decoding=\"async\" width=\"170\" height=\"115\" src=\"https:\/\/www.kloster-metten.com\/wp-content\/uploads\/2015\/09\/SAM_1694_-1-170x115.jpg\" class=\"attachment-thumbnail size-thumbnail\" alt=\"\" \/><\/a>\r\n\t\t\t<\/dt><\/dl><dl class='gallery-item'>\r\n\t\t\t<dt class='gallery-icon landscape'>\r\n\t\t\t\t<a title=\"DSCF0055_\"  href='https:\/\/www.kloster-metten.com\/?attachment_id=6170'><img loading=\"lazy\" decoding=\"async\" width=\"170\" height=\"115\" src=\"https:\/\/www.kloster-metten.com\/wp-content\/uploads\/2015\/09\/DSCF0055_-1-170x115.jpg\" class=\"attachment-thumbnail size-thumbnail\" alt=\"\" \/><\/a>\r\n\t\t\t<\/dt><\/dl>\r\n\t\t\t<br style='clear: both' \/>\r\n\t\t<\/div>\n\n","protected":false},"excerpt":{"rendered":"<p>Kennenlerntag am St.-Michaels-Gymnasium Damit sich die Sch\u00fclerinnen und Sch\u00fcler der 5. Klassen am St.-Michaels-Gymnasium in ihrer neuen Schule gleich wie zu Hause f\u00fchlen k\u00f6nnen, fand in der ersten Schulwoche ein Kennenlerntag statt. Im Mittelpunkt stand dabei eine Klassenleiterstunde, in der unter anderem Verhaltensregeln vereinbart wurden, au\u00dferdem bekamen die Sch\u00fcler erste Hinweise zum Thema \u201eLernen lernen\u201c. [&hellip;]<\/p>\n","protected":false},"author":5,"featured_media":0,"parent":11026,"menu_order":175,"comment_status":"closed","ping_status":"open","template":"","meta":{"footnotes":""},"class_list":["post-6165","page","type-page","status-publish","hentry"],"_links":{"self":[{"href":"https:\/\/www.kloster-metten.com\/index.php?rest_route=\/wp\/v2\/pages\/6165","targetHints":{"allow":["GET"]}}],"collection":[{"href":"https:\/\/www.kloster-metten.com\/index.php?rest_route=\/wp\/v2\/pages"}],"about":[{"href":"https:\/\/www.kloster-metten.com\/index.php?rest_route=\/wp\/v2\/types\/page"}],"author":[{"embeddable":true,"href":"https:\/\/www.kloster-metten.com\/index.php?rest_route=\/wp\/v2\/users\/5"}],"replies":[{"embeddable":true,"href":"https:\/\/www.kloster-metten.com\/index.php?rest_route=%2Fwp%2Fv2%2Fcomments&post=6165"}],"version-history":[{"count":1,"href":"https:\/\/www.kloster-metten.com\/index.php?rest_route=\/wp\/v2\/pages\/6165\/revisions"}],"predecessor-version":[{"id":9532,"href":"https:\/\/www.kloster-metten.com\/index.php?rest_route=\/wp\/v2\/pages\/6165\/revisions\/9532"}],"up":[{"embeddable":true,"href":"https:\/\/www.kloster-metten.com\/index.php?rest_route=\/wp\/v2\/pages\/11026"}],"wp:attachment":[{"href":"https:\/\/www.kloster-metten.com\/index.php?rest_route=%2Fwp%2Fv2%2Fmedia&parent=6165"}],"curies":[{"name":"wp","href":"https:\/\/api.w.org\/{rel}","templated":true}]}}