{"id":6173,"date":"2015-09-28T23:58:59","date_gmt":"2015-09-28T21:58:59","guid":{"rendered":"http:\/\/www.kloster-metten.de\/?page_id=6173"},"modified":"2017-09-17T09:57:41","modified_gmt":"2017-09-17T07:57:41","slug":"archaologie-aktuell-und-spannend","status":"publish","type":"page","link":"https:\/\/www.kloster-metten.com\/?page_id=6173","title":{"rendered":"Arch\u00e4ologie \u2013 aktuell und spannend"},"content":{"rendered":"<a href=\"https:\/\/www.kloster-metten.com\/wp-content\/uploads\/2015\/09\/PICT3036_.jpg\"><img loading=\"lazy\" decoding=\"async\" class=\"alignnone size-medium wp-image-6174\" title=\"PICT3036_\" src=\"https:\/\/www.kloster-metten.com\/wp-content\/uploads\/2015\/09\/PICT3036_-500x375.jpg\" alt=\"\" width=\"500\" height=\"375\" \/><\/a><h2>Arch\u00e4ologie \u2013 aktuell und spannend<\/h2><p><\/p>\n<p>Letzte Woche bekam der Arch\u00e4ologiekurs der Q12 am St.-Michaels-Gymnasium in Metten Besuch von einem Arch\u00e4ologen.<br \/>\nHerr Dietz, der in Mainz studiert hat, besch\u00e4ftigt sich mit Altorientalistik, einem Zweig der Arch\u00e4ologie, der im Unterricht nur kurz gestreift wird.<br \/>\nZun\u00e4chst informierte Herr Dietz die Sch\u00fclerinnen und Sch\u00fcler \u00fcber den Ablauf seines Studiums, danach entf\u00fchrte er sie in einer anschaulichen Powerpoint-Pr\u00e4sentation in die Welt des Alten Orients.<br \/>\nVon der Steinzeit bis zum Ende des Perserreichs (331 v. Chr.) erstreckte sich sein Vortrag, von der Sesshaftigkeit im fruchtbaren Halbmond, den ersten Ansiedlungen in S\u00fcdmesopotamien, bis zum Bauprogramm der K\u00f6nige von Ur, und auch \u00fcber die K\u00f6nige Hammurapi und Nebukadnezar erfuhren die Kursteilnehmer interessante Details.<br \/>\nDen Vortrag lockerte Herr Dietz immer wieder durch Fotos von Ausgrabungen vor Ort auf, an denen er pers\u00f6nlich teilgenommen hatte und berichtete dabei von seinen Erfahrungen in den jeweiligen L\u00e4ndern.<br \/>\nZum Schluss beantwortete der Arch\u00e4ologe noch die Fragen der Sch\u00fclerinnen und Sch\u00fcler, f\u00fcr die es eine nicht allt\u00e4gliche und sehr informative Arch\u00e4ologie-Stunde war.<br \/>\nDie Kursleiterin, Frau Brehm-Wammes, bedankte sich herzlich bei Herrn Dietz und w\u00fcnschte ihm alles Gute f\u00fcr die Zukunft und eine erfolgreiche Beendigung seiner Doktorarbeit.<\/p>\n<p><a href=\"https:\/\/www.kloster-metten.com\/wp-content\/uploads\/2015\/09\/PICT3033_.jpg\"><img loading=\"lazy\" decoding=\"async\" class=\"alignnone size-medium wp-image-6175\" title=\"PICT3033_\" src=\"https:\/\/www.kloster-metten.com\/wp-content\/uploads\/2015\/09\/PICT3033_-500x375.jpg\" alt=\"\" width=\"500\" height=\"375\" \/><\/a><\/p>\n","protected":false},"excerpt":{"rendered":"<p>Arch\u00e4ologie \u2013 aktuell und spannend Letzte Woche bekam der Arch\u00e4ologiekurs der Q12 am St.-Michaels-Gymnasium in Metten Besuch von einem Arch\u00e4ologen. Herr Dietz, der in Mainz studiert hat, besch\u00e4ftigt sich mit Altorientalistik, einem Zweig der Arch\u00e4ologie, der im Unterricht nur kurz gestreift wird. Zun\u00e4chst informierte Herr Dietz die Sch\u00fclerinnen und Sch\u00fcler \u00fcber den Ablauf seines Studiums, [&hellip;]<\/p>\n","protected":false},"author":5,"featured_media":0,"parent":11026,"menu_order":174,"comment_status":"closed","ping_status":"open","template":"","meta":{"footnotes":""},"class_list":["post-6173","page","type-page","status-publish","hentry"],"_links":{"self":[{"href":"https:\/\/www.kloster-metten.com\/index.php?rest_route=\/wp\/v2\/pages\/6173","targetHints":{"allow":["GET"]}}],"collection":[{"href":"https:\/\/www.kloster-metten.com\/index.php?rest_route=\/wp\/v2\/pages"}],"about":[{"href":"https:\/\/www.kloster-metten.com\/index.php?rest_route=\/wp\/v2\/types\/page"}],"author":[{"embeddable":true,"href":"https:\/\/www.kloster-metten.com\/index.php?rest_route=\/wp\/v2\/users\/5"}],"replies":[{"embeddable":true,"href":"https:\/\/www.kloster-metten.com\/index.php?rest_route=%2Fwp%2Fv2%2Fcomments&post=6173"}],"version-history":[{"count":1,"href":"https:\/\/www.kloster-metten.com\/index.php?rest_route=\/wp\/v2\/pages\/6173\/revisions"}],"predecessor-version":[{"id":9531,"href":"https:\/\/www.kloster-metten.com\/index.php?rest_route=\/wp\/v2\/pages\/6173\/revisions\/9531"}],"up":[{"embeddable":true,"href":"https:\/\/www.kloster-metten.com\/index.php?rest_route=\/wp\/v2\/pages\/11026"}],"wp:attachment":[{"href":"https:\/\/www.kloster-metten.com\/index.php?rest_route=%2Fwp%2Fv2%2Fmedia&parent=6173"}],"curies":[{"name":"wp","href":"https:\/\/api.w.org\/{rel}","templated":true}]}}