{"id":6204,"date":"2015-10-10T21:42:41","date_gmt":"2015-10-10T19:42:41","guid":{"rendered":"http:\/\/www.kloster-metten.de\/?page_id=6204"},"modified":"2016-02-15T20:25:03","modified_gmt":"2016-02-15T19:25:03","slug":"begeistern-fur-bionik","status":"publish","type":"page","link":"https:\/\/www.kloster-metten.com\/?page_id=6204","title":{"rendered":"Begeistern f\u00fcr Bionik"},"content":{"rendered":"<a href=\"https:\/\/www.kloster-metten.com\/wp-content\/uploads\/2015\/10\/2015-09-29-10.11.45_.jpg\"><img class=\"alignnone size-medium wp-image-6198\" title=\"2015-09-29 10.11.45_\" src=\"https:\/\/www.kloster-metten.com\/wp-content\/uploads\/2015\/10\/2015-09-29-10.11.45_-500x281.jpg\" alt=\"\" width=\"500\" height=\"281\" \/><\/a><h2>Begeistern f\u00fcr Bionik<\/h2><p><\/p>\n<p>Am St. Michaels-Gymnasium in Metten erlebten am vergangenen Dienstag die Sch\u00fclerinnen und Sch\u00fcler der siebten Klassen, was sich hinter dem Begriff Bionik verbirgt. Bionik ist eine Forschungsrichtung, in der sich Naturwissenschaftler und Ingenieure Erkenntnisse aus der Natur zu Nutze machen, um neue technologische Erfindungen f\u00fcr unsere Zukunft zu entwickeln. Denn zu gerne w\u00fcrden auch wir Menschen fliegen k\u00f6nnen wie ein Vogel, durch Wasser gleiten wie ein Haifisch oder W\u00e4nde hochlaufen wie ein Gecko! Das Programm des Bionik-Schulbesuchs hat die IJF zusammen mit Naturwissenschaftlern, P\u00e4dagogen und Didaktikern erarbeitet.<br \/>\nMit viel Eifer entdeckten die interessierten Siebtkl\u00e4ssler dann die erstaunlichen Eigenschaften mancher Tiere und Pflanzen und erfuhren, wie wir diese Eigenschaften teilweise bereits kopiert haben. Voraus ging ein spannender Einf\u00fchrungsvortrag von vier Studentinnen der THD unter der Anleitung von Frau Andrea Stelzl, die das Projekt MINT mit der Experimentiereinheit Bionik an der Deggendorfer Hochschule betreut.<\/p>\n<p>Selbst ausprobieren und experimentieren, wie viel schneller sich z.B. eine str\u00f6mungsg\u00fcnstige Form im Wasser bewegt (von den Fischen abgeschaute Bionik), das machte allen viel Spa\u00df! Ganz besonders angetan waren auch die zwei Sch\u00fclerinnen und sechs Sch\u00fcler der St. Notker-Schule, die von den Mettener Gymnasiasten einf\u00fchlsam beim Experimentieren betreut wurden. Diese Integration der jungen Menschen mit geistiger und\/oder k\u00f6rperlicher Behinderung klappte vorz\u00fcglich. Auch die Veranstalter und die Organisatorin waren vom Interesse und dem guten Gelingen beim Experimentieren begeistert.<\/p>\n<p>Carmen Prinz<br \/>\n(Dipl. Biologin, MINT-Beauftragte am Gymnasium Metten)<\/p>\n<p>\r\n\t\t<style type='text\/css'>\r\n\t\t\t#gallery-1 {\r\n\t\t\t\tmargin: auto;\r\n\t\t\t}\r\n\t\t\t#gallery-1 .gallery-item {\r\n\t\t\t\tfloat: left;\r\n\t\t\t\tmargin-top: 10px;\r\n\t\t\t\ttext-align: center;\r\n\t\t\t\twidth: 33%;\r\n\t\t\t}\r\n\t\t\t#gallery-1 hr {\r\n\t\t\t\theight: 1px;\r\n\t\t\t}\r\n\t\t\t#gallery-1 .gallery-caption {\r\n\t\t\t\tmargin-left: 0;\r\n\t\t\t}\r\n\t\t\t\/* see gallery_shortcode() in wp-includes\/media.php *\/\r\n\t\t<\/style>\n\t\t<div id='gallery-1' class='gallery galleryid-6204 gallery-columns-3 gallery-size-thumbnail'><hr class='null'><dl class='gallery-item'>\r\n\t\t\t<dt class='gallery-icon landscape'>\r\n\t\t\t\t<a title=\"2015-09-29 10.11.04_\"  href='https:\/\/www.kloster-metten.com\/?attachment_id=6200'><img width=\"170\" height=\"115\" src=\"https:\/\/www.kloster-metten.com\/wp-content\/uploads\/2015\/10\/2015-09-29-10.11.04_-1-170x115.jpg\" class=\"attachment-thumbnail size-thumbnail\" alt=\"\" \/><\/a>\r\n\t\t\t<\/dt><\/dl><dl class='gallery-item'>\r\n\t\t\t<dt class='gallery-icon landscape'>\r\n\t\t\t\t<a title=\"2015-09-29 10.11.45_\"  href='https:\/\/www.kloster-metten.com\/?attachment_id=6198'><img width=\"170\" height=\"115\" src=\"https:\/\/www.kloster-metten.com\/wp-content\/uploads\/2015\/10\/2015-09-29-10.11.45_-1-170x115.jpg\" class=\"attachment-thumbnail size-thumbnail\" alt=\"\" \/><\/a>\r\n\t\t\t<\/dt><\/dl><dl class='gallery-item'>\r\n\t\t\t<dt class='gallery-icon landscape'>\r\n\t\t\t\t<a title=\"2015-09-29 11.23.30_\"  href='https:\/\/www.kloster-metten.com\/?attachment_id=6201'><img width=\"170\" height=\"115\" src=\"https:\/\/www.kloster-metten.com\/wp-content\/uploads\/2015\/10\/2015-09-29-11.23.30_-1-170x115.jpg\" class=\"attachment-thumbnail size-thumbnail\" alt=\"\" \/><\/a>\r\n\t\t\t<\/dt><\/dl><br style=\"clear: both\" \/><dl class='gallery-item'>\r\n\t\t\t<dt class='gallery-icon portrait'>\r\n\t\t\t\t<a title=\"2015-09-29 09.08.43_\"  href='https:\/\/www.kloster-metten.com\/?attachment_id=6199'><img width=\"170\" height=\"115\" src=\"https:\/\/www.kloster-metten.com\/wp-content\/uploads\/2015\/10\/2015-09-29-09.08.43_-1-170x115.jpg\" class=\"attachment-thumbnail size-thumbnail\" alt=\"\" \/><\/a>\r\n\t\t\t<\/dt><\/dl>\r\n\t\t\t<br style='clear: both' \/>\r\n\t\t<\/div>\n<\/p>\n","protected":false},"excerpt":{"rendered":"<p>Begeistern f\u00fcr Bionik Am St. Michaels-Gymnasium in Metten erlebten am vergangenen Dienstag die Sch\u00fclerinnen und Sch\u00fcler der siebten Klassen, was sich hinter dem Begriff Bionik verbirgt. Bionik ist eine Forschungsrichtung, in der sich Naturwissenschaftler und Ingenieure Erkenntnisse aus der Natur zu Nutze machen, um neue technologische Erfindungen f\u00fcr unsere Zukunft zu entwickeln. Denn zu gerne [&hellip;]<\/p>\n","protected":false},"author":5,"featured_media":0,"parent":5394,"menu_order":-12,"comment_status":"closed","ping_status":"open","template":"","meta":{"footnotes":""},"class_list":["post-6204","page","type-page","status-publish","hentry"],"_links":{"self":[{"href":"https:\/\/www.kloster-metten.com\/index.php?rest_route=\/wp\/v2\/pages\/6204","targetHints":{"allow":["GET"]}}],"collection":[{"href":"https:\/\/www.kloster-metten.com\/index.php?rest_route=\/wp\/v2\/pages"}],"about":[{"href":"https:\/\/www.kloster-metten.com\/index.php?rest_route=\/wp\/v2\/types\/page"}],"author":[{"embeddable":true,"href":"https:\/\/www.kloster-metten.com\/index.php?rest_route=\/wp\/v2\/users\/5"}],"replies":[{"embeddable":true,"href":"https:\/\/www.kloster-metten.com\/index.php?rest_route=%2Fwp%2Fv2%2Fcomments&post=6204"}],"version-history":[{"count":1,"href":"https:\/\/www.kloster-metten.com\/index.php?rest_route=\/wp\/v2\/pages\/6204\/revisions"}],"predecessor-version":[{"id":8871,"href":"https:\/\/www.kloster-metten.com\/index.php?rest_route=\/wp\/v2\/pages\/6204\/revisions\/8871"}],"up":[{"embeddable":true,"href":"https:\/\/www.kloster-metten.com\/index.php?rest_route=\/wp\/v2\/pages\/5394"}],"wp:attachment":[{"href":"https:\/\/www.kloster-metten.com\/index.php?rest_route=%2Fwp%2Fv2%2Fmedia&parent=6204"}],"curies":[{"name":"wp","href":"https:\/\/api.w.org\/{rel}","templated":true}]}}