{"id":6239,"date":"2015-10-22T16:58:15","date_gmt":"2015-10-22T14:58:15","guid":{"rendered":"http:\/\/www.kloster-metten.de\/?page_id=6239"},"modified":"2017-09-17T09:57:02","modified_gmt":"2017-09-17T07:57:02","slug":"neue-schulersprecher","status":"publish","type":"page","link":"https:\/\/www.kloster-metten.com\/?page_id=6239","title":{"rendered":"Neue Sch\u00fclersprecher"},"content":{"rendered":"<h2>Neue Sch\u00fclersprecher<\/h2><div id=\"attachment_6237\" style=\"width: 510px\" class=\"wp-caption alignnone\"><a href=\"https:\/\/www.kloster-metten.com\/wp-content\/uploads\/2008\/08\/SAM_1825-1-1.jpg\"><img loading=\"lazy\" decoding=\"async\" aria-describedby=\"caption-attachment-6237\" class=\"size-medium wp-image-6237\" title=\"SAM_1825\" src=\"https:\/\/www.kloster-metten.com\/wp-content\/uploads\/2008\/08\/SAM_1825-1-500x375.jpg\" alt=\"\" width=\"500\" height=\"375\" srcset=\"https:\/\/www.kloster-metten.com\/wp-content\/uploads\/2008\/08\/SAM_1825-1-500x375.jpg 500w, https:\/\/www.kloster-metten.com\/wp-content\/uploads\/2008\/08\/SAM_1825-1-768x576.jpg 768w, https:\/\/www.kloster-metten.com\/wp-content\/uploads\/2008\/08\/SAM_1825-1-1024x768.jpg 1024w, https:\/\/www.kloster-metten.com\/wp-content\/uploads\/2008\/08\/SAM_1825-1.jpg 1094w\" sizes=\"auto, (max-width: 500px) 100vw, 500px\" \/><\/a><p id=\"caption-attachment-6237\" class=\"wp-caption-text\">Laura Esterbauer und Manuel Grohmann<\/p><\/div>\n<p>Zu Sch\u00fclersprechern wurden f\u00fcr dieses Schuljahr Manuel Grohmann und Laura Esterbauer (Q11) gew\u00e4hlt.<\/p>\n","protected":false},"excerpt":{"rendered":"<p>Neue Sch\u00fclersprecherZu Sch\u00fclersprechern wurden f\u00fcr dieses Schuljahr Manuel Grohmann und Laura Esterbauer (Q11) gew\u00e4hlt.<\/p>\n","protected":false},"author":5,"featured_media":0,"parent":11026,"menu_order":172,"comment_status":"closed","ping_status":"open","template":"","meta":{"footnotes":""},"class_list":["post-6239","page","type-page","status-publish","hentry"],"_links":{"self":[{"href":"https:\/\/www.kloster-metten.com\/index.php?rest_route=\/wp\/v2\/pages\/6239","targetHints":{"allow":["GET"]}}],"collection":[{"href":"https:\/\/www.kloster-metten.com\/index.php?rest_route=\/wp\/v2\/pages"}],"about":[{"href":"https:\/\/www.kloster-metten.com\/index.php?rest_route=\/wp\/v2\/types\/page"}],"author":[{"embeddable":true,"href":"https:\/\/www.kloster-metten.com\/index.php?rest_route=\/wp\/v2\/users\/5"}],"replies":[{"embeddable":true,"href":"https:\/\/www.kloster-metten.com\/index.php?rest_route=%2Fwp%2Fv2%2Fcomments&post=6239"}],"version-history":[{"count":1,"href":"https:\/\/www.kloster-metten.com\/index.php?rest_route=\/wp\/v2\/pages\/6239\/revisions"}],"predecessor-version":[{"id":9530,"href":"https:\/\/www.kloster-metten.com\/index.php?rest_route=\/wp\/v2\/pages\/6239\/revisions\/9530"}],"up":[{"embeddable":true,"href":"https:\/\/www.kloster-metten.com\/index.php?rest_route=\/wp\/v2\/pages\/11026"}],"wp:attachment":[{"href":"https:\/\/www.kloster-metten.com\/index.php?rest_route=%2Fwp%2Fv2%2Fmedia&parent=6239"}],"curies":[{"name":"wp","href":"https:\/\/api.w.org\/{rel}","templated":true}]}}