{"id":6258,"date":"2015-11-18T16:39:05","date_gmt":"2015-11-18T14:39:05","guid":{"rendered":"http:\/\/www.kloster-metten.de\/?page_id=6258"},"modified":"2017-09-17T09:56:14","modified_gmt":"2017-09-17T07:56:14","slug":"euregio-lehrfahrt-nach-passau","status":"publish","type":"page","link":"https:\/\/www.kloster-metten.com\/?page_id=6258","title":{"rendered":"Euregio-Lehrfahrt nach Passau"},"content":{"rendered":"<a href=\"https:\/\/www.kloster-metten.com\/wp-content\/uploads\/2015\/11\/GSJ-Passau-Landratsamt_.jpg\"><img loading=\"lazy\" decoding=\"async\" class=\"alignnone size-medium wp-image-6259\" title=\"GSJ Passau Landratsamt_\" src=\"https:\/\/www.kloster-metten.com\/wp-content\/uploads\/2015\/11\/GSJ-Passau-Landratsamt_-499x374.jpg\" alt=\"\" width=\"499\" height=\"374\" \/><\/a><h2>Euregio-Lehrfahrt nach Passau<\/h2><p><\/p>\n<p>Am Dienstag, den 29. September 2015 machten wir, Adam, Simon und Benjamin, die drei neuen tschechischen Gastsch\u00fcler am Gymnasium Metten, einen Ausflug nach Passau, um an einem EUREGIO-Gastsch\u00fclertreffen teilzunehmen. Wir sind mit dem Minibus gefahren. Unserer Fahrer war Herr Seibold, der in Passau studiert hatte und uns somit zielsicher zu unserem Treffpunkt bringen konnte. Er war sehr nett und hat viel mit uns gesprochen, mit Simon auch in Englisch, weil Simon noch sehr gro\u00dfe Probleme mit der deutschen Sprache hat. (Aber er verbessert sich stetig!<br \/>\nUm 8:15 sind wir an der Universit\u00e4t Passau im Hof des Nikolaklosters eingetroffen. Dort besichtigten wir f\u00fcr zwei Stunden das Universit\u00e4tsgel\u00e4nde. Wir haben viele Informationen \u00fcber das Studium dort bekommen. Ich bin mir sicher, dass viele tschechische Gastsch\u00fcler dort auch studieren wollen.<br \/>\nAnschlie\u00dfend an die Universit\u00e4tsbesichtigung sind wird dann zum Landratsamt gegangen und haben uns dort eine Pr\u00e4sentation zum Landkreis angesehen und ein Mittagessen bekommen. Es war dort sehr sch\u00f6n und das Essen war sehr lecker. Danach waren wir im Passauer Rathaus, wo wir von Oberb\u00fcrgermeister J\u00fcrgen Dupper sehr herzlich im gro\u00dfen Rathaussaal begr\u00fc\u00dft wurden.<br \/>\nUnsere letzte offizielle Station f\u00fchrte uns zum Caf\u00e9 Museum, und dort war eine Lesung von Jarom\u00edr Kone\u010dn\u00fd, einem tschechischen Kabarettisten, der uns auf Deutsch viele lustige und unterhaltsame Geschichten aus seinem Leben in Deutschland erz\u00e4hlt hat. Dies war sehr lustig und super unterhaltsam. Zum Abschluss der Veranstaltung berichtete jeder der Teilnehmer Lucie Dreher, der Organisatorin unseres Euregio-Gastschuljahres, in ein paar S\u00e4tzen von seinen ersten Eindr\u00fccken aus dem bisherigen Gastschuljahr in Bayern. Insgesamt waren alle Eindr\u00fccke sehr positiv, was mich aber nicht besonders \u00fcberrascht hat.<br \/>\nUm 16:45 war die Veranstaltung dann offiziell beendet und wir sind noch abschlie\u00dfend mit Herrn Seibold zu Fu\u00df zur Passauer Burg, der Veste Oberhaus gegangen. Dort war ein herrlicher Ausblick, und es war sehr sch\u00f6n, weil das Wetter noch super sonnig war und wir haben das ganze Passau mit seinen drei Fl\u00fcssen von oben gesehen. Danach sind wird dann wieder zur\u00fcck zum Gymnasium Metten gefahren, um gerade noch rechtzeitig zum Festgottesdienst im Rahmen des Hochfests des Heiligen Erzengels Michael einzutreffen.<br \/>\nAn dieser Stelle m\u00f6chten ich im Namen von uns Gastsch\u00fclern noch einmal herzlich Herrn Seibold daf\u00fcr danken, dass er an diesem Tag unser Fahrer, Begleiter und Kumpel war.<br \/>\nAdam Cibulka<\/p>\n<p>Nau\u010dn\u00fd v\u00fdlet do Pasova<br \/>\nVe \u010ctvrtek 29.9 jsme se j\u00e1 (Adam), \u0160imon a Benjamin, t\u0159i nov\u00ed \u010de\u0161t\u00ed studenti, z\u00fa\u010dastnili v\u00fdletu do Pasova, kter\u00fd organizoval Euregio. Jeli jsme tam minibusem, a n\u00e1\u0161 \u0159idi\u010d byl Pan Seibold, proto\u017ee v Pasov\u011b studoval, tak n\u00e1m mohl pomoct s nalezen\u00edm pasovsk\u00e9 vysok\u00e9 \u0161koly, kde jsme m\u011bli sraz. Byl hrozn\u011b mil\u00fd a hodn\u011b se s n\u00e1mi bavil, se \u0160imonem dokonce anglicky, jeliko\u017e skoro v\u016fbec N\u011bmecky neum\u00ed (ale zlep\u0161uje se).<br \/>\nV 8:15 byl sraz na Univerzit\u011b a tam jsme m\u011bli dvou hodinovou prohl\u00eddku. Dozv\u011bd\u011bli jsme se mnoho informac\u00ed, hlavn\u011b o mo\u017enosti pro n\u00e1s tam studovat, a jsem si jist\u00fd, \u017ee nejeden student o tom uva\u017euje. Na\u0161t\u011bst\u00ed to je mo\u017en\u00e9 a v\u016fbec ne t\u011b\u017ek\u00e9.<br \/>\nPotom jsme \u0161li na okresn\u00ed \u00fa\u0159ad, kde jsme se pod\u00edvali na prezentaci a dostali ob\u011bd. Bylo to tam opravdu zaj\u00edmav\u00e9 a ob\u011bd byl chutn\u00fd. Pot\u00e9 jsme \u0161li do pasovsk\u00e9 radnice, kde na n\u00e1s, ve velk\u00e9m radni\u010dn\u00edm s\u00e1lu, \u010dekal prim\u00e1tor J\u00fcrgen Dupper.<br \/>\nPak jsme \u0161li do Caf\u00e9 Museum, kde m\u011bl Jarom\u00edr Kone\u010dn\u00fd, \u010desk\u00fd komik, kter\u00fd ale \u017eije v N\u011bmecku a n\u011bmecky i mluvil, vtipn\u00fd p\u0159ednes kde n\u00e1m pov\u00eddal o sv\u00e9m \u010dasu v N\u011bmecku. Pot\u00e9 po n\u00e1s cht\u011bla Lucie Dreher, jedna z organiz\u00e1tor\u016f tohohle \u0161koln\u00edho roku, na\u0161e prvn\u00ed dojmy. V\u0161ichni si pobyt chv\u00e1lili, ale to asi nikoho nep\u0159ekvapilo.<br \/>\nV 16:30 jsme bohu\u017eel byli rozpu\u0161t\u011bni, ale Pan Seibold pro n\u00e1s m\u011bl je\u0161t\u011b p\u0159ipraven\u00fd v\u00fdstup k pasovsk\u00e9mu hradu, kde byl kr\u00e1sn\u00fd v\u00fdhled a celkov\u011b to bylo velice p\u011bkn\u00e9, proto\u017ee po\u010das\u00ed bylo super a shora byly vid\u011bt v\u0161echny t\u0159i \u0159eky. Pak jsme jeli zp\u00e1tky do Mettenu, p\u0159esn\u011b v\u010das na bohoslu\u017ebu.<br \/>\nD\u011bkuji Seiboldovi za to, \u017ee byl n\u00e1\u0161 \u0159idi\u010d, doprovod a kamar\u00e1d v ten den.<\/p>\n<p>Adam Cibulka<\/p>\n<p><a href=\"https:\/\/www.kloster-metten.com\/wp-content\/uploads\/2015\/11\/Euregio-Urban-Mangold.jpg\"><img loading=\"lazy\" decoding=\"async\" class=\"alignnone size-medium wp-image-6260\" title=\"Euregio Urban Mangold\" src=\"https:\/\/www.kloster-metten.com\/wp-content\/uploads\/2015\/11\/Euregio-Urban-Mangold-500x375.jpg\" alt=\"\" width=\"500\" height=\"375\" \/><\/a><\/p>\n","protected":false},"excerpt":{"rendered":"<p>Euregio-Lehrfahrt nach Passau Am Dienstag, den 29. September 2015 machten wir, Adam, Simon und Benjamin, die drei neuen tschechischen Gastsch\u00fcler am Gymnasium Metten, einen Ausflug nach Passau, um an einem EUREGIO-Gastsch\u00fclertreffen teilzunehmen. Wir sind mit dem Minibus gefahren. Unserer Fahrer war Herr Seibold, der in Passau studiert hatte und uns somit zielsicher zu unserem Treffpunkt [&hellip;]<\/p>\n","protected":false},"author":5,"featured_media":0,"parent":11026,"menu_order":170,"comment_status":"closed","ping_status":"open","template":"","meta":{"footnotes":""},"class_list":["post-6258","page","type-page","status-publish","hentry"],"_links":{"self":[{"href":"https:\/\/www.kloster-metten.com\/index.php?rest_route=\/wp\/v2\/pages\/6258","targetHints":{"allow":["GET"]}}],"collection":[{"href":"https:\/\/www.kloster-metten.com\/index.php?rest_route=\/wp\/v2\/pages"}],"about":[{"href":"https:\/\/www.kloster-metten.com\/index.php?rest_route=\/wp\/v2\/types\/page"}],"author":[{"embeddable":true,"href":"https:\/\/www.kloster-metten.com\/index.php?rest_route=\/wp\/v2\/users\/5"}],"replies":[{"embeddable":true,"href":"https:\/\/www.kloster-metten.com\/index.php?rest_route=%2Fwp%2Fv2%2Fcomments&post=6258"}],"version-history":[{"count":1,"href":"https:\/\/www.kloster-metten.com\/index.php?rest_route=\/wp\/v2\/pages\/6258\/revisions"}],"predecessor-version":[{"id":9528,"href":"https:\/\/www.kloster-metten.com\/index.php?rest_route=\/wp\/v2\/pages\/6258\/revisions\/9528"}],"up":[{"embeddable":true,"href":"https:\/\/www.kloster-metten.com\/index.php?rest_route=\/wp\/v2\/pages\/11026"}],"wp:attachment":[{"href":"https:\/\/www.kloster-metten.com\/index.php?rest_route=%2Fwp%2Fv2%2Fmedia&parent=6258"}],"curies":[{"name":"wp","href":"https:\/\/api.w.org\/{rel}","templated":true}]}}