{"id":6298,"date":"2015-11-24T21:48:43","date_gmt":"2015-11-24T19:48:43","guid":{"rendered":"http:\/\/www.kloster-metten.de\/?page_id=6298"},"modified":"2017-09-17T09:55:55","modified_gmt":"2017-09-17T07:55:55","slug":"bienenprodukte-in-theorie-und-praxis-bienen-ag-erhalt-besuch-von-experten","status":"publish","type":"page","link":"https:\/\/www.kloster-metten.com\/?page_id=6298","title":{"rendered":"Bienenprodukte in Theorie und Praxis: Bienen-AG erh\u00e4lt Besuch von Experten"},"content":{"rendered":"<a href=\"https:\/\/www.kloster-metten.com\/wp-content\/uploads\/2015\/11\/IMGP3984_.jpg\"><img loading=\"lazy\" decoding=\"async\" class=\"alignnone size-medium wp-image-6299\" title=\"IMGP3984_\" src=\"https:\/\/www.kloster-metten.com\/wp-content\/uploads\/2015\/11\/IMGP3984_-500x331.jpg\" alt=\"\" width=\"500\" height=\"331\" \/><\/a><h2>Bienenprodukte in Theorie und Praxis: Bienen-AG erh\u00e4lt Besuch von Experten<\/h2><p><\/p>\n<p>Am Mittwoch, den 11.11.2015, hatten 17 Sch\u00fclerinnen und Sch\u00fcler der Bienen-AG des St.-Michaels-Gymnasiums die Gelegenheit, etwas \u00fcber die Herstellung und Verarbeitung von Bienenprodukten zu lernen. Herr Erhard H\u00e4rtl, Fachberater f\u00fcr Bienenzucht in Niederbayern informierte die jungen Teilnehmer ausf\u00fchrlich \u00fcber die faszinierende T\u00e4tigkeit der Kerzenherstellung. Dazu geh\u00f6rt sowohl die Gewinnung von Bienenwachs als auch der sachgerechte Umgang mit dem hei\u00dfen, fl\u00fcssigen Wachs. Hierf\u00fcr hatte Herr H\u00e4rtl auch einiges an Anschauungs- und Informationsmaterial mitgebracht. Die Sch\u00fclerinnen und Sch\u00fcler folgten seinem Vortrag mit gro\u00dfem Interesse. Anschlie\u00dfend konnten Sie es kaum erwarten, die erste eigene Kerze aus einer speziellen Kerzenmittelwand zu rollen oder dem Experten beim Kerzengie\u00dfen zuzusehen.<br \/>\nZusammen mit Herrn H\u00e4rtl berichtete Frau Barbara Heydenreich, Mitarbeiterin des Netzwerks \u201eBl\u00fchende Landschaften\u201c, den Teilnehmern von ihrer gemeinsamen T\u00e4tigkeit als Leiter einer Arbeitsgemeinschaft zur Bienenhaltung am St.-Michaels-Gymnasium im Jahre 2005.<br \/>\nDer Betreuer der aktuellen Bienen-AG am St.-Michels-Gymnasium, Biologielehrer Christian Beyvers, bedankte sich im Namen der Sch\u00fclerinnen und Sch\u00fcler herzlich bei Frau Heydenreich und Herrn H\u00e4rtl f\u00fcr ihren Besuch.<\/p>\n<p><a href=\"https:\/\/www.kloster-metten.com\/wp-content\/uploads\/2015\/11\/IMGP3981_.jpg\"><img loading=\"lazy\" decoding=\"async\" class=\"alignnone size-medium wp-image-6301\" title=\"IMGP3981_\" src=\"https:\/\/www.kloster-metten.com\/wp-content\/uploads\/2015\/11\/IMGP3981_-500x331.jpg\" alt=\"\" width=\"500\" height=\"331\" \/><\/a><a href=\"https:\/\/www.kloster-metten.com\/wp-content\/uploads\/2015\/11\/IMGP3970_.jpg\"><img loading=\"lazy\" decoding=\"async\" class=\"alignnone size-medium wp-image-6300\" title=\"IMGP3970_\" src=\"https:\/\/www.kloster-metten.com\/wp-content\/uploads\/2015\/11\/IMGP3970_-500x331.jpg\" alt=\"\" width=\"500\" height=\"331\" \/><\/a><\/p>\n","protected":false},"excerpt":{"rendered":"<p>Bienenprodukte in Theorie und Praxis: Bienen-AG erh\u00e4lt Besuch von Experten Am Mittwoch, den 11.11.2015, hatten 17 Sch\u00fclerinnen und Sch\u00fcler der Bienen-AG des St.-Michaels-Gymnasiums die Gelegenheit, etwas \u00fcber die Herstellung und Verarbeitung von Bienenprodukten zu lernen. Herr Erhard H\u00e4rtl, Fachberater f\u00fcr Bienenzucht in Niederbayern informierte die jungen Teilnehmer ausf\u00fchrlich \u00fcber die faszinierende T\u00e4tigkeit der Kerzenherstellung. Dazu [&hellip;]<\/p>\n","protected":false},"author":5,"featured_media":0,"parent":11026,"menu_order":169,"comment_status":"closed","ping_status":"open","template":"","meta":{"footnotes":""},"class_list":["post-6298","page","type-page","status-publish","hentry"],"_links":{"self":[{"href":"https:\/\/www.kloster-metten.com\/index.php?rest_route=\/wp\/v2\/pages\/6298","targetHints":{"allow":["GET"]}}],"collection":[{"href":"https:\/\/www.kloster-metten.com\/index.php?rest_route=\/wp\/v2\/pages"}],"about":[{"href":"https:\/\/www.kloster-metten.com\/index.php?rest_route=\/wp\/v2\/types\/page"}],"author":[{"embeddable":true,"href":"https:\/\/www.kloster-metten.com\/index.php?rest_route=\/wp\/v2\/users\/5"}],"replies":[{"embeddable":true,"href":"https:\/\/www.kloster-metten.com\/index.php?rest_route=%2Fwp%2Fv2%2Fcomments&post=6298"}],"version-history":[{"count":1,"href":"https:\/\/www.kloster-metten.com\/index.php?rest_route=\/wp\/v2\/pages\/6298\/revisions"}],"predecessor-version":[{"id":9527,"href":"https:\/\/www.kloster-metten.com\/index.php?rest_route=\/wp\/v2\/pages\/6298\/revisions\/9527"}],"up":[{"embeddable":true,"href":"https:\/\/www.kloster-metten.com\/index.php?rest_route=\/wp\/v2\/pages\/11026"}],"wp:attachment":[{"href":"https:\/\/www.kloster-metten.com\/index.php?rest_route=%2Fwp%2Fv2%2Fmedia&parent=6298"}],"curies":[{"name":"wp","href":"https:\/\/api.w.org\/{rel}","templated":true}]}}