{"id":63,"date":"2008-08-04T21:54:38","date_gmt":"2008-08-04T19:54:38","guid":{"rendered":"http:\/\/kloster-metten.de\/?page_id=63"},"modified":"2025-12-14T13:16:54","modified_gmt":"2025-12-14T12:16:54","slug":"chorgebet","status":"publish","type":"page","link":"https:\/\/www.kloster-metten.com\/?page_id=63","title":{"rendered":"Chorgebet"},"content":{"rendered":"<img loading=\"lazy\" decoding=\"async\" class=\"size-medium wp-image-908 alignnone\" title=\"_atk3848\" src=\"http:\/\/kloster-metten.com\/wp-content\/uploads\/2008\/09\/_atk3848-500x332.jpg\" alt=\"\" width=\"600\" height=\"314\" \/><h2>Chorgebet<\/h2><p><\/p>\n<p>Bis zu sieben Mal am Tag soll sich eine M\u00f6nchsgemeinschaft im Namen des Herrn zum Chorgebet versammeln.<\/p>\n<p class=\"Absatzlinks\">Ein Benediktiner erkl\u00e4rt dazu:<\/p>\n<blockquote>\n<p>\u201eIm Gebet warten wir auf Gott, der zu uns kommt. Das Warten ist Ausdruck unserer Machtlosigkeit und Unzul\u00e4nglichkeit. Wir k\u00f6nnen Gottes Kommen nicht erzwingen, sondern nur warten und Ihm Raum schaffen. Wenn wir beten, treten wir die Herrschaft \u00fcber uns ab und \u00fcbergeben Gott das Steuer.<\/p>\n<p>Wenn wir den Mut zum Lauschen haben, was im Innersten unseres Herzens vor sich geht, werden wir andere f\u00fcr die Anderen. Wir sprechen nicht zu Gott, sondern h\u00f6ren auf Sein Wort, das Er zu uns spricht. Wir sagen es uns immer wieder vor, bis wir selbst f\u00e4hig werden, an die Menschen ein Wort zu richten, das von Gott erf\u00fcllt ist.\u201c<\/p>\n<\/blockquote>\n<p>Wer am Chorgebet der M\u00f6nche teilnehmen m\u00f6chte, kann dies t\u00e4glich an Werk- oder Sonntagen um 19.30 Uhr bei der Komplet in der Benediktuskapelle (Eingang \u00fcber den Kreuzgang) tun.<\/p>\n<p>An Sonntagen wird au\u00dferdem jeweils um 17.45 Uhr in der Klosterkirche die Vesper gefeiert. An Hochfesten bereits um 14.30 Uhr eine Pontifikalvesper.<\/p>\n\r\n\t\t<style type='text\/css'>\r\n\t\t\t#gallery-1 {\r\n\t\t\t\tmargin: auto;\r\n\t\t\t}\r\n\t\t\t#gallery-1 .gallery-item {\r\n\t\t\t\tfloat: left;\r\n\t\t\t\tmargin-top: 10px;\r\n\t\t\t\ttext-align: center;\r\n\t\t\t\twidth: 33%;\r\n\t\t\t}\r\n\t\t\t#gallery-1 hr {\r\n\t\t\t\theight: 1px;\r\n\t\t\t}\r\n\t\t\t#gallery-1 .gallery-caption {\r\n\t\t\t\tmargin-left: 0;\r\n\t\t\t}\r\n\t\t\t\/* see gallery_shortcode() in wp-includes\/media.php *\/\r\n\t\t<\/style>\n\t\t<div id='gallery-1' class='gallery galleryid-63 gallery-columns-3 gallery-size-thumbnail'><hr class='null'><dl class='gallery-item'>\r\n\t\t\t<dt class='gallery-icon portrait'>\r\n\t\t\t\t<a title=\"_atk3838\"  href='https:\/\/www.kloster-metten.com\/?attachment_id=1435'><img loading=\"lazy\" decoding=\"async\" width=\"170\" height=\"115\" src=\"https:\/\/www.kloster-metten.com\/wp-content\/uploads\/2008\/09\/_atk3838-170x115.jpg\" class=\"attachment-thumbnail size-thumbnail\" alt=\"\" \/><\/a>\r\n\t\t\t<\/dt><\/dl><dl class='gallery-item'>\r\n\t\t\t<dt class='gallery-icon portrait'>\r\n\t\t\t\t<a title=\"_atk3842\"  href='https:\/\/www.kloster-metten.com\/?attachment_id=1439'><img loading=\"lazy\" decoding=\"async\" width=\"170\" height=\"115\" src=\"https:\/\/www.kloster-metten.com\/wp-content\/uploads\/2008\/09\/_atk3842-170x115.jpg\" class=\"attachment-thumbnail size-thumbnail\" alt=\"\" \/><\/a>\r\n\t\t\t<\/dt><\/dl><dl class='gallery-item'>\r\n\t\t\t<dt class='gallery-icon portrait'>\r\n\t\t\t\t<a title=\"_atk4864\"  href='https:\/\/www.kloster-metten.com\/?attachment_id=1434'><img loading=\"lazy\" decoding=\"async\" width=\"170\" height=\"115\" src=\"https:\/\/www.kloster-metten.com\/wp-content\/uploads\/2008\/09\/_atk4864-170x115.jpg\" class=\"attachment-thumbnail size-thumbnail\" alt=\"\" \/><\/a>\r\n\t\t\t<\/dt><\/dl><br style=\"clear: both\" \/><dl class='gallery-item'>\r\n\t\t\t<dt class='gallery-icon portrait'>\r\n\t\t\t\t<a title=\"_atk3859\"  href='https:\/\/www.kloster-metten.com\/?attachment_id=1436'><img loading=\"lazy\" decoding=\"async\" width=\"170\" height=\"115\" src=\"https:\/\/www.kloster-metten.com\/wp-content\/uploads\/2008\/09\/_atk3859-170x115.jpg\" class=\"attachment-thumbnail size-thumbnail\" alt=\"\" \/><\/a>\r\n\t\t\t<\/dt><\/dl><dl class='gallery-item'>\r\n\t\t\t<dt class='gallery-icon portrait'>\r\n\t\t\t\t<a title=\"_atk3863\"  href='https:\/\/www.kloster-metten.com\/?attachment_id=1438'><img loading=\"lazy\" decoding=\"async\" width=\"170\" height=\"115\" src=\"https:\/\/www.kloster-metten.com\/wp-content\/uploads\/2008\/09\/_atk3863-170x115.jpg\" class=\"attachment-thumbnail size-thumbnail\" alt=\"\" \/><\/a>\r\n\t\t\t<\/dt><\/dl><dl class='gallery-item'>\r\n\t\t\t<dt class='gallery-icon portrait'>\r\n\t\t\t\t<a title=\"_atk3866\"  href='https:\/\/www.kloster-metten.com\/?attachment_id=1440'><img loading=\"lazy\" decoding=\"async\" width=\"170\" height=\"115\" src=\"https:\/\/www.kloster-metten.com\/wp-content\/uploads\/2008\/09\/_atk3866-170x115.jpg\" class=\"attachment-thumbnail size-thumbnail\" alt=\"\" \/><\/a>\r\n\t\t\t<\/dt><\/dl><br style=\"clear: both\" \/><dl class='gallery-item'>\r\n\t\t\t<dt class='gallery-icon landscape'>\r\n\t\t\t\t<a title=\"_atk4858\"  href='https:\/\/www.kloster-metten.com\/?attachment_id=1441'><img loading=\"lazy\" decoding=\"async\" width=\"170\" height=\"115\" src=\"https:\/\/www.kloster-metten.com\/wp-content\/uploads\/2008\/09\/_atk4858-170x115.jpg\" class=\"attachment-thumbnail size-thumbnail\" alt=\"\" \/><\/a>\r\n\t\t\t<\/dt><\/dl><dl class='gallery-item'>\r\n\t\t\t<dt class='gallery-icon portrait'>\r\n\t\t\t\t<a title=\"_atk3845\"  href='https:\/\/www.kloster-metten.com\/?attachment_id=1433'><img loading=\"lazy\" decoding=\"async\" width=\"170\" height=\"115\" src=\"https:\/\/www.kloster-metten.com\/wp-content\/uploads\/2008\/09\/_atk3845-170x115.jpg\" class=\"attachment-thumbnail size-thumbnail\" alt=\"\" \/><\/a>\r\n\t\t\t<\/dt><\/dl><dl class='gallery-item'>\r\n\t\t\t<dt class='gallery-icon portrait'>\r\n\t\t\t\t<a title=\"_atk4795\"  href='https:\/\/www.kloster-metten.com\/?attachment_id=1442'><img loading=\"lazy\" decoding=\"async\" width=\"170\" height=\"115\" src=\"https:\/\/www.kloster-metten.com\/wp-content\/uploads\/2008\/09\/_atk4795-170x115.jpg\" class=\"attachment-thumbnail size-thumbnail\" alt=\"\" \/><\/a>\r\n\t\t\t<\/dt><\/dl><br style=\"clear: both\" \/><dl class='gallery-item'>\r\n\t\t\t<dt class='gallery-icon landscape'>\r\n\t\t\t\t<a title=\"_atk3848\"  href='https:\/\/www.kloster-metten.com\/?attachment_id=908'><img loading=\"lazy\" decoding=\"async\" width=\"170\" height=\"115\" src=\"https:\/\/www.kloster-metten.com\/wp-content\/uploads\/2008\/09\/_atk3848-170x115.jpg\" class=\"attachment-thumbnail size-thumbnail\" alt=\"\" \/><\/a>\r\n\t\t\t<\/dt><\/dl><dl class='gallery-item'>\r\n\t\t\t<dt class='gallery-icon portrait'>\r\n\t\t\t\t<a title=\"_atk3865\"  href='https:\/\/www.kloster-metten.com\/?attachment_id=1432'><img loading=\"lazy\" decoding=\"async\" width=\"170\" height=\"115\" src=\"https:\/\/www.kloster-metten.com\/wp-content\/uploads\/2008\/09\/_atk3865-170x115.jpg\" class=\"attachment-thumbnail size-thumbnail\" alt=\"\" \/><\/a>\r\n\t\t\t<\/dt><\/dl>\r\n\t\t\t<br style='clear: both' \/>\r\n\t\t<\/div>\n\n","protected":false},"excerpt":{"rendered":"<p>Chorgebet Bis zu sieben Mal am Tag soll sich eine M\u00f6nchsgemeinschaft im Namen des Herrn zum Chorgebet versammeln. Ein Benediktiner erkl\u00e4rt dazu: \u201eIm Gebet warten wir auf Gott, der zu uns kommt. Das Warten ist Ausdruck unserer Machtlosigkeit und Unzul\u00e4nglichkeit. Wir k\u00f6nnen Gottes Kommen nicht erzwingen, sondern nur warten und Ihm Raum schaffen. Wenn wir [&hellip;]<\/p>\n","protected":false},"author":5,"featured_media":0,"parent":59,"menu_order":0,"comment_status":"closed","ping_status":"closed","template":"","meta":{"footnotes":""},"class_list":["post-63","page","type-page","status-publish","hentry"],"_links":{"self":[{"href":"https:\/\/www.kloster-metten.com\/index.php?rest_route=\/wp\/v2\/pages\/63","targetHints":{"allow":["GET"]}}],"collection":[{"href":"https:\/\/www.kloster-metten.com\/index.php?rest_route=\/wp\/v2\/pages"}],"about":[{"href":"https:\/\/www.kloster-metten.com\/index.php?rest_route=\/wp\/v2\/types\/page"}],"author":[{"embeddable":true,"href":"https:\/\/www.kloster-metten.com\/index.php?rest_route=\/wp\/v2\/users\/5"}],"replies":[{"embeddable":true,"href":"https:\/\/www.kloster-metten.com\/index.php?rest_route=%2Fwp%2Fv2%2Fcomments&post=63"}],"version-history":[{"count":2,"href":"https:\/\/www.kloster-metten.com\/index.php?rest_route=\/wp\/v2\/pages\/63\/revisions"}],"predecessor-version":[{"id":49544,"href":"https:\/\/www.kloster-metten.com\/index.php?rest_route=\/wp\/v2\/pages\/63\/revisions\/49544"}],"up":[{"embeddable":true,"href":"https:\/\/www.kloster-metten.com\/index.php?rest_route=\/wp\/v2\/pages\/59"}],"wp:attachment":[{"href":"https:\/\/www.kloster-metten.com\/index.php?rest_route=%2Fwp%2Fv2%2Fmedia&parent=63"}],"curies":[{"name":"wp","href":"https:\/\/api.w.org\/{rel}","templated":true}]}}