{"id":6320,"date":"2015-12-08T00:02:58","date_gmt":"2015-12-07T22:02:58","guid":{"rendered":"http:\/\/www.kloster-metten.de\/?page_id=6320"},"modified":"2017-09-17T09:54:36","modified_gmt":"2017-09-17T07:54:36","slug":"prof-dr-erika-rosenberg-und-schindlers-liste-am-gymnasium-metten","status":"publish","type":"page","link":"https:\/\/www.kloster-metten.com\/?page_id=6320","title":{"rendered":"Prof. Dr. Erika Rosenberg und \u201eSchindlers Liste\u201c am Gymnasium Metten"},"content":{"rendered":"<a href=\"https:\/\/www.kloster-metten.com\/wp-content\/uploads\/2015\/12\/SAM_2266.jpg\"><img loading=\"lazy\" decoding=\"async\" class=\"alignnone size-medium wp-image-6321\" title=\"SAM_2266\" src=\"https:\/\/www.kloster-metten.com\/wp-content\/uploads\/2015\/12\/SAM_2266-499x370.jpg\" alt=\"\" width=\"499\" height=\"370\" \/><\/a><h2>Prof. Dr. Erika Rosenberg und \u201eSchindlers Liste\u201c am Gymnasium Metten<\/h2><p><\/p>\n<p>Am 7. Dezember begr\u00fc\u00dften etwa 60 Sch\u00fclerinnen und Sch\u00fcler der Oberstufe des St.-Michaels-Gymnasiums die deutsch-argentinische Publizistin Frau Prof Dr. Erika Rosenberg.<br \/>\nSie, die einen gro\u00dfen Teil des Lebens von Emilie Schindler als gute Freundin und Vertraute begleiten durfte, recherchierte lange Jahre \u00fcber die Wahrheit des Lebens von Oskar und Emilie Schindler. In einem spannenden Vortrag, der die Sch\u00fcler in ihren Bann zog, zeigte sie die gro\u00dfen Verdienste beider um das Leben von \u00fcber 1200 Juden in der Zeit des Nationalsozialismus. Die Sch\u00fcler erfuhren dabei auch, dass der Film \u201eSchindlers Liste\u201c trotz seiner Gro\u00dfartigkeit historisch teilweise recht ungenau ist und die Leistungen Emilie Schindlers stark untertreibt.<br \/>\nFrau Prof. Dr. Rosenberg war sich abschlie\u00dfend mit den anwesenden Lehrkr\u00e4ften dar\u00fcber einig, dass es mit der Veranstaltung gelungen war, einen gro\u00dfen Beitrag zur Werteerziehung der Heranwachsenden geleistet zu haben.<\/p>\n","protected":false},"excerpt":{"rendered":"<p>Prof. Dr. Erika Rosenberg und \u201eSchindlers Liste\u201c am Gymnasium Metten Am 7. Dezember begr\u00fc\u00dften etwa 60 Sch\u00fclerinnen und Sch\u00fcler der Oberstufe des St.-Michaels-Gymnasiums die deutsch-argentinische Publizistin Frau Prof Dr. Erika Rosenberg. Sie, die einen gro\u00dfen Teil des Lebens von Emilie Schindler als gute Freundin und Vertraute begleiten durfte, recherchierte lange Jahre \u00fcber die Wahrheit des [&hellip;]<\/p>\n","protected":false},"author":5,"featured_media":0,"parent":11026,"menu_order":165,"comment_status":"closed","ping_status":"open","template":"","meta":{"footnotes":""},"class_list":["post-6320","page","type-page","status-publish","hentry"],"_links":{"self":[{"href":"https:\/\/www.kloster-metten.com\/index.php?rest_route=\/wp\/v2\/pages\/6320","targetHints":{"allow":["GET"]}}],"collection":[{"href":"https:\/\/www.kloster-metten.com\/index.php?rest_route=\/wp\/v2\/pages"}],"about":[{"href":"https:\/\/www.kloster-metten.com\/index.php?rest_route=\/wp\/v2\/types\/page"}],"author":[{"embeddable":true,"href":"https:\/\/www.kloster-metten.com\/index.php?rest_route=\/wp\/v2\/users\/5"}],"replies":[{"embeddable":true,"href":"https:\/\/www.kloster-metten.com\/index.php?rest_route=%2Fwp%2Fv2%2Fcomments&post=6320"}],"version-history":[{"count":1,"href":"https:\/\/www.kloster-metten.com\/index.php?rest_route=\/wp\/v2\/pages\/6320\/revisions"}],"predecessor-version":[{"id":9524,"href":"https:\/\/www.kloster-metten.com\/index.php?rest_route=\/wp\/v2\/pages\/6320\/revisions\/9524"}],"up":[{"embeddable":true,"href":"https:\/\/www.kloster-metten.com\/index.php?rest_route=\/wp\/v2\/pages\/11026"}],"wp:attachment":[{"href":"https:\/\/www.kloster-metten.com\/index.php?rest_route=%2Fwp%2Fv2%2Fmedia&parent=6320"}],"curies":[{"name":"wp","href":"https:\/\/api.w.org\/{rel}","templated":true}]}}